{"id":2039,"date":"2016-01-10T15:09:16","date_gmt":"2016-01-10T15:09:16","guid":{"rendered":"https:\/\/www.beautyimagini.com\/?page_id=2039"},"modified":"2018-11-22T23:42:46","modified_gmt":"2018-11-22T22:42:46","slug":"globwell-masaza","status":"publish","type":"page","link":"https:\/\/www.beautyimagini.com\/en\/masaza\/globwell-masaza\/","title":{"rendered":"Globwell Massage"},"content":{"rendered":"<div class=\"wpb-content-wrapper\">[vc_row][vc_column]<div id=\"ultimate-heading-796969ea4dc3a26f8\" class=\"uvc-heading ult-adjust-bottom-margin ultimate-heading-796969ea4dc3a26f8 uvc-9005 \" data-hspacer=\"line_only\"  data-halign=\"left\" style=\"text-align:left\"><div class=\"uvc-main-heading ult-responsive\"  data-ultimate-target='.uvc-heading.ultimate-heading-796969ea4dc3a26f8 h2'  data-responsive-json-new='{\"font-size\":\"desktop:51px;\",\"line-height\":\"\"}' ><h2 style=\"font-weight:normal;\">Globwell massage<\/h2><\/div><div class=\"uvc-heading-spacer line_only\" style=\"topheight:1px;\"><span class=\"uvc-headings-line\" style=\"border-style:solid;border-bottom-width:1px;border-color:#ccc;width:autopx;\"><\/span><\/div><\/div>[\/vc_column][\/vc_row][vc_row][vc_column width=&#8221;1\/3&#8243; css=&#8221;.vc_custom_1454553137001{border-right-width: 3px !important;border-right-color: #cccccc !important;border-right-style: solid !important;}&#8221;][vc_single_image image=&#8221;1995&#8243; img_size=&#8221;270&#215;270&#8243; alignment=&#8221;center&#8221; style=&#8221;vc_box_outline_circle_2&#8243;]<div class=\"ult-content-box-container \" >\t\t<div class=\"ult-content-box\" style=\"box-shadow: px px px px rgb(247, 247, 247) none;padding-right:10%;padding-left:10%;-webkit-transition: all 700ms ease;-moz-transition: all 700ms ease;-ms-transition: all 700ms ease;-o-transition: all 700ms ease;transition: all 700ms ease;\"  data-hover_box_shadow=\"none\"    ><div class=\"aio-icon-component   style_2\"><a class=\"aio-icon-box-link\" href=\"https:\/\/www.beautyimagini.com\/kontakt\/\" target=\"\"><div id=\"Info-box-wrap-3567\" class=\"aio-icon-box top-icon\" style=\"\"  ><div class=\"aio-icon-top\"><div class=\"ult-just-icon-wrapper \"><div class=\"align-icon\" style=\"text-align:center;\">\n<div class=\"aio-icon circle \" data-animation=\"bounceInDown\" data-animation-delay=\"03\" style=\"color:#ffffff;background:#ffa500;font-size:32px;display:inline-block;\">\n\t<i class=\"Defaults-envelope-o\"><\/i>\n<\/div><\/div><\/div><\/div><div class=\"aio-icon-header\" ><h3 class=\"aio-icon-title ult-responsive\"  data-ultimate-target='#Info-box-wrap-3567 .aio-icon-title'  data-responsive-json-new='{\"font-size\":\"\",\"line-height\":\"\"}'  style=\"\">Book Now<\/h3><\/div> <!-- header --><\/div> <!-- aio-icon-box --><\/a><\/div> <!-- aio-icon-component -->\t\t<\/div><\/div>[\/vc_column][vc_column width=&#8221;2\/3&#8243;][vc_column_text]\u2018Global welfare\u2019 is achieved by a special treatment which represents a combination of traditional and classical medical knowledge, which is the reason why it is specially designed for a modern man. Due to a good energy balance which is established through working on energy centres and channels, it is possible to perform lymphatic drainage of the whole body in cases which are otherwise contraindicated for this type of treatment. It is created for the majority of customers regardless of their sex and age, while a sense of relief, alleviation and complete disappearance of the symptoms caused by improper sitting and low physical activity, poor diet and exposure to stressful situations, are felt much longer due to a specially selected combination of essential oils.<\/p>\n<p>The importance of this type of technique and the possibilities of its application in the majority of cases is shown by the fact that the technique itself is studied in the first-level training for Spa and Wellness therapists according to the Beauty Imagini Methodology and it represents the basic part of the offer of all the leading holistic centres in the world.[\/vc_column_text][vc_column_text]\n<h3>Additional info<\/h3>\n<ul>\n<li class=\"even typeTextfield group3\"><span class=\"itemExtraFieldsLabel\">Price: RSD <\/span><span class=\"itemExtraFieldsValue\">4.000<br \/>\n<\/span><\/li>\n<li class=\"odd typeTextfield group3\"><span class=\"itemExtraFieldsLabel\">Duration: 60<\/span><span class=\"itemExtraFieldsValue\">-90 min<\/span><\/li>\n<\/ul>\n[\/vc_column_text][\/vc_column][\/vc_row]\n<\/div>","protected":false},"excerpt":{"rendered":"<p>[vc_row][vc_column][\/vc_column][\/vc_row][vc_row][vc_column width=&#8221;1\/3&#8243; css=&#8221;.vc_custom_1454553137001{border-right-width: 3px !important;border-right-color: #cccccc !important;border-right-style: solid !important;}&#8221;][vc_single_image image=&#8221;1995&#8243; img_size=&#8221;270&#215;270&#8243; alignment=&#8221;center&#8221; style=&#8221;vc_box_outline_circle_2&#8243;][\/vc_column][vc_column width=&#8221;2\/3&#8243;][vc_column_text]\u2018Global welfare\u2019 is achieved by a special treatment which represents a combination of traditional and classical medical knowledge, which is the reason why it is specially designed for a modern man. Due to a good energy balance which is established through working on energy centres and channels,&nbsp;<a href=\"https:\/\/www.beautyimagini.com\/en\/masaza\/globwell-masaza\/\" class=\"read-more\">Continue Reading<\/a><\/p>\n","protected":false},"author":1,"featured_media":3924,"parent":2037,"menu_order":0,"comment_status":"closed","ping_status":"closed","template":"page-fullwidth.php","meta":{"footnotes":""},"class_list":["post-2039","page","type-page","status-publish","has-post-thumbnail","hentry"],"yoast_head":"<!-- This site is optimized with the Yoast SEO plugin v26.9 - https:\/\/yoast.com\/product\/yoast-seo-wordpress\/ -->\n<title>Globwell Massage &#8211; Beauty Imagini | Holisti\u010dki Centar<\/title>\n<meta name=\"description\" content=\"\u2018Op\u0161ta dobrobit\u2019 se posti\u017ee tretmanom koji predstavlja spoj tradicionalnih i klasi\u010dnih medicinskih znanja, zbog \u010dega je posebno namenjena savremenom \u010doveku.\" \/>\n<meta name=\"robots\" content=\"index, follow, max-snippet:-1, max-image-preview:large, max-video-preview:-1\" \/>\n<link rel=\"canonical\" href=\"https:\/\/www.beautyimagini.com\/masaza\/globwell-masaza\/\" \/>\n<meta property=\"og:locale\" content=\"en_US\" \/>\n<meta property=\"og:type\" content=\"article\" \/>\n<meta property=\"og:title\" content=\"[:rs]Globwell masa\u017ea[:en]Globwell Massage[:] &#8211; Beauty Imagini | Holisti\u010dki Centar\" \/>\n<meta property=\"og:description\" content=\"\u2018Op\u0161ta dobrobit\u2019 se posti\u017ee tretmanom koji predstavlja spoj tradicionalnih i klasi\u010dnih medicinskih znanja, zbog \u010dega je posebno namenjena savremenom \u010doveku.\" \/>\n<meta property=\"og:url\" content=\"https:\/\/www.beautyimagini.com\/masaza\/globwell-masaza\/\" \/>\n<meta property=\"og:site_name\" content=\"Beauty Imagini | Holisti\u010dki Centar\" \/>\n<meta property=\"article:modified_time\" content=\"2018-11-22T22:42:46+00:00\" \/>\n<meta property=\"og:image\" content=\"https:\/\/www.beautyimagini.com\/wp-content\/uploads\/Maja-Beauty-2.jpg\" \/>\n\t<meta property=\"og:image:width\" content=\"1008\" \/>\n\t<meta property=\"og:image:height\" content=\"600\" \/>\n\t<meta property=\"og:image:type\" content=\"image\/jpeg\" \/>\n<meta name=\"twitter:card\" content=\"summary_large_image\" \/>\n<meta name=\"twitter:label1\" content=\"Est. reading time\" \/>\n\t<meta name=\"twitter:data1\" content=\"3 minutes\" \/>\n<script type=\"application\/ld+json\" class=\"yoast-schema-graph\">{\"@context\":\"https:\/\/schema.org\",\"@graph\":[{\"@type\":\"WebPage\",\"@id\":\"https:\/\/www.beautyimagini.com\/masaza\/globwell-masaza\/\",\"url\":\"https:\/\/www.beautyimagini.com\/masaza\/globwell-masaza\/\",\"name\":\"[:rs]Globwell masa\u017ea[:en]Globwell Massage[:] &#8211; Beauty Imagini | Holisti\u010dki Centar\",\"isPartOf\":{\"@id\":\"https:\/\/www.beautyimagini.com\/#website\"},\"primaryImageOfPage\":{\"@id\":\"https:\/\/www.beautyimagini.com\/masaza\/globwell-masaza\/#primaryimage\"},\"image\":{\"@id\":\"https:\/\/www.beautyimagini.com\/masaza\/globwell-masaza\/#primaryimage\"},\"thumbnailUrl\":\"https:\/\/www.beautyimagini.com\/wp-content\/uploads\/Maja-Beauty-2.jpg\",\"datePublished\":\"2016-01-10T15:09:16+00:00\",\"dateModified\":\"2018-11-22T22:42:46+00:00\",\"description\":\"\u2018Op\u0161ta dobrobit\u2019 se posti\u017ee tretmanom koji predstavlja spoj tradicionalnih i klasi\u010dnih medicinskih znanja, zbog \u010dega je posebno namenjena savremenom \u010doveku.\",\"breadcrumb\":{\"@id\":\"https:\/\/www.beautyimagini.com\/masaza\/globwell-masaza\/#breadcrumb\"},\"inLanguage\":\"en-US\",\"potentialAction\":[{\"@type\":\"ReadAction\",\"target\":[\"https:\/\/www.beautyimagini.com\/masaza\/globwell-masaza\/\"]}]},{\"@type\":\"ImageObject\",\"inLanguage\":\"en-US\",\"@id\":\"https:\/\/www.beautyimagini.com\/masaza\/globwell-masaza\/#primaryimage\",\"url\":\"https:\/\/www.beautyimagini.com\/wp-content\/uploads\/Maja-Beauty-2.jpg\",\"contentUrl\":\"https:\/\/www.beautyimagini.com\/wp-content\/uploads\/Maja-Beauty-2.jpg\",\"width\":1008,\"height\":600},{\"@type\":\"BreadcrumbList\",\"@id\":\"https:\/\/www.beautyimagini.com\/masaza\/globwell-masaza\/#breadcrumb\",\"itemListElement\":[{\"@type\":\"ListItem\",\"position\":1,\"name\":\"Home\",\"item\":\"https:\/\/www.beautyimagini.com\/\"},{\"@type\":\"ListItem\",\"position\":2,\"name\":\"Massage\",\"item\":\"https:\/\/www.beautyimagini.com\/masaza\/\"},{\"@type\":\"ListItem\",\"position\":3,\"name\":\"Globwell Massage\"}]},{\"@type\":\"WebSite\",\"@id\":\"https:\/\/www.beautyimagini.com\/#website\",\"url\":\"https:\/\/www.beautyimagini.com\/\",\"name\":\"Beauty Imagini | Holisti\u010dki Centar\",\"description\":\"\",\"potentialAction\":[{\"@type\":\"SearchAction\",\"target\":{\"@type\":\"EntryPoint\",\"urlTemplate\":\"https:\/\/www.beautyimagini.com\/?s={search_term_string}\"},\"query-input\":{\"@type\":\"PropertyValueSpecification\",\"valueRequired\":true,\"valueName\":\"search_term_string\"}}],\"inLanguage\":\"en-US\"}]}<\/script>\n<!-- \/ Yoast SEO plugin. -->","yoast_head_json":{"title":"[:rs]Globwell masa\u017ea[:en]Globwell Massage[:] &#8211; Beauty Imagini | Holisti\u010dki Centar","description":"\u2018Op\u0161ta dobrobit\u2019 se posti\u017ee tretmanom koji predstavlja spoj tradicionalnih i klasi\u010dnih medicinskih znanja, zbog \u010dega je posebno namenjena savremenom \u010doveku.","robots":{"index":"index","follow":"follow","max-snippet":"max-snippet:-1","max-image-preview":"max-image-preview:large","max-video-preview":"max-video-preview:-1"},"canonical":"https:\/\/www.beautyimagini.com\/masaza\/globwell-masaza\/","og_locale":"en_US","og_type":"article","og_title":"[:rs]Globwell masa\u017ea[:en]Globwell Massage[:] &#8211; Beauty Imagini | Holisti\u010dki Centar","og_description":"\u2018Op\u0161ta dobrobit\u2019 se posti\u017ee tretmanom koji predstavlja spoj tradicionalnih i klasi\u010dnih medicinskih znanja, zbog \u010dega je posebno namenjena savremenom \u010doveku.","og_url":"https:\/\/www.beautyimagini.com\/masaza\/globwell-masaza\/","og_site_name":"Beauty Imagini | Holisti\u010dki Centar","article_modified_time":"2018-11-22T22:42:46+00:00","og_image":[{"width":1008,"height":600,"url":"https:\/\/www.beautyimagini.com\/wp-content\/uploads\/Maja-Beauty-2.jpg","type":"image\/jpeg"}],"twitter_card":"summary_large_image","twitter_misc":{"Est. reading time":"3 minutes"},"schema":{"@context":"https:\/\/schema.org","@graph":[{"@type":"WebPage","@id":"https:\/\/www.beautyimagini.com\/masaza\/globwell-masaza\/","url":"https:\/\/www.beautyimagini.com\/masaza\/globwell-masaza\/","name":"[:rs]Globwell masa\u017ea[:en]Globwell Massage[:] &#8211; Beauty Imagini | Holisti\u010dki Centar","isPartOf":{"@id":"https:\/\/www.beautyimagini.com\/#website"},"primaryImageOfPage":{"@id":"https:\/\/www.beautyimagini.com\/masaza\/globwell-masaza\/#primaryimage"},"image":{"@id":"https:\/\/www.beautyimagini.com\/masaza\/globwell-masaza\/#primaryimage"},"thumbnailUrl":"https:\/\/www.beautyimagini.com\/wp-content\/uploads\/Maja-Beauty-2.jpg","datePublished":"2016-01-10T15:09:16+00:00","dateModified":"2018-11-22T22:42:46+00:00","description":"\u2018Op\u0161ta dobrobit\u2019 se posti\u017ee tretmanom koji predstavlja spoj tradicionalnih i klasi\u010dnih medicinskih znanja, zbog \u010dega je posebno namenjena savremenom \u010doveku.","breadcrumb":{"@id":"https:\/\/www.beautyimagini.com\/masaza\/globwell-masaza\/#breadcrumb"},"inLanguage":"en-US","potentialAction":[{"@type":"ReadAction","target":["https:\/\/www.beautyimagini.com\/masaza\/globwell-masaza\/"]}]},{"@type":"ImageObject","inLanguage":"en-US","@id":"https:\/\/www.beautyimagini.com\/masaza\/globwell-masaza\/#primaryimage","url":"https:\/\/www.beautyimagini.com\/wp-content\/uploads\/Maja-Beauty-2.jpg","contentUrl":"https:\/\/www.beautyimagini.com\/wp-content\/uploads\/Maja-Beauty-2.jpg","width":1008,"height":600},{"@type":"BreadcrumbList","@id":"https:\/\/www.beautyimagini.com\/masaza\/globwell-masaza\/#breadcrumb","itemListElement":[{"@type":"ListItem","position":1,"name":"Home","item":"https:\/\/www.beautyimagini.com\/"},{"@type":"ListItem","position":2,"name":"Massage","item":"https:\/\/www.beautyimagini.com\/masaza\/"},{"@type":"ListItem","position":3,"name":"Globwell Massage"}]},{"@type":"WebSite","@id":"https:\/\/www.beautyimagini.com\/#website","url":"https:\/\/www.beautyimagini.com\/","name":"Beauty Imagini | Holisti\u010dki Centar","description":"","potentialAction":[{"@type":"SearchAction","target":{"@type":"EntryPoint","urlTemplate":"https:\/\/www.beautyimagini.com\/?s={search_term_string}"},"query-input":{"@type":"PropertyValueSpecification","valueRequired":true,"valueName":"search_term_string"}}],"inLanguage":"en-US"}]}},"_links":{"self":[{"href":"https:\/\/www.beautyimagini.com\/en\/wp-json\/wp\/v2\/pages\/2039","targetHints":{"allow":["GET"]}}],"collection":[{"href":"https:\/\/www.beautyimagini.com\/en\/wp-json\/wp\/v2\/pages"}],"about":[{"href":"https:\/\/www.beautyimagini.com\/en\/wp-json\/wp\/v2\/types\/page"}],"author":[{"embeddable":true,"href":"https:\/\/www.beautyimagini.com\/en\/wp-json\/wp\/v2\/users\/1"}],"replies":[{"embeddable":true,"href":"https:\/\/www.beautyimagini.com\/en\/wp-json\/wp\/v2\/comments?post=2039"}],"version-history":[{"count":5,"href":"https:\/\/www.beautyimagini.com\/en\/wp-json\/wp\/v2\/pages\/2039\/revisions"}],"predecessor-version":[{"id":5267,"href":"https:\/\/www.beautyimagini.com\/en\/wp-json\/wp\/v2\/pages\/2039\/revisions\/5267"}],"up":[{"embeddable":true,"href":"https:\/\/www.beautyimagini.com\/en\/wp-json\/wp\/v2\/pages\/2037"}],"wp:featuredmedia":[{"embeddable":true,"href":"https:\/\/www.beautyimagini.com\/en\/wp-json\/wp\/v2\/media\/3924"}],"wp:attachment":[{"href":"https:\/\/www.beautyimagini.com\/en\/wp-json\/wp\/v2\/media?parent=2039"}],"curies":[{"name":"wp","href":"https:\/\/api.w.org\/{rel}","templated":true}]}}