{"id":2043,"date":"2016-01-10T15:09:44","date_gmt":"2016-01-10T15:09:44","guid":{"rendered":"https:\/\/www.beautyimagini.com\/?page_id=2043"},"modified":"2017-11-13T15:04:59","modified_gmt":"2017-11-13T14:04:59","slug":"ayurveda","status":"publish","type":"page","link":"https:\/\/www.beautyimagini.com\/en\/ayurveda\/","title":{"rendered":"Ayurveda"},"content":{"rendered":"<div class=\"wpb-content-wrapper\">[vc_row][vc_column]<div id=\"ultimate-heading-202069ea48f9a2f3b\" class=\"uvc-heading ult-adjust-bottom-margin ultimate-heading-202069ea48f9a2f3b uvc-5895 \" data-hspacer=\"line_only\"  data-halign=\"left\" style=\"text-align:left\"><div class=\"uvc-main-heading ult-responsive\"  data-ultimate-target='.uvc-heading.ultimate-heading-202069ea48f9a2f3b h2'  data-responsive-json-new='{\"font-size\":\"\",\"line-height\":\"\"}' ><h2 style=\"font-weight:normal;\">Ayurveda<\/h2><\/div><div class=\"uvc-sub-heading ult-responsive\"  data-ultimate-target='.uvc-heading.ultimate-heading-202069ea48f9a2f3b .uvc-sub-heading '  data-responsive-json-new='{\"font-size\":\"\",\"line-height\":\"\"}'  style=\"font-weight:normal;\"><em>&#8211; Spoznaja \u017eivota<\/em><\/div><div class=\"uvc-heading-spacer line_only\" style=\"topheight:1px;\"><span class=\"uvc-headings-line\" style=\"border-style:solid;border-bottom-width:1px;border-color:#ccc;width:autopx;\"><\/span><\/div><\/div>[\/vc_column][\/vc_row][vc_row][vc_column width=&#8221;1\/3&#8243; css=&#8221;.vc_custom_1454554702343{border-right-width: 3px !important;border-right-color: #cccccc !important;border-right-style: solid !important;}&#8221;][vc_single_image image=&#8221;1995&#8243; img_size=&#8221;270&#215;270&#8243; alignment=&#8221;center&#8221; style=&#8221;vc_box_outline_circle_2&#8243;]<div class=\"ult-content-box-container \" >\t\t<div class=\"ult-content-box\" style=\"box-shadow: px px px px rgb(247, 247, 247) none;padding-right:10%;padding-left:10%;-webkit-transition: all 700ms ease;-moz-transition: all 700ms ease;-ms-transition: all 700ms ease;-o-transition: all 700ms ease;transition: all 700ms ease;\"  data-hover_box_shadow=\"none\"    ><div class=\"aio-icon-component   style_2\"><a class=\"aio-icon-box-link\" href=\"https:\/\/www.beautyimagini.com\/kontakt\/\" target=\"\"><div id=\"Info-box-wrap-2104\" class=\"aio-icon-box top-icon\" style=\"\"  ><div class=\"aio-icon-top\"><div class=\"ult-just-icon-wrapper \"><div class=\"align-icon\" style=\"text-align:center;\">\n<div class=\"aio-icon circle \" data-animation=\"bounceInDown\" data-animation-delay=\"03\" style=\"color:#ffffff;background:#ffa500;font-size:32px;display:inline-block;\">\n\t<i class=\"Defaults-envelope-o\"><\/i>\n<\/div><\/div><\/div><\/div><div class=\"aio-icon-header\" ><h3 class=\"aio-icon-title ult-responsive\"  data-ultimate-target='#Info-box-wrap-2104 .aio-icon-title'  data-responsive-json-new='{\"font-size\":\"\",\"line-height\":\"\"}'  style=\"\">Zaka\u017eite Va\u0161u masa\u017eu ovde<\/h3><\/div> <!-- header --><\/div> <!-- aio-icon-box --><\/a><\/div> <!-- aio-icon-component -->\t\t<\/div><\/div>[\/vc_column][vc_column width=&#8221;2\/3&#8243;][vc_column_text]\n<div class=\"itemFullText\">\n<p>Na sanskritu (drevnom indijskom jeziku) aju (ayu) zna\u010di \u017eivot (trajanje \u017eivota: ispunjen i sre\u0107an \u017eivot koji dolazi do svog kraja na potpuno prirodan na\u010din), a veda zna\u010di poznavati (spoznati). Dakle, Ayurveda koja datira od pre 5000 godina, \u2018majka\u2019 svih nauka koje poti\u010du sa Istoka, u\u010di nas da je tajna zdravlja u spoznaji kako se pona\u0161ati prema vlastitom telu, kako ovladati ve\u0161tinom kontrolisanja svih funkcija koje treba da budu regulisane i umerene da bi se postigao jedan sre\u0107an i produktivan \u017eivot.<\/p>\n<p>Ceo Ayurvedski sistem je zasnovan na konceptu koji se odnosi na tri tipa energije (Tre doshe) koje su osnova psihosomatskog postojanja \u010doveka. Tri do\u0161e su zadu\u017eene za regulisanje ravnote\u017ee, energije i materije u na\u0161em organizmu: kada su u skladu, mi ne mo\u017eemo da ih primetimo i ose\u0107amo se dobro sa sobom. Ukoliko se pojavi neravnote\u017ea, do\u0161e postaju vidljive i dolazi do promena u fizi\u010dkom izgledu, pojavljuju se sluz, \u017eu\u010d, neprijatni mirisi, emotivne blokade, iznenadni izlivi emocija\u2026 U savremenom dru\u0161tvu nije jednostavno o\u010duvati energetski balans\u2026<\/p>\n<p>Jedan od na\u010dina predstavljaju Ayurvedske tehnike masa\u017ee (postoji preko 2000 razli\u010ditih tehnika) koje omogu\u0107avaju da se vratimo sebi i primimo poruku koju nam na\u0161e telo \u0161alje. Ovo je dobar na\u010din da se suo\u010dimo sa svim promenama, stabilizujemo energiju odbrane, pobolj\u0161amo put starenja, unapredimo zdravlje i odr\u017eimo svoje psihofizi\u010dko blagostanje&#8230;<\/p>\n<p>U zavisnosti od trenutnog stanja, u dogovoru sa terapeutom vr\u0161i se odabir tehnike kojom \u0107e klijent biti tretiran:<\/p>\n<p><strong>TRE DOSHA ABYANGHAM, NETRABYANGHAM,MARMANBAYANGHAM<\/strong><\/p>\n<p>Vreme trajanja tretmana: 90-120 min.<br \/>\nCena: 3.300,00 din.<\/p>\n<p><strong>SHIRODHARA<\/strong><br \/>\nVreme trajanja tretmana: 45 min.<\/p>\n<p><strong>Masa\u017ea glave susamovim uljem<\/strong><br \/>\nCena: 2.500,00 din.<\/p>\n<p><strong>Masa\u017ea glave zlatnim uljem<\/strong><br \/>\nCena: 4.500,00 din.<\/p>\n<p><em>Od 2009. godine Ayurveda je jedna od priznatih tradicionalnih isceljuju\u0107ih tehnika od strane Ministarstva zdravlja Srbije.<\/em><\/p>\n<p><em>*Tim Beauty Imagini Centra obu\u010dava Dr Anil Kumar, vlasnik Healingveda Instituta iz Kerale (Indija) i zvani\u010dni konsultant BI Centra za Ayurvedu.<strong><br \/>\n<\/strong><\/em><\/p>\n<\/div>\n[\/vc_column_text][vc_column_text]\n<h3>Dodatne informacije<\/h3>\n<ul>\n<li class=\"odd typeTextfield group3\"><span class=\"itemExtraFieldsLabel\">Vreme trajanja tretmana: <\/span><span class=\"itemExtraFieldsValue\">90-120 min<\/span><\/li>\n<li class=\"odd typeTextfield group3\">Za grupne posete, obezbedili smo poseban <a href=\"https:\/\/www.beautyimagini.com\/prodavnica\/akcija\/ayurvedska-masaza-glave-vrata-ramenog-pojasa-promo-paket-min-10\/\">promo paket uz 10% popusta<\/a> na cenu tretmana<\/li>\n<\/ul>\n[\/vc_column_text][\/vc_column][\/vc_row]\n<\/div>","protected":false},"excerpt":{"rendered":"<p>[vc_row][vc_column][\/vc_column][\/vc_row][vc_row][vc_column width=&#8221;1\/3&#8243; css=&#8221;.vc_custom_1454554702343{border-right-width: 3px !important;border-right-color: #cccccc !important;border-right-style: solid !important;}&#8221;][vc_single_image image=&#8221;1995&#8243; img_size=&#8221;270&#215;270&#8243; alignment=&#8221;center&#8221; style=&#8221;vc_box_outline_circle_2&#8243;][\/vc_column][vc_column width=&#8221;2\/3&#8243;][vc_column_text] Na sanskritu (drevnom indijskom jeziku) aju (ayu) zna\u010di \u017eivot (trajanje \u017eivota: ispunjen i sre\u0107an \u017eivot koji dolazi do svog kraja na potpuno prirodan na\u010din), a veda zna\u010di poznavati (spoznati). Dakle, Ayurveda koja datira od pre 5000 godina, \u2018majka\u2019 svih nauka koje poti\u010du sa Istoka, u\u010di nas&nbsp;<a href=\"https:\/\/www.beautyimagini.com\/en\/ayurveda\/\" class=\"read-more\">Continue Reading<\/a><\/p>\n","protected":false},"author":1,"featured_media":3013,"parent":0,"menu_order":0,"comment_status":"closed","ping_status":"closed","template":"page-fullwidth.php","meta":{"footnotes":""},"class_list":["post-2043","page","type-page","status-publish","has-post-thumbnail","hentry"],"yoast_head":"<!-- This site is optimized with the Yoast SEO plugin v26.9 - https:\/\/yoast.com\/product\/yoast-seo-wordpress\/ -->\n<title>Ayurveda &#8211; Beauty Imagini | Holisti\u010dki Centar<\/title>\n<meta name=\"description\" content=\"Ayurveda nam poma\u017ee da se suo\u010dimo sa promenama, stabilizujemo energiju odbrane, pobolj\u0161amo put starenja, unapredimo zdravlje i odr\u017eimo psihofizi\u010dko blagostanje...\" \/>\n<meta name=\"robots\" content=\"index, follow, max-snippet:-1, max-image-preview:large, max-video-preview:-1\" \/>\n<link rel=\"canonical\" href=\"https:\/\/www.beautyimagini.com\/ayurveda\/\" \/>\n<meta property=\"og:locale\" content=\"en_US\" \/>\n<meta property=\"og:type\" content=\"article\" \/>\n<meta property=\"og:title\" content=\"Ayurveda &#8211; Beauty Imagini | Holisti\u010dki Centar\" \/>\n<meta property=\"og:description\" content=\"Ayurveda nam poma\u017ee da se suo\u010dimo sa promenama, stabilizujemo energiju odbrane, pobolj\u0161amo put starenja, unapredimo zdravlje i odr\u017eimo psihofizi\u010dko blagostanje...\" \/>\n<meta property=\"og:url\" content=\"https:\/\/www.beautyimagini.com\/ayurveda\/\" \/>\n<meta property=\"og:site_name\" content=\"Beauty Imagini | Holisti\u010dki Centar\" \/>\n<meta property=\"article:modified_time\" content=\"2017-11-13T14:04:59+00:00\" \/>\n<meta property=\"og:image\" content=\"https:\/\/www.beautyimagini.com\/wp-content\/uploads\/beauty-naslovna-slajd-1.jpg\" \/>\n\t<meta property=\"og:image:width\" content=\"1067\" \/>\n\t<meta property=\"og:image:height\" content=\"800\" \/>\n\t<meta property=\"og:image:type\" content=\"image\/jpeg\" \/>\n<meta name=\"twitter:card\" content=\"summary_large_image\" \/>\n<meta name=\"twitter:label1\" content=\"Est. reading time\" \/>\n\t<meta name=\"twitter:data1\" content=\"5 minutes\" \/>\n<script type=\"application\/ld+json\" class=\"yoast-schema-graph\">{\"@context\":\"https:\/\/schema.org\",\"@graph\":[{\"@type\":\"WebPage\",\"@id\":\"https:\/\/www.beautyimagini.com\/ayurveda\/\",\"url\":\"https:\/\/www.beautyimagini.com\/ayurveda\/\",\"name\":\"Ayurveda &#8211; Beauty Imagini | Holisti\u010dki Centar\",\"isPartOf\":{\"@id\":\"https:\/\/www.beautyimagini.com\/#website\"},\"primaryImageOfPage\":{\"@id\":\"https:\/\/www.beautyimagini.com\/ayurveda\/#primaryimage\"},\"image\":{\"@id\":\"https:\/\/www.beautyimagini.com\/ayurveda\/#primaryimage\"},\"thumbnailUrl\":\"https:\/\/www.beautyimagini.com\/wp-content\/uploads\/beauty-naslovna-slajd-1.jpg\",\"datePublished\":\"2016-01-10T15:09:44+00:00\",\"dateModified\":\"2017-11-13T14:04:59+00:00\",\"description\":\"Ayurveda nam poma\u017ee da se suo\u010dimo sa promenama, stabilizujemo energiju odbrane, pobolj\u0161amo put starenja, unapredimo zdravlje i odr\u017eimo psihofizi\u010dko blagostanje...\",\"breadcrumb\":{\"@id\":\"https:\/\/www.beautyimagini.com\/ayurveda\/#breadcrumb\"},\"inLanguage\":\"en-US\",\"potentialAction\":[{\"@type\":\"ReadAction\",\"target\":[\"https:\/\/www.beautyimagini.com\/ayurveda\/\"]}]},{\"@type\":\"ImageObject\",\"inLanguage\":\"en-US\",\"@id\":\"https:\/\/www.beautyimagini.com\/ayurveda\/#primaryimage\",\"url\":\"https:\/\/www.beautyimagini.com\/wp-content\/uploads\/beauty-naslovna-slajd-1.jpg\",\"contentUrl\":\"https:\/\/www.beautyimagini.com\/wp-content\/uploads\/beauty-naslovna-slajd-1.jpg\",\"width\":1067,\"height\":800,\"caption\":\"Masseur doing massage on woman body in the spa salon. Beauty treatment concept.\"},{\"@type\":\"BreadcrumbList\",\"@id\":\"https:\/\/www.beautyimagini.com\/ayurveda\/#breadcrumb\",\"itemListElement\":[{\"@type\":\"ListItem\",\"position\":1,\"name\":\"Home\",\"item\":\"https:\/\/www.beautyimagini.com\/\"},{\"@type\":\"ListItem\",\"position\":2,\"name\":\"Ayurveda\"}]},{\"@type\":\"WebSite\",\"@id\":\"https:\/\/www.beautyimagini.com\/#website\",\"url\":\"https:\/\/www.beautyimagini.com\/\",\"name\":\"Beauty Imagini | Holisti\u010dki Centar\",\"description\":\"\",\"potentialAction\":[{\"@type\":\"SearchAction\",\"target\":{\"@type\":\"EntryPoint\",\"urlTemplate\":\"https:\/\/www.beautyimagini.com\/?s={search_term_string}\"},\"query-input\":{\"@type\":\"PropertyValueSpecification\",\"valueRequired\":true,\"valueName\":\"search_term_string\"}}],\"inLanguage\":\"en-US\"}]}<\/script>\n<!-- \/ Yoast SEO plugin. -->","yoast_head_json":{"title":"Ayurveda &#8211; Beauty Imagini | Holisti\u010dki Centar","description":"Ayurveda nam poma\u017ee da se suo\u010dimo sa promenama, stabilizujemo energiju odbrane, pobolj\u0161amo put starenja, unapredimo zdravlje i odr\u017eimo psihofizi\u010dko blagostanje...","robots":{"index":"index","follow":"follow","max-snippet":"max-snippet:-1","max-image-preview":"max-image-preview:large","max-video-preview":"max-video-preview:-1"},"canonical":"https:\/\/www.beautyimagini.com\/ayurveda\/","og_locale":"en_US","og_type":"article","og_title":"Ayurveda &#8211; Beauty Imagini | Holisti\u010dki Centar","og_description":"Ayurveda nam poma\u017ee da se suo\u010dimo sa promenama, stabilizujemo energiju odbrane, pobolj\u0161amo put starenja, unapredimo zdravlje i odr\u017eimo psihofizi\u010dko blagostanje...","og_url":"https:\/\/www.beautyimagini.com\/ayurveda\/","og_site_name":"Beauty Imagini | Holisti\u010dki Centar","article_modified_time":"2017-11-13T14:04:59+00:00","og_image":[{"width":1067,"height":800,"url":"https:\/\/www.beautyimagini.com\/wp-content\/uploads\/beauty-naslovna-slajd-1.jpg","type":"image\/jpeg"}],"twitter_card":"summary_large_image","twitter_misc":{"Est. reading time":"5 minutes"},"schema":{"@context":"https:\/\/schema.org","@graph":[{"@type":"WebPage","@id":"https:\/\/www.beautyimagini.com\/ayurveda\/","url":"https:\/\/www.beautyimagini.com\/ayurveda\/","name":"Ayurveda &#8211; Beauty Imagini | Holisti\u010dki Centar","isPartOf":{"@id":"https:\/\/www.beautyimagini.com\/#website"},"primaryImageOfPage":{"@id":"https:\/\/www.beautyimagini.com\/ayurveda\/#primaryimage"},"image":{"@id":"https:\/\/www.beautyimagini.com\/ayurveda\/#primaryimage"},"thumbnailUrl":"https:\/\/www.beautyimagini.com\/wp-content\/uploads\/beauty-naslovna-slajd-1.jpg","datePublished":"2016-01-10T15:09:44+00:00","dateModified":"2017-11-13T14:04:59+00:00","description":"Ayurveda nam poma\u017ee da se suo\u010dimo sa promenama, stabilizujemo energiju odbrane, pobolj\u0161amo put starenja, unapredimo zdravlje i odr\u017eimo psihofizi\u010dko blagostanje...","breadcrumb":{"@id":"https:\/\/www.beautyimagini.com\/ayurveda\/#breadcrumb"},"inLanguage":"en-US","potentialAction":[{"@type":"ReadAction","target":["https:\/\/www.beautyimagini.com\/ayurveda\/"]}]},{"@type":"ImageObject","inLanguage":"en-US","@id":"https:\/\/www.beautyimagini.com\/ayurveda\/#primaryimage","url":"https:\/\/www.beautyimagini.com\/wp-content\/uploads\/beauty-naslovna-slajd-1.jpg","contentUrl":"https:\/\/www.beautyimagini.com\/wp-content\/uploads\/beauty-naslovna-slajd-1.jpg","width":1067,"height":800,"caption":"Masseur doing massage on woman body in the spa salon. Beauty treatment concept."},{"@type":"BreadcrumbList","@id":"https:\/\/www.beautyimagini.com\/ayurveda\/#breadcrumb","itemListElement":[{"@type":"ListItem","position":1,"name":"Home","item":"https:\/\/www.beautyimagini.com\/"},{"@type":"ListItem","position":2,"name":"Ayurveda"}]},{"@type":"WebSite","@id":"https:\/\/www.beautyimagini.com\/#website","url":"https:\/\/www.beautyimagini.com\/","name":"Beauty Imagini | Holisti\u010dki Centar","description":"","potentialAction":[{"@type":"SearchAction","target":{"@type":"EntryPoint","urlTemplate":"https:\/\/www.beautyimagini.com\/?s={search_term_string}"},"query-input":{"@type":"PropertyValueSpecification","valueRequired":true,"valueName":"search_term_string"}}],"inLanguage":"en-US"}]}},"_links":{"self":[{"href":"https:\/\/www.beautyimagini.com\/en\/wp-json\/wp\/v2\/pages\/2043","targetHints":{"allow":["GET"]}}],"collection":[{"href":"https:\/\/www.beautyimagini.com\/en\/wp-json\/wp\/v2\/pages"}],"about":[{"href":"https:\/\/www.beautyimagini.com\/en\/wp-json\/wp\/v2\/types\/page"}],"author":[{"embeddable":true,"href":"https:\/\/www.beautyimagini.com\/en\/wp-json\/wp\/v2\/users\/1"}],"replies":[{"embeddable":true,"href":"https:\/\/www.beautyimagini.com\/en\/wp-json\/wp\/v2\/comments?post=2043"}],"version-history":[{"count":5,"href":"https:\/\/www.beautyimagini.com\/en\/wp-json\/wp\/v2\/pages\/2043\/revisions"}],"predecessor-version":[{"id":4920,"href":"https:\/\/www.beautyimagini.com\/en\/wp-json\/wp\/v2\/pages\/2043\/revisions\/4920"}],"wp:featuredmedia":[{"embeddable":true,"href":"https:\/\/www.beautyimagini.com\/en\/wp-json\/wp\/v2\/media\/3013"}],"wp:attachment":[{"href":"https:\/\/www.beautyimagini.com\/en\/wp-json\/wp\/v2\/media?parent=2043"}],"curies":[{"name":"wp","href":"https:\/\/api.w.org\/{rel}","templated":true}]}}