{"id":2045,"date":"2016-01-10T15:10:24","date_gmt":"2016-01-10T15:10:24","guid":{"rendered":"https:\/\/www.beautyimagini.com\/?page_id=2045"},"modified":"2023-12-04T23:35:36","modified_gmt":"2023-12-04T22:35:36","slug":"holisticka-masaza","status":"publish","type":"page","link":"https:\/\/www.beautyimagini.com\/en\/masaza\/holisticka-masaza\/","title":{"rendered":"Holistic Massage"},"content":{"rendered":"<div class=\"wpb-content-wrapper\">[vc_row][vc_column width=&#8221;1\/3&#8243; css=&#8221;.vc_custom_1452828116206{border-right-width: 3px !important;border-right-color: #cccccc !important;border-right-style: solid !important;}&#8221;]<div class=\"ult-animation  ult-animate-viewport  ult-no-mobile\" data-animate=\"fadeIn\" data-animation-delay=\"1\" data-animation-duration=\"3\" data-animation-iteration=\"1\" style=\"opacity:0;\" data-opacity_start_effect=\"\">[vc_single_image image=&#8221;2016&#8243; img_size=&#8221;270&#215;270&#8243; alignment=&#8221;center&#8221; style=&#8221;vc_box_outline_circle_2&#8243;]<\/div><div class=\"ult-content-box-container \" >\t\t<div class=\"ult-content-box\" style=\"box-shadow: px px px px rgb(247, 247, 247) none;padding-right:10%;padding-left:10%;-webkit-transition: all 700ms ease;-moz-transition: all 700ms ease;-ms-transition: all 700ms ease;-o-transition: all 700ms ease;transition: all 700ms ease;\"  data-hover_box_shadow=\"none\"    ><div class=\"aio-icon-component   style_2\"><a class=\"aio-icon-box-link\" href=\"https:\/\/www.beautyimagini.com\/kontakt\/\" target=\"\"><div id=\"Info-box-wrap-2438\" class=\"aio-icon-box top-icon\" style=\"\"  ><div class=\"aio-icon-top\"><div class=\"ult-just-icon-wrapper \"><div class=\"align-icon\" style=\"text-align:center;\">\n<div class=\"aio-icon circle \" data-animation=\"bounceInDown\" data-animation-delay=\"03\" style=\"color:#ffffff;background:#ffa500;font-size:32px;display:inline-block;\">\n\t<i class=\"Defaults-envelope-o\"><\/i>\n<\/div><\/div><\/div><\/div><div class=\"aio-icon-header\" ><h3 class=\"aio-icon-title ult-responsive\"  data-ultimate-target='#Info-box-wrap-2438 .aio-icon-title'  data-responsive-json-new='{\"font-size\":\"\",\"line-height\":\"\"}'  style=\"\">Book Now<\/h3><\/div> <!-- header --><\/div> <!-- aio-icon-box --><\/a><\/div> <!-- aio-icon-component -->\t\t<\/div><\/div>[\/vc_column][vc_column width=&#8221;2\/3&#8243;][vc_column_text]Holistic full <a href=\"https:\/\/www.beautyimagini.com\/masaza\/\">body massage<\/a> is a massage which leads to a deep relaxation of the body on the physical, emotional and mental level. This treatment uses various techniques which will, at the moment of the massage, give the best effect in relieving symptoms caused by stress and bad life habits, eliminating toxins from the body, achieving relaxation and creating a better mood.<\/p>\n<p>For everyone who wants to dedicate their time to themselves and their own need sparing time (60-120 min) after the massage for their own personal growth and development (meditation, reading, movies, socialising&#8230;).[\/vc_column_text][vc_empty_space][vc_column_text]\n<div class=\"itemExtraFields\">\n<h3>Additional info<\/h3>\n<ul>\n<li class=\"even typeTextfield group3\"><span class=\"itemExtraFieldsLabel\">Price: RSD <\/span><span class=\"itemExtraFieldsValue\">4.000<\/span><\/li>\n<li class=\"odd typeTextfield group3\"><span class=\"itemExtraFieldsLabel\">Duration: 60<\/span><span class=\"itemExtraFieldsValue\">-90 min<\/span><\/li>\n<\/ul>\n<\/div>\n[\/vc_column_text][\/vc_column][\/vc_row]\n<\/div>","protected":false},"excerpt":{"rendered":"<p>[vc_row][vc_column width=&#8221;1\/3&#8243; css=&#8221;.vc_custom_1452828116206{border-right-width: 3px !important;border-right-color: #cccccc !important;border-right-style: solid !important;}&#8221;][\/vc_column][vc_column width=&#8221;2\/3&#8243;][vc_column_text]Holistic full body massage is a massage which leads to a deep relaxation of the body on the physical, emotional and mental level. This treatment uses various techniques which will, at the moment of the massage, give the best effect in relieving symptoms caused by stress and bad life habits, eliminating&nbsp;<a href=\"https:\/\/www.beautyimagini.com\/en\/masaza\/holisticka-masaza\/\" class=\"read-more\">Continue Reading<\/a><\/p>\n","protected":false},"author":1,"featured_media":3730,"parent":2037,"menu_order":0,"comment_status":"closed","ping_status":"closed","template":"page-fullwidth.php","meta":{"footnotes":""},"class_list":["post-2045","page","type-page","status-publish","has-post-thumbnail","hentry"],"yoast_head":"<!-- This site is optimized with the Yoast SEO plugin v26.9 - https:\/\/yoast.com\/product\/yoast-seo-wordpress\/ -->\n<title>Holistic Massage - Beauty Imagini | Holistic Center<\/title>\n<meta name=\"description\" content=\"[:rs]Holisti\u010dka masa\u017ea celog tela kojom se posti\u017ee dubinska relaksacija organizma na fizi\u010dkom, emotivnom i mentalnom nivou.[:en]Holistic full body massage leads to a deep relaxation of the body on the physical, emotional and mental level. This treatment uses will give the best effect in relieving symptoms caused by stress and bad life habits, eliminating toxins from the body, achieving relaxation and creating a better mood.[:]\" \/>\n<meta name=\"robots\" content=\"index, follow, max-snippet:-1, max-image-preview:large, max-video-preview:-1\" \/>\n<link rel=\"canonical\" href=\"https:\/\/www.beautyimagini.com\/masaza\/holisticka-masaza\/\" \/>\n<meta property=\"og:locale\" content=\"en_US\" \/>\n<meta property=\"og:type\" content=\"article\" \/>\n<meta property=\"og:title\" content=\"[:rs]Holisti\u010dka masa\u017ea - Beauty Imagini | Holisti\u010dki Centar[:en]Holistic Massage - Beauty Imagini | Holistic Center[:]\" \/>\n<meta property=\"og:description\" content=\"[:rs]Holisti\u010dka masa\u017ea celog tela kojom se posti\u017ee dubinska relaksacija organizma na fizi\u010dkom, emotivnom i mentalnom nivou.[:en]Holistic full body massage leads to a deep relaxation of the body on the physical, emotional and mental level. This treatment uses will give the best effect in relieving symptoms caused by stress and bad life habits, eliminating toxins from the body, achieving relaxation and creating a better mood.[:]\" \/>\n<meta property=\"og:url\" content=\"https:\/\/www.beautyimagini.com\/masaza\/holisticka-masaza\/\" \/>\n<meta property=\"og:site_name\" content=\"Beauty Imagini | Holisti\u010dki Centar\" \/>\n<meta property=\"article:modified_time\" content=\"2023-12-04T22:35:36+00:00\" \/>\n<meta property=\"og:image\" content=\"https:\/\/www.beautyimagini.com\/wp-content\/uploads\/slajd-1.jpg\" \/>\n\t<meta property=\"og:image:width\" content=\"1350\" \/>\n\t<meta property=\"og:image:height\" content=\"900\" \/>\n\t<meta property=\"og:image:type\" content=\"image\/jpeg\" \/>\n<meta name=\"twitter:card\" content=\"summary_large_image\" \/>\n<meta name=\"twitter:label1\" content=\"Est. reading time\" \/>\n\t<meta name=\"twitter:data1\" content=\"1 minute\" \/>\n<script type=\"application\/ld+json\" class=\"yoast-schema-graph\">{\"@context\":\"https:\/\/schema.org\",\"@graph\":[{\"@type\":\"WebPage\",\"@id\":\"https:\/\/www.beautyimagini.com\/masaza\/holisticka-masaza\/\",\"url\":\"https:\/\/www.beautyimagini.com\/masaza\/holisticka-masaza\/\",\"name\":\"[:rs]Holisti\u010dka masa\u017ea - Beauty Imagini | Holisti\u010dki Centar[:en]Holistic Massage - Beauty Imagini | Holistic Center[:]\",\"isPartOf\":{\"@id\":\"https:\/\/www.beautyimagini.com\/#website\"},\"primaryImageOfPage\":{\"@id\":\"https:\/\/www.beautyimagini.com\/masaza\/holisticka-masaza\/#primaryimage\"},\"image\":{\"@id\":\"https:\/\/www.beautyimagini.com\/masaza\/holisticka-masaza\/#primaryimage\"},\"thumbnailUrl\":\"https:\/\/www.beautyimagini.com\/wp-content\/uploads\/slajd-1.jpg\",\"datePublished\":\"2016-01-10T15:10:24+00:00\",\"dateModified\":\"2023-12-04T22:35:36+00:00\",\"description\":\"[:rs]Holisti\u010dka masa\u017ea celog tela kojom se posti\u017ee dubinska relaksacija organizma na fizi\u010dkom, emotivnom i mentalnom nivou.[:en]Holistic full body massage leads to a deep relaxation of the body on the physical, emotional and mental level. This treatment uses will give the best effect in relieving symptoms caused by stress and bad life habits, eliminating toxins from the body, achieving relaxation and creating a better mood.[:]\",\"breadcrumb\":{\"@id\":\"https:\/\/www.beautyimagini.com\/masaza\/holisticka-masaza\/#breadcrumb\"},\"inLanguage\":\"en-US\",\"potentialAction\":[{\"@type\":\"ReadAction\",\"target\":[\"https:\/\/www.beautyimagini.com\/masaza\/holisticka-masaza\/\"]}]},{\"@type\":\"ImageObject\",\"inLanguage\":\"en-US\",\"@id\":\"https:\/\/www.beautyimagini.com\/masaza\/holisticka-masaza\/#primaryimage\",\"url\":\"https:\/\/www.beautyimagini.com\/wp-content\/uploads\/slajd-1.jpg\",\"contentUrl\":\"https:\/\/www.beautyimagini.com\/wp-content\/uploads\/slajd-1.jpg\",\"width\":1350,\"height\":900},{\"@type\":\"BreadcrumbList\",\"@id\":\"https:\/\/www.beautyimagini.com\/masaza\/holisticka-masaza\/#breadcrumb\",\"itemListElement\":[{\"@type\":\"ListItem\",\"position\":1,\"name\":\"Home\",\"item\":\"https:\/\/www.beautyimagini.com\/\"},{\"@type\":\"ListItem\",\"position\":2,\"name\":\"Massage\",\"item\":\"https:\/\/www.beautyimagini.com\/masaza\/\"},{\"@type\":\"ListItem\",\"position\":3,\"name\":\"[:rs]Holisti\u010dka masa\u017ea[:en]Holistic Massage[:]\"}]},{\"@type\":\"WebSite\",\"@id\":\"https:\/\/www.beautyimagini.com\/#website\",\"url\":\"https:\/\/www.beautyimagini.com\/\",\"name\":\"Beauty Imagini | Holisti\u010dki Centar\",\"description\":\"\",\"potentialAction\":[{\"@type\":\"SearchAction\",\"target\":{\"@type\":\"EntryPoint\",\"urlTemplate\":\"https:\/\/www.beautyimagini.com\/?s={search_term_string}\"},\"query-input\":{\"@type\":\"PropertyValueSpecification\",\"valueRequired\":true,\"valueName\":\"search_term_string\"}}],\"inLanguage\":\"en-US\"}]}<\/script>\n<!-- \/ Yoast SEO plugin. -->","yoast_head_json":{"title":"[:rs]Holisti\u010dka masa\u017ea - Beauty Imagini | Holisti\u010dki Centar[:en]Holistic Massage - Beauty Imagini | Holistic Center[:]","description":"[:rs]Holisti\u010dka masa\u017ea celog tela kojom se posti\u017ee dubinska relaksacija organizma na fizi\u010dkom, emotivnom i mentalnom nivou.[:en]Holistic full body massage leads to a deep relaxation of the body on the physical, emotional and mental level. This treatment uses will give the best effect in relieving symptoms caused by stress and bad life habits, eliminating toxins from the body, achieving relaxation and creating a better mood.[:]","robots":{"index":"index","follow":"follow","max-snippet":"max-snippet:-1","max-image-preview":"max-image-preview:large","max-video-preview":"max-video-preview:-1"},"canonical":"https:\/\/www.beautyimagini.com\/masaza\/holisticka-masaza\/","og_locale":"en_US","og_type":"article","og_title":"[:rs]Holisti\u010dka masa\u017ea - Beauty Imagini | Holisti\u010dki Centar[:en]Holistic Massage - Beauty Imagini | Holistic Center[:]","og_description":"[:rs]Holisti\u010dka masa\u017ea celog tela kojom se posti\u017ee dubinska relaksacija organizma na fizi\u010dkom, emotivnom i mentalnom nivou.[:en]Holistic full body massage leads to a deep relaxation of the body on the physical, emotional and mental level. This treatment uses will give the best effect in relieving symptoms caused by stress and bad life habits, eliminating toxins from the body, achieving relaxation and creating a better mood.[:]","og_url":"https:\/\/www.beautyimagini.com\/masaza\/holisticka-masaza\/","og_site_name":"Beauty Imagini | Holisti\u010dki Centar","article_modified_time":"2023-12-04T22:35:36+00:00","og_image":[{"width":1350,"height":900,"url":"https:\/\/www.beautyimagini.com\/wp-content\/uploads\/slajd-1.jpg","type":"image\/jpeg"}],"twitter_card":"summary_large_image","twitter_misc":{"Est. reading time":"1 minute"},"schema":{"@context":"https:\/\/schema.org","@graph":[{"@type":"WebPage","@id":"https:\/\/www.beautyimagini.com\/masaza\/holisticka-masaza\/","url":"https:\/\/www.beautyimagini.com\/masaza\/holisticka-masaza\/","name":"[:rs]Holisti\u010dka masa\u017ea - Beauty Imagini | Holisti\u010dki Centar[:en]Holistic Massage - Beauty Imagini | Holistic Center[:]","isPartOf":{"@id":"https:\/\/www.beautyimagini.com\/#website"},"primaryImageOfPage":{"@id":"https:\/\/www.beautyimagini.com\/masaza\/holisticka-masaza\/#primaryimage"},"image":{"@id":"https:\/\/www.beautyimagini.com\/masaza\/holisticka-masaza\/#primaryimage"},"thumbnailUrl":"https:\/\/www.beautyimagini.com\/wp-content\/uploads\/slajd-1.jpg","datePublished":"2016-01-10T15:10:24+00:00","dateModified":"2023-12-04T22:35:36+00:00","description":"[:rs]Holisti\u010dka masa\u017ea celog tela kojom se posti\u017ee dubinska relaksacija organizma na fizi\u010dkom, emotivnom i mentalnom nivou.[:en]Holistic full body massage leads to a deep relaxation of the body on the physical, emotional and mental level. This treatment uses will give the best effect in relieving symptoms caused by stress and bad life habits, eliminating toxins from the body, achieving relaxation and creating a better mood.[:]","breadcrumb":{"@id":"https:\/\/www.beautyimagini.com\/masaza\/holisticka-masaza\/#breadcrumb"},"inLanguage":"en-US","potentialAction":[{"@type":"ReadAction","target":["https:\/\/www.beautyimagini.com\/masaza\/holisticka-masaza\/"]}]},{"@type":"ImageObject","inLanguage":"en-US","@id":"https:\/\/www.beautyimagini.com\/masaza\/holisticka-masaza\/#primaryimage","url":"https:\/\/www.beautyimagini.com\/wp-content\/uploads\/slajd-1.jpg","contentUrl":"https:\/\/www.beautyimagini.com\/wp-content\/uploads\/slajd-1.jpg","width":1350,"height":900},{"@type":"BreadcrumbList","@id":"https:\/\/www.beautyimagini.com\/masaza\/holisticka-masaza\/#breadcrumb","itemListElement":[{"@type":"ListItem","position":1,"name":"Home","item":"https:\/\/www.beautyimagini.com\/"},{"@type":"ListItem","position":2,"name":"Massage","item":"https:\/\/www.beautyimagini.com\/masaza\/"},{"@type":"ListItem","position":3,"name":"[:rs]Holisti\u010dka masa\u017ea[:en]Holistic Massage[:]"}]},{"@type":"WebSite","@id":"https:\/\/www.beautyimagini.com\/#website","url":"https:\/\/www.beautyimagini.com\/","name":"Beauty Imagini | Holisti\u010dki Centar","description":"","potentialAction":[{"@type":"SearchAction","target":{"@type":"EntryPoint","urlTemplate":"https:\/\/www.beautyimagini.com\/?s={search_term_string}"},"query-input":{"@type":"PropertyValueSpecification","valueRequired":true,"valueName":"search_term_string"}}],"inLanguage":"en-US"}]}},"_links":{"self":[{"href":"https:\/\/www.beautyimagini.com\/en\/wp-json\/wp\/v2\/pages\/2045","targetHints":{"allow":["GET"]}}],"collection":[{"href":"https:\/\/www.beautyimagini.com\/en\/wp-json\/wp\/v2\/pages"}],"about":[{"href":"https:\/\/www.beautyimagini.com\/en\/wp-json\/wp\/v2\/types\/page"}],"author":[{"embeddable":true,"href":"https:\/\/www.beautyimagini.com\/en\/wp-json\/wp\/v2\/users\/1"}],"replies":[{"embeddable":true,"href":"https:\/\/www.beautyimagini.com\/en\/wp-json\/wp\/v2\/comments?post=2045"}],"version-history":[{"count":5,"href":"https:\/\/www.beautyimagini.com\/en\/wp-json\/wp\/v2\/pages\/2045\/revisions"}],"predecessor-version":[{"id":5436,"href":"https:\/\/www.beautyimagini.com\/en\/wp-json\/wp\/v2\/pages\/2045\/revisions\/5436"}],"up":[{"embeddable":true,"href":"https:\/\/www.beautyimagini.com\/en\/wp-json\/wp\/v2\/pages\/2037"}],"wp:featuredmedia":[{"embeddable":true,"href":"https:\/\/www.beautyimagini.com\/en\/wp-json\/wp\/v2\/media\/3730"}],"wp:attachment":[{"href":"https:\/\/www.beautyimagini.com\/en\/wp-json\/wp\/v2\/media?parent=2045"}],"curies":[{"name":"wp","href":"https:\/\/api.w.org\/{rel}","templated":true}]}}