{"id":2047,"date":"2016-01-10T15:10:45","date_gmt":"2016-01-10T15:10:45","guid":{"rendered":"https:\/\/www.beautyimagini.com\/?page_id=2047"},"modified":"2017-07-22T15:40:05","modified_gmt":"2017-07-22T13:40:05","slug":"hotwood-masaza","status":"publish","type":"page","link":"https:\/\/www.beautyimagini.com\/en\/masaza\/hotwood-masaza\/","title":{"rendered":"Hotwood massage"},"content":{"rendered":"<div class=\"wpb-content-wrapper\">[vc_row][vc_column]<div id=\"ultimate-heading-649069ea398bd2619\" class=\"uvc-heading ult-adjust-bottom-margin ultimate-heading-649069ea398bd2619 uvc-3413 \" data-hspacer=\"line_only\"  data-halign=\"left\" style=\"text-align:left\"><div class=\"uvc-main-heading ult-responsive\"  data-ultimate-target='.uvc-heading.ultimate-heading-649069ea398bd2619 h2'  data-responsive-json-new='{\"font-size\":\"\",\"line-height\":\"\"}' ><h2 style=\"font-weight:normal;\">Hotwood massage<\/h2><\/div><div class=\"uvc-sub-heading ult-responsive\"  data-ultimate-target='.uvc-heading.ultimate-heading-649069ea398bd2619 .uvc-sub-heading '  data-responsive-json-new='{\"font-size\":\"\",\"line-height\":\"\"}'  style=\"font-weight:normal;\"><em>&#8211; Lymphatic drainage (massage with hot wooden sticks)<\/em><\/div><div class=\"uvc-heading-spacer line_only\" style=\"topheight:1px;\"><span class=\"uvc-headings-line\" style=\"border-style:solid;border-bottom-width:1px;border-color:#ccc;width:autopx;\"><\/span><\/div><\/div>[\/vc_column][\/vc_row][vc_row][vc_column width=&#8221;1\/3&#8243; css=&#8221;.vc_custom_1454553558622{border-right-width: 3px !important;border-right-color: #cccccc !important;border-right-style: solid !important;}&#8221;][vc_single_image image=&#8221;2649&#8243; img_size=&#8221;270&#215;270&#8243; alignment=&#8221;center&#8221; style=&#8221;vc_box_outline_circle_2&#8243;]<div class=\"ult-content-box-container \" >\t\t<div class=\"ult-content-box\" style=\"box-shadow: px px px px rgb(247, 247, 247) none;padding-right:10%;padding-left:10%;-webkit-transition: all 700ms ease;-moz-transition: all 700ms ease;-ms-transition: all 700ms ease;-o-transition: all 700ms ease;transition: all 700ms ease;\"  data-hover_box_shadow=\"none\"    ><div class=\"aio-icon-component   style_2\"><a class=\"aio-icon-box-link\" href=\"https:\/\/www.beautyimagini.com\/kontakt\/\" target=\"\"><div id=\"Info-box-wrap-5912\" class=\"aio-icon-box top-icon\" style=\"\"  ><div class=\"aio-icon-top\"><div class=\"ult-just-icon-wrapper \"><div class=\"align-icon\" style=\"text-align:center;\">\n<div class=\"aio-icon circle \" data-animation=\"bounceInDown\" data-animation-delay=\"03\" style=\"color:#ffffff;background:#ffa500;font-size:32px;display:inline-block;\">\n\t<i class=\"Defaults-envelope-o\"><\/i>\n<\/div><\/div><\/div><\/div><div class=\"aio-icon-header\" ><h3 class=\"aio-icon-title ult-responsive\"  data-ultimate-target='#Info-box-wrap-5912 .aio-icon-title'  data-responsive-json-new='{\"font-size\":\"\",\"line-height\":\"\"}'  style=\"\">Book Now<\/h3><\/div> <!-- header --><\/div> <!-- aio-icon-box --><\/a><\/div> <!-- aio-icon-component -->\t\t<\/div><\/div>[\/vc_column][vc_column width=&#8221;2\/3&#8243;][vc_column_text]Indonesian ancient ritual technique uses the beneficial effect of heated mahogany wood to ensure fast toxin elimination from a tired body. By raising vital energy, the client experiences the feeling of security and freedom, experiencing the whole life cycle\u2026[\/vc_column_text][vc_column_text]\n<div class=\"itemExtraFields\">\n<div class=\"itemExtraFields\">\n<h3>Additional information<\/h3>\n<ul>\n<li class=\"even typeTextfield group3\"><span class=\"itemExtraFieldsLabel\">Price: RSD 4<\/span><span class=\"itemExtraFieldsValue\">.500<br \/>\n<\/span><\/li>\n<li class=\"odd typeTextfield group3\"><span class=\"itemExtraFieldsLabel\">Duration: <\/span><span class=\"itemExtraFieldsValue\">75 min<\/span><\/li>\n<\/ul>\n<\/div>\n<\/div>\n[\/vc_column_text][\/vc_column][\/vc_row]\n<\/div>","protected":false},"excerpt":{"rendered":"<p>[vc_row][vc_column][\/vc_column][\/vc_row][vc_row][vc_column width=&#8221;1\/3&#8243; css=&#8221;.vc_custom_1454553558622{border-right-width: 3px !important;border-right-color: #cccccc !important;border-right-style: solid !important;}&#8221;][vc_single_image image=&#8221;2649&#8243; img_size=&#8221;270&#215;270&#8243; alignment=&#8221;center&#8221; style=&#8221;vc_box_outline_circle_2&#8243;][\/vc_column][vc_column width=&#8221;2\/3&#8243;][vc_column_text]Indonesian ancient ritual technique uses the beneficial effect of heated mahogany wood to ensure fast toxin elimination from a tired body. By raising vital energy, the client experiences the feeling of security and freedom, experiencing the whole life cycle\u2026[\/vc_column_text][vc_column_text] Additional information Price: RSD 4.500 Duration: 75 min&nbsp;<a href=\"https:\/\/www.beautyimagini.com\/en\/masaza\/hotwood-masaza\/\" class=\"read-more\">Continue Reading<\/a><\/p>\n","protected":false},"author":1,"featured_media":2649,"parent":2037,"menu_order":0,"comment_status":"closed","ping_status":"closed","template":"page-fullwidth.php","meta":{"footnotes":""},"class_list":["post-2047","page","type-page","status-publish","has-post-thumbnail","hentry"],"yoast_head":"<!-- This site is optimized with the Yoast SEO plugin v26.9 - https:\/\/yoast.com\/product\/yoast-seo-wordpress\/ -->\n<title>Hotwood massage - Beauty Imagini | Holistic Center<\/title>\n<meta name=\"description\" content=\"[:rs]Ritualna indone\u017eanska drevna tehnika prilago\u0111ena savremenim potrebama \u010doveka, kombinuje elemente limfne drena\u017ee sa blagotvornim svojstvima zagrejanog drveta mahagonija.[:en]Indonesian ancient ritual technique uses the beneficial effect of heated mahogany wood to ensure fast toxin elimination from a tired body.[:]\" \/>\n<meta name=\"robots\" content=\"index, follow, max-snippet:-1, max-image-preview:large, max-video-preview:-1\" \/>\n<link rel=\"canonical\" href=\"https:\/\/www.beautyimagini.com\/masaza\/hotwood-masaza\/\" \/>\n<meta property=\"og:locale\" content=\"en_US\" \/>\n<meta property=\"og:type\" content=\"article\" \/>\n<meta property=\"og:title\" content=\"[:rs]Hotwood masa\u017ea - Beauty Imagini | Holisti\u010dki Centar[:en]Hotwood massage - Beauty Imagini | Holistic Center[:]\" \/>\n<meta property=\"og:description\" content=\"[:rs]Ritualna indone\u017eanska drevna tehnika prilago\u0111ena savremenim potrebama \u010doveka, kombinuje elemente limfne drena\u017ee sa blagotvornim svojstvima zagrejanog drveta mahagonija.[:en]Indonesian ancient ritual technique uses the beneficial effect of heated mahogany wood to ensure fast toxin elimination from a tired body.[:]\" \/>\n<meta property=\"og:url\" content=\"https:\/\/www.beautyimagini.com\/masaza\/hotwood-masaza\/\" \/>\n<meta property=\"og:site_name\" content=\"Beauty Imagini | Holisti\u010dki Centar\" \/>\n<meta property=\"article:modified_time\" content=\"2017-07-22T13:40:05+00:00\" \/>\n<meta property=\"og:image\" content=\"https:\/\/www.beautyimagini.com\/wp-content\/uploads\/2016\/01\/hotwood.jpg\" \/>\n\t<meta property=\"og:image:width\" content=\"903\" \/>\n\t<meta property=\"og:image:height\" content=\"600\" \/>\n\t<meta property=\"og:image:type\" content=\"image\/jpeg\" \/>\n<meta name=\"twitter:card\" content=\"summary_large_image\" \/>\n<meta name=\"twitter:label1\" content=\"Est. reading time\" \/>\n\t<meta name=\"twitter:data1\" content=\"2 minutes\" \/>\n<script type=\"application\/ld+json\" class=\"yoast-schema-graph\">{\"@context\":\"https:\/\/schema.org\",\"@graph\":[{\"@type\":\"WebPage\",\"@id\":\"https:\/\/www.beautyimagini.com\/masaza\/hotwood-masaza\/\",\"url\":\"https:\/\/www.beautyimagini.com\/masaza\/hotwood-masaza\/\",\"name\":\"[:rs]Hotwood masa\u017ea - Beauty Imagini | Holisti\u010dki Centar[:en]Hotwood massage - Beauty Imagini | Holistic Center[:]\",\"isPartOf\":{\"@id\":\"https:\/\/www.beautyimagini.com\/#website\"},\"primaryImageOfPage\":{\"@id\":\"https:\/\/www.beautyimagini.com\/masaza\/hotwood-masaza\/#primaryimage\"},\"image\":{\"@id\":\"https:\/\/www.beautyimagini.com\/masaza\/hotwood-masaza\/#primaryimage\"},\"thumbnailUrl\":\"https:\/\/www.beautyimagini.com\/wp-content\/uploads\/2016\/01\/hotwood.jpg\",\"datePublished\":\"2016-01-10T15:10:45+00:00\",\"dateModified\":\"2017-07-22T13:40:05+00:00\",\"description\":\"[:rs]Ritualna indone\u017eanska drevna tehnika prilago\u0111ena savremenim potrebama \u010doveka, kombinuje elemente limfne drena\u017ee sa blagotvornim svojstvima zagrejanog drveta mahagonija.[:en]Indonesian ancient ritual technique uses the beneficial effect of heated mahogany wood to ensure fast toxin elimination from a tired body.[:]\",\"breadcrumb\":{\"@id\":\"https:\/\/www.beautyimagini.com\/masaza\/hotwood-masaza\/#breadcrumb\"},\"inLanguage\":\"en-US\",\"potentialAction\":[{\"@type\":\"ReadAction\",\"target\":[\"https:\/\/www.beautyimagini.com\/masaza\/hotwood-masaza\/\"]}]},{\"@type\":\"ImageObject\",\"inLanguage\":\"en-US\",\"@id\":\"https:\/\/www.beautyimagini.com\/masaza\/hotwood-masaza\/#primaryimage\",\"url\":\"https:\/\/www.beautyimagini.com\/wp-content\/uploads\/2016\/01\/hotwood.jpg\",\"contentUrl\":\"https:\/\/www.beautyimagini.com\/wp-content\/uploads\/2016\/01\/hotwood.jpg\",\"width\":903,\"height\":600,\"caption\":\"????????????????????????????????????\"},{\"@type\":\"BreadcrumbList\",\"@id\":\"https:\/\/www.beautyimagini.com\/masaza\/hotwood-masaza\/#breadcrumb\",\"itemListElement\":[{\"@type\":\"ListItem\",\"position\":1,\"name\":\"Home\",\"item\":\"https:\/\/www.beautyimagini.com\/\"},{\"@type\":\"ListItem\",\"position\":2,\"name\":\"Massage\",\"item\":\"https:\/\/www.beautyimagini.com\/masaza\/\"},{\"@type\":\"ListItem\",\"position\":3,\"name\":\"Hotwood massage\"}]},{\"@type\":\"WebSite\",\"@id\":\"https:\/\/www.beautyimagini.com\/#website\",\"url\":\"https:\/\/www.beautyimagini.com\/\",\"name\":\"Beauty Imagini | Holisti\u010dki Centar\",\"description\":\"\",\"potentialAction\":[{\"@type\":\"SearchAction\",\"target\":{\"@type\":\"EntryPoint\",\"urlTemplate\":\"https:\/\/www.beautyimagini.com\/?s={search_term_string}\"},\"query-input\":{\"@type\":\"PropertyValueSpecification\",\"valueRequired\":true,\"valueName\":\"search_term_string\"}}],\"inLanguage\":\"en-US\"}]}<\/script>\n<!-- \/ Yoast SEO plugin. -->","yoast_head_json":{"title":"[:rs]Hotwood masa\u017ea - Beauty Imagini | Holisti\u010dki Centar[:en]Hotwood massage - Beauty Imagini | Holistic Center[:]","description":"[:rs]Ritualna indone\u017eanska drevna tehnika prilago\u0111ena savremenim potrebama \u010doveka, kombinuje elemente limfne drena\u017ee sa blagotvornim svojstvima zagrejanog drveta mahagonija.[:en]Indonesian ancient ritual technique uses the beneficial effect of heated mahogany wood to ensure fast toxin elimination from a tired body.[:]","robots":{"index":"index","follow":"follow","max-snippet":"max-snippet:-1","max-image-preview":"max-image-preview:large","max-video-preview":"max-video-preview:-1"},"canonical":"https:\/\/www.beautyimagini.com\/masaza\/hotwood-masaza\/","og_locale":"en_US","og_type":"article","og_title":"[:rs]Hotwood masa\u017ea - Beauty Imagini | Holisti\u010dki Centar[:en]Hotwood massage - Beauty Imagini | Holistic Center[:]","og_description":"[:rs]Ritualna indone\u017eanska drevna tehnika prilago\u0111ena savremenim potrebama \u010doveka, kombinuje elemente limfne drena\u017ee sa blagotvornim svojstvima zagrejanog drveta mahagonija.[:en]Indonesian ancient ritual technique uses the beneficial effect of heated mahogany wood to ensure fast toxin elimination from a tired body.[:]","og_url":"https:\/\/www.beautyimagini.com\/masaza\/hotwood-masaza\/","og_site_name":"Beauty Imagini | Holisti\u010dki Centar","article_modified_time":"2017-07-22T13:40:05+00:00","og_image":[{"width":903,"height":600,"url":"https:\/\/www.beautyimagini.com\/wp-content\/uploads\/2016\/01\/hotwood.jpg","type":"image\/jpeg"}],"twitter_card":"summary_large_image","twitter_misc":{"Est. reading time":"2 minutes"},"schema":{"@context":"https:\/\/schema.org","@graph":[{"@type":"WebPage","@id":"https:\/\/www.beautyimagini.com\/masaza\/hotwood-masaza\/","url":"https:\/\/www.beautyimagini.com\/masaza\/hotwood-masaza\/","name":"[:rs]Hotwood masa\u017ea - Beauty Imagini | Holisti\u010dki Centar[:en]Hotwood massage - Beauty Imagini | Holistic Center[:]","isPartOf":{"@id":"https:\/\/www.beautyimagini.com\/#website"},"primaryImageOfPage":{"@id":"https:\/\/www.beautyimagini.com\/masaza\/hotwood-masaza\/#primaryimage"},"image":{"@id":"https:\/\/www.beautyimagini.com\/masaza\/hotwood-masaza\/#primaryimage"},"thumbnailUrl":"https:\/\/www.beautyimagini.com\/wp-content\/uploads\/2016\/01\/hotwood.jpg","datePublished":"2016-01-10T15:10:45+00:00","dateModified":"2017-07-22T13:40:05+00:00","description":"[:rs]Ritualna indone\u017eanska drevna tehnika prilago\u0111ena savremenim potrebama \u010doveka, kombinuje elemente limfne drena\u017ee sa blagotvornim svojstvima zagrejanog drveta mahagonija.[:en]Indonesian ancient ritual technique uses the beneficial effect of heated mahogany wood to ensure fast toxin elimination from a tired body.[:]","breadcrumb":{"@id":"https:\/\/www.beautyimagini.com\/masaza\/hotwood-masaza\/#breadcrumb"},"inLanguage":"en-US","potentialAction":[{"@type":"ReadAction","target":["https:\/\/www.beautyimagini.com\/masaza\/hotwood-masaza\/"]}]},{"@type":"ImageObject","inLanguage":"en-US","@id":"https:\/\/www.beautyimagini.com\/masaza\/hotwood-masaza\/#primaryimage","url":"https:\/\/www.beautyimagini.com\/wp-content\/uploads\/2016\/01\/hotwood.jpg","contentUrl":"https:\/\/www.beautyimagini.com\/wp-content\/uploads\/2016\/01\/hotwood.jpg","width":903,"height":600,"caption":"????????????????????????????????????"},{"@type":"BreadcrumbList","@id":"https:\/\/www.beautyimagini.com\/masaza\/hotwood-masaza\/#breadcrumb","itemListElement":[{"@type":"ListItem","position":1,"name":"Home","item":"https:\/\/www.beautyimagini.com\/"},{"@type":"ListItem","position":2,"name":"Massage","item":"https:\/\/www.beautyimagini.com\/masaza\/"},{"@type":"ListItem","position":3,"name":"Hotwood massage"}]},{"@type":"WebSite","@id":"https:\/\/www.beautyimagini.com\/#website","url":"https:\/\/www.beautyimagini.com\/","name":"Beauty Imagini | Holisti\u010dki Centar","description":"","potentialAction":[{"@type":"SearchAction","target":{"@type":"EntryPoint","urlTemplate":"https:\/\/www.beautyimagini.com\/?s={search_term_string}"},"query-input":{"@type":"PropertyValueSpecification","valueRequired":true,"valueName":"search_term_string"}}],"inLanguage":"en-US"}]}},"_links":{"self":[{"href":"https:\/\/www.beautyimagini.com\/en\/wp-json\/wp\/v2\/pages\/2047","targetHints":{"allow":["GET"]}}],"collection":[{"href":"https:\/\/www.beautyimagini.com\/en\/wp-json\/wp\/v2\/pages"}],"about":[{"href":"https:\/\/www.beautyimagini.com\/en\/wp-json\/wp\/v2\/types\/page"}],"author":[{"embeddable":true,"href":"https:\/\/www.beautyimagini.com\/en\/wp-json\/wp\/v2\/users\/1"}],"replies":[{"embeddable":true,"href":"https:\/\/www.beautyimagini.com\/en\/wp-json\/wp\/v2\/comments?post=2047"}],"version-history":[{"count":5,"href":"https:\/\/www.beautyimagini.com\/en\/wp-json\/wp\/v2\/pages\/2047\/revisions"}],"predecessor-version":[{"id":4751,"href":"https:\/\/www.beautyimagini.com\/en\/wp-json\/wp\/v2\/pages\/2047\/revisions\/4751"}],"up":[{"embeddable":true,"href":"https:\/\/www.beautyimagini.com\/en\/wp-json\/wp\/v2\/pages\/2037"}],"wp:featuredmedia":[{"embeddable":true,"href":"https:\/\/www.beautyimagini.com\/en\/wp-json\/wp\/v2\/media\/2649"}],"wp:attachment":[{"href":"https:\/\/www.beautyimagini.com\/en\/wp-json\/wp\/v2\/media?parent=2047"}],"curies":[{"name":"wp","href":"https:\/\/api.w.org\/{rel}","templated":true}]}}