{"id":2068,"date":"2016-01-10T16:02:09","date_gmt":"2016-01-10T16:02:09","guid":{"rendered":"https:\/\/www.beautyimagini.com\/?page_id=2068"},"modified":"2017-07-22T19:42:28","modified_gmt":"2017-07-22T17:42:28","slug":"anticelulit-tretmani","status":"publish","type":"page","link":"https:\/\/www.beautyimagini.com\/en\/tretmani\/anticelulit-tretmani\/","title":{"rendered":"Anti-cellulite Massage"},"content":{"rendered":"<div class=\"wpb-content-wrapper\">[vc_row][vc_column]<div id=\"ultimate-heading-496169ea7194307e9\" class=\"uvc-heading ult-adjust-bottom-margin ultimate-heading-496169ea7194307e9 uvc-85 \" data-hspacer=\"line_only\"  data-halign=\"left\" style=\"text-align:left\"><div class=\"uvc-main-heading ult-responsive\"  data-ultimate-target='.uvc-heading.ultimate-heading-496169ea7194307e9 h2'  data-responsive-json-new='{\"font-size\":\"desktop:51px;\",\"line-height\":\"\"}' ><h2 style=\"font-weight:normal;\">Anti-cellulite Massage<\/h2><\/div><div class=\"uvc-heading-spacer line_only\" style=\"topheight:1px;\"><span class=\"uvc-headings-line\" style=\"border-style:solid;border-bottom-width:1px;border-color:#ccc;width:autopx;\"><\/span><\/div><\/div>[\/vc_column][\/vc_row][vc_row][vc_column width=&#8221;1\/3&#8243; css=&#8221;.vc_custom_1454553137001{border-right-width: 3px !important;border-right-color: #cccccc !important;border-right-style: solid !important;}&#8221;][vc_single_image image=&#8221;1995&#8243; img_size=&#8221;270&#215;270&#8243; alignment=&#8221;center&#8221; style=&#8221;vc_box_outline_circle_2&#8243;]<div class=\"ult-content-box-container \" >\t\t<div class=\"ult-content-box\" style=\"box-shadow: px px px px rgb(247, 247, 247) none;padding-right:10%;padding-left:10%;-webkit-transition: all 700ms ease;-moz-transition: all 700ms ease;-ms-transition: all 700ms ease;-o-transition: all 700ms ease;transition: all 700ms ease;\"  data-hover_box_shadow=\"none\"    ><div class=\"aio-icon-component   style_2\"><a class=\"aio-icon-box-link\" href=\"https:\/\/www.beautyimagini.com\/kontakt\/\" target=\"\"><div id=\"Info-box-wrap-2075\" class=\"aio-icon-box top-icon\" style=\"\"  ><div class=\"aio-icon-top\"><div class=\"ult-just-icon-wrapper \"><div class=\"align-icon\" style=\"text-align:center;\">\n<div class=\"aio-icon circle \" data-animation=\"bounceInDown\" data-animation-delay=\"03\" style=\"color:#ffffff;background:#ffa500;font-size:32px;display:inline-block;\">\n\t<i class=\"Defaults-envelope-o\"><\/i>\n<\/div><\/div><\/div><\/div><div class=\"aio-icon-header\" ><h3 class=\"aio-icon-title ult-responsive\"  data-ultimate-target='#Info-box-wrap-2075 .aio-icon-title'  data-responsive-json-new='{\"font-size\":\"\",\"line-height\":\"\"}'  style=\"\">Book Now<\/h3><\/div> <!-- header --><\/div> <!-- aio-icon-box --><\/a><\/div> <!-- aio-icon-component -->\t\t<\/div><\/div>[\/vc_column][vc_column width=&#8221;2\/3&#8243;][vc_column_text]<u><\/u>*In case of prominent veins and capillaries only drainage movements are used in the treatments Nevercell 1+1 or Thermica ,cryo packages (GIO, BRA)are especially recommended\u00a0 or drainage using Sport gel.<\/p>\n<p><strong>Nevercell 1+1<\/strong><\/p>\n<p>Price: RSD <strong>1.700,00<\/strong><\/p>\n<p>A very strong effect on the water and fat deposits, and due to pineapple enzymes and Centellae asiatica (algae), exctracted in powder which is activated at the moment of product application. This treatment is used to regroup hydrolipid mass, so that the stimulation of blood circulation and cell viscosity prolong the effect of skin elasticity for a longer period of time.<\/p>\n<p>Especially recommended for strong sports muscles (sports cellulite).<\/p>\n<p>*The therapist activates the content of the ampoule by tightening the stopper in the clockwise direction (performs the check to see if all the powder from the stopper fell into the oil), mixes the content well so that the oil is blended with the active powder, opens the ampoule and performs the massage.<\/p>\n<p><strong>Hyperaemic oil<\/strong><\/p>\n<p>Price: RSD <strong>1.500,00<\/strong><\/p>\n<p>(a very strong hyperemic effect \u2013 not to be used with prominent capillaries and veins)<\/p>\n<p>Great effects are achieved due to exceptional hyperemic qualities. Accelerating the fluid elimination and establishing the hydrolipid balance, as well as stimulating the blood circulation and strengthening the blood vessels, provide a long lasting elasticity to the tissue. Due to the presence of Methyl nicotin which is a good filter, but at the same time it causes severe redness and the feeling of hotness, this treatment is not recommended for sensitive skin.<\/p>\n<p><strong>Thermica<\/strong><\/p>\n<p>Price: RSD <strong>1.500,00<\/strong><\/p>\n<p>(can be used in dilated cappilaries)<\/p>\n<p>Created for combating chronicle cellulite, as it breaks down hydro lipid deposits, stimulates blood flow, oxygen exchange and intercelular metabolism. Thanks to blueberry and caffeine, bioflavanoids, blood vessels are protected. Caffeine stimulates the weight loss process and frees toxins from the tissues, stimulates fat break-down, stimulating the enzyme reactions during the fat deposits break down.<\/p>\n<p>Recommendation for further care: Thermica cream, Nevercell 1+1 aqueous solution, Shilly Shally metabolic activator.[\/vc_column_text][\/vc_column][\/vc_row]\n<\/div>","protected":false},"excerpt":{"rendered":"<p>[vc_row][vc_column][\/vc_column][\/vc_row][vc_row][vc_column width=&#8221;1\/3&#8243; css=&#8221;.vc_custom_1454553137001{border-right-width: 3px !important;border-right-color: #cccccc !important;border-right-style: solid !important;}&#8221;][vc_single_image image=&#8221;1995&#8243; img_size=&#8221;270&#215;270&#8243; alignment=&#8221;center&#8221; style=&#8221;vc_box_outline_circle_2&#8243;][\/vc_column][vc_column width=&#8221;2\/3&#8243;][vc_column_text]*In case of prominent veins and capillaries only drainage movements are used in the treatments Nevercell 1+1 or Thermica ,cryo packages (GIO, BRA)are especially recommended\u00a0 or drainage using Sport gel. Nevercell 1+1 Price: RSD 1.700,00 A very strong effect on the water and fat deposits, and due&nbsp;<a href=\"https:\/\/www.beautyimagini.com\/en\/tretmani\/anticelulit-tretmani\/\" class=\"read-more\">Continue Reading<\/a><\/p>\n","protected":false},"author":1,"featured_media":3547,"parent":2066,"menu_order":0,"comment_status":"closed","ping_status":"closed","template":"page-fullwidth.php","meta":{"footnotes":""},"class_list":["post-2068","page","type-page","status-publish","has-post-thumbnail","hentry"],"yoast_head":"<!-- This site is optimized with the Yoast SEO plugin v26.9 - https:\/\/yoast.com\/product\/yoast-seo-wordpress\/ -->\n<title>Anti-cellulite Massage  &#8211; Beauty Imagini | Holisti\u010dki Centar<\/title>\n<meta name=\"description\" content=\"Ovim tretmanom se pregrupi\u0161e hidrolipidna masa, te se stimulacijom cirkulacije i viskoznosti \u0107elija prolongira efekat elasti\u010dnosti ko\u017ee za du\u017ei vremenski period.\" \/>\n<meta name=\"robots\" content=\"index, follow, max-snippet:-1, max-image-preview:large, max-video-preview:-1\" \/>\n<link rel=\"canonical\" href=\"https:\/\/www.beautyimagini.com\/tretmani\/anticelulit-tretmani\/\" \/>\n<meta property=\"og:locale\" content=\"en_US\" \/>\n<meta property=\"og:type\" content=\"article\" \/>\n<meta property=\"og:title\" content=\"[:rs]Anticelulit tretmani[:en]Anti-cellulite Massage [:] &#8211; Beauty Imagini | Holisti\u010dki Centar\" \/>\n<meta property=\"og:description\" content=\"Ovim tretmanom se pregrupi\u0161e hidrolipidna masa, te se stimulacijom cirkulacije i viskoznosti \u0107elija prolongira efekat elasti\u010dnosti ko\u017ee za du\u017ei vremenski period.\" \/>\n<meta property=\"og:url\" content=\"https:\/\/www.beautyimagini.com\/tretmani\/anticelulit-tretmani\/\" \/>\n<meta property=\"og:site_name\" content=\"Beauty Imagini | Holisti\u010dki Centar\" \/>\n<meta property=\"article:modified_time\" content=\"2017-07-22T17:42:28+00:00\" \/>\n<meta property=\"og:image\" content=\"https:\/\/www.beautyimagini.com\/wp-content\/uploads\/anticelulit-masaza-2.jpg\" \/>\n\t<meta property=\"og:image:width\" content=\"3000\" \/>\n\t<meta property=\"og:image:height\" content=\"2000\" \/>\n\t<meta property=\"og:image:type\" content=\"image\/jpeg\" \/>\n<meta name=\"twitter:card\" content=\"summary_large_image\" \/>\n<meta name=\"twitter:label1\" content=\"Est. reading time\" \/>\n\t<meta name=\"twitter:data1\" content=\"5 minutes\" \/>\n<script type=\"application\/ld+json\" class=\"yoast-schema-graph\">{\"@context\":\"https:\/\/schema.org\",\"@graph\":[{\"@type\":\"WebPage\",\"@id\":\"https:\/\/www.beautyimagini.com\/tretmani\/anticelulit-tretmani\/\",\"url\":\"https:\/\/www.beautyimagini.com\/tretmani\/anticelulit-tretmani\/\",\"name\":\"[:rs]Anticelulit tretmani[:en]Anti-cellulite Massage [:] &#8211; Beauty Imagini | Holisti\u010dki Centar\",\"isPartOf\":{\"@id\":\"https:\/\/www.beautyimagini.com\/#website\"},\"primaryImageOfPage\":{\"@id\":\"https:\/\/www.beautyimagini.com\/tretmani\/anticelulit-tretmani\/#primaryimage\"},\"image\":{\"@id\":\"https:\/\/www.beautyimagini.com\/tretmani\/anticelulit-tretmani\/#primaryimage\"},\"thumbnailUrl\":\"https:\/\/www.beautyimagini.com\/wp-content\/uploads\/anticelulit-masaza-2-scaled.jpg\",\"datePublished\":\"2016-01-10T16:02:09+00:00\",\"dateModified\":\"2017-07-22T17:42:28+00:00\",\"description\":\"Ovim tretmanom se pregrupi\u0161e hidrolipidna masa, te se stimulacijom cirkulacije i viskoznosti \u0107elija prolongira efekat elasti\u010dnosti ko\u017ee za du\u017ei vremenski period.\",\"breadcrumb\":{\"@id\":\"https:\/\/www.beautyimagini.com\/tretmani\/anticelulit-tretmani\/#breadcrumb\"},\"inLanguage\":\"en-US\",\"potentialAction\":[{\"@type\":\"ReadAction\",\"target\":[\"https:\/\/www.beautyimagini.com\/tretmani\/anticelulit-tretmani\/\"]}]},{\"@type\":\"ImageObject\",\"inLanguage\":\"en-US\",\"@id\":\"https:\/\/www.beautyimagini.com\/tretmani\/anticelulit-tretmani\/#primaryimage\",\"url\":\"https:\/\/www.beautyimagini.com\/wp-content\/uploads\/anticelulit-masaza-2-scaled.jpg\",\"contentUrl\":\"https:\/\/www.beautyimagini.com\/wp-content\/uploads\/anticelulit-masaza-2-scaled.jpg\",\"width\":3000,\"height\":2000},{\"@type\":\"BreadcrumbList\",\"@id\":\"https:\/\/www.beautyimagini.com\/tretmani\/anticelulit-tretmani\/#breadcrumb\",\"itemListElement\":[{\"@type\":\"ListItem\",\"position\":1,\"name\":\"Home\",\"item\":\"https:\/\/www.beautyimagini.com\/\"},{\"@type\":\"ListItem\",\"position\":2,\"name\":\"Tretmani\",\"item\":\"https:\/\/www.beautyimagini.com\/tretmani\/\"},{\"@type\":\"ListItem\",\"position\":3,\"name\":\"Anticelulit tretmani\"}]},{\"@type\":\"WebSite\",\"@id\":\"https:\/\/www.beautyimagini.com\/#website\",\"url\":\"https:\/\/www.beautyimagini.com\/\",\"name\":\"Beauty Imagini | Holisti\u010dki Centar\",\"description\":\"\",\"potentialAction\":[{\"@type\":\"SearchAction\",\"target\":{\"@type\":\"EntryPoint\",\"urlTemplate\":\"https:\/\/www.beautyimagini.com\/?s={search_term_string}\"},\"query-input\":{\"@type\":\"PropertyValueSpecification\",\"valueRequired\":true,\"valueName\":\"search_term_string\"}}],\"inLanguage\":\"en-US\"}]}<\/script>\n<!-- \/ Yoast SEO plugin. -->","yoast_head_json":{"title":"[:rs]Anticelulit tretmani[:en]Anti-cellulite Massage [:] &#8211; Beauty Imagini | Holisti\u010dki Centar","description":"Ovim tretmanom se pregrupi\u0161e hidrolipidna masa, te se stimulacijom cirkulacije i viskoznosti \u0107elija prolongira efekat elasti\u010dnosti ko\u017ee za du\u017ei vremenski period.","robots":{"index":"index","follow":"follow","max-snippet":"max-snippet:-1","max-image-preview":"max-image-preview:large","max-video-preview":"max-video-preview:-1"},"canonical":"https:\/\/www.beautyimagini.com\/tretmani\/anticelulit-tretmani\/","og_locale":"en_US","og_type":"article","og_title":"[:rs]Anticelulit tretmani[:en]Anti-cellulite Massage [:] &#8211; Beauty Imagini | Holisti\u010dki Centar","og_description":"Ovim tretmanom se pregrupi\u0161e hidrolipidna masa, te se stimulacijom cirkulacije i viskoznosti \u0107elija prolongira efekat elasti\u010dnosti ko\u017ee za du\u017ei vremenski period.","og_url":"https:\/\/www.beautyimagini.com\/tretmani\/anticelulit-tretmani\/","og_site_name":"Beauty Imagini | Holisti\u010dki Centar","article_modified_time":"2017-07-22T17:42:28+00:00","og_image":[{"width":3000,"height":2000,"url":"https:\/\/www.beautyimagini.com\/wp-content\/uploads\/anticelulit-masaza-2.jpg","type":"image\/jpeg"}],"twitter_card":"summary_large_image","twitter_misc":{"Est. reading time":"5 minutes"},"schema":{"@context":"https:\/\/schema.org","@graph":[{"@type":"WebPage","@id":"https:\/\/www.beautyimagini.com\/tretmani\/anticelulit-tretmani\/","url":"https:\/\/www.beautyimagini.com\/tretmani\/anticelulit-tretmani\/","name":"[:rs]Anticelulit tretmani[:en]Anti-cellulite Massage [:] &#8211; Beauty Imagini | Holisti\u010dki Centar","isPartOf":{"@id":"https:\/\/www.beautyimagini.com\/#website"},"primaryImageOfPage":{"@id":"https:\/\/www.beautyimagini.com\/tretmani\/anticelulit-tretmani\/#primaryimage"},"image":{"@id":"https:\/\/www.beautyimagini.com\/tretmani\/anticelulit-tretmani\/#primaryimage"},"thumbnailUrl":"https:\/\/www.beautyimagini.com\/wp-content\/uploads\/anticelulit-masaza-2-scaled.jpg","datePublished":"2016-01-10T16:02:09+00:00","dateModified":"2017-07-22T17:42:28+00:00","description":"Ovim tretmanom se pregrupi\u0161e hidrolipidna masa, te se stimulacijom cirkulacije i viskoznosti \u0107elija prolongira efekat elasti\u010dnosti ko\u017ee za du\u017ei vremenski period.","breadcrumb":{"@id":"https:\/\/www.beautyimagini.com\/tretmani\/anticelulit-tretmani\/#breadcrumb"},"inLanguage":"en-US","potentialAction":[{"@type":"ReadAction","target":["https:\/\/www.beautyimagini.com\/tretmani\/anticelulit-tretmani\/"]}]},{"@type":"ImageObject","inLanguage":"en-US","@id":"https:\/\/www.beautyimagini.com\/tretmani\/anticelulit-tretmani\/#primaryimage","url":"https:\/\/www.beautyimagini.com\/wp-content\/uploads\/anticelulit-masaza-2-scaled.jpg","contentUrl":"https:\/\/www.beautyimagini.com\/wp-content\/uploads\/anticelulit-masaza-2-scaled.jpg","width":3000,"height":2000},{"@type":"BreadcrumbList","@id":"https:\/\/www.beautyimagini.com\/tretmani\/anticelulit-tretmani\/#breadcrumb","itemListElement":[{"@type":"ListItem","position":1,"name":"Home","item":"https:\/\/www.beautyimagini.com\/"},{"@type":"ListItem","position":2,"name":"Tretmani","item":"https:\/\/www.beautyimagini.com\/tretmani\/"},{"@type":"ListItem","position":3,"name":"Anticelulit tretmani"}]},{"@type":"WebSite","@id":"https:\/\/www.beautyimagini.com\/#website","url":"https:\/\/www.beautyimagini.com\/","name":"Beauty Imagini | Holisti\u010dki Centar","description":"","potentialAction":[{"@type":"SearchAction","target":{"@type":"EntryPoint","urlTemplate":"https:\/\/www.beautyimagini.com\/?s={search_term_string}"},"query-input":{"@type":"PropertyValueSpecification","valueRequired":true,"valueName":"search_term_string"}}],"inLanguage":"en-US"}]}},"_links":{"self":[{"href":"https:\/\/www.beautyimagini.com\/en\/wp-json\/wp\/v2\/pages\/2068","targetHints":{"allow":["GET"]}}],"collection":[{"href":"https:\/\/www.beautyimagini.com\/en\/wp-json\/wp\/v2\/pages"}],"about":[{"href":"https:\/\/www.beautyimagini.com\/en\/wp-json\/wp\/v2\/types\/page"}],"author":[{"embeddable":true,"href":"https:\/\/www.beautyimagini.com\/en\/wp-json\/wp\/v2\/users\/1"}],"replies":[{"embeddable":true,"href":"https:\/\/www.beautyimagini.com\/en\/wp-json\/wp\/v2\/comments?post=2068"}],"version-history":[{"count":1,"href":"https:\/\/www.beautyimagini.com\/en\/wp-json\/wp\/v2\/pages\/2068\/revisions"}],"predecessor-version":[{"id":4765,"href":"https:\/\/www.beautyimagini.com\/en\/wp-json\/wp\/v2\/pages\/2068\/revisions\/4765"}],"up":[{"embeddable":true,"href":"https:\/\/www.beautyimagini.com\/en\/wp-json\/wp\/v2\/pages\/2066"}],"wp:featuredmedia":[{"embeddable":true,"href":"https:\/\/www.beautyimagini.com\/en\/wp-json\/wp\/v2\/media\/3547"}],"wp:attachment":[{"href":"https:\/\/www.beautyimagini.com\/en\/wp-json\/wp\/v2\/media?parent=2068"}],"curies":[{"name":"wp","href":"https:\/\/api.w.org\/{rel}","templated":true}]}}