{"id":2583,"date":"2016-01-15T20:18:57","date_gmt":"2016-01-15T20:18:57","guid":{"rendered":"https:\/\/www.beautyimagini.com\/?page_id=2583"},"modified":"2019-05-23T01:02:05","modified_gmt":"2019-05-22T23:02:05","slug":"benefiti-masaze","status":"publish","type":"page","link":"https:\/\/www.beautyimagini.com\/en\/masaza\/benefiti-masaze\/","title":{"rendered":"Benefiti Masa\u017ee"},"content":{"rendered":"<p class=\"qtranxs-available-languages-message qtranxs-available-languages-message-en\">No translated content. Please choose Serbian language.<\/p>","protected":false},"excerpt":{"rendered":"<p>No translated content. Please choose Serbian language.<\/p>\n","protected":false},"author":1,"featured_media":3924,"parent":2037,"menu_order":0,"comment_status":"closed","ping_status":"closed","template":"page-fullwidth.php","meta":{"footnotes":""},"class_list":["post-2583","page","type-page","status-publish","has-post-thumbnail","hentry"],"yoast_head":"<!-- This site is optimized with the Yoast SEO plugin v26.9 - https:\/\/yoast.com\/product\/yoast-seo-wordpress\/ -->\n<title>Benefiti Masa\u017ee &#8211; Beauty Imagini | Holisti\u010dki Centar<\/title>\n<meta name=\"description\" content=\"Redovnom upotrebom masa\u017ee, kao glavnog aduta u borbi protiv stresa, mo\u017eete drasti\u010dno smanjiti uticaj stresa na Va\u0161 organizam.\" \/>\n<meta name=\"robots\" content=\"index, follow, max-snippet:-1, max-image-preview:large, max-video-preview:-1\" \/>\n<link rel=\"canonical\" href=\"https:\/\/www.beautyimagini.com\/masaza\/benefiti-masaze\/\" \/>\n<meta property=\"og:locale\" content=\"en_US\" \/>\n<meta property=\"og:type\" content=\"article\" \/>\n<meta property=\"og:title\" content=\"Benefiti Masa\u017ee &#8211; Beauty Imagini | Holisti\u010dki Centar\" \/>\n<meta property=\"og:description\" content=\"Redovnom upotrebom masa\u017ee, kao glavnog aduta u borbi protiv stresa, mo\u017eete drasti\u010dno smanjiti uticaj stresa na Va\u0161 organizam.\" \/>\n<meta property=\"og:url\" content=\"https:\/\/www.beautyimagini.com\/masaza\/benefiti-masaze\/\" \/>\n<meta property=\"og:site_name\" content=\"Beauty Imagini | Holisti\u010dki Centar\" \/>\n<meta property=\"article:modified_time\" content=\"2019-05-22T23:02:05+00:00\" \/>\n<meta property=\"og:image\" content=\"https:\/\/www.beautyimagini.com\/wp-content\/uploads\/Maja-Beauty-2.jpg\" \/>\n\t<meta property=\"og:image:width\" content=\"1008\" \/>\n\t<meta property=\"og:image:height\" content=\"600\" \/>\n\t<meta property=\"og:image:type\" content=\"image\/jpeg\" \/>\n<meta name=\"twitter:card\" content=\"summary_large_image\" \/>\n<meta name=\"twitter:label1\" content=\"Est. reading time\" \/>\n\t<meta name=\"twitter:data1\" content=\"3 minutes\" \/>\n<script type=\"application\/ld+json\" class=\"yoast-schema-graph\">{\"@context\":\"https:\/\/schema.org\",\"@graph\":[{\"@type\":\"WebPage\",\"@id\":\"https:\/\/www.beautyimagini.com\/masaza\/benefiti-masaze\/\",\"url\":\"https:\/\/www.beautyimagini.com\/masaza\/benefiti-masaze\/\",\"name\":\"Benefiti Masa\u017ee &#8211; Beauty Imagini | Holisti\u010dki Centar\",\"isPartOf\":{\"@id\":\"https:\/\/www.beautyimagini.com\/#website\"},\"primaryImageOfPage\":{\"@id\":\"https:\/\/www.beautyimagini.com\/masaza\/benefiti-masaze\/#primaryimage\"},\"image\":{\"@id\":\"https:\/\/www.beautyimagini.com\/masaza\/benefiti-masaze\/#primaryimage\"},\"thumbnailUrl\":\"https:\/\/www.beautyimagini.com\/wp-content\/uploads\/Maja-Beauty-2.jpg\",\"datePublished\":\"2016-01-15T20:18:57+00:00\",\"dateModified\":\"2019-05-22T23:02:05+00:00\",\"description\":\"Redovnom upotrebom masa\u017ee, kao glavnog aduta u borbi protiv stresa, mo\u017eete drasti\u010dno smanjiti uticaj stresa na Va\u0161 organizam.\",\"breadcrumb\":{\"@id\":\"https:\/\/www.beautyimagini.com\/masaza\/benefiti-masaze\/#breadcrumb\"},\"inLanguage\":\"en-US\",\"potentialAction\":[{\"@type\":\"ReadAction\",\"target\":[\"https:\/\/www.beautyimagini.com\/masaza\/benefiti-masaze\/\"]}]},{\"@type\":\"ImageObject\",\"inLanguage\":\"en-US\",\"@id\":\"https:\/\/www.beautyimagini.com\/masaza\/benefiti-masaze\/#primaryimage\",\"url\":\"https:\/\/www.beautyimagini.com\/wp-content\/uploads\/Maja-Beauty-2.jpg\",\"contentUrl\":\"https:\/\/www.beautyimagini.com\/wp-content\/uploads\/Maja-Beauty-2.jpg\",\"width\":1008,\"height\":600},{\"@type\":\"BreadcrumbList\",\"@id\":\"https:\/\/www.beautyimagini.com\/masaza\/benefiti-masaze\/#breadcrumb\",\"itemListElement\":[{\"@type\":\"ListItem\",\"position\":1,\"name\":\"Home\",\"item\":\"https:\/\/www.beautyimagini.com\/\"},{\"@type\":\"ListItem\",\"position\":2,\"name\":\"Massage\",\"item\":\"https:\/\/www.beautyimagini.com\/masaza\/\"},{\"@type\":\"ListItem\",\"position\":3,\"name\":\"Benefiti Masa\u017ee\"}]},{\"@type\":\"WebSite\",\"@id\":\"https:\/\/www.beautyimagini.com\/#website\",\"url\":\"https:\/\/www.beautyimagini.com\/\",\"name\":\"Beauty Imagini | Holisti\u010dki Centar\",\"description\":\"\",\"potentialAction\":[{\"@type\":\"SearchAction\",\"target\":{\"@type\":\"EntryPoint\",\"urlTemplate\":\"https:\/\/www.beautyimagini.com\/?s={search_term_string}\"},\"query-input\":{\"@type\":\"PropertyValueSpecification\",\"valueRequired\":true,\"valueName\":\"search_term_string\"}}],\"inLanguage\":\"en-US\"}]}<\/script>\n<!-- \/ Yoast SEO plugin. -->","yoast_head_json":{"title":"Benefiti Masa\u017ee &#8211; Beauty Imagini | Holisti\u010dki Centar","description":"Redovnom upotrebom masa\u017ee, kao glavnog aduta u borbi protiv stresa, mo\u017eete drasti\u010dno smanjiti uticaj stresa na Va\u0161 organizam.","robots":{"index":"index","follow":"follow","max-snippet":"max-snippet:-1","max-image-preview":"max-image-preview:large","max-video-preview":"max-video-preview:-1"},"canonical":"https:\/\/www.beautyimagini.com\/masaza\/benefiti-masaze\/","og_locale":"en_US","og_type":"article","og_title":"Benefiti Masa\u017ee &#8211; Beauty Imagini | Holisti\u010dki Centar","og_description":"Redovnom upotrebom masa\u017ee, kao glavnog aduta u borbi protiv stresa, mo\u017eete drasti\u010dno smanjiti uticaj stresa na Va\u0161 organizam.","og_url":"https:\/\/www.beautyimagini.com\/masaza\/benefiti-masaze\/","og_site_name":"Beauty Imagini | Holisti\u010dki Centar","article_modified_time":"2019-05-22T23:02:05+00:00","og_image":[{"width":1008,"height":600,"url":"https:\/\/www.beautyimagini.com\/wp-content\/uploads\/Maja-Beauty-2.jpg","type":"image\/jpeg"}],"twitter_card":"summary_large_image","twitter_misc":{"Est. reading time":"3 minutes"},"schema":{"@context":"https:\/\/schema.org","@graph":[{"@type":"WebPage","@id":"https:\/\/www.beautyimagini.com\/masaza\/benefiti-masaze\/","url":"https:\/\/www.beautyimagini.com\/masaza\/benefiti-masaze\/","name":"Benefiti Masa\u017ee &#8211; Beauty Imagini | Holisti\u010dki Centar","isPartOf":{"@id":"https:\/\/www.beautyimagini.com\/#website"},"primaryImageOfPage":{"@id":"https:\/\/www.beautyimagini.com\/masaza\/benefiti-masaze\/#primaryimage"},"image":{"@id":"https:\/\/www.beautyimagini.com\/masaza\/benefiti-masaze\/#primaryimage"},"thumbnailUrl":"https:\/\/www.beautyimagini.com\/wp-content\/uploads\/Maja-Beauty-2.jpg","datePublished":"2016-01-15T20:18:57+00:00","dateModified":"2019-05-22T23:02:05+00:00","description":"Redovnom upotrebom masa\u017ee, kao glavnog aduta u borbi protiv stresa, mo\u017eete drasti\u010dno smanjiti uticaj stresa na Va\u0161 organizam.","breadcrumb":{"@id":"https:\/\/www.beautyimagini.com\/masaza\/benefiti-masaze\/#breadcrumb"},"inLanguage":"en-US","potentialAction":[{"@type":"ReadAction","target":["https:\/\/www.beautyimagini.com\/masaza\/benefiti-masaze\/"]}]},{"@type":"ImageObject","inLanguage":"en-US","@id":"https:\/\/www.beautyimagini.com\/masaza\/benefiti-masaze\/#primaryimage","url":"https:\/\/www.beautyimagini.com\/wp-content\/uploads\/Maja-Beauty-2.jpg","contentUrl":"https:\/\/www.beautyimagini.com\/wp-content\/uploads\/Maja-Beauty-2.jpg","width":1008,"height":600},{"@type":"BreadcrumbList","@id":"https:\/\/www.beautyimagini.com\/masaza\/benefiti-masaze\/#breadcrumb","itemListElement":[{"@type":"ListItem","position":1,"name":"Home","item":"https:\/\/www.beautyimagini.com\/"},{"@type":"ListItem","position":2,"name":"Massage","item":"https:\/\/www.beautyimagini.com\/masaza\/"},{"@type":"ListItem","position":3,"name":"Benefiti Masa\u017ee"}]},{"@type":"WebSite","@id":"https:\/\/www.beautyimagini.com\/#website","url":"https:\/\/www.beautyimagini.com\/","name":"Beauty Imagini | Holisti\u010dki Centar","description":"","potentialAction":[{"@type":"SearchAction","target":{"@type":"EntryPoint","urlTemplate":"https:\/\/www.beautyimagini.com\/?s={search_term_string}"},"query-input":{"@type":"PropertyValueSpecification","valueRequired":true,"valueName":"search_term_string"}}],"inLanguage":"en-US"}]}},"_links":{"self":[{"href":"https:\/\/www.beautyimagini.com\/en\/wp-json\/wp\/v2\/pages\/2583","targetHints":{"allow":["GET"]}}],"collection":[{"href":"https:\/\/www.beautyimagini.com\/en\/wp-json\/wp\/v2\/pages"}],"about":[{"href":"https:\/\/www.beautyimagini.com\/en\/wp-json\/wp\/v2\/types\/page"}],"author":[{"embeddable":true,"href":"https:\/\/www.beautyimagini.com\/en\/wp-json\/wp\/v2\/users\/1"}],"replies":[{"embeddable":true,"href":"https:\/\/www.beautyimagini.com\/en\/wp-json\/wp\/v2\/comments?post=2583"}],"version-history":[{"count":0,"href":"https:\/\/www.beautyimagini.com\/en\/wp-json\/wp\/v2\/pages\/2583\/revisions"}],"up":[{"embeddable":true,"href":"https:\/\/www.beautyimagini.com\/en\/wp-json\/wp\/v2\/pages\/2037"}],"wp:featuredmedia":[{"embeddable":true,"href":"https:\/\/www.beautyimagini.com\/en\/wp-json\/wp\/v2\/media\/3924"}],"wp:attachment":[{"href":"https:\/\/www.beautyimagini.com\/en\/wp-json\/wp\/v2\/media?parent=2583"}],"curies":[{"name":"wp","href":"https:\/\/api.w.org\/{rel}","templated":true}]}}