{"id":2614,"date":"2016-02-04T01:39:07","date_gmt":"2016-02-04T01:39:07","guid":{"rendered":"https:\/\/www.beautyimagini.com\/?page_id=2614"},"modified":"2023-12-04T23:37:24","modified_gmt":"2023-12-04T22:37:24","slug":"reiki-masaza","status":"publish","type":"page","link":"https:\/\/www.beautyimagini.com\/en\/masaza\/reiki-masaza\/","title":{"rendered":"Reiki"},"content":{"rendered":"<div class=\"wpb-content-wrapper\">[vc_row][vc_column width=&#8221;1\/3&#8243; css=&#8221;.vc_custom_1454553206061{border-right-width: 3px !important;border-right-color: #cccccc !important;border-right-style: solid !important;}&#8221;][vc_single_image image=&#8221;1990&#8243; img_size=&#8221;270&#215;270&#8243; alignment=&#8221;center&#8221; style=&#8221;vc_box_outline_circle_2&#8243;]<div class=\"ult-content-box-container \" >\t\t<div class=\"ult-content-box\" style=\"box-shadow: px px px px rgb(247, 247, 247) none;padding-right:10%;padding-left:10%;-webkit-transition: all 700ms ease;-moz-transition: all 700ms ease;-ms-transition: all 700ms ease;-o-transition: all 700ms ease;transition: all 700ms ease;\"  data-hover_box_shadow=\"none\"    >[vc_widget_sidebar sidebar_id=&#8221;cs-1&#8243;]\t\t<\/div><\/div>[\/vc_column][vc_column width=&#8221;2\/3&#8243;][vc_column_text]\n<div class=\"itemIntroText\">\n<div class=\"itemIntroText\">\n<p><strong>Reiki<\/strong> (Rei \u2013energija univerzalnog duha; ki &#8211; vitalna energija) je japanska tehnika \u010diji je tvorac budista Mikao Usui. Posle duge meditacije, posta i molitve ustanovio je da odre\u0111enim na\u010dinom polaganja ruku dolazi do kanalisanja energije koje dovodi do umirenja, relaksacije, smanjenja nivoa stresa i, na kraju, isceljenja osobe koja je podvrgnuta ovakvom tretmanu.<\/p>\n<p>Tehnika se sastoji u polaganju ruku terapeuta na odre\u0111ene energetske zone odevenog klijenta koji je u le\u017ee\u0107em polo\u017eaju.<\/p>\n<p><em>Od 2009. godine Reiki je jedna od priznatih tradicionalnih isceljuju\u0107ih tehnika od strane Ministarstva zdravlja Srbije.<\/em><\/p>\n<p><em>Staff Beauty Imagini je iniciran u Reiki 2006. godine od strane Katarine Proki\u0107, Reiki master Chile (Ju\u017ena Amerika).<\/em><\/div>\n<\/div>\n[\/vc_column_text][vc_column_text]\n<div class=\"itemExtraFields\">\n<div class=\"itemExtraFields\">\n<h3>Dodatne informacije<\/h3>\n<ul>\n<li class=\"even typeTextfield group3\"><span class=\"itemExtraFieldsLabel\">Cena tretmana: <\/span><span class=\"itemExtraFieldsValue\">3.000 din<\/span><\/li>\n<li class=\"odd typeTextfield group3\"><span class=\"itemExtraFieldsLabel\">Vreme trajanja tretmana: <\/span><span class=\"itemExtraFieldsValue\">60 min<\/span><\/li>\n<\/ul>\n<\/div>\n<\/div>\n[\/vc_column_text][\/vc_column][\/vc_row]\n<\/div>","protected":false},"excerpt":{"rendered":"<p>[vc_row][vc_column width=&#8221;1\/3&#8243; css=&#8221;.vc_custom_1454553206061{border-right-width: 3px !important;border-right-color: #cccccc !important;border-right-style: solid !important;}&#8221;][vc_single_image image=&#8221;1990&#8243; img_size=&#8221;270&#215;270&#8243; alignment=&#8221;center&#8221; style=&#8221;vc_box_outline_circle_2&#8243;][\/vc_column][vc_column width=&#8221;2\/3&#8243;][vc_column_text] Reiki (Rei \u2013energija univerzalnog duha; ki &#8211; vitalna energija) je japanska tehnika \u010diji je tvorac budista Mikao Usui. Posle duge meditacije, posta i molitve ustanovio je da odre\u0111enim na\u010dinom polaganja ruku dolazi do kanalisanja energije koje dovodi do umirenja, relaksacije, smanjenja nivoa stresa i, na kraju,&nbsp;<a href=\"https:\/\/www.beautyimagini.com\/en\/masaza\/reiki-masaza\/\" class=\"read-more\">Continue Reading<\/a><\/p>\n","protected":false},"author":1,"featured_media":3730,"parent":2037,"menu_order":0,"comment_status":"closed","ping_status":"closed","template":"page-fullwidth.php","meta":{"footnotes":""},"class_list":["post-2614","page","type-page","status-publish","has-post-thumbnail","hentry"],"yoast_head":"<!-- This site is optimized with the Yoast SEO plugin v26.9 - https:\/\/yoast.com\/product\/yoast-seo-wordpress\/ -->\n<title>Reiki - Beauty Imagini - Belgrade<\/title>\n<meta name=\"description\" content=\"[:rs]Reiki tehnika se sastoji u polaganju ruku terapeuta na energetske zone klijenta.[:en]Beauty Imagini Staff has been initiated into Reiki in 2006 by Katarina Prokic, Reiki master from Chile.[:]\" \/>\n<meta name=\"robots\" content=\"index, follow, max-snippet:-1, max-image-preview:large, max-video-preview:-1\" \/>\n<link rel=\"canonical\" href=\"https:\/\/www.beautyimagini.com\/masaza\/reiki-masaza\/\" \/>\n<meta property=\"og:locale\" content=\"en_US\" \/>\n<meta property=\"og:type\" content=\"article\" \/>\n<meta property=\"og:title\" content=\"[:rs]Reiki - Beauty Imagini | Holisti\u010dki Centar[:en]Reiki - Beauty Imagini - Belgrade[:]\" \/>\n<meta property=\"og:description\" content=\"[:rs]Reiki tehnika se sastoji u polaganju ruku terapeuta na energetske zone klijenta.[:en]Beauty Imagini Staff has been initiated into Reiki in 2006 by Katarina Prokic, Reiki master from Chile.[:]\" \/>\n<meta property=\"og:url\" content=\"https:\/\/www.beautyimagini.com\/masaza\/reiki-masaza\/\" \/>\n<meta property=\"og:site_name\" content=\"Beauty Imagini | Holisti\u010dki Centar\" \/>\n<meta property=\"article:modified_time\" content=\"2023-12-04T22:37:24+00:00\" \/>\n<meta property=\"og:image\" content=\"https:\/\/www.beautyimagini.com\/wp-content\/uploads\/slajd-1.jpg\" \/>\n\t<meta property=\"og:image:width\" content=\"1350\" \/>\n\t<meta property=\"og:image:height\" content=\"900\" \/>\n\t<meta property=\"og:image:type\" content=\"image\/jpeg\" \/>\n<meta name=\"twitter:card\" content=\"summary_large_image\" \/>\n<meta name=\"twitter:label1\" content=\"Est. reading time\" \/>\n\t<meta name=\"twitter:data1\" content=\"1 minute\" \/>\n<script type=\"application\/ld+json\" class=\"yoast-schema-graph\">{\"@context\":\"https:\/\/schema.org\",\"@graph\":[{\"@type\":\"WebPage\",\"@id\":\"https:\/\/www.beautyimagini.com\/masaza\/reiki-masaza\/\",\"url\":\"https:\/\/www.beautyimagini.com\/masaza\/reiki-masaza\/\",\"name\":\"[:rs]Reiki - Beauty Imagini | Holisti\u010dki Centar[:en]Reiki - Beauty Imagini - Belgrade[:]\",\"isPartOf\":{\"@id\":\"https:\/\/www.beautyimagini.com\/#website\"},\"primaryImageOfPage\":{\"@id\":\"https:\/\/www.beautyimagini.com\/masaza\/reiki-masaza\/#primaryimage\"},\"image\":{\"@id\":\"https:\/\/www.beautyimagini.com\/masaza\/reiki-masaza\/#primaryimage\"},\"thumbnailUrl\":\"https:\/\/www.beautyimagini.com\/wp-content\/uploads\/slajd-1.jpg\",\"datePublished\":\"2016-02-04T01:39:07+00:00\",\"dateModified\":\"2023-12-04T22:37:24+00:00\",\"description\":\"[:rs]Reiki tehnika se sastoji u polaganju ruku terapeuta na energetske zone klijenta.[:en]Beauty Imagini Staff has been initiated into Reiki in 2006 by Katarina Prokic, Reiki master from Chile.[:]\",\"breadcrumb\":{\"@id\":\"https:\/\/www.beautyimagini.com\/masaza\/reiki-masaza\/#breadcrumb\"},\"inLanguage\":\"en-US\",\"potentialAction\":[{\"@type\":\"ReadAction\",\"target\":[\"https:\/\/www.beautyimagini.com\/masaza\/reiki-masaza\/\"]}]},{\"@type\":\"ImageObject\",\"inLanguage\":\"en-US\",\"@id\":\"https:\/\/www.beautyimagini.com\/masaza\/reiki-masaza\/#primaryimage\",\"url\":\"https:\/\/www.beautyimagini.com\/wp-content\/uploads\/slajd-1.jpg\",\"contentUrl\":\"https:\/\/www.beautyimagini.com\/wp-content\/uploads\/slajd-1.jpg\",\"width\":1350,\"height\":900},{\"@type\":\"BreadcrumbList\",\"@id\":\"https:\/\/www.beautyimagini.com\/masaza\/reiki-masaza\/#breadcrumb\",\"itemListElement\":[{\"@type\":\"ListItem\",\"position\":1,\"name\":\"Home\",\"item\":\"https:\/\/www.beautyimagini.com\/\"},{\"@type\":\"ListItem\",\"position\":2,\"name\":\"Massage\",\"item\":\"https:\/\/www.beautyimagini.com\/masaza\/\"},{\"@type\":\"ListItem\",\"position\":3,\"name\":\"[:rs]Reiki masa\u017ea[:en]Reiki[:]\"}]},{\"@type\":\"WebSite\",\"@id\":\"https:\/\/www.beautyimagini.com\/#website\",\"url\":\"https:\/\/www.beautyimagini.com\/\",\"name\":\"Beauty Imagini | Holisti\u010dki Centar\",\"description\":\"\",\"potentialAction\":[{\"@type\":\"SearchAction\",\"target\":{\"@type\":\"EntryPoint\",\"urlTemplate\":\"https:\/\/www.beautyimagini.com\/?s={search_term_string}\"},\"query-input\":{\"@type\":\"PropertyValueSpecification\",\"valueRequired\":true,\"valueName\":\"search_term_string\"}}],\"inLanguage\":\"en-US\"}]}<\/script>\n<!-- \/ Yoast SEO plugin. -->","yoast_head_json":{"title":"[:rs]Reiki - Beauty Imagini | Holisti\u010dki Centar[:en]Reiki - Beauty Imagini - Belgrade[:]","description":"[:rs]Reiki tehnika se sastoji u polaganju ruku terapeuta na energetske zone klijenta.[:en]Beauty Imagini Staff has been initiated into Reiki in 2006 by Katarina Prokic, Reiki master from Chile.[:]","robots":{"index":"index","follow":"follow","max-snippet":"max-snippet:-1","max-image-preview":"max-image-preview:large","max-video-preview":"max-video-preview:-1"},"canonical":"https:\/\/www.beautyimagini.com\/masaza\/reiki-masaza\/","og_locale":"en_US","og_type":"article","og_title":"[:rs]Reiki - Beauty Imagini | Holisti\u010dki Centar[:en]Reiki - Beauty Imagini - Belgrade[:]","og_description":"[:rs]Reiki tehnika se sastoji u polaganju ruku terapeuta na energetske zone klijenta.[:en]Beauty Imagini Staff has been initiated into Reiki in 2006 by Katarina Prokic, Reiki master from Chile.[:]","og_url":"https:\/\/www.beautyimagini.com\/masaza\/reiki-masaza\/","og_site_name":"Beauty Imagini | Holisti\u010dki Centar","article_modified_time":"2023-12-04T22:37:24+00:00","og_image":[{"width":1350,"height":900,"url":"https:\/\/www.beautyimagini.com\/wp-content\/uploads\/slajd-1.jpg","type":"image\/jpeg"}],"twitter_card":"summary_large_image","twitter_misc":{"Est. reading time":"1 minute"},"schema":{"@context":"https:\/\/schema.org","@graph":[{"@type":"WebPage","@id":"https:\/\/www.beautyimagini.com\/masaza\/reiki-masaza\/","url":"https:\/\/www.beautyimagini.com\/masaza\/reiki-masaza\/","name":"[:rs]Reiki - Beauty Imagini | Holisti\u010dki Centar[:en]Reiki - Beauty Imagini - Belgrade[:]","isPartOf":{"@id":"https:\/\/www.beautyimagini.com\/#website"},"primaryImageOfPage":{"@id":"https:\/\/www.beautyimagini.com\/masaza\/reiki-masaza\/#primaryimage"},"image":{"@id":"https:\/\/www.beautyimagini.com\/masaza\/reiki-masaza\/#primaryimage"},"thumbnailUrl":"https:\/\/www.beautyimagini.com\/wp-content\/uploads\/slajd-1.jpg","datePublished":"2016-02-04T01:39:07+00:00","dateModified":"2023-12-04T22:37:24+00:00","description":"[:rs]Reiki tehnika se sastoji u polaganju ruku terapeuta na energetske zone klijenta.[:en]Beauty Imagini Staff has been initiated into Reiki in 2006 by Katarina Prokic, Reiki master from Chile.[:]","breadcrumb":{"@id":"https:\/\/www.beautyimagini.com\/masaza\/reiki-masaza\/#breadcrumb"},"inLanguage":"en-US","potentialAction":[{"@type":"ReadAction","target":["https:\/\/www.beautyimagini.com\/masaza\/reiki-masaza\/"]}]},{"@type":"ImageObject","inLanguage":"en-US","@id":"https:\/\/www.beautyimagini.com\/masaza\/reiki-masaza\/#primaryimage","url":"https:\/\/www.beautyimagini.com\/wp-content\/uploads\/slajd-1.jpg","contentUrl":"https:\/\/www.beautyimagini.com\/wp-content\/uploads\/slajd-1.jpg","width":1350,"height":900},{"@type":"BreadcrumbList","@id":"https:\/\/www.beautyimagini.com\/masaza\/reiki-masaza\/#breadcrumb","itemListElement":[{"@type":"ListItem","position":1,"name":"Home","item":"https:\/\/www.beautyimagini.com\/"},{"@type":"ListItem","position":2,"name":"Massage","item":"https:\/\/www.beautyimagini.com\/masaza\/"},{"@type":"ListItem","position":3,"name":"[:rs]Reiki masa\u017ea[:en]Reiki[:]"}]},{"@type":"WebSite","@id":"https:\/\/www.beautyimagini.com\/#website","url":"https:\/\/www.beautyimagini.com\/","name":"Beauty Imagini | Holisti\u010dki Centar","description":"","potentialAction":[{"@type":"SearchAction","target":{"@type":"EntryPoint","urlTemplate":"https:\/\/www.beautyimagini.com\/?s={search_term_string}"},"query-input":{"@type":"PropertyValueSpecification","valueRequired":true,"valueName":"search_term_string"}}],"inLanguage":"en-US"}]}},"_links":{"self":[{"href":"https:\/\/www.beautyimagini.com\/en\/wp-json\/wp\/v2\/pages\/2614","targetHints":{"allow":["GET"]}}],"collection":[{"href":"https:\/\/www.beautyimagini.com\/en\/wp-json\/wp\/v2\/pages"}],"about":[{"href":"https:\/\/www.beautyimagini.com\/en\/wp-json\/wp\/v2\/types\/page"}],"author":[{"embeddable":true,"href":"https:\/\/www.beautyimagini.com\/en\/wp-json\/wp\/v2\/users\/1"}],"replies":[{"embeddable":true,"href":"https:\/\/www.beautyimagini.com\/en\/wp-json\/wp\/v2\/comments?post=2614"}],"version-history":[{"count":5,"href":"https:\/\/www.beautyimagini.com\/en\/wp-json\/wp\/v2\/pages\/2614\/revisions"}],"predecessor-version":[{"id":5437,"href":"https:\/\/www.beautyimagini.com\/en\/wp-json\/wp\/v2\/pages\/2614\/revisions\/5437"}],"up":[{"embeddable":true,"href":"https:\/\/www.beautyimagini.com\/en\/wp-json\/wp\/v2\/pages\/2037"}],"wp:featuredmedia":[{"embeddable":true,"href":"https:\/\/www.beautyimagini.com\/en\/wp-json\/wp\/v2\/media\/3730"}],"wp:attachment":[{"href":"https:\/\/www.beautyimagini.com\/en\/wp-json\/wp\/v2\/media?parent=2614"}],"curies":[{"name":"wp","href":"https:\/\/api.w.org\/{rel}","templated":true}]}}