{"id":2661,"date":"2016-02-04T03:14:44","date_gmt":"2016-02-04T03:14:44","guid":{"rendered":"https:\/\/www.beautyimagini.com\/?page_id=2661"},"modified":"2019-04-20T00:03:38","modified_gmt":"2019-04-19T22:03:38","slug":"o-nama","status":"publish","type":"page","link":"https:\/\/www.beautyimagini.com\/en\/o-nama\/","title":{"rendered":"O Nama"},"content":{"rendered":"<div class=\"wpb-content-wrapper\">[vc_row][vc_column]<div id=\"ultimate-heading-896069ea5d9c5b79f\" class=\"uvc-heading ult-adjust-bottom-margin ultimate-heading-896069ea5d9c5b79f uvc-1173 \" data-hspacer=\"line_only\"  data-halign=\"left\" style=\"text-align:left\"><div class=\"uvc-main-heading ult-responsive\"  data-ultimate-target='.uvc-heading.ultimate-heading-896069ea5d9c5b79f h1'  data-responsive-json-new='{\"font-size\":\"desktop:51px;\",\"line-height\":\"\"}' ><h1 style=\"font-weight:normal;\">Beauty Imagini | Holisti\u010dki Centar<\/h1><\/div><div class=\"uvc-heading-spacer line_only\" style=\"topheight:1px;\"><span class=\"uvc-headings-line\" style=\"border-style:solid;border-bottom-width:1px;border-color:#ccc;width:autopx;\"><\/span><\/div><\/div>[\/vc_column][\/vc_row][vc_row][vc_column width=&#8221;1\/3&#8243; css=&#8221;.vc_custom_1454558043957{border-right-width: 3px !important;border-right-color: #cccccc !important;border-right-style: solid !important;}&#8221;][vc_single_image image=&#8221;2676&#8243; img_size=&#8221;300&#215;300&#8243; alignment=&#8221;center&#8221;][\/vc_column][vc_column width=&#8221;2\/3&#8243;][vc_column_text]Beauty Imagini d.o.o. je holisti\u010dki edukativni centar internacionalnog karaktera koji se bavi tradicionalnim tehnikama masa\u017ee, antistres i detox programima, tretmanima ko\u017ee lica i tela, profesionalnom edukacijom kolega koji \u017eele da rade po metodologiji Beauty Imagini (internacionalna \u0161kola masa\u017ee), kao i edukacijom svih ljudi koji u cilju li\u010dnog razvoja \u017eele da rade na sebi.<\/p>\n<p>Na\u0161 Centar organizuje obuke i individualne programe, koji su namenjeni svima koji \u017eele da kroz bolje razumevanje i primenu holisti\u010dkih tehnika, antistres i detoks programa, tradicionalnih tehnika ve\u017ebanja (Qi Gong, joga&#8230;) o\u010duvaju zdravlje i preveniraju bolest.<\/p>\n<p>Pored velikog broja gostuju\u0107ih predava\u010da &#8211; saradnika iz zemlje i inostranstva, Centar je autorizovao Radionicu Umetnost ravnote\u017ee, namenjenu svima koji \u017eele da prepoznaju signale koje im \u0161alje fizi\u010dko telo i koji \u0107e kroz ovaj proces prepoznati zna\u010daj i su\u0161tinu sopstvene promene.[\/vc_column_text][\/vc_column][\/vc_row][vc_row][vc_column][vc_empty_space][vc_column_text]Jasna vizija i misija Centra od osnivanja, kao i danas &#8211; 8 godina kasnije, jeste holisti\u010dki (celovit) pristup \u010doveku i njegovim potrebama, a kroz na\u0161 rad doprineli smo zna\u010dajnom podizanju svesti i razumevanju \u0161ire javnosti o va\u017enosti ovakvog pristupa za kvalitetniji \u017eivot.<\/p>\n<p>Organizovani holisti\u010dki vikendi i sedmodnevni programi u zemlji i inostranstvu sa multidisciplinarnim tehnikama (sistem ve\u017ebi, masa\u017ee, ishrane, predavanja i radionica) kreiraju se prema potrebama razli\u010ditih ciljnih grupa (porodica, prijatelji, a posebno u kompanijama gde postoji potreba za pobolj\u0161anjem odnosa me\u0111u ljudima i pove\u0107anjem produktivnosti \u2013 motivacioni kursevi, obuke, team building).<\/p>\n<p>Poseban segment misije Centra Beauty Imagini je saradnja sa Domom za decu ometenu u razvoju u Srem\u010dici, koja je dovela do izuzetnih rezultata u podizanju kvaliteta \u017eivota ove ugro\u017eene grupe ljudi.<\/p>\n<p>Predan rad posve\u0107en \u010doveku i njegovom dobru, 2013 godine doneo je Tatjani Jev\u0111ovi\u0107, osniva\u010du Centra Beauty Imagini, Cvet Uspeha za \u017denu Zmaja i Specijalnu nagradu za unapre\u0111enje kvaliteta \u017eivota koju dodeljuje Specijalni \u017eiri na predlog Udru\u017eenja Poslovnih \u017eena Srbije.<\/p>\n<p>I EJ \u010cAROVI (od \u2018ej \u010darolije\u2019 \ud83d\ude42 IMAJU DU\u0160U\u2026 ZATO: \u2026 MASA\u017dA\u2026 \ud83d\ude42<\/p>\n<p><img loading=\"lazy\" decoding=\"async\" class=\"aligncenter wp-image-2672 size-full\" src=\"https:\/\/www.beautyimagini.com\/wp-content\/uploads\/2016\/02\/beauty-tim.jpg\" alt=\"beauty tim\" width=\"1024\" height=\"683\" srcset=\"https:\/\/www.beautyimagini.com\/wp-content\/uploads\/2016\/02\/beauty-tim.jpg 1024w, https:\/\/www.beautyimagini.com\/wp-content\/uploads\/2016\/02\/beauty-tim-300x200.jpg 300w, https:\/\/www.beautyimagini.com\/wp-content\/uploads\/2016\/02\/beauty-tim-768x512.jpg 768w\" sizes=\"auto, (max-width: 1024px) 100vw, 1024px\" \/><\/p>\n<p>Savremeni na\u010din \u017eivljenja zahteva od nas da se suo\u010dimo sa svim promenama, stabilizujemo energiju odbrane, unapredimo zdravlje, o\u010duvamo mladost i svoje psihofizi\u010dko blagostanje.<\/p>\n<p>Najprirodniji i najbr\u017ei put do o\u010duvanja energetskog balansa se otvara primanjem MASA\u017dE koja aktivira \u010dulo dodira zaslu\u017eno za ose\u0107aj sigurnosti i mira. U vremenu stanja dugotrajne napetosti (stresa), nadbubre\u017ena \u017elezda po\u010dinje da lu\u010di hormon kortizol koji nam poma\u017ee da i u stanju stresa normalno funkcioni\u0161emo. Me\u0111utim, ukoliko do\u0111e do pove\u0107ane proizvodnje kortizola, nastaje pad imunolo\u0161kog sistema, smanjuje se kvalitet vezivnog tkiva, a tonus ko\u017ee slabi.<\/p>\n<p>Nau\u010dni dokazi govore o tome da MASA\u017dA smanjuje koli\u010dinu kortizola, ali i da se u toku naredna 24-48 sata odre\u0111ena koli\u010dina kortizola vra\u0107a. Zbog toga je neophodno da se,u vreme akutnog stresa, prime tri MASA\u017dE nedeljno u toku 21 dana, \u010dime \u0107e se konstantno smanjivati nivo kortizola i organizam dovesti u balans.<\/p>\n<p>Primanjem MASA\u017dE, aktivira se lu\u010denje histamina (hormon) koji pro\u0161iruje krvne sudove, smanjuje upalu i ose\u0107aj bola, pospe\u0161uje se cirkulacija krvi i rad limfnih \u017elezda, a poja\u010davanje lu\u010denja hormona serotonina (hormon sre\u0107e) i endorfina (deluje na smanjenje ose\u0107aja bola), omogu\u0107ava MASA\u017dI posebno mesto daju\u0107i joj jednu, u neprekidnoj trci sa vremenom, \u010desto zaboravljanu dimenziju: U\u017dIVANJE U \u017dIVOTU.[\/vc_column_text][\/vc_column][\/vc_row]\n<\/div>","protected":false},"excerpt":{"rendered":"<p>[vc_row][vc_column][\/vc_column][\/vc_row][vc_row][vc_column width=&#8221;1\/3&#8243; css=&#8221;.vc_custom_1454558043957{border-right-width: 3px !important;border-right-color: #cccccc !important;border-right-style: solid !important;}&#8221;][vc_single_image image=&#8221;2676&#8243; img_size=&#8221;300&#215;300&#8243; alignment=&#8221;center&#8221;][\/vc_column][vc_column width=&#8221;2\/3&#8243;][vc_column_text]Beauty Imagini d.o.o. je holisti\u010dki edukativni centar internacionalnog karaktera koji se bavi tradicionalnim tehnikama masa\u017ee, antistres i detox programima, tretmanima ko\u017ee lica i tela, profesionalnom edukacijom kolega koji \u017eele da rade po metodologiji Beauty Imagini (internacionalna \u0161kola masa\u017ee), kao i edukacijom svih ljudi koji u cilju li\u010dnog razvoja&nbsp;<a href=\"https:\/\/www.beautyimagini.com\/en\/o-nama\/\" class=\"read-more\">Continue Reading<\/a><\/p>\n","protected":false},"author":1,"featured_media":3334,"parent":0,"menu_order":0,"comment_status":"closed","ping_status":"closed","template":"page-fullwidth.php","meta":{"footnotes":""},"class_list":["post-2661","page","type-page","status-publish","has-post-thumbnail","hentry"],"yoast_head":"<!-- This site is optimized with the Yoast SEO plugin v26.9 - https:\/\/yoast.com\/product\/yoast-seo-wordpress\/ -->\n<title>O Nama &#8211; Beauty Imagini | Holisti\u010dki Centar<\/title>\n<meta name=\"description\" content=\"Holisti\u010dki centar koji se bavi tradicionalnim tehnikama masa\u017ee, antistres i detox programima, tretmanima ko\u017ee lica i tela, profesionalnom edukacijom kolega.\" \/>\n<meta name=\"robots\" content=\"index, follow, max-snippet:-1, max-image-preview:large, max-video-preview:-1\" \/>\n<link rel=\"canonical\" href=\"https:\/\/www.beautyimagini.com\/o-nama\/\" \/>\n<meta property=\"og:locale\" content=\"en_US\" \/>\n<meta property=\"og:type\" content=\"article\" \/>\n<meta property=\"og:title\" content=\"O Nama &#8211; Beauty Imagini | Holisti\u010dki Centar\" \/>\n<meta property=\"og:description\" content=\"Holisti\u010dki centar koji se bavi tradicionalnim tehnikama masa\u017ee, antistres i detox programima, tretmanima ko\u017ee lica i tela, profesionalnom edukacijom kolega.\" \/>\n<meta property=\"og:url\" content=\"https:\/\/www.beautyimagini.com\/o-nama\/\" \/>\n<meta property=\"og:site_name\" content=\"Beauty Imagini | Holisti\u010dki Centar\" \/>\n<meta property=\"article:modified_time\" content=\"2019-04-19T22:03:38+00:00\" \/>\n<meta property=\"og:image\" content=\"https:\/\/www.beautyimagini.com\/wp-content\/uploads\/anticelulit-masaza-1.jpg\" \/>\n\t<meta property=\"og:image:width\" content=\"800\" \/>\n\t<meta property=\"og:image:height\" content=\"533\" \/>\n\t<meta property=\"og:image:type\" content=\"image\/jpeg\" \/>\n<meta name=\"twitter:card\" content=\"summary_large_image\" \/>\n<meta name=\"twitter:label1\" content=\"Est. reading time\" \/>\n\t<meta name=\"twitter:data1\" content=\"5 minutes\" \/>\n<script type=\"application\/ld+json\" class=\"yoast-schema-graph\">{\"@context\":\"https:\/\/schema.org\",\"@graph\":[{\"@type\":\"WebPage\",\"@id\":\"https:\/\/www.beautyimagini.com\/o-nama\/\",\"url\":\"https:\/\/www.beautyimagini.com\/o-nama\/\",\"name\":\"O Nama &#8211; Beauty Imagini | Holisti\u010dki Centar\",\"isPartOf\":{\"@id\":\"https:\/\/www.beautyimagini.com\/#website\"},\"primaryImageOfPage\":{\"@id\":\"https:\/\/www.beautyimagini.com\/o-nama\/#primaryimage\"},\"image\":{\"@id\":\"https:\/\/www.beautyimagini.com\/o-nama\/#primaryimage\"},\"thumbnailUrl\":\"https:\/\/www.beautyimagini.com\/wp-content\/uploads\/anticelulit-masaza-1.jpg\",\"datePublished\":\"2016-02-04T03:14:44+00:00\",\"dateModified\":\"2019-04-19T22:03:38+00:00\",\"description\":\"Holisti\u010dki centar koji se bavi tradicionalnim tehnikama masa\u017ee, antistres i detox programima, tretmanima ko\u017ee lica i tela, profesionalnom edukacijom kolega.\",\"breadcrumb\":{\"@id\":\"https:\/\/www.beautyimagini.com\/o-nama\/#breadcrumb\"},\"inLanguage\":\"en-US\",\"potentialAction\":[{\"@type\":\"ReadAction\",\"target\":[\"https:\/\/www.beautyimagini.com\/o-nama\/\"]}]},{\"@type\":\"ImageObject\",\"inLanguage\":\"en-US\",\"@id\":\"https:\/\/www.beautyimagini.com\/o-nama\/#primaryimage\",\"url\":\"https:\/\/www.beautyimagini.com\/wp-content\/uploads\/anticelulit-masaza-1.jpg\",\"contentUrl\":\"https:\/\/www.beautyimagini.com\/wp-content\/uploads\/anticelulit-masaza-1.jpg\",\"width\":800,\"height\":533},{\"@type\":\"BreadcrumbList\",\"@id\":\"https:\/\/www.beautyimagini.com\/o-nama\/#breadcrumb\",\"itemListElement\":[{\"@type\":\"ListItem\",\"position\":1,\"name\":\"Home\",\"item\":\"https:\/\/www.beautyimagini.com\/\"},{\"@type\":\"ListItem\",\"position\":2,\"name\":\"O Nama\"}]},{\"@type\":\"WebSite\",\"@id\":\"https:\/\/www.beautyimagini.com\/#website\",\"url\":\"https:\/\/www.beautyimagini.com\/\",\"name\":\"Beauty Imagini | Holisti\u010dki Centar\",\"description\":\"\",\"potentialAction\":[{\"@type\":\"SearchAction\",\"target\":{\"@type\":\"EntryPoint\",\"urlTemplate\":\"https:\/\/www.beautyimagini.com\/?s={search_term_string}\"},\"query-input\":{\"@type\":\"PropertyValueSpecification\",\"valueRequired\":true,\"valueName\":\"search_term_string\"}}],\"inLanguage\":\"en-US\"}]}<\/script>\n<!-- \/ Yoast SEO plugin. -->","yoast_head_json":{"title":"O Nama &#8211; Beauty Imagini | Holisti\u010dki Centar","description":"Holisti\u010dki centar koji se bavi tradicionalnim tehnikama masa\u017ee, antistres i detox programima, tretmanima ko\u017ee lica i tela, profesionalnom edukacijom kolega.","robots":{"index":"index","follow":"follow","max-snippet":"max-snippet:-1","max-image-preview":"max-image-preview:large","max-video-preview":"max-video-preview:-1"},"canonical":"https:\/\/www.beautyimagini.com\/o-nama\/","og_locale":"en_US","og_type":"article","og_title":"O Nama &#8211; Beauty Imagini | Holisti\u010dki Centar","og_description":"Holisti\u010dki centar koji se bavi tradicionalnim tehnikama masa\u017ee, antistres i detox programima, tretmanima ko\u017ee lica i tela, profesionalnom edukacijom kolega.","og_url":"https:\/\/www.beautyimagini.com\/o-nama\/","og_site_name":"Beauty Imagini | Holisti\u010dki Centar","article_modified_time":"2019-04-19T22:03:38+00:00","og_image":[{"width":800,"height":533,"url":"https:\/\/www.beautyimagini.com\/wp-content\/uploads\/anticelulit-masaza-1.jpg","type":"image\/jpeg"}],"twitter_card":"summary_large_image","twitter_misc":{"Est. reading time":"5 minutes"},"schema":{"@context":"https:\/\/schema.org","@graph":[{"@type":"WebPage","@id":"https:\/\/www.beautyimagini.com\/o-nama\/","url":"https:\/\/www.beautyimagini.com\/o-nama\/","name":"O Nama &#8211; Beauty Imagini | Holisti\u010dki Centar","isPartOf":{"@id":"https:\/\/www.beautyimagini.com\/#website"},"primaryImageOfPage":{"@id":"https:\/\/www.beautyimagini.com\/o-nama\/#primaryimage"},"image":{"@id":"https:\/\/www.beautyimagini.com\/o-nama\/#primaryimage"},"thumbnailUrl":"https:\/\/www.beautyimagini.com\/wp-content\/uploads\/anticelulit-masaza-1.jpg","datePublished":"2016-02-04T03:14:44+00:00","dateModified":"2019-04-19T22:03:38+00:00","description":"Holisti\u010dki centar koji se bavi tradicionalnim tehnikama masa\u017ee, antistres i detox programima, tretmanima ko\u017ee lica i tela, profesionalnom edukacijom kolega.","breadcrumb":{"@id":"https:\/\/www.beautyimagini.com\/o-nama\/#breadcrumb"},"inLanguage":"en-US","potentialAction":[{"@type":"ReadAction","target":["https:\/\/www.beautyimagini.com\/o-nama\/"]}]},{"@type":"ImageObject","inLanguage":"en-US","@id":"https:\/\/www.beautyimagini.com\/o-nama\/#primaryimage","url":"https:\/\/www.beautyimagini.com\/wp-content\/uploads\/anticelulit-masaza-1.jpg","contentUrl":"https:\/\/www.beautyimagini.com\/wp-content\/uploads\/anticelulit-masaza-1.jpg","width":800,"height":533},{"@type":"BreadcrumbList","@id":"https:\/\/www.beautyimagini.com\/o-nama\/#breadcrumb","itemListElement":[{"@type":"ListItem","position":1,"name":"Home","item":"https:\/\/www.beautyimagini.com\/"},{"@type":"ListItem","position":2,"name":"O Nama"}]},{"@type":"WebSite","@id":"https:\/\/www.beautyimagini.com\/#website","url":"https:\/\/www.beautyimagini.com\/","name":"Beauty Imagini | Holisti\u010dki Centar","description":"","potentialAction":[{"@type":"SearchAction","target":{"@type":"EntryPoint","urlTemplate":"https:\/\/www.beautyimagini.com\/?s={search_term_string}"},"query-input":{"@type":"PropertyValueSpecification","valueRequired":true,"valueName":"search_term_string"}}],"inLanguage":"en-US"}]}},"_links":{"self":[{"href":"https:\/\/www.beautyimagini.com\/en\/wp-json\/wp\/v2\/pages\/2661","targetHints":{"allow":["GET"]}}],"collection":[{"href":"https:\/\/www.beautyimagini.com\/en\/wp-json\/wp\/v2\/pages"}],"about":[{"href":"https:\/\/www.beautyimagini.com\/en\/wp-json\/wp\/v2\/types\/page"}],"author":[{"embeddable":true,"href":"https:\/\/www.beautyimagini.com\/en\/wp-json\/wp\/v2\/users\/1"}],"replies":[{"embeddable":true,"href":"https:\/\/www.beautyimagini.com\/en\/wp-json\/wp\/v2\/comments?post=2661"}],"version-history":[{"count":1,"href":"https:\/\/www.beautyimagini.com\/en\/wp-json\/wp\/v2\/pages\/2661\/revisions"}],"predecessor-version":[{"id":5326,"href":"https:\/\/www.beautyimagini.com\/en\/wp-json\/wp\/v2\/pages\/2661\/revisions\/5326"}],"wp:featuredmedia":[{"embeddable":true,"href":"https:\/\/www.beautyimagini.com\/en\/wp-json\/wp\/v2\/media\/3334"}],"wp:attachment":[{"href":"https:\/\/www.beautyimagini.com\/en\/wp-json\/wp\/v2\/media?parent=2661"}],"curies":[{"name":"wp","href":"https:\/\/api.w.org\/{rel}","templated":true}]}}