{"id":2714,"date":"2016-02-13T15:15:03","date_gmt":"2016-02-13T15:15:03","guid":{"rendered":"https:\/\/www.beautyimagini.com\/?page_id=2714"},"modified":"2017-07-22T15:45:17","modified_gmt":"2017-07-22T13:45:17","slug":"shilly-shally-tretman","status":"publish","type":"page","link":"https:\/\/www.beautyimagini.com\/en\/shilly-shally-tretman\/","title":{"rendered":"Shilly Shally Treatment"},"content":{"rendered":"<div class=\"wpb-content-wrapper\">[vc_row][vc_column]<div id=\"ultimate-heading-782769ea8b25c3b23\" class=\"uvc-heading ult-adjust-bottom-margin ultimate-heading-782769ea8b25c3b23 uvc-433 \" data-hspacer=\"line_only\"  data-halign=\"left\" style=\"text-align:left\"><div class=\"uvc-main-heading ult-responsive\"  data-ultimate-target='.uvc-heading.ultimate-heading-782769ea8b25c3b23 h2'  data-responsive-json-new='{\"font-size\":\"desktop:51px;\",\"line-height\":\"\"}' ><h2 style=\"font-weight:normal;\">Shilly Shally treatment<\/h2><\/div><div class=\"uvc-sub-heading ult-responsive\"  data-ultimate-target='.uvc-heading.ultimate-heading-782769ea8b25c3b23 .uvc-sub-heading '  data-responsive-json-new='{\"font-size\":\"\",\"line-height\":\"\"}'  style=\"font-weight:normal;\"><em>\u00a0Lifting treatment adapted to your skin type<\/em><\/div><div class=\"uvc-heading-spacer line_only\" style=\"topheight:1px;\"><span class=\"uvc-headings-line\" style=\"border-style:solid;border-bottom-width:1px;border-color:#ccc;width:autopx;\"><\/span><\/div><\/div>[\/vc_column][\/vc_row][vc_row][vc_column width=&#8221;1\/3&#8243; css=&#8221;.vc_custom_1454553137001{border-right-width: 3px !important;border-right-color: #cccccc !important;border-right-style: solid !important;}&#8221;][vc_single_image image=&#8221;1990&#8243; img_size=&#8221;270&#215;270&#8243; alignment=&#8221;center&#8221; style=&#8221;vc_box_outline_circle_2&#8243;]<div class=\"ult-content-box-container \" >\t\t<div class=\"ult-content-box\" style=\"box-shadow: px px px px rgb(247, 247, 247) none;padding-right:10%;padding-left:10%;-webkit-transition: all 700ms ease;-moz-transition: all 700ms ease;-ms-transition: all 700ms ease;-o-transition: all 700ms ease;transition: all 700ms ease;\"  data-hover_box_shadow=\"none\"    ><div class=\"aio-icon-component   style_2\"><a class=\"aio-icon-box-link\" href=\"https:\/\/www.beautyimagini.com\/kontakt\/\" target=\"\"><div id=\"Info-box-wrap-3106\" class=\"aio-icon-box top-icon\" style=\"\"  ><div class=\"aio-icon-top\"><div class=\"ult-just-icon-wrapper \"><div class=\"align-icon\" style=\"text-align:center;\">\n<div class=\"aio-icon circle \" data-animation=\"bounceInDown\" data-animation-delay=\"03\" style=\"color:#ffffff;background:#ffa500;font-size:32px;display:inline-block;\">\n\t<i class=\"Defaults-envelope-o\"><\/i>\n<\/div><\/div><\/div><\/div><div class=\"aio-icon-header\" ><h3 class=\"aio-icon-title ult-responsive\"  data-ultimate-target='#Info-box-wrap-3106 .aio-icon-title'  data-responsive-json-new='{\"font-size\":\"\",\"line-height\":\"\"}'  style=\"\">Book Now<\/h3><\/div> <!-- header --><\/div> <!-- aio-icon-box --><\/a><\/div> <!-- aio-icon-component -->\t\t<\/div><\/div>[\/vc_column][vc_column width=&#8221;2\/3&#8243;][vc_column_text]Efficient stimulation of cell regeneration, especially in the areas of the hightened sensitivity ( the region around the eyes and the mouth) and establishing a balance of the disturbed metabolic processes in the skin, are the reasons this treatment is intended for various skin types.<\/p>\n<p>Shilly Shally products are especially efficient in skin detoxification and tonification, restoring its elasticity and stimulating the functions of the epidermis, slowing down skin sagging and softening the signs of aging. This effect is obtained through soy and rice proteins which have a special effect on tonifying connective tissue, and the results of straightening and correcting expressive wrinkles on the forehead and around the eyes and mouth are visible IMMEDIATELY. At the same time, due to its strong detoxifying effect, dark circles under the eyes are reduced or they disappear completely. This is the reason why Shilly Shally treatmen is indespensible in special occasions when a person is in the spotlight: photo shooting, large gatherings, ceremonies, filming&#8230;<\/p>\n<p>*The specific part of this treatment is a sticky massage which is performed by using special movements, which activate dormant tissue, thus stimulating natural biological functions.\u00a0 *<\/p>\n<p>Recommendation for further care: Shilly Shallymetabolic activator, Aurum day and night cream, Ace Antiaging (Restitutiva) cream, Ridensificante (Special)cream, Anti-aging drops, Serums: Active serum gel, Mineral-vitamin integrator.[\/vc_column_text][vc_column_text]\n<h3>Additional information<\/h3>\n<ul>\n<li class=\"even typeTextfield group3\"><span class=\"itemExtraFieldsLabel\">Price: RSD <\/span><span class=\"itemExtraFieldsValue\">2.200<br \/>\n<\/span><\/li>\n<li class=\"odd typeTextfield group3\"><span class=\"itemExtraFieldsLabel\">Duration: <\/span><span class=\"itemExtraFieldsValue\">45 min<\/span><\/li>\n<\/ul>\n[\/vc_column_text][\/vc_column][\/vc_row]\n<\/div>","protected":false},"excerpt":{"rendered":"<p>[vc_row][vc_column][\/vc_column][\/vc_row][vc_row][vc_column width=&#8221;1\/3&#8243; css=&#8221;.vc_custom_1454553137001{border-right-width: 3px !important;border-right-color: #cccccc !important;border-right-style: solid !important;}&#8221;][vc_single_image image=&#8221;1990&#8243; img_size=&#8221;270&#215;270&#8243; alignment=&#8221;center&#8221; style=&#8221;vc_box_outline_circle_2&#8243;][\/vc_column][vc_column width=&#8221;2\/3&#8243;][vc_column_text]Efficient stimulation of cell regeneration, especially in the areas of the hightened sensitivity ( the region around the eyes and the mouth) and establishing a balance of the disturbed metabolic processes in the skin, are the reasons this treatment is intended for various skin types. Shilly Shally&nbsp;<a href=\"https:\/\/www.beautyimagini.com\/en\/shilly-shally-tretman\/\" class=\"read-more\">Continue Reading<\/a><\/p>\n","protected":false},"author":1,"featured_media":3532,"parent":0,"menu_order":0,"comment_status":"closed","ping_status":"closed","template":"page-fullwidth.php","meta":{"footnotes":""},"class_list":["post-2714","page","type-page","status-publish","has-post-thumbnail","hentry"],"yoast_head":"<!-- This site is optimized with the Yoast SEO plugin v26.9 - https:\/\/yoast.com\/product\/yoast-seo-wordpress\/ -->\n<title>Shilly Shally Treatment &#8211; Beauty Imagini | Holisti\u010dki Centar<\/title>\n<meta name=\"description\" content=\"Shilly Shally tretman za grudi i vrat posti\u017ee tonifikuju\u0107i i lifting efekat. On zate\u017ee ko\u017eu grudi i vrata, ubla\u017eava strije, vra\u0107a turgor i podsti\u010de funkcije epiderma.\" \/>\n<meta name=\"robots\" content=\"index, follow, max-snippet:-1, max-image-preview:large, max-video-preview:-1\" \/>\n<link rel=\"canonical\" href=\"https:\/\/www.beautyimagini.com\/en\/shilly-shally-tretman\/\" \/>\n<meta property=\"og:locale\" content=\"en_US\" \/>\n<meta property=\"og:type\" content=\"article\" \/>\n<meta property=\"og:title\" content=\"[:rs]Shilly Shally Tretman[:en]Shilly Shally Treatment[:] &#8211; Beauty Imagini | Holisti\u010dki Centar\" \/>\n<meta property=\"og:description\" content=\"Shilly Shally tretman za grudi i vrat posti\u017ee tonifikuju\u0107i i lifting efekat. On zate\u017ee ko\u017eu grudi i vrata, ubla\u017eava strije, vra\u0107a turgor i podsti\u010de funkcije epiderma.\" \/>\n<meta property=\"og:url\" content=\"https:\/\/www.beautyimagini.com\/en\/shilly-shally-tretman\/\" \/>\n<meta property=\"og:site_name\" content=\"Beauty Imagini | Holisti\u010dki Centar\" \/>\n<meta property=\"article:modified_time\" content=\"2017-07-22T13:45:17+00:00\" \/>\n<meta property=\"og:image\" content=\"https:\/\/www.beautyimagini.com\/wp-content\/uploads\/1Z3V6414.jpg\" \/>\n\t<meta property=\"og:image:width\" content=\"800\" \/>\n\t<meta property=\"og:image:height\" content=\"533\" \/>\n\t<meta property=\"og:image:type\" content=\"image\/jpeg\" \/>\n<meta name=\"twitter:card\" content=\"summary_large_image\" \/>\n<meta name=\"twitter:label1\" content=\"Est. reading time\" \/>\n\t<meta name=\"twitter:data1\" content=\"3 minutes\" \/>\n<script type=\"application\/ld+json\" class=\"yoast-schema-graph\">{\"@context\":\"https:\/\/schema.org\",\"@graph\":[{\"@type\":\"WebPage\",\"@id\":\"https:\/\/www.beautyimagini.com\/en\/shilly-shally-tretman\/\",\"url\":\"https:\/\/www.beautyimagini.com\/en\/shilly-shally-tretman\/\",\"name\":\"[:rs]Shilly Shally Tretman[:en]Shilly Shally Treatment[:] &#8211; Beauty Imagini | Holisti\u010dki Centar\",\"isPartOf\":{\"@id\":\"https:\/\/www.beautyimagini.com\/#website\"},\"primaryImageOfPage\":{\"@id\":\"https:\/\/www.beautyimagini.com\/en\/shilly-shally-tretman\/#primaryimage\"},\"image\":{\"@id\":\"https:\/\/www.beautyimagini.com\/en\/shilly-shally-tretman\/#primaryimage\"},\"thumbnailUrl\":\"https:\/\/www.beautyimagini.com\/wp-content\/uploads\/1Z3V6414.jpg\",\"datePublished\":\"2016-02-13T15:15:03+00:00\",\"dateModified\":\"2017-07-22T13:45:17+00:00\",\"description\":\"Shilly Shally tretman za grudi i vrat posti\u017ee tonifikuju\u0107i i lifting efekat. On zate\u017ee ko\u017eu grudi i vrata, ubla\u017eava strije, vra\u0107a turgor i podsti\u010de funkcije epiderma.\",\"breadcrumb\":{\"@id\":\"https:\/\/www.beautyimagini.com\/en\/shilly-shally-tretman\/#breadcrumb\"},\"inLanguage\":\"en-US\",\"potentialAction\":[{\"@type\":\"ReadAction\",\"target\":[\"https:\/\/www.beautyimagini.com\/en\/shilly-shally-tretman\/\"]}]},{\"@type\":\"ImageObject\",\"inLanguage\":\"en-US\",\"@id\":\"https:\/\/www.beautyimagini.com\/en\/shilly-shally-tretman\/#primaryimage\",\"url\":\"https:\/\/www.beautyimagini.com\/wp-content\/uploads\/1Z3V6414.jpg\",\"contentUrl\":\"https:\/\/www.beautyimagini.com\/wp-content\/uploads\/1Z3V6414.jpg\",\"width\":800,\"height\":533},{\"@type\":\"BreadcrumbList\",\"@id\":\"https:\/\/www.beautyimagini.com\/en\/shilly-shally-tretman\/#breadcrumb\",\"itemListElement\":[{\"@type\":\"ListItem\",\"position\":1,\"name\":\"Home\",\"item\":\"https:\/\/www.beautyimagini.com\/\"},{\"@type\":\"ListItem\",\"position\":2,\"name\":\"Shilly Shally Treatment\"}]},{\"@type\":\"WebSite\",\"@id\":\"https:\/\/www.beautyimagini.com\/#website\",\"url\":\"https:\/\/www.beautyimagini.com\/\",\"name\":\"Beauty Imagini | Holisti\u010dki Centar\",\"description\":\"\",\"potentialAction\":[{\"@type\":\"SearchAction\",\"target\":{\"@type\":\"EntryPoint\",\"urlTemplate\":\"https:\/\/www.beautyimagini.com\/?s={search_term_string}\"},\"query-input\":{\"@type\":\"PropertyValueSpecification\",\"valueRequired\":true,\"valueName\":\"search_term_string\"}}],\"inLanguage\":\"en-US\"}]}<\/script>\n<!-- \/ Yoast SEO plugin. -->","yoast_head_json":{"title":"[:rs]Shilly Shally Tretman[:en]Shilly Shally Treatment[:] &#8211; Beauty Imagini | Holisti\u010dki Centar","description":"Shilly Shally tretman za grudi i vrat posti\u017ee tonifikuju\u0107i i lifting efekat. On zate\u017ee ko\u017eu grudi i vrata, ubla\u017eava strije, vra\u0107a turgor i podsti\u010de funkcije epiderma.","robots":{"index":"index","follow":"follow","max-snippet":"max-snippet:-1","max-image-preview":"max-image-preview:large","max-video-preview":"max-video-preview:-1"},"canonical":"https:\/\/www.beautyimagini.com\/en\/shilly-shally-tretman\/","og_locale":"en_US","og_type":"article","og_title":"[:rs]Shilly Shally Tretman[:en]Shilly Shally Treatment[:] &#8211; Beauty Imagini | Holisti\u010dki Centar","og_description":"Shilly Shally tretman za grudi i vrat posti\u017ee tonifikuju\u0107i i lifting efekat. On zate\u017ee ko\u017eu grudi i vrata, ubla\u017eava strije, vra\u0107a turgor i podsti\u010de funkcije epiderma.","og_url":"https:\/\/www.beautyimagini.com\/en\/shilly-shally-tretman\/","og_site_name":"Beauty Imagini | Holisti\u010dki Centar","article_modified_time":"2017-07-22T13:45:17+00:00","og_image":[{"width":800,"height":533,"url":"https:\/\/www.beautyimagini.com\/wp-content\/uploads\/1Z3V6414.jpg","type":"image\/jpeg"}],"twitter_card":"summary_large_image","twitter_misc":{"Est. reading time":"3 minutes"},"schema":{"@context":"https:\/\/schema.org","@graph":[{"@type":"WebPage","@id":"https:\/\/www.beautyimagini.com\/en\/shilly-shally-tretman\/","url":"https:\/\/www.beautyimagini.com\/en\/shilly-shally-tretman\/","name":"[:rs]Shilly Shally Tretman[:en]Shilly Shally Treatment[:] &#8211; Beauty Imagini | Holisti\u010dki Centar","isPartOf":{"@id":"https:\/\/www.beautyimagini.com\/#website"},"primaryImageOfPage":{"@id":"https:\/\/www.beautyimagini.com\/en\/shilly-shally-tretman\/#primaryimage"},"image":{"@id":"https:\/\/www.beautyimagini.com\/en\/shilly-shally-tretman\/#primaryimage"},"thumbnailUrl":"https:\/\/www.beautyimagini.com\/wp-content\/uploads\/1Z3V6414.jpg","datePublished":"2016-02-13T15:15:03+00:00","dateModified":"2017-07-22T13:45:17+00:00","description":"Shilly Shally tretman za grudi i vrat posti\u017ee tonifikuju\u0107i i lifting efekat. On zate\u017ee ko\u017eu grudi i vrata, ubla\u017eava strije, vra\u0107a turgor i podsti\u010de funkcije epiderma.","breadcrumb":{"@id":"https:\/\/www.beautyimagini.com\/en\/shilly-shally-tretman\/#breadcrumb"},"inLanguage":"en-US","potentialAction":[{"@type":"ReadAction","target":["https:\/\/www.beautyimagini.com\/en\/shilly-shally-tretman\/"]}]},{"@type":"ImageObject","inLanguage":"en-US","@id":"https:\/\/www.beautyimagini.com\/en\/shilly-shally-tretman\/#primaryimage","url":"https:\/\/www.beautyimagini.com\/wp-content\/uploads\/1Z3V6414.jpg","contentUrl":"https:\/\/www.beautyimagini.com\/wp-content\/uploads\/1Z3V6414.jpg","width":800,"height":533},{"@type":"BreadcrumbList","@id":"https:\/\/www.beautyimagini.com\/en\/shilly-shally-tretman\/#breadcrumb","itemListElement":[{"@type":"ListItem","position":1,"name":"Home","item":"https:\/\/www.beautyimagini.com\/"},{"@type":"ListItem","position":2,"name":"Shilly Shally Treatment"}]},{"@type":"WebSite","@id":"https:\/\/www.beautyimagini.com\/#website","url":"https:\/\/www.beautyimagini.com\/","name":"Beauty Imagini | Holisti\u010dki Centar","description":"","potentialAction":[{"@type":"SearchAction","target":{"@type":"EntryPoint","urlTemplate":"https:\/\/www.beautyimagini.com\/?s={search_term_string}"},"query-input":{"@type":"PropertyValueSpecification","valueRequired":true,"valueName":"search_term_string"}}],"inLanguage":"en-US"}]}},"_links":{"self":[{"href":"https:\/\/www.beautyimagini.com\/en\/wp-json\/wp\/v2\/pages\/2714","targetHints":{"allow":["GET"]}}],"collection":[{"href":"https:\/\/www.beautyimagini.com\/en\/wp-json\/wp\/v2\/pages"}],"about":[{"href":"https:\/\/www.beautyimagini.com\/en\/wp-json\/wp\/v2\/types\/page"}],"author":[{"embeddable":true,"href":"https:\/\/www.beautyimagini.com\/en\/wp-json\/wp\/v2\/users\/1"}],"replies":[{"embeddable":true,"href":"https:\/\/www.beautyimagini.com\/en\/wp-json\/wp\/v2\/comments?post=2714"}],"version-history":[{"count":1,"href":"https:\/\/www.beautyimagini.com\/en\/wp-json\/wp\/v2\/pages\/2714\/revisions"}],"predecessor-version":[{"id":4760,"href":"https:\/\/www.beautyimagini.com\/en\/wp-json\/wp\/v2\/pages\/2714\/revisions\/4760"}],"wp:featuredmedia":[{"embeddable":true,"href":"https:\/\/www.beautyimagini.com\/en\/wp-json\/wp\/v2\/media\/3532"}],"wp:attachment":[{"href":"https:\/\/www.beautyimagini.com\/en\/wp-json\/wp\/v2\/media?parent=2714"}],"curies":[{"name":"wp","href":"https:\/\/api.w.org\/{rel}","templated":true}]}}