{"id":2716,"date":"2016-02-13T15:19:34","date_gmt":"2016-02-13T15:19:34","guid":{"rendered":"https:\/\/www.beautyimagini.com\/?page_id=2716"},"modified":"2017-07-22T19:49:00","modified_gmt":"2017-07-22T17:49:00","slug":"peeling-americano-normal","status":"publish","type":"page","link":"https:\/\/www.beautyimagini.com\/en\/tretmani-lica\/peeling-americano-normal\/","title":{"rendered":"Peeling Americano NORMAL"},"content":{"rendered":"<div class=\"wpb-content-wrapper\">[vc_row][vc_column]<div id=\"ultimate-heading-679169ea4df6f0449\" class=\"uvc-heading ult-adjust-bottom-margin ultimate-heading-679169ea4df6f0449 uvc-8971 \" data-hspacer=\"line_only\"  data-halign=\"left\" style=\"text-align:left\"><div class=\"uvc-main-heading ult-responsive\"  data-ultimate-target='.uvc-heading.ultimate-heading-679169ea4df6f0449 h2'  data-responsive-json-new='{\"font-size\":\"desktop:51px;\",\"line-height\":\"\"}' ><h2 style=\"font-weight:normal;\">Peeling Americano NORMAL<\/h2><\/div><div class=\"uvc-sub-heading ult-responsive\"  data-ultimate-target='.uvc-heading.ultimate-heading-679169ea4df6f0449 .uvc-sub-heading '  data-responsive-json-new='{\"font-size\":\"\",\"line-height\":\"\"}'  style=\"font-weight:normal;\"><em>(Enzyme peel \u2013 care treatmentfor sensitive and normal skin type)<\/em><\/div><div class=\"uvc-heading-spacer line_only\" style=\"topheight:1px;\"><span class=\"uvc-headings-line\" style=\"border-style:solid;border-bottom-width:1px;border-color:#ccc;width:autopx;\"><\/span><\/div><\/div>[\/vc_column][\/vc_row][vc_row][vc_column width=&#8221;1\/3&#8243; css=&#8221;.vc_custom_1454553137001{border-right-width: 3px !important;border-right-color: #cccccc !important;border-right-style: solid !important;}&#8221;][vc_single_image image=&#8221;1994&#8243; img_size=&#8221;270&#215;270&#8243; alignment=&#8221;center&#8221; style=&#8221;vc_box_outline_circle_2&#8243;]<div class=\"ult-content-box-container \" >\t\t<div class=\"ult-content-box\" style=\"box-shadow: px px px px rgb(247, 247, 247) none;padding-right:10%;padding-left:10%;-webkit-transition: all 700ms ease;-moz-transition: all 700ms ease;-ms-transition: all 700ms ease;-o-transition: all 700ms ease;transition: all 700ms ease;\"  data-hover_box_shadow=\"none\"    ><div class=\"aio-icon-component   style_2\"><a class=\"aio-icon-box-link\" href=\"https:\/\/www.beautyimagini.com\/kontakt\/\" target=\"\"><div id=\"Info-box-wrap-7442\" class=\"aio-icon-box top-icon\" style=\"\"  ><div class=\"aio-icon-top\"><div class=\"ult-just-icon-wrapper \"><div class=\"align-icon\" style=\"text-align:center;\">\n<div class=\"aio-icon circle \" data-animation=\"bounceInDown\" data-animation-delay=\"03\" style=\"color:#ffffff;background:#ffa500;font-size:32px;display:inline-block;\">\n\t<i class=\"Defaults-envelope-o\"><\/i>\n<\/div><\/div><\/div><\/div><div class=\"aio-icon-header\" ><h3 class=\"aio-icon-title ult-responsive\"  data-ultimate-target='#Info-box-wrap-7442 .aio-icon-title'  data-responsive-json-new='{\"font-size\":\"\",\"line-height\":\"\"}'  style=\"\">Book Now<\/h3><\/div> <!-- header --><\/div> <!-- aio-icon-box --><\/a><\/div> <!-- aio-icon-component -->\t\t<\/div><\/div>[\/vc_column][vc_column width=&#8221;2\/3&#8243;][vc_column_text]A two-phase foam treatment is intended for dehydrated, soft and sensitive skin under stress. Unique and original treatment which produces a combined effect of cleansing milk and cosmetic exfoliation which removes dead skin cells and all impurities from the skin surface without damaging it.[\/vc_column_text][vc_column_text]\n<h3>Additional information<\/h3>\n<ul>\n<li class=\"even typeTextfield group3\"><span class=\"itemExtraFieldsLabel\">Price: RSD 1.200.00<\/span><\/li>\n<li class=\"odd typeTextfield group3\"><span class=\"itemExtraFieldsLabel\">Duration: <\/span><span class=\"itemExtraFieldsValue\">20 min<\/span><\/li>\n<\/ul>\n[\/vc_column_text][\/vc_column][\/vc_row]\n<\/div>","protected":false},"excerpt":{"rendered":"<p>[vc_row][vc_column][\/vc_column][\/vc_row][vc_row][vc_column width=&#8221;1\/3&#8243; css=&#8221;.vc_custom_1454553137001{border-right-width: 3px !important;border-right-color: #cccccc !important;border-right-style: solid !important;}&#8221;][vc_single_image image=&#8221;1994&#8243; img_size=&#8221;270&#215;270&#8243; alignment=&#8221;center&#8221; style=&#8221;vc_box_outline_circle_2&#8243;][\/vc_column][vc_column width=&#8221;2\/3&#8243;][vc_column_text]A two-phase foam treatment is intended for dehydrated, soft and sensitive skin under stress. Unique and original treatment which produces a combined effect of cleansing milk and cosmetic exfoliation which removes dead skin cells and all impurities from the skin surface without damaging it.[\/vc_column_text][vc_column_text] Additional information Price:&nbsp;<a href=\"https:\/\/www.beautyimagini.com\/en\/tretmani-lica\/peeling-americano-normal\/\" class=\"read-more\">Continue Reading<\/a><\/p>\n","protected":false},"author":1,"featured_media":1994,"parent":2071,"menu_order":0,"comment_status":"closed","ping_status":"closed","template":"page-fullwidth.php","meta":{"footnotes":""},"class_list":["post-2716","page","type-page","status-publish","has-post-thumbnail","hentry"],"yoast_head":"<!-- This site is optimized with the Yoast SEO plugin v26.9 - https:\/\/yoast.com\/product\/yoast-seo-wordpress\/ -->\n<title>Peeling Americano NORMAL - Beauty Imagini | Holisti\u010dki Centar<\/title>\n<meta name=\"description\" content=\"Tretman sa kombinovanim efektom mleka za \u010di\u0161\u0107enje i kozmeti\u010dkog pilinga koji uklanja izumrle \u0107elije i sve ne\u010disto\u0107e sa povr\u0161ine ko\u017ee, a pri tome je ne o\u0161te\u0107uje.\" \/>\n<meta name=\"robots\" content=\"index, follow, max-snippet:-1, max-image-preview:large, max-video-preview:-1\" \/>\n<link rel=\"canonical\" href=\"https:\/\/www.beautyimagini.com\/tretmani-lica\/peeling-americano-normal\/\" \/>\n<meta property=\"og:locale\" content=\"en_US\" \/>\n<meta property=\"og:type\" content=\"article\" \/>\n<meta property=\"og:title\" content=\"Peeling Americano NORMAL - Beauty Imagini | Holisti\u010dki Centar\" \/>\n<meta property=\"og:description\" content=\"Tretman sa kombinovanim efektom mleka za \u010di\u0161\u0107enje i kozmeti\u010dkog pilinga koji uklanja izumrle \u0107elije i sve ne\u010disto\u0107e sa povr\u0161ine ko\u017ee, a pri tome je ne o\u0161te\u0107uje.\" \/>\n<meta property=\"og:url\" content=\"https:\/\/www.beautyimagini.com\/tretmani-lica\/peeling-americano-normal\/\" \/>\n<meta property=\"og:site_name\" content=\"Beauty Imagini | Holisti\u010dki Centar\" \/>\n<meta property=\"article:modified_time\" content=\"2017-07-22T17:49:00+00:00\" \/>\n<meta property=\"og:image\" content=\"https:\/\/www.beautyimagini.com\/wp-content\/uploads\/2015\/12\/Depositphotos_19986793_original.jpg\" \/>\n\t<meta property=\"og:image:width\" content=\"1500\" \/>\n\t<meta property=\"og:image:height\" content=\"2248\" \/>\n\t<meta property=\"og:image:type\" content=\"image\/jpeg\" \/>\n<meta name=\"twitter:card\" content=\"summary_large_image\" \/>\n<meta name=\"twitter:label1\" content=\"Est. reading time\" \/>\n\t<meta name=\"twitter:data1\" content=\"2 minutes\" \/>\n<script type=\"application\/ld+json\" class=\"yoast-schema-graph\">{\"@context\":\"https:\/\/schema.org\",\"@graph\":[{\"@type\":\"WebPage\",\"@id\":\"https:\/\/www.beautyimagini.com\/tretmani-lica\/peeling-americano-normal\/\",\"url\":\"https:\/\/www.beautyimagini.com\/tretmani-lica\/peeling-americano-normal\/\",\"name\":\"Peeling Americano NORMAL - Beauty Imagini | Holisti\u010dki Centar\",\"isPartOf\":{\"@id\":\"https:\/\/www.beautyimagini.com\/#website\"},\"primaryImageOfPage\":{\"@id\":\"https:\/\/www.beautyimagini.com\/tretmani-lica\/peeling-americano-normal\/#primaryimage\"},\"image\":{\"@id\":\"https:\/\/www.beautyimagini.com\/tretmani-lica\/peeling-americano-normal\/#primaryimage\"},\"thumbnailUrl\":\"https:\/\/www.beautyimagini.com\/wp-content\/uploads\/2015\/12\/Depositphotos_19986793_original.jpg\",\"datePublished\":\"2016-02-13T15:19:34+00:00\",\"dateModified\":\"2017-07-22T17:49:00+00:00\",\"description\":\"Tretman sa kombinovanim efektom mleka za \u010di\u0161\u0107enje i kozmeti\u010dkog pilinga koji uklanja izumrle \u0107elije i sve ne\u010disto\u0107e sa povr\u0161ine ko\u017ee, a pri tome je ne o\u0161te\u0107uje.\",\"breadcrumb\":{\"@id\":\"https:\/\/www.beautyimagini.com\/tretmani-lica\/peeling-americano-normal\/#breadcrumb\"},\"inLanguage\":\"en-US\",\"potentialAction\":[{\"@type\":\"ReadAction\",\"target\":[\"https:\/\/www.beautyimagini.com\/tretmani-lica\/peeling-americano-normal\/\"]}]},{\"@type\":\"ImageObject\",\"inLanguage\":\"en-US\",\"@id\":\"https:\/\/www.beautyimagini.com\/tretmani-lica\/peeling-americano-normal\/#primaryimage\",\"url\":\"https:\/\/www.beautyimagini.com\/wp-content\/uploads\/2015\/12\/Depositphotos_19986793_original.jpg\",\"contentUrl\":\"https:\/\/www.beautyimagini.com\/wp-content\/uploads\/2015\/12\/Depositphotos_19986793_original.jpg\",\"width\":1500,\"height\":2248},{\"@type\":\"BreadcrumbList\",\"@id\":\"https:\/\/www.beautyimagini.com\/tretmani-lica\/peeling-americano-normal\/#breadcrumb\",\"itemListElement\":[{\"@type\":\"ListItem\",\"position\":1,\"name\":\"Home\",\"item\":\"https:\/\/www.beautyimagini.com\/\"},{\"@type\":\"ListItem\",\"position\":2,\"name\":\"Tretmani lica\",\"item\":\"https:\/\/www.beautyimagini.com\/tretmani-lica\/\"},{\"@type\":\"ListItem\",\"position\":3,\"name\":\"Peeling Americano NORMAL\"}]},{\"@type\":\"WebSite\",\"@id\":\"https:\/\/www.beautyimagini.com\/#website\",\"url\":\"https:\/\/www.beautyimagini.com\/\",\"name\":\"Beauty Imagini | Holisti\u010dki Centar\",\"description\":\"\",\"potentialAction\":[{\"@type\":\"SearchAction\",\"target\":{\"@type\":\"EntryPoint\",\"urlTemplate\":\"https:\/\/www.beautyimagini.com\/?s={search_term_string}\"},\"query-input\":{\"@type\":\"PropertyValueSpecification\",\"valueRequired\":true,\"valueName\":\"search_term_string\"}}],\"inLanguage\":\"en-US\"}]}<\/script>\n<!-- \/ Yoast SEO plugin. -->","yoast_head_json":{"title":"Peeling Americano NORMAL - Beauty Imagini | Holisti\u010dki Centar","description":"Tretman sa kombinovanim efektom mleka za \u010di\u0161\u0107enje i kozmeti\u010dkog pilinga koji uklanja izumrle \u0107elije i sve ne\u010disto\u0107e sa povr\u0161ine ko\u017ee, a pri tome je ne o\u0161te\u0107uje.","robots":{"index":"index","follow":"follow","max-snippet":"max-snippet:-1","max-image-preview":"max-image-preview:large","max-video-preview":"max-video-preview:-1"},"canonical":"https:\/\/www.beautyimagini.com\/tretmani-lica\/peeling-americano-normal\/","og_locale":"en_US","og_type":"article","og_title":"Peeling Americano NORMAL - Beauty Imagini | Holisti\u010dki Centar","og_description":"Tretman sa kombinovanim efektom mleka za \u010di\u0161\u0107enje i kozmeti\u010dkog pilinga koji uklanja izumrle \u0107elije i sve ne\u010disto\u0107e sa povr\u0161ine ko\u017ee, a pri tome je ne o\u0161te\u0107uje.","og_url":"https:\/\/www.beautyimagini.com\/tretmani-lica\/peeling-americano-normal\/","og_site_name":"Beauty Imagini | Holisti\u010dki Centar","article_modified_time":"2017-07-22T17:49:00+00:00","og_image":[{"width":1500,"height":2248,"url":"https:\/\/www.beautyimagini.com\/wp-content\/uploads\/2015\/12\/Depositphotos_19986793_original.jpg","type":"image\/jpeg"}],"twitter_card":"summary_large_image","twitter_misc":{"Est. reading time":"2 minutes"},"schema":{"@context":"https:\/\/schema.org","@graph":[{"@type":"WebPage","@id":"https:\/\/www.beautyimagini.com\/tretmani-lica\/peeling-americano-normal\/","url":"https:\/\/www.beautyimagini.com\/tretmani-lica\/peeling-americano-normal\/","name":"Peeling Americano NORMAL - Beauty Imagini | Holisti\u010dki Centar","isPartOf":{"@id":"https:\/\/www.beautyimagini.com\/#website"},"primaryImageOfPage":{"@id":"https:\/\/www.beautyimagini.com\/tretmani-lica\/peeling-americano-normal\/#primaryimage"},"image":{"@id":"https:\/\/www.beautyimagini.com\/tretmani-lica\/peeling-americano-normal\/#primaryimage"},"thumbnailUrl":"https:\/\/www.beautyimagini.com\/wp-content\/uploads\/2015\/12\/Depositphotos_19986793_original.jpg","datePublished":"2016-02-13T15:19:34+00:00","dateModified":"2017-07-22T17:49:00+00:00","description":"Tretman sa kombinovanim efektom mleka za \u010di\u0161\u0107enje i kozmeti\u010dkog pilinga koji uklanja izumrle \u0107elije i sve ne\u010disto\u0107e sa povr\u0161ine ko\u017ee, a pri tome je ne o\u0161te\u0107uje.","breadcrumb":{"@id":"https:\/\/www.beautyimagini.com\/tretmani-lica\/peeling-americano-normal\/#breadcrumb"},"inLanguage":"en-US","potentialAction":[{"@type":"ReadAction","target":["https:\/\/www.beautyimagini.com\/tretmani-lica\/peeling-americano-normal\/"]}]},{"@type":"ImageObject","inLanguage":"en-US","@id":"https:\/\/www.beautyimagini.com\/tretmani-lica\/peeling-americano-normal\/#primaryimage","url":"https:\/\/www.beautyimagini.com\/wp-content\/uploads\/2015\/12\/Depositphotos_19986793_original.jpg","contentUrl":"https:\/\/www.beautyimagini.com\/wp-content\/uploads\/2015\/12\/Depositphotos_19986793_original.jpg","width":1500,"height":2248},{"@type":"BreadcrumbList","@id":"https:\/\/www.beautyimagini.com\/tretmani-lica\/peeling-americano-normal\/#breadcrumb","itemListElement":[{"@type":"ListItem","position":1,"name":"Home","item":"https:\/\/www.beautyimagini.com\/"},{"@type":"ListItem","position":2,"name":"Tretmani lica","item":"https:\/\/www.beautyimagini.com\/tretmani-lica\/"},{"@type":"ListItem","position":3,"name":"Peeling Americano NORMAL"}]},{"@type":"WebSite","@id":"https:\/\/www.beautyimagini.com\/#website","url":"https:\/\/www.beautyimagini.com\/","name":"Beauty Imagini | Holisti\u010dki Centar","description":"","potentialAction":[{"@type":"SearchAction","target":{"@type":"EntryPoint","urlTemplate":"https:\/\/www.beautyimagini.com\/?s={search_term_string}"},"query-input":{"@type":"PropertyValueSpecification","valueRequired":true,"valueName":"search_term_string"}}],"inLanguage":"en-US"}]}},"_links":{"self":[{"href":"https:\/\/www.beautyimagini.com\/en\/wp-json\/wp\/v2\/pages\/2716","targetHints":{"allow":["GET"]}}],"collection":[{"href":"https:\/\/www.beautyimagini.com\/en\/wp-json\/wp\/v2\/pages"}],"about":[{"href":"https:\/\/www.beautyimagini.com\/en\/wp-json\/wp\/v2\/types\/page"}],"author":[{"embeddable":true,"href":"https:\/\/www.beautyimagini.com\/en\/wp-json\/wp\/v2\/users\/1"}],"replies":[{"embeddable":true,"href":"https:\/\/www.beautyimagini.com\/en\/wp-json\/wp\/v2\/comments?post=2716"}],"version-history":[{"count":3,"href":"https:\/\/www.beautyimagini.com\/en\/wp-json\/wp\/v2\/pages\/2716\/revisions"}],"predecessor-version":[{"id":4773,"href":"https:\/\/www.beautyimagini.com\/en\/wp-json\/wp\/v2\/pages\/2716\/revisions\/4773"}],"up":[{"embeddable":true,"href":"https:\/\/www.beautyimagini.com\/en\/wp-json\/wp\/v2\/pages\/2071"}],"wp:featuredmedia":[{"embeddable":true,"href":"https:\/\/www.beautyimagini.com\/en\/wp-json\/wp\/v2\/media\/1994"}],"wp:attachment":[{"href":"https:\/\/www.beautyimagini.com\/en\/wp-json\/wp\/v2\/media?parent=2716"}],"curies":[{"name":"wp","href":"https:\/\/api.w.org\/{rel}","templated":true}]}}