{"id":2736,"date":"2016-02-13T15:59:04","date_gmt":"2016-02-13T15:59:04","guid":{"rendered":"https:\/\/www.beautyimagini.com\/?page_id=2736"},"modified":"2017-07-22T19:47:56","modified_gmt":"2017-07-22T17:47:56","slug":"purifying-tretman","status":"publish","type":"page","link":"https:\/\/www.beautyimagini.com\/en\/tretmani-lica\/purifying-tretman\/","title":{"rendered":"Purifying Tretman"},"content":{"rendered":"<div class=\"wpb-content-wrapper\">[vc_row][vc_column]<div id=\"ultimate-heading-58269ec74901cdd1\" class=\"uvc-heading ult-adjust-bottom-margin ultimate-heading-58269ec74901cdd1 uvc-4471 \" data-hspacer=\"line_only\"  data-halign=\"left\" style=\"text-align:left\"><div class=\"uvc-main-heading ult-responsive\"  data-ultimate-target='.uvc-heading.ultimate-heading-58269ec74901cdd1 h2'  data-responsive-json-new='{\"font-size\":\"desktop:51px;\",\"line-height\":\"\"}' ><h2 style=\"font-weight:normal;\">Purifying Treatment<\/h2><\/div><div class=\"uvc-sub-heading ult-responsive\"  data-ultimate-target='.uvc-heading.ultimate-heading-58269ec74901cdd1 .uvc-sub-heading '  data-responsive-json-new='{\"font-size\":\"\",\"line-height\":\"\"}'  style=\"font-weight:normal;\"><em>&#8211; Treatment for oily skin (normalizing sebaceous secretion \u2013oily skin, open or large pores, acne)<\/em><\/div><div class=\"uvc-heading-spacer line_only\" style=\"topheight:1px;\"><span class=\"uvc-headings-line\" style=\"border-style:solid;border-bottom-width:1px;border-color:#ccc;width:autopx;\"><\/span><\/div><\/div>[\/vc_column][\/vc_row][vc_row][vc_column width=&#8221;1\/3&#8243; css=&#8221;.vc_custom_1454553137001{border-right-width: 3px !important;border-right-color: #cccccc !important;border-right-style: solid !important;}&#8221;][vc_single_image image=&#8221;1994&#8243; img_size=&#8221;270&#215;270&#8243; alignment=&#8221;center&#8221; style=&#8221;vc_box_outline_circle_2&#8243;]<div class=\"ult-content-box-container \" >\t\t<div class=\"ult-content-box\" style=\"box-shadow: px px px px rgb(247, 247, 247) none;padding-right:10%;padding-left:10%;-webkit-transition: all 700ms ease;-moz-transition: all 700ms ease;-ms-transition: all 700ms ease;-o-transition: all 700ms ease;transition: all 700ms ease;\"  data-hover_box_shadow=\"none\"    ><div class=\"aio-icon-component   style_2\"><a class=\"aio-icon-box-link\" href=\"https:\/\/www.beautyimagini.com\/kontakt\/\" target=\"\"><div id=\"Info-box-wrap-5133\" class=\"aio-icon-box top-icon\" style=\"\"  ><div class=\"aio-icon-top\"><div class=\"ult-just-icon-wrapper \"><div class=\"align-icon\" style=\"text-align:center;\">\n<div class=\"aio-icon circle \" data-animation=\"bounceInDown\" data-animation-delay=\"03\" style=\"color:#ffffff;background:#ffa500;font-size:32px;display:inline-block;\">\n\t<i class=\"Defaults-envelope-o\"><\/i>\n<\/div><\/div><\/div><\/div><div class=\"aio-icon-header\" ><h3 class=\"aio-icon-title ult-responsive\"  data-ultimate-target='#Info-box-wrap-5133 .aio-icon-title'  data-responsive-json-new='{\"font-size\":\"\",\"line-height\":\"\"}'  style=\"\">Book Now<\/h3><\/div> <!-- header --><\/div> <!-- aio-icon-box --><\/a><\/div> <!-- aio-icon-component -->\t\t<\/div><\/div>[\/vc_column][vc_column width=&#8221;2\/3&#8243;][vc_column_text]Excessive sebum secretion causes the formation of open pores, comedones, frequent inflammation (acne), keratosis. The combination of glycolic and fruit acid based products in this treatment help gentle exfoliation remove a dead layer of cells and enable good blood circulation and hydration. Due to the high level of tannins (granular rosemary) the regular use of cream leads to the regulation of sebum secretion, whereas extracts of camphor, rose and sage, as the main ingredients of an ampoule and masks, have an astringent, bactericidal, soothing and moisturizing effect. Depending on the needs you may have, a series of treatment can be done (series\u00a0 of 4-12).<\/p>\n<p>Recommendation for further care:\u00a0 Oxygenating (AHA) cream, Purificante ampulae, Shilly Shally metabolic activator, Purifying mask, SPA MUD mask.[\/vc_column_text][vc_empty_space height=&#8221;12px&#8221;][vc_column_text]\n<h3>Additional info<\/h3>\n<ul>\n<li class=\"even typeTextfield group3\"><span class=\"itemExtraFieldsLabel\">Price: RSD 2.5<\/span><span class=\"itemExtraFieldsValue\">00,00<br \/>\n<\/span><\/li>\n<li class=\"odd typeTextfield group3\"><span class=\"itemExtraFieldsLabel\">Duration: <\/span><span class=\"itemExtraFieldsValue\">60 min<\/span><\/li>\n<\/ul>\n[\/vc_column_text][\/vc_column][\/vc_row]\n<\/div>","protected":false},"excerpt":{"rendered":"<p>[vc_row][vc_column][\/vc_column][\/vc_row][vc_row][vc_column width=&#8221;1\/3&#8243; css=&#8221;.vc_custom_1454553137001{border-right-width: 3px !important;border-right-color: #cccccc !important;border-right-style: solid !important;}&#8221;][vc_single_image image=&#8221;1994&#8243; img_size=&#8221;270&#215;270&#8243; alignment=&#8221;center&#8221; style=&#8221;vc_box_outline_circle_2&#8243;][\/vc_column][vc_column width=&#8221;2\/3&#8243;][vc_column_text]Excessive sebum secretion causes the formation of open pores, comedones, frequent inflammation (acne), keratosis. The combination of glycolic and fruit acid based products in this treatment help gentle exfoliation remove a dead layer of cells and enable good blood circulation and hydration. Due to the high level&nbsp;<a href=\"https:\/\/www.beautyimagini.com\/en\/tretmani-lica\/purifying-tretman\/\" class=\"read-more\">Continue Reading<\/a><\/p>\n","protected":false},"author":1,"featured_media":1994,"parent":2071,"menu_order":0,"comment_status":"closed","ping_status":"closed","template":"page-fullwidth.php","meta":{"footnotes":""},"class_list":["post-2736","page","type-page","status-publish","has-post-thumbnail","hentry"],"yoast_head":"<!-- This site is optimized with the Yoast SEO plugin v26.9 - https:\/\/yoast.com\/product\/yoast-seo-wordpress\/ -->\n<title>Purifying Tretman - Beauty Imagini | Holisti\u010dki Centar<\/title>\n<meta name=\"description\" content=\"Kombinacija glikolne i vo\u0107ne kiseline baznih preparata u ovom tretmanu omogu\u0107avaju ne\u017ean piling ko\u017ee koji \u0107e ukloniti sloj izumrlih \u0107elija i delovati na dobru prokrvljenost i hidrataciju.\" \/>\n<meta name=\"robots\" content=\"index, follow, max-snippet:-1, max-image-preview:large, max-video-preview:-1\" \/>\n<link rel=\"canonical\" href=\"https:\/\/www.beautyimagini.com\/tretmani-lica\/purifying-tretman\/\" \/>\n<meta property=\"og:locale\" content=\"en_US\" \/>\n<meta property=\"og:type\" content=\"article\" \/>\n<meta property=\"og:title\" content=\"Purifying Tretman - Beauty Imagini | Holisti\u010dki Centar\" \/>\n<meta property=\"og:description\" content=\"Kombinacija glikolne i vo\u0107ne kiseline baznih preparata u ovom tretmanu omogu\u0107avaju ne\u017ean piling ko\u017ee koji \u0107e ukloniti sloj izumrlih \u0107elija i delovati na dobru prokrvljenost i hidrataciju.\" \/>\n<meta property=\"og:url\" content=\"https:\/\/www.beautyimagini.com\/tretmani-lica\/purifying-tretman\/\" \/>\n<meta property=\"og:site_name\" content=\"Beauty Imagini | Holisti\u010dki Centar\" \/>\n<meta property=\"article:modified_time\" content=\"2017-07-22T17:47:56+00:00\" \/>\n<meta property=\"og:image\" content=\"https:\/\/www.beautyimagini.com\/wp-content\/uploads\/2015\/12\/Depositphotos_19986793_original.jpg\" \/>\n\t<meta property=\"og:image:width\" content=\"1500\" \/>\n\t<meta property=\"og:image:height\" content=\"2248\" \/>\n\t<meta property=\"og:image:type\" content=\"image\/jpeg\" \/>\n<meta name=\"twitter:card\" content=\"summary_large_image\" \/>\n<meta name=\"twitter:label1\" content=\"Est. reading time\" \/>\n\t<meta name=\"twitter:data1\" content=\"3 minutes\" \/>\n<script type=\"application\/ld+json\" class=\"yoast-schema-graph\">{\"@context\":\"https:\/\/schema.org\",\"@graph\":[{\"@type\":\"WebPage\",\"@id\":\"https:\/\/www.beautyimagini.com\/tretmani-lica\/purifying-tretman\/\",\"url\":\"https:\/\/www.beautyimagini.com\/tretmani-lica\/purifying-tretman\/\",\"name\":\"Purifying Tretman - Beauty Imagini | Holisti\u010dki Centar\",\"isPartOf\":{\"@id\":\"https:\/\/www.beautyimagini.com\/#website\"},\"primaryImageOfPage\":{\"@id\":\"https:\/\/www.beautyimagini.com\/tretmani-lica\/purifying-tretman\/#primaryimage\"},\"image\":{\"@id\":\"https:\/\/www.beautyimagini.com\/tretmani-lica\/purifying-tretman\/#primaryimage\"},\"thumbnailUrl\":\"https:\/\/www.beautyimagini.com\/wp-content\/uploads\/2015\/12\/Depositphotos_19986793_original.jpg\",\"datePublished\":\"2016-02-13T15:59:04+00:00\",\"dateModified\":\"2017-07-22T17:47:56+00:00\",\"description\":\"Kombinacija glikolne i vo\u0107ne kiseline baznih preparata u ovom tretmanu omogu\u0107avaju ne\u017ean piling ko\u017ee koji \u0107e ukloniti sloj izumrlih \u0107elija i delovati na dobru prokrvljenost i hidrataciju.\",\"breadcrumb\":{\"@id\":\"https:\/\/www.beautyimagini.com\/tretmani-lica\/purifying-tretman\/#breadcrumb\"},\"inLanguage\":\"en-US\",\"potentialAction\":[{\"@type\":\"ReadAction\",\"target\":[\"https:\/\/www.beautyimagini.com\/tretmani-lica\/purifying-tretman\/\"]}]},{\"@type\":\"ImageObject\",\"inLanguage\":\"en-US\",\"@id\":\"https:\/\/www.beautyimagini.com\/tretmani-lica\/purifying-tretman\/#primaryimage\",\"url\":\"https:\/\/www.beautyimagini.com\/wp-content\/uploads\/2015\/12\/Depositphotos_19986793_original.jpg\",\"contentUrl\":\"https:\/\/www.beautyimagini.com\/wp-content\/uploads\/2015\/12\/Depositphotos_19986793_original.jpg\",\"width\":1500,\"height\":2248},{\"@type\":\"BreadcrumbList\",\"@id\":\"https:\/\/www.beautyimagini.com\/tretmani-lica\/purifying-tretman\/#breadcrumb\",\"itemListElement\":[{\"@type\":\"ListItem\",\"position\":1,\"name\":\"Home\",\"item\":\"https:\/\/www.beautyimagini.com\/\"},{\"@type\":\"ListItem\",\"position\":2,\"name\":\"Tretmani lica\",\"item\":\"https:\/\/www.beautyimagini.com\/tretmani-lica\/\"},{\"@type\":\"ListItem\",\"position\":3,\"name\":\"Purifying Tretman\"}]},{\"@type\":\"WebSite\",\"@id\":\"https:\/\/www.beautyimagini.com\/#website\",\"url\":\"https:\/\/www.beautyimagini.com\/\",\"name\":\"Beauty Imagini | Holisti\u010dki Centar\",\"description\":\"\",\"potentialAction\":[{\"@type\":\"SearchAction\",\"target\":{\"@type\":\"EntryPoint\",\"urlTemplate\":\"https:\/\/www.beautyimagini.com\/?s={search_term_string}\"},\"query-input\":{\"@type\":\"PropertyValueSpecification\",\"valueRequired\":true,\"valueName\":\"search_term_string\"}}],\"inLanguage\":\"en-US\"}]}<\/script>\n<!-- \/ Yoast SEO plugin. -->","yoast_head_json":{"title":"Purifying Tretman - Beauty Imagini | Holisti\u010dki Centar","description":"Kombinacija glikolne i vo\u0107ne kiseline baznih preparata u ovom tretmanu omogu\u0107avaju ne\u017ean piling ko\u017ee koji \u0107e ukloniti sloj izumrlih \u0107elija i delovati na dobru prokrvljenost i hidrataciju.","robots":{"index":"index","follow":"follow","max-snippet":"max-snippet:-1","max-image-preview":"max-image-preview:large","max-video-preview":"max-video-preview:-1"},"canonical":"https:\/\/www.beautyimagini.com\/tretmani-lica\/purifying-tretman\/","og_locale":"en_US","og_type":"article","og_title":"Purifying Tretman - Beauty Imagini | Holisti\u010dki Centar","og_description":"Kombinacija glikolne i vo\u0107ne kiseline baznih preparata u ovom tretmanu omogu\u0107avaju ne\u017ean piling ko\u017ee koji \u0107e ukloniti sloj izumrlih \u0107elija i delovati na dobru prokrvljenost i hidrataciju.","og_url":"https:\/\/www.beautyimagini.com\/tretmani-lica\/purifying-tretman\/","og_site_name":"Beauty Imagini | Holisti\u010dki Centar","article_modified_time":"2017-07-22T17:47:56+00:00","og_image":[{"width":1500,"height":2248,"url":"https:\/\/www.beautyimagini.com\/wp-content\/uploads\/2015\/12\/Depositphotos_19986793_original.jpg","type":"image\/jpeg"}],"twitter_card":"summary_large_image","twitter_misc":{"Est. reading time":"3 minutes"},"schema":{"@context":"https:\/\/schema.org","@graph":[{"@type":"WebPage","@id":"https:\/\/www.beautyimagini.com\/tretmani-lica\/purifying-tretman\/","url":"https:\/\/www.beautyimagini.com\/tretmani-lica\/purifying-tretman\/","name":"Purifying Tretman - Beauty Imagini | Holisti\u010dki Centar","isPartOf":{"@id":"https:\/\/www.beautyimagini.com\/#website"},"primaryImageOfPage":{"@id":"https:\/\/www.beautyimagini.com\/tretmani-lica\/purifying-tretman\/#primaryimage"},"image":{"@id":"https:\/\/www.beautyimagini.com\/tretmani-lica\/purifying-tretman\/#primaryimage"},"thumbnailUrl":"https:\/\/www.beautyimagini.com\/wp-content\/uploads\/2015\/12\/Depositphotos_19986793_original.jpg","datePublished":"2016-02-13T15:59:04+00:00","dateModified":"2017-07-22T17:47:56+00:00","description":"Kombinacija glikolne i vo\u0107ne kiseline baznih preparata u ovom tretmanu omogu\u0107avaju ne\u017ean piling ko\u017ee koji \u0107e ukloniti sloj izumrlih \u0107elija i delovati na dobru prokrvljenost i hidrataciju.","breadcrumb":{"@id":"https:\/\/www.beautyimagini.com\/tretmani-lica\/purifying-tretman\/#breadcrumb"},"inLanguage":"en-US","potentialAction":[{"@type":"ReadAction","target":["https:\/\/www.beautyimagini.com\/tretmani-lica\/purifying-tretman\/"]}]},{"@type":"ImageObject","inLanguage":"en-US","@id":"https:\/\/www.beautyimagini.com\/tretmani-lica\/purifying-tretman\/#primaryimage","url":"https:\/\/www.beautyimagini.com\/wp-content\/uploads\/2015\/12\/Depositphotos_19986793_original.jpg","contentUrl":"https:\/\/www.beautyimagini.com\/wp-content\/uploads\/2015\/12\/Depositphotos_19986793_original.jpg","width":1500,"height":2248},{"@type":"BreadcrumbList","@id":"https:\/\/www.beautyimagini.com\/tretmani-lica\/purifying-tretman\/#breadcrumb","itemListElement":[{"@type":"ListItem","position":1,"name":"Home","item":"https:\/\/www.beautyimagini.com\/"},{"@type":"ListItem","position":2,"name":"Tretmani lica","item":"https:\/\/www.beautyimagini.com\/tretmani-lica\/"},{"@type":"ListItem","position":3,"name":"Purifying Tretman"}]},{"@type":"WebSite","@id":"https:\/\/www.beautyimagini.com\/#website","url":"https:\/\/www.beautyimagini.com\/","name":"Beauty Imagini | Holisti\u010dki Centar","description":"","potentialAction":[{"@type":"SearchAction","target":{"@type":"EntryPoint","urlTemplate":"https:\/\/www.beautyimagini.com\/?s={search_term_string}"},"query-input":{"@type":"PropertyValueSpecification","valueRequired":true,"valueName":"search_term_string"}}],"inLanguage":"en-US"}]}},"_links":{"self":[{"href":"https:\/\/www.beautyimagini.com\/en\/wp-json\/wp\/v2\/pages\/2736","targetHints":{"allow":["GET"]}}],"collection":[{"href":"https:\/\/www.beautyimagini.com\/en\/wp-json\/wp\/v2\/pages"}],"about":[{"href":"https:\/\/www.beautyimagini.com\/en\/wp-json\/wp\/v2\/types\/page"}],"author":[{"embeddable":true,"href":"https:\/\/www.beautyimagini.com\/en\/wp-json\/wp\/v2\/users\/1"}],"replies":[{"embeddable":true,"href":"https:\/\/www.beautyimagini.com\/en\/wp-json\/wp\/v2\/comments?post=2736"}],"version-history":[{"count":1,"href":"https:\/\/www.beautyimagini.com\/en\/wp-json\/wp\/v2\/pages\/2736\/revisions"}],"predecessor-version":[{"id":4771,"href":"https:\/\/www.beautyimagini.com\/en\/wp-json\/wp\/v2\/pages\/2736\/revisions\/4771"}],"up":[{"embeddable":true,"href":"https:\/\/www.beautyimagini.com\/en\/wp-json\/wp\/v2\/pages\/2071"}],"wp:featuredmedia":[{"embeddable":true,"href":"https:\/\/www.beautyimagini.com\/en\/wp-json\/wp\/v2\/media\/1994"}],"wp:attachment":[{"href":"https:\/\/www.beautyimagini.com\/en\/wp-json\/wp\/v2\/media?parent=2736"}],"curies":[{"name":"wp","href":"https:\/\/api.w.org\/{rel}","templated":true}]}}