{"id":2741,"date":"2016-02-13T16:05:07","date_gmt":"2016-02-13T16:05:07","guid":{"rendered":"https:\/\/www.beautyimagini.com\/?page_id=2741"},"modified":"2017-07-22T19:59:00","modified_gmt":"2017-07-22T17:59:00","slug":"tretman-redesificante","status":"publish","type":"page","link":"https:\/\/www.beautyimagini.com\/en\/tretmani-lica\/tretman-redesificante\/","title":{"rendered":"Redesificante"},"content":{"rendered":"<div class=\"wpb-content-wrapper\">[vc_row][vc_column]<div id=\"ultimate-heading-449869ea7197b9190\" class=\"uvc-heading ult-adjust-bottom-margin ultimate-heading-449869ea7197b9190 uvc-9241 \" data-hspacer=\"line_only\"  data-halign=\"left\" style=\"text-align:left\"><div class=\"uvc-main-heading ult-responsive\"  data-ultimate-target='.uvc-heading.ultimate-heading-449869ea7197b9190 h2'  data-responsive-json-new='{\"font-size\":\"desktop:51px;\",\"line-height\":\"\"}' ><h2 style=\"font-weight:normal;\">Redesificante Treatment<\/h2><\/div><div class=\"uvc-sub-heading ult-responsive\"  data-ultimate-target='.uvc-heading.ultimate-heading-449869ea7197b9190 .uvc-sub-heading '  data-responsive-json-new='{\"font-size\":\"\",\"line-height\":\"\"}'  style=\"font-weight:normal;\"><em>&#8211; Anti-aging treatment with collagen (treatment for toning the skin prone to premature aging and older skin)<\/em><\/div><div class=\"uvc-heading-spacer line_only\" style=\"topheight:1px;\"><span class=\"uvc-headings-line\" style=\"border-style:solid;border-bottom-width:1px;border-color:#ccc;width:autopx;\"><\/span><\/div><\/div>[\/vc_column][\/vc_row][vc_row][vc_column width=&#8221;1\/3&#8243; css=&#8221;.vc_custom_1454553137001{border-right-width: 3px !important;border-right-color: #cccccc !important;border-right-style: solid !important;}&#8221;][vc_single_image image=&#8221;1994&#8243; img_size=&#8221;270&#215;270&#8243; alignment=&#8221;center&#8221; style=&#8221;vc_box_outline_circle_2&#8243;]<div class=\"ult-content-box-container \" >\t\t<div class=\"ult-content-box\" style=\"box-shadow: px px px px rgb(247, 247, 247) none;padding-right:10%;padding-left:10%;-webkit-transition: all 700ms ease;-moz-transition: all 700ms ease;-ms-transition: all 700ms ease;-o-transition: all 700ms ease;transition: all 700ms ease;\"  data-hover_box_shadow=\"none\"    ><div class=\"aio-icon-component   style_2\"><a class=\"aio-icon-box-link\" href=\"https:\/\/www.beautyimagini.com\/kontakt\/\" target=\"\"><div id=\"Info-box-wrap-9845\" class=\"aio-icon-box top-icon\" style=\"\"  ><div class=\"aio-icon-top\"><div class=\"ult-just-icon-wrapper \"><div class=\"align-icon\" style=\"text-align:center;\">\n<div class=\"aio-icon circle \" data-animation=\"bounceInDown\" data-animation-delay=\"03\" style=\"color:#ffffff;background:#ffa500;font-size:32px;display:inline-block;\">\n\t<i class=\"Defaults-envelope-o\"><\/i>\n<\/div><\/div><\/div><\/div><div class=\"aio-icon-header\" ><h3 class=\"aio-icon-title ult-responsive\"  data-ultimate-target='#Info-box-wrap-9845 .aio-icon-title'  data-responsive-json-new='{\"font-size\":\"\",\"line-height\":\"\"}'  style=\"\">Book Now<\/h3><\/div> <!-- header --><\/div> <!-- aio-icon-box --><\/a><\/div> <!-- aio-icon-component -->\t\t<\/div><\/div>[\/vc_column][vc_column width=&#8221;2\/3&#8243;][vc_column_text]During its natural aging process the skin gradually loses its collagen and as it is unable to synthesize other, it loses its elasticity,radiance and water. This treatment helps to add herbal collagen to the skin which enriches tissues with water and makes them elastic. Combined with the effect of papaya extract the skin is provided with nutrition full of vitamins, proteins and minerals, which further gives it the strength to resist free radicals. The special effect is achieved due to NADH (Nicotinamide Adenin Dinjucleotide) contained in Special cream, which has a direct effect on the immune system of the skin and whcih is necessary for strengthening of the cell membranes. For these reasons, the real effect is achieved by a regular use of Specialcream in your further care at home.<\/p>\n<p>Recommendation for further care: Special creme, Ace Anti-aging (Restitutiva) cream, Shilly Shally metabolic activator,\u00a0 Active serum gel, Restitutiva ampoule, To tone up mask, Anti aging drops.[\/vc_column_text][vc_empty_space height=&#8221;12px&#8221;][vc_column_text]\n<h3>Additional info<\/h3>\n<ul>\n<li class=\"even typeTextfield group3\"><span class=\"itemExtraFieldsLabel\">Price: RSD 2.5<\/span><span class=\"itemExtraFieldsValue\">00,00<\/span><\/li>\n<li class=\"odd typeTextfield group3\"><span class=\"itemExtraFieldsLabel\">Duration: <\/span><span class=\"itemExtraFieldsValue\">60 min<\/span><\/li>\n<\/ul>\n[\/vc_column_text][\/vc_column][\/vc_row]\n<\/div>","protected":false},"excerpt":{"rendered":"<p>[vc_row][vc_column][\/vc_column][\/vc_row][vc_row][vc_column width=&#8221;1\/3&#8243; css=&#8221;.vc_custom_1454553137001{border-right-width: 3px !important;border-right-color: #cccccc !important;border-right-style: solid !important;}&#8221;][vc_single_image image=&#8221;1994&#8243; img_size=&#8221;270&#215;270&#8243; alignment=&#8221;center&#8221; style=&#8221;vc_box_outline_circle_2&#8243;][\/vc_column][vc_column width=&#8221;2\/3&#8243;][vc_column_text]During its natural aging process the skin gradually loses its collagen and as it is unable to synthesize other, it loses its elasticity,radiance and water. This treatment helps to add herbal collagen to the skin which enriches tissues with water and makes them elastic. Combined with the&nbsp;<a href=\"https:\/\/www.beautyimagini.com\/en\/tretmani-lica\/tretman-redesificante\/\" class=\"read-more\">Continue Reading<\/a><\/p>\n","protected":false},"author":1,"featured_media":1994,"parent":2071,"menu_order":0,"comment_status":"closed","ping_status":"closed","template":"page-fullwidth.php","meta":{"footnotes":""},"class_list":["post-2741","page","type-page","status-publish","has-post-thumbnail","hentry"],"yoast_head":"<!-- This site is optimized with the Yoast SEO plugin v26.9 - https:\/\/yoast.com\/product\/yoast-seo-wordpress\/ -->\n<title>Redesificante &#8211; Beauty Imagini | Holisti\u010dki Centar<\/title>\n<meta name=\"description\" content=\"Tokom svog prirodnog procesa starenja, ko\u017ea postepeno gubi kolagen i po\u0161to nije u mogu\u0107nosti da sinteti\u0161e drugi, ona gubi svoju elasti\u010dnost, blistavost i vodu.\" \/>\n<meta name=\"robots\" content=\"index, follow, max-snippet:-1, max-image-preview:large, max-video-preview:-1\" \/>\n<link rel=\"canonical\" href=\"https:\/\/www.beautyimagini.com\/tretmani-lica\/tretman-redesificante\/\" \/>\n<meta property=\"og:locale\" content=\"en_US\" \/>\n<meta property=\"og:type\" content=\"article\" \/>\n<meta property=\"og:title\" content=\"[:rs]Tretman Redesificante[:en]Redesificante[:] &#8211; Beauty Imagini | Holisti\u010dki Centar\" \/>\n<meta property=\"og:description\" content=\"Tokom svog prirodnog procesa starenja, ko\u017ea postepeno gubi kolagen i po\u0161to nije u mogu\u0107nosti da sinteti\u0161e drugi, ona gubi svoju elasti\u010dnost, blistavost i vodu.\" \/>\n<meta property=\"og:url\" content=\"https:\/\/www.beautyimagini.com\/tretmani-lica\/tretman-redesificante\/\" \/>\n<meta property=\"og:site_name\" content=\"Beauty Imagini | Holisti\u010dki Centar\" \/>\n<meta property=\"article:modified_time\" content=\"2017-07-22T17:59:00+00:00\" \/>\n<meta property=\"og:image\" content=\"https:\/\/www.beautyimagini.com\/wp-content\/uploads\/2015\/12\/Depositphotos_19986793_original.jpg\" \/>\n\t<meta property=\"og:image:width\" content=\"1500\" \/>\n\t<meta property=\"og:image:height\" content=\"2248\" \/>\n\t<meta property=\"og:image:type\" content=\"image\/jpeg\" \/>\n<meta name=\"twitter:card\" content=\"summary_large_image\" \/>\n<meta name=\"twitter:label1\" content=\"Est. reading time\" \/>\n\t<meta name=\"twitter:data1\" content=\"3 minutes\" \/>\n<script type=\"application\/ld+json\" class=\"yoast-schema-graph\">{\"@context\":\"https:\/\/schema.org\",\"@graph\":[{\"@type\":\"WebPage\",\"@id\":\"https:\/\/www.beautyimagini.com\/tretmani-lica\/tretman-redesificante\/\",\"url\":\"https:\/\/www.beautyimagini.com\/tretmani-lica\/tretman-redesificante\/\",\"name\":\"[:rs]Tretman Redesificante[:en]Redesificante[:] &#8211; Beauty Imagini | Holisti\u010dki Centar\",\"isPartOf\":{\"@id\":\"https:\/\/www.beautyimagini.com\/#website\"},\"primaryImageOfPage\":{\"@id\":\"https:\/\/www.beautyimagini.com\/tretmani-lica\/tretman-redesificante\/#primaryimage\"},\"image\":{\"@id\":\"https:\/\/www.beautyimagini.com\/tretmani-lica\/tretman-redesificante\/#primaryimage\"},\"thumbnailUrl\":\"https:\/\/www.beautyimagini.com\/wp-content\/uploads\/2015\/12\/Depositphotos_19986793_original.jpg\",\"datePublished\":\"2016-02-13T16:05:07+00:00\",\"dateModified\":\"2017-07-22T17:59:00+00:00\",\"description\":\"Tokom svog prirodnog procesa starenja, ko\u017ea postepeno gubi kolagen i po\u0161to nije u mogu\u0107nosti da sinteti\u0161e drugi, ona gubi svoju elasti\u010dnost, blistavost i vodu.\",\"breadcrumb\":{\"@id\":\"https:\/\/www.beautyimagini.com\/tretmani-lica\/tretman-redesificante\/#breadcrumb\"},\"inLanguage\":\"en-US\",\"potentialAction\":[{\"@type\":\"ReadAction\",\"target\":[\"https:\/\/www.beautyimagini.com\/tretmani-lica\/tretman-redesificante\/\"]}]},{\"@type\":\"ImageObject\",\"inLanguage\":\"en-US\",\"@id\":\"https:\/\/www.beautyimagini.com\/tretmani-lica\/tretman-redesificante\/#primaryimage\",\"url\":\"https:\/\/www.beautyimagini.com\/wp-content\/uploads\/2015\/12\/Depositphotos_19986793_original.jpg\",\"contentUrl\":\"https:\/\/www.beautyimagini.com\/wp-content\/uploads\/2015\/12\/Depositphotos_19986793_original.jpg\",\"width\":1500,\"height\":2248},{\"@type\":\"BreadcrumbList\",\"@id\":\"https:\/\/www.beautyimagini.com\/tretmani-lica\/tretman-redesificante\/#breadcrumb\",\"itemListElement\":[{\"@type\":\"ListItem\",\"position\":1,\"name\":\"Home\",\"item\":\"https:\/\/www.beautyimagini.com\/\"},{\"@type\":\"ListItem\",\"position\":2,\"name\":\"Tretmani lica\",\"item\":\"https:\/\/www.beautyimagini.com\/tretmani-lica\/\"},{\"@type\":\"ListItem\",\"position\":3,\"name\":\"Tretman Redesificante\"}]},{\"@type\":\"WebSite\",\"@id\":\"https:\/\/www.beautyimagini.com\/#website\",\"url\":\"https:\/\/www.beautyimagini.com\/\",\"name\":\"Beauty Imagini | Holisti\u010dki Centar\",\"description\":\"\",\"potentialAction\":[{\"@type\":\"SearchAction\",\"target\":{\"@type\":\"EntryPoint\",\"urlTemplate\":\"https:\/\/www.beautyimagini.com\/?s={search_term_string}\"},\"query-input\":{\"@type\":\"PropertyValueSpecification\",\"valueRequired\":true,\"valueName\":\"search_term_string\"}}],\"inLanguage\":\"en-US\"}]}<\/script>\n<!-- \/ Yoast SEO plugin. -->","yoast_head_json":{"title":"[:rs]Tretman Redesificante[:en]Redesificante[:] &#8211; Beauty Imagini | Holisti\u010dki Centar","description":"Tokom svog prirodnog procesa starenja, ko\u017ea postepeno gubi kolagen i po\u0161to nije u mogu\u0107nosti da sinteti\u0161e drugi, ona gubi svoju elasti\u010dnost, blistavost i vodu.","robots":{"index":"index","follow":"follow","max-snippet":"max-snippet:-1","max-image-preview":"max-image-preview:large","max-video-preview":"max-video-preview:-1"},"canonical":"https:\/\/www.beautyimagini.com\/tretmani-lica\/tretman-redesificante\/","og_locale":"en_US","og_type":"article","og_title":"[:rs]Tretman Redesificante[:en]Redesificante[:] &#8211; Beauty Imagini | Holisti\u010dki Centar","og_description":"Tokom svog prirodnog procesa starenja, ko\u017ea postepeno gubi kolagen i po\u0161to nije u mogu\u0107nosti da sinteti\u0161e drugi, ona gubi svoju elasti\u010dnost, blistavost i vodu.","og_url":"https:\/\/www.beautyimagini.com\/tretmani-lica\/tretman-redesificante\/","og_site_name":"Beauty Imagini | Holisti\u010dki Centar","article_modified_time":"2017-07-22T17:59:00+00:00","og_image":[{"width":1500,"height":2248,"url":"https:\/\/www.beautyimagini.com\/wp-content\/uploads\/2015\/12\/Depositphotos_19986793_original.jpg","type":"image\/jpeg"}],"twitter_card":"summary_large_image","twitter_misc":{"Est. reading time":"3 minutes"},"schema":{"@context":"https:\/\/schema.org","@graph":[{"@type":"WebPage","@id":"https:\/\/www.beautyimagini.com\/tretmani-lica\/tretman-redesificante\/","url":"https:\/\/www.beautyimagini.com\/tretmani-lica\/tretman-redesificante\/","name":"[:rs]Tretman Redesificante[:en]Redesificante[:] &#8211; Beauty Imagini | Holisti\u010dki Centar","isPartOf":{"@id":"https:\/\/www.beautyimagini.com\/#website"},"primaryImageOfPage":{"@id":"https:\/\/www.beautyimagini.com\/tretmani-lica\/tretman-redesificante\/#primaryimage"},"image":{"@id":"https:\/\/www.beautyimagini.com\/tretmani-lica\/tretman-redesificante\/#primaryimage"},"thumbnailUrl":"https:\/\/www.beautyimagini.com\/wp-content\/uploads\/2015\/12\/Depositphotos_19986793_original.jpg","datePublished":"2016-02-13T16:05:07+00:00","dateModified":"2017-07-22T17:59:00+00:00","description":"Tokom svog prirodnog procesa starenja, ko\u017ea postepeno gubi kolagen i po\u0161to nije u mogu\u0107nosti da sinteti\u0161e drugi, ona gubi svoju elasti\u010dnost, blistavost i vodu.","breadcrumb":{"@id":"https:\/\/www.beautyimagini.com\/tretmani-lica\/tretman-redesificante\/#breadcrumb"},"inLanguage":"en-US","potentialAction":[{"@type":"ReadAction","target":["https:\/\/www.beautyimagini.com\/tretmani-lica\/tretman-redesificante\/"]}]},{"@type":"ImageObject","inLanguage":"en-US","@id":"https:\/\/www.beautyimagini.com\/tretmani-lica\/tretman-redesificante\/#primaryimage","url":"https:\/\/www.beautyimagini.com\/wp-content\/uploads\/2015\/12\/Depositphotos_19986793_original.jpg","contentUrl":"https:\/\/www.beautyimagini.com\/wp-content\/uploads\/2015\/12\/Depositphotos_19986793_original.jpg","width":1500,"height":2248},{"@type":"BreadcrumbList","@id":"https:\/\/www.beautyimagini.com\/tretmani-lica\/tretman-redesificante\/#breadcrumb","itemListElement":[{"@type":"ListItem","position":1,"name":"Home","item":"https:\/\/www.beautyimagini.com\/"},{"@type":"ListItem","position":2,"name":"Tretmani lica","item":"https:\/\/www.beautyimagini.com\/tretmani-lica\/"},{"@type":"ListItem","position":3,"name":"Tretman Redesificante"}]},{"@type":"WebSite","@id":"https:\/\/www.beautyimagini.com\/#website","url":"https:\/\/www.beautyimagini.com\/","name":"Beauty Imagini | Holisti\u010dki Centar","description":"","potentialAction":[{"@type":"SearchAction","target":{"@type":"EntryPoint","urlTemplate":"https:\/\/www.beautyimagini.com\/?s={search_term_string}"},"query-input":{"@type":"PropertyValueSpecification","valueRequired":true,"valueName":"search_term_string"}}],"inLanguage":"en-US"}]}},"_links":{"self":[{"href":"https:\/\/www.beautyimagini.com\/en\/wp-json\/wp\/v2\/pages\/2741","targetHints":{"allow":["GET"]}}],"collection":[{"href":"https:\/\/www.beautyimagini.com\/en\/wp-json\/wp\/v2\/pages"}],"about":[{"href":"https:\/\/www.beautyimagini.com\/en\/wp-json\/wp\/v2\/types\/page"}],"author":[{"embeddable":true,"href":"https:\/\/www.beautyimagini.com\/en\/wp-json\/wp\/v2\/users\/1"}],"replies":[{"embeddable":true,"href":"https:\/\/www.beautyimagini.com\/en\/wp-json\/wp\/v2\/comments?post=2741"}],"version-history":[{"count":1,"href":"https:\/\/www.beautyimagini.com\/en\/wp-json\/wp\/v2\/pages\/2741\/revisions"}],"predecessor-version":[{"id":4777,"href":"https:\/\/www.beautyimagini.com\/en\/wp-json\/wp\/v2\/pages\/2741\/revisions\/4777"}],"up":[{"embeddable":true,"href":"https:\/\/www.beautyimagini.com\/en\/wp-json\/wp\/v2\/pages\/2071"}],"wp:featuredmedia":[{"embeddable":true,"href":"https:\/\/www.beautyimagini.com\/en\/wp-json\/wp\/v2\/media\/1994"}],"wp:attachment":[{"href":"https:\/\/www.beautyimagini.com\/en\/wp-json\/wp\/v2\/media?parent=2741"}],"curies":[{"name":"wp","href":"https:\/\/api.w.org\/{rel}","templated":true}]}}