{"id":2787,"date":"2016-02-16T13:51:41","date_gmt":"2016-02-16T13:51:41","guid":{"rendered":"https:\/\/www.beautyimagini.com\/?page_id=2787"},"modified":"2018-11-01T03:00:26","modified_gmt":"2018-11-01T02:00:26","slug":"sportska-masaza","status":"publish","type":"page","link":"https:\/\/www.beautyimagini.com\/en\/masaza\/sportska-masaza\/","title":{"rendered":"Sports Massage"},"content":{"rendered":"<div class=\"wpb-content-wrapper\">[vc_row][vc_column]<div id=\"ultimate-heading-923369ea4dcce6a99\" class=\"uvc-heading ult-adjust-bottom-margin ultimate-heading-923369ea4dcce6a99 uvc-2765 \" data-hspacer=\"line_only\"  data-halign=\"left\" style=\"text-align:left\"><div class=\"uvc-main-heading ult-responsive\"  data-ultimate-target='.uvc-heading.ultimate-heading-923369ea4dcce6a99 h2'  data-responsive-json-new='{\"font-size\":\"desktop:51px;\",\"line-height\":\"\"}' ><h2 style=\"font-weight:normal;\">Sports Massage<\/h2><\/div><div class=\"uvc-heading-spacer line_only\" style=\"topheight:1px;\"><span class=\"uvc-headings-line\" style=\"border-style:solid;border-bottom-width:1px;border-color:#ccc;width:autopx;\"><\/span><\/div><\/div>[\/vc_column][\/vc_row][vc_row][vc_column width=&#8221;1\/3&#8243; css=&#8221;.vc_custom_1454553334323{border-right-width: 3px !important;border-right-color: #cccccc !important;border-right-style: solid !important;}&#8221;][vc_single_image image=&#8221;1969&#8243; img_size=&#8221;270&#215;270&#8243; alignment=&#8221;center&#8221; style=&#8221;vc_box_outline_circle_2&#8243;]<div class=\"ult-content-box-container \" >\t\t<div class=\"ult-content-box\" style=\"box-shadow: px px px px rgb(247, 247, 247) none;padding-right:10%;padding-left:10%;-webkit-transition: all 700ms ease;-moz-transition: all 700ms ease;-ms-transition: all 700ms ease;-o-transition: all 700ms ease;transition: all 700ms ease;\"  data-hover_box_shadow=\"none\"    ><div class=\"aio-icon-component   style_2\"><a class=\"aio-icon-box-link\" href=\"https:\/\/www.beautyimagini.com\/kontakt\/\" target=\"\"><div id=\"Info-box-wrap-3956\" class=\"aio-icon-box top-icon\" style=\"\"  ><div class=\"aio-icon-top\"><div class=\"ult-just-icon-wrapper \"><div class=\"align-icon\" style=\"text-align:center;\">\n<div class=\"aio-icon circle \" data-animation=\"bounceInDown\" data-animation-delay=\"03\" style=\"color:#ffffff;background:#ffa500;font-size:32px;display:inline-block;\">\n\t<i class=\"Defaults-envelope-o\"><\/i>\n<\/div><\/div><\/div><\/div><div class=\"aio-icon-header\" ><h3 class=\"aio-icon-title ult-responsive\"  data-ultimate-target='#Info-box-wrap-3956 .aio-icon-title'  data-responsive-json-new='{\"font-size\":\"\",\"line-height\":\"\"}'  style=\"\">Book Now<\/h3><\/div> <!-- header --><\/div> <!-- aio-icon-box --><\/a><\/div> <!-- aio-icon-component -->\t\t<\/div><\/div>[\/vc_column][vc_column width=&#8221;2\/3&#8243;][vc_column_text]A massage of a muscle-connective tissue aimed at sports professionals who have intensive training in order to prevent inflammatory processes and achieve better results.[\/vc_column_text][vc_column_text]\n<h3>Additional info<\/h3>\n<ul>\n<li class=\"even typeTextfield group3\"><span class=\"itemExtraFieldsLabel\">Price: RSD <\/span><span class=\"itemExtraFieldsValue\">4.000<\/span><\/li>\n<li class=\"odd typeTextfield group3\"><span class=\"itemExtraFieldsLabel\">Duration: <\/span><span class=\"itemExtraFieldsValue\">60 min<\/span><\/li>\n<\/ul>\n[\/vc_column_text][\/vc_column][\/vc_row]\n<\/div>","protected":false},"excerpt":{"rendered":"<p>[vc_row][vc_column][\/vc_column][\/vc_row][vc_row][vc_column width=&#8221;1\/3&#8243; css=&#8221;.vc_custom_1454553334323{border-right-width: 3px !important;border-right-color: #cccccc !important;border-right-style: solid !important;}&#8221;][vc_single_image image=&#8221;1969&#8243; img_size=&#8221;270&#215;270&#8243; alignment=&#8221;center&#8221; style=&#8221;vc_box_outline_circle_2&#8243;][\/vc_column][vc_column width=&#8221;2\/3&#8243;][vc_column_text]A massage of a muscle-connective tissue aimed at sports professionals who have intensive training in order to prevent inflammatory processes and achieve better results.[\/vc_column_text][vc_column_text] Additional info Price: RSD 4.000 Duration: 60 min [\/vc_column_text][\/vc_column][\/vc_row]<\/p>\n","protected":false},"author":1,"featured_media":2014,"parent":2037,"menu_order":0,"comment_status":"closed","ping_status":"closed","template":"page-fullwidth.php","meta":{"footnotes":""},"class_list":["post-2787","page","type-page","status-publish","has-post-thumbnail","hentry"],"yoast_head":"<!-- This site is optimized with the Yoast SEO plugin v26.9 - https:\/\/yoast.com\/product\/yoast-seo-wordpress\/ -->\n<title>Sports Massage &#8211; Beauty Imagini | Holisti\u010dki Centar<\/title>\n<meta name=\"description\" content=\"Masa\u017ea mi\u0161i\u0107no-vezivnog tkiva namenjena sportistima koji su u intenzivnom treningu radi spre\u010davanja upalnih procesa i postizanja boljih sportskih rezultata.\" \/>\n<meta name=\"robots\" content=\"index, follow, max-snippet:-1, max-image-preview:large, max-video-preview:-1\" \/>\n<link rel=\"canonical\" href=\"https:\/\/www.beautyimagini.com\/masaza\/sportska-masaza\/\" \/>\n<meta property=\"og:locale\" content=\"en_US\" \/>\n<meta property=\"og:type\" content=\"article\" \/>\n<meta property=\"og:title\" content=\"[:rs]Sportska masa\u017ea[:en]Sports Massage[:] &#8211; Beauty Imagini | Holisti\u010dki Centar\" \/>\n<meta property=\"og:description\" content=\"Masa\u017ea mi\u0161i\u0107no-vezivnog tkiva namenjena sportistima koji su u intenzivnom treningu radi spre\u010davanja upalnih procesa i postizanja boljih sportskih rezultata.\" \/>\n<meta property=\"og:url\" content=\"https:\/\/www.beautyimagini.com\/masaza\/sportska-masaza\/\" \/>\n<meta property=\"og:site_name\" content=\"Beauty Imagini | Holisti\u010dki Centar\" \/>\n<meta property=\"article:modified_time\" content=\"2018-11-01T02:00:26+00:00\" \/>\n<meta property=\"og:image\" content=\"https:\/\/www.beautyimagini.com\/wp-content\/uploads\/2015\/12\/img_7.jpg\" \/>\n\t<meta property=\"og:image:width\" content=\"900\" \/>\n\t<meta property=\"og:image:height\" content=\"632\" \/>\n\t<meta property=\"og:image:type\" content=\"image\/jpeg\" \/>\n<meta name=\"twitter:card\" content=\"summary_large_image\" \/>\n<meta name=\"twitter:label1\" content=\"Est. reading time\" \/>\n\t<meta name=\"twitter:data1\" content=\"2 minutes\" \/>\n<script type=\"application\/ld+json\" class=\"yoast-schema-graph\">{\"@context\":\"https:\/\/schema.org\",\"@graph\":[{\"@type\":\"WebPage\",\"@id\":\"https:\/\/www.beautyimagini.com\/masaza\/sportska-masaza\/\",\"url\":\"https:\/\/www.beautyimagini.com\/masaza\/sportska-masaza\/\",\"name\":\"[:rs]Sportska masa\u017ea[:en]Sports Massage[:] &#8211; Beauty Imagini | Holisti\u010dki Centar\",\"isPartOf\":{\"@id\":\"https:\/\/www.beautyimagini.com\/#website\"},\"primaryImageOfPage\":{\"@id\":\"https:\/\/www.beautyimagini.com\/masaza\/sportska-masaza\/#primaryimage\"},\"image\":{\"@id\":\"https:\/\/www.beautyimagini.com\/masaza\/sportska-masaza\/#primaryimage\"},\"thumbnailUrl\":\"https:\/\/www.beautyimagini.com\/wp-content\/uploads\/2015\/12\/img_7.jpg\",\"datePublished\":\"2016-02-16T13:51:41+00:00\",\"dateModified\":\"2018-11-01T02:00:26+00:00\",\"description\":\"Masa\u017ea mi\u0161i\u0107no-vezivnog tkiva namenjena sportistima koji su u intenzivnom treningu radi spre\u010davanja upalnih procesa i postizanja boljih sportskih rezultata.\",\"breadcrumb\":{\"@id\":\"https:\/\/www.beautyimagini.com\/masaza\/sportska-masaza\/#breadcrumb\"},\"inLanguage\":\"en-US\",\"potentialAction\":[{\"@type\":\"ReadAction\",\"target\":[\"https:\/\/www.beautyimagini.com\/masaza\/sportska-masaza\/\"]}]},{\"@type\":\"ImageObject\",\"inLanguage\":\"en-US\",\"@id\":\"https:\/\/www.beautyimagini.com\/masaza\/sportska-masaza\/#primaryimage\",\"url\":\"https:\/\/www.beautyimagini.com\/wp-content\/uploads\/2015\/12\/img_7.jpg\",\"contentUrl\":\"https:\/\/www.beautyimagini.com\/wp-content\/uploads\/2015\/12\/img_7.jpg\",\"width\":900,\"height\":632},{\"@type\":\"BreadcrumbList\",\"@id\":\"https:\/\/www.beautyimagini.com\/masaza\/sportska-masaza\/#breadcrumb\",\"itemListElement\":[{\"@type\":\"ListItem\",\"position\":1,\"name\":\"Home\",\"item\":\"https:\/\/www.beautyimagini.com\/\"},{\"@type\":\"ListItem\",\"position\":2,\"name\":\"Massage\",\"item\":\"https:\/\/www.beautyimagini.com\/masaza\/\"},{\"@type\":\"ListItem\",\"position\":3,\"name\":\"Sportska masa\u017ea\"}]},{\"@type\":\"WebSite\",\"@id\":\"https:\/\/www.beautyimagini.com\/#website\",\"url\":\"https:\/\/www.beautyimagini.com\/\",\"name\":\"Beauty Imagini | Holisti\u010dki Centar\",\"description\":\"\",\"potentialAction\":[{\"@type\":\"SearchAction\",\"target\":{\"@type\":\"EntryPoint\",\"urlTemplate\":\"https:\/\/www.beautyimagini.com\/?s={search_term_string}\"},\"query-input\":{\"@type\":\"PropertyValueSpecification\",\"valueRequired\":true,\"valueName\":\"search_term_string\"}}],\"inLanguage\":\"en-US\"}]}<\/script>\n<!-- \/ Yoast SEO plugin. -->","yoast_head_json":{"title":"[:rs]Sportska masa\u017ea[:en]Sports Massage[:] &#8211; Beauty Imagini | Holisti\u010dki Centar","description":"Masa\u017ea mi\u0161i\u0107no-vezivnog tkiva namenjena sportistima koji su u intenzivnom treningu radi spre\u010davanja upalnih procesa i postizanja boljih sportskih rezultata.","robots":{"index":"index","follow":"follow","max-snippet":"max-snippet:-1","max-image-preview":"max-image-preview:large","max-video-preview":"max-video-preview:-1"},"canonical":"https:\/\/www.beautyimagini.com\/masaza\/sportska-masaza\/","og_locale":"en_US","og_type":"article","og_title":"[:rs]Sportska masa\u017ea[:en]Sports Massage[:] &#8211; Beauty Imagini | Holisti\u010dki Centar","og_description":"Masa\u017ea mi\u0161i\u0107no-vezivnog tkiva namenjena sportistima koji su u intenzivnom treningu radi spre\u010davanja upalnih procesa i postizanja boljih sportskih rezultata.","og_url":"https:\/\/www.beautyimagini.com\/masaza\/sportska-masaza\/","og_site_name":"Beauty Imagini | Holisti\u010dki Centar","article_modified_time":"2018-11-01T02:00:26+00:00","og_image":[{"width":900,"height":632,"url":"https:\/\/www.beautyimagini.com\/wp-content\/uploads\/2015\/12\/img_7.jpg","type":"image\/jpeg"}],"twitter_card":"summary_large_image","twitter_misc":{"Est. reading time":"2 minutes"},"schema":{"@context":"https:\/\/schema.org","@graph":[{"@type":"WebPage","@id":"https:\/\/www.beautyimagini.com\/masaza\/sportska-masaza\/","url":"https:\/\/www.beautyimagini.com\/masaza\/sportska-masaza\/","name":"[:rs]Sportska masa\u017ea[:en]Sports Massage[:] &#8211; Beauty Imagini | Holisti\u010dki Centar","isPartOf":{"@id":"https:\/\/www.beautyimagini.com\/#website"},"primaryImageOfPage":{"@id":"https:\/\/www.beautyimagini.com\/masaza\/sportska-masaza\/#primaryimage"},"image":{"@id":"https:\/\/www.beautyimagini.com\/masaza\/sportska-masaza\/#primaryimage"},"thumbnailUrl":"https:\/\/www.beautyimagini.com\/wp-content\/uploads\/2015\/12\/img_7.jpg","datePublished":"2016-02-16T13:51:41+00:00","dateModified":"2018-11-01T02:00:26+00:00","description":"Masa\u017ea mi\u0161i\u0107no-vezivnog tkiva namenjena sportistima koji su u intenzivnom treningu radi spre\u010davanja upalnih procesa i postizanja boljih sportskih rezultata.","breadcrumb":{"@id":"https:\/\/www.beautyimagini.com\/masaza\/sportska-masaza\/#breadcrumb"},"inLanguage":"en-US","potentialAction":[{"@type":"ReadAction","target":["https:\/\/www.beautyimagini.com\/masaza\/sportska-masaza\/"]}]},{"@type":"ImageObject","inLanguage":"en-US","@id":"https:\/\/www.beautyimagini.com\/masaza\/sportska-masaza\/#primaryimage","url":"https:\/\/www.beautyimagini.com\/wp-content\/uploads\/2015\/12\/img_7.jpg","contentUrl":"https:\/\/www.beautyimagini.com\/wp-content\/uploads\/2015\/12\/img_7.jpg","width":900,"height":632},{"@type":"BreadcrumbList","@id":"https:\/\/www.beautyimagini.com\/masaza\/sportska-masaza\/#breadcrumb","itemListElement":[{"@type":"ListItem","position":1,"name":"Home","item":"https:\/\/www.beautyimagini.com\/"},{"@type":"ListItem","position":2,"name":"Massage","item":"https:\/\/www.beautyimagini.com\/masaza\/"},{"@type":"ListItem","position":3,"name":"Sportska masa\u017ea"}]},{"@type":"WebSite","@id":"https:\/\/www.beautyimagini.com\/#website","url":"https:\/\/www.beautyimagini.com\/","name":"Beauty Imagini | Holisti\u010dki Centar","description":"","potentialAction":[{"@type":"SearchAction","target":{"@type":"EntryPoint","urlTemplate":"https:\/\/www.beautyimagini.com\/?s={search_term_string}"},"query-input":{"@type":"PropertyValueSpecification","valueRequired":true,"valueName":"search_term_string"}}],"inLanguage":"en-US"}]}},"_links":{"self":[{"href":"https:\/\/www.beautyimagini.com\/en\/wp-json\/wp\/v2\/pages\/2787","targetHints":{"allow":["GET"]}}],"collection":[{"href":"https:\/\/www.beautyimagini.com\/en\/wp-json\/wp\/v2\/pages"}],"about":[{"href":"https:\/\/www.beautyimagini.com\/en\/wp-json\/wp\/v2\/types\/page"}],"author":[{"embeddable":true,"href":"https:\/\/www.beautyimagini.com\/en\/wp-json\/wp\/v2\/users\/1"}],"replies":[{"embeddable":true,"href":"https:\/\/www.beautyimagini.com\/en\/wp-json\/wp\/v2\/comments?post=2787"}],"version-history":[{"count":6,"href":"https:\/\/www.beautyimagini.com\/en\/wp-json\/wp\/v2\/pages\/2787\/revisions"}],"predecessor-version":[{"id":5130,"href":"https:\/\/www.beautyimagini.com\/en\/wp-json\/wp\/v2\/pages\/2787\/revisions\/5130"}],"up":[{"embeddable":true,"href":"https:\/\/www.beautyimagini.com\/en\/wp-json\/wp\/v2\/pages\/2037"}],"wp:featuredmedia":[{"embeddable":true,"href":"https:\/\/www.beautyimagini.com\/en\/wp-json\/wp\/v2\/media\/2014"}],"wp:attachment":[{"href":"https:\/\/www.beautyimagini.com\/en\/wp-json\/wp\/v2\/media?parent=2787"}],"curies":[{"name":"wp","href":"https:\/\/api.w.org\/{rel}","templated":true}]}}