{"id":2833,"date":"2016-02-20T11:43:48","date_gmt":"2016-02-20T11:43:48","guid":{"rendered":"https:\/\/www.beautyimagini.com\/?page_id=2833"},"modified":"2018-11-22T23:49:35","modified_gmt":"2018-11-22T22:49:35","slug":"bioregenerativna-aromamasaza","status":"publish","type":"page","link":"https:\/\/www.beautyimagini.com\/en\/masaza\/bioregenerativna-aromamasaza\/","title":{"rendered":"Bio-regenerative \/ Aroma Massage"},"content":{"rendered":"<div class=\"wpb-content-wrapper\">[vc_row][vc_column]<div id=\"ultimate-heading-413969ea8b0a5b806\" class=\"uvc-heading ult-adjust-bottom-margin ultimate-heading-413969ea8b0a5b806 uvc-6045 \" data-hspacer=\"line_only\"  data-halign=\"left\" style=\"text-align:left\"><div class=\"uvc-main-heading ult-responsive\"  data-ultimate-target='.uvc-heading.ultimate-heading-413969ea8b0a5b806 h2'  data-responsive-json-new='{\"font-size\":\"desktop:51px;\",\"line-height\":\"\"}' ><h2 style=\"font-weight:normal;\">Bio-regenerative<\/h2><\/div><div class=\"uvc-sub-heading ult-responsive\"  data-ultimate-target='.uvc-heading.ultimate-heading-413969ea8b0a5b806 .uvc-sub-heading '  data-responsive-json-new='{\"font-size\":\"\",\"line-height\":\"\"}'  style=\"font-weight:normal;\"><em>\u00a0(Aroma-massage)<\/em><\/div><div class=\"uvc-heading-spacer line_only\" style=\"topheight:1px;\"><span class=\"uvc-headings-line\" style=\"border-style:solid;border-bottom-width:1px;border-color:#ccc;width:autopx;\"><\/span><\/div><\/div>[\/vc_column][\/vc_row][vc_row][vc_column width=&#8221;1\/3&#8243; css=&#8221;.vc_custom_1454553137001{border-right-width: 3px !important;border-right-color: #cccccc !important;border-right-style: solid !important;}&#8221;][vc_single_image image=&#8221;1995&#8243; img_size=&#8221;270&#215;270&#8243; alignment=&#8221;center&#8221; style=&#8221;vc_box_outline_circle_2&#8243;]<div class=\"ult-content-box-container \" >\t\t<div class=\"ult-content-box\" style=\"box-shadow: px px px px rgb(247, 247, 247) none;padding-right:10%;padding-left:10%;-webkit-transition: all 700ms ease;-moz-transition: all 700ms ease;-ms-transition: all 700ms ease;-o-transition: all 700ms ease;transition: all 700ms ease;\"  data-hover_box_shadow=\"none\"    ><div class=\"aio-icon-component   style_2\"><a class=\"aio-icon-box-link\" href=\"https:\/\/www.beautyimagini.com\/kontakt\/\" target=\"\"><div id=\"Info-box-wrap-1132\" class=\"aio-icon-box top-icon\" style=\"\"  ><div class=\"aio-icon-top\"><div class=\"ult-just-icon-wrapper \"><div class=\"align-icon\" style=\"text-align:center;\">\n<div class=\"aio-icon circle \" data-animation=\"bounceInDown\" data-animation-delay=\"03\" style=\"color:#ffffff;background:#ffa500;font-size:32px;display:inline-block;\">\n\t<i class=\"Defaults-envelope-o\"><\/i>\n<\/div><\/div><\/div><\/div><div class=\"aio-icon-header\" ><h3 class=\"aio-icon-title ult-responsive\"  data-ultimate-target='#Info-box-wrap-1132 .aio-icon-title'  data-responsive-json-new='{\"font-size\":\"\",\"line-height\":\"\"}'  style=\"\">Book Now<\/h3><\/div> <!-- header --><\/div> <!-- aio-icon-box --><\/a><\/div> <!-- aio-icon-component -->\t\t<\/div><\/div>[\/vc_column][vc_column width=&#8221;2\/3&#8243;][vc_column_text]Traditional massage technique which enables defence mechanisms and models which have been created in moments of different fights or emotional shocks (usually in childhood) when that was the only posible wayfor a person to feel protected. Of course, it is an apparent protection, as in this way chronicle tension spots are created which are very often placed deep in the tissue. In this way, a possibility\u00a0 of an innate vital response of our body is blocked, which results in a decreased sense of satisfaction and joy of life.<\/p>\n<p>Energy aromatherapy relieves such blockages, it reduces the tension and creates space for expressing emotions and the flow of life energy. Five different massage techniques (according to five different personality types) cannot be applied in a schematic way, but each person is treated individually and by using certain essential oils a special technique is created with a deep holistic and multi-dimensional meaning.<\/p>\n<p>It is designed for people who are willing to establish a profound contact with themselves and who have already been trained through other massage techniques (globwell, body wrap, psycho-therapy&#8230;).[\/vc_column_text][vc_column_text]\n<h3>Additional information<\/h3>\n<ul>\n<li class=\"even typeTextfield group3\"><span class=\"itemExtraFieldsLabel\">Price: RSD <\/span><span class=\"itemExtraFieldsValue\">4.500<\/span><\/li>\n<li class=\"odd typeTextfield group3\"><span class=\"itemExtraFieldsLabel\">Duration: <\/span><span class=\"itemExtraFieldsValue\">60-90 min<\/span><\/li>\n<\/ul>\n[\/vc_column_text][\/vc_column][\/vc_row]\n<\/div>","protected":false},"excerpt":{"rendered":"<p>[vc_row][vc_column][\/vc_column][\/vc_row][vc_row][vc_column width=&#8221;1\/3&#8243; css=&#8221;.vc_custom_1454553137001{border-right-width: 3px !important;border-right-color: #cccccc !important;border-right-style: solid !important;}&#8221;][vc_single_image image=&#8221;1995&#8243; img_size=&#8221;270&#215;270&#8243; alignment=&#8221;center&#8221; style=&#8221;vc_box_outline_circle_2&#8243;][\/vc_column][vc_column width=&#8221;2\/3&#8243;][vc_column_text]Traditional massage technique which enables defence mechanisms and models which have been created in moments of different fights or emotional shocks (usually in childhood) when that was the only posible wayfor a person to feel protected. Of course, it is an apparent protection, as in this way&nbsp;<a href=\"https:\/\/www.beautyimagini.com\/en\/masaza\/bioregenerativna-aromamasaza\/\" class=\"read-more\">Continue Reading<\/a><\/p>\n","protected":false},"author":1,"featured_media":3150,"parent":2037,"menu_order":0,"comment_status":"closed","ping_status":"closed","template":"page-fullwidth.php","meta":{"footnotes":""},"class_list":["post-2833","page","type-page","status-publish","has-post-thumbnail","hentry"],"yoast_head":"<!-- This site is optimized with the Yoast SEO plugin v26.9 - https:\/\/yoast.com\/product\/yoast-seo-wordpress\/ -->\n<title>Bio-regenerative \/ Aroma Massage &#8211; Beauty Imagini | Holisti\u010dki Centar<\/title>\n<meta name=\"description\" content=\"Energetskom aromaterapijom blokade popu\u0161taju, smanjuje se napetost i otvara ve\u0107i prostor za izra\u017eavanje emocija i za protok \u017eivotne energije.\" \/>\n<meta name=\"robots\" content=\"index, follow, max-snippet:-1, max-image-preview:large, max-video-preview:-1\" \/>\n<link rel=\"canonical\" href=\"https:\/\/www.beautyimagini.com\/masaza\/bioregenerativna-aromamasaza\/\" \/>\n<meta property=\"og:locale\" content=\"en_US\" \/>\n<meta property=\"og:type\" content=\"article\" \/>\n<meta property=\"og:title\" content=\"[:rs]Bioregenerativna \/ Aromamasa\u017ea[:en]Bio-regenerative \/ Aroma Massage[:] &#8211; Beauty Imagini | Holisti\u010dki Centar\" \/>\n<meta property=\"og:description\" content=\"Energetskom aromaterapijom blokade popu\u0161taju, smanjuje se napetost i otvara ve\u0107i prostor za izra\u017eavanje emocija i za protok \u017eivotne energije.\" \/>\n<meta property=\"og:url\" content=\"https:\/\/www.beautyimagini.com\/masaza\/bioregenerativna-aromamasaza\/\" \/>\n<meta property=\"og:site_name\" content=\"Beauty Imagini | Holisti\u010dki Centar\" \/>\n<meta property=\"article:modified_time\" content=\"2018-11-22T22:49:35+00:00\" \/>\n<meta property=\"og:image\" content=\"https:\/\/www.beautyimagini.com\/wp-content\/uploads\/beauty-salon.jpg\" \/>\n\t<meta property=\"og:image:width\" content=\"400\" \/>\n\t<meta property=\"og:image:height\" content=\"267\" \/>\n\t<meta property=\"og:image:type\" content=\"image\/jpeg\" \/>\n<meta name=\"twitter:card\" content=\"summary_large_image\" \/>\n<meta name=\"twitter:label1\" content=\"Est. reading time\" \/>\n\t<meta name=\"twitter:data1\" content=\"3 minutes\" \/>\n<script type=\"application\/ld+json\" class=\"yoast-schema-graph\">{\"@context\":\"https:\/\/schema.org\",\"@graph\":[{\"@type\":\"WebPage\",\"@id\":\"https:\/\/www.beautyimagini.com\/masaza\/bioregenerativna-aromamasaza\/\",\"url\":\"https:\/\/www.beautyimagini.com\/masaza\/bioregenerativna-aromamasaza\/\",\"name\":\"[:rs]Bioregenerativna \/ Aromamasa\u017ea[:en]Bio-regenerative \/ Aroma Massage[:] &#8211; Beauty Imagini | Holisti\u010dki Centar\",\"isPartOf\":{\"@id\":\"https:\/\/www.beautyimagini.com\/#website\"},\"primaryImageOfPage\":{\"@id\":\"https:\/\/www.beautyimagini.com\/masaza\/bioregenerativna-aromamasaza\/#primaryimage\"},\"image\":{\"@id\":\"https:\/\/www.beautyimagini.com\/masaza\/bioregenerativna-aromamasaza\/#primaryimage\"},\"thumbnailUrl\":\"https:\/\/www.beautyimagini.com\/wp-content\/uploads\/beauty-salon.jpg\",\"datePublished\":\"2016-02-20T11:43:48+00:00\",\"dateModified\":\"2018-11-22T22:49:35+00:00\",\"description\":\"Energetskom aromaterapijom blokade popu\u0161taju, smanjuje se napetost i otvara ve\u0107i prostor za izra\u017eavanje emocija i za protok \u017eivotne energije.\",\"breadcrumb\":{\"@id\":\"https:\/\/www.beautyimagini.com\/masaza\/bioregenerativna-aromamasaza\/#breadcrumb\"},\"inLanguage\":\"en-US\",\"potentialAction\":[{\"@type\":\"ReadAction\",\"target\":[\"https:\/\/www.beautyimagini.com\/masaza\/bioregenerativna-aromamasaza\/\"]}]},{\"@type\":\"ImageObject\",\"inLanguage\":\"en-US\",\"@id\":\"https:\/\/www.beautyimagini.com\/masaza\/bioregenerativna-aromamasaza\/#primaryimage\",\"url\":\"https:\/\/www.beautyimagini.com\/wp-content\/uploads\/beauty-salon.jpg\",\"contentUrl\":\"https:\/\/www.beautyimagini.com\/wp-content\/uploads\/beauty-salon.jpg\",\"width\":400,\"height\":267,\"caption\":\"beauty salon ulje\"},{\"@type\":\"BreadcrumbList\",\"@id\":\"https:\/\/www.beautyimagini.com\/masaza\/bioregenerativna-aromamasaza\/#breadcrumb\",\"itemListElement\":[{\"@type\":\"ListItem\",\"position\":1,\"name\":\"Home\",\"item\":\"https:\/\/www.beautyimagini.com\/\"},{\"@type\":\"ListItem\",\"position\":2,\"name\":\"Massage\",\"item\":\"https:\/\/www.beautyimagini.com\/masaza\/\"},{\"@type\":\"ListItem\",\"position\":3,\"name\":\"Bio-regenerative \/ Aroma Massage\"}]},{\"@type\":\"WebSite\",\"@id\":\"https:\/\/www.beautyimagini.com\/#website\",\"url\":\"https:\/\/www.beautyimagini.com\/\",\"name\":\"Beauty Imagini | Holisti\u010dki Centar\",\"description\":\"\",\"potentialAction\":[{\"@type\":\"SearchAction\",\"target\":{\"@type\":\"EntryPoint\",\"urlTemplate\":\"https:\/\/www.beautyimagini.com\/?s={search_term_string}\"},\"query-input\":{\"@type\":\"PropertyValueSpecification\",\"valueRequired\":true,\"valueName\":\"search_term_string\"}}],\"inLanguage\":\"en-US\"}]}<\/script>\n<!-- \/ Yoast SEO plugin. -->","yoast_head_json":{"title":"[:rs]Bioregenerativna \/ Aromamasa\u017ea[:en]Bio-regenerative \/ Aroma Massage[:] &#8211; Beauty Imagini | Holisti\u010dki Centar","description":"Energetskom aromaterapijom blokade popu\u0161taju, smanjuje se napetost i otvara ve\u0107i prostor za izra\u017eavanje emocija i za protok \u017eivotne energije.","robots":{"index":"index","follow":"follow","max-snippet":"max-snippet:-1","max-image-preview":"max-image-preview:large","max-video-preview":"max-video-preview:-1"},"canonical":"https:\/\/www.beautyimagini.com\/masaza\/bioregenerativna-aromamasaza\/","og_locale":"en_US","og_type":"article","og_title":"[:rs]Bioregenerativna \/ Aromamasa\u017ea[:en]Bio-regenerative \/ Aroma Massage[:] &#8211; Beauty Imagini | Holisti\u010dki Centar","og_description":"Energetskom aromaterapijom blokade popu\u0161taju, smanjuje se napetost i otvara ve\u0107i prostor za izra\u017eavanje emocija i za protok \u017eivotne energije.","og_url":"https:\/\/www.beautyimagini.com\/masaza\/bioregenerativna-aromamasaza\/","og_site_name":"Beauty Imagini | Holisti\u010dki Centar","article_modified_time":"2018-11-22T22:49:35+00:00","og_image":[{"width":400,"height":267,"url":"https:\/\/www.beautyimagini.com\/wp-content\/uploads\/beauty-salon.jpg","type":"image\/jpeg"}],"twitter_card":"summary_large_image","twitter_misc":{"Est. reading time":"3 minutes"},"schema":{"@context":"https:\/\/schema.org","@graph":[{"@type":"WebPage","@id":"https:\/\/www.beautyimagini.com\/masaza\/bioregenerativna-aromamasaza\/","url":"https:\/\/www.beautyimagini.com\/masaza\/bioregenerativna-aromamasaza\/","name":"[:rs]Bioregenerativna \/ Aromamasa\u017ea[:en]Bio-regenerative \/ Aroma Massage[:] &#8211; Beauty Imagini | Holisti\u010dki Centar","isPartOf":{"@id":"https:\/\/www.beautyimagini.com\/#website"},"primaryImageOfPage":{"@id":"https:\/\/www.beautyimagini.com\/masaza\/bioregenerativna-aromamasaza\/#primaryimage"},"image":{"@id":"https:\/\/www.beautyimagini.com\/masaza\/bioregenerativna-aromamasaza\/#primaryimage"},"thumbnailUrl":"https:\/\/www.beautyimagini.com\/wp-content\/uploads\/beauty-salon.jpg","datePublished":"2016-02-20T11:43:48+00:00","dateModified":"2018-11-22T22:49:35+00:00","description":"Energetskom aromaterapijom blokade popu\u0161taju, smanjuje se napetost i otvara ve\u0107i prostor za izra\u017eavanje emocija i za protok \u017eivotne energije.","breadcrumb":{"@id":"https:\/\/www.beautyimagini.com\/masaza\/bioregenerativna-aromamasaza\/#breadcrumb"},"inLanguage":"en-US","potentialAction":[{"@type":"ReadAction","target":["https:\/\/www.beautyimagini.com\/masaza\/bioregenerativna-aromamasaza\/"]}]},{"@type":"ImageObject","inLanguage":"en-US","@id":"https:\/\/www.beautyimagini.com\/masaza\/bioregenerativna-aromamasaza\/#primaryimage","url":"https:\/\/www.beautyimagini.com\/wp-content\/uploads\/beauty-salon.jpg","contentUrl":"https:\/\/www.beautyimagini.com\/wp-content\/uploads\/beauty-salon.jpg","width":400,"height":267,"caption":"beauty salon ulje"},{"@type":"BreadcrumbList","@id":"https:\/\/www.beautyimagini.com\/masaza\/bioregenerativna-aromamasaza\/#breadcrumb","itemListElement":[{"@type":"ListItem","position":1,"name":"Home","item":"https:\/\/www.beautyimagini.com\/"},{"@type":"ListItem","position":2,"name":"Massage","item":"https:\/\/www.beautyimagini.com\/masaza\/"},{"@type":"ListItem","position":3,"name":"Bio-regenerative \/ Aroma Massage"}]},{"@type":"WebSite","@id":"https:\/\/www.beautyimagini.com\/#website","url":"https:\/\/www.beautyimagini.com\/","name":"Beauty Imagini | Holisti\u010dki Centar","description":"","potentialAction":[{"@type":"SearchAction","target":{"@type":"EntryPoint","urlTemplate":"https:\/\/www.beautyimagini.com\/?s={search_term_string}"},"query-input":{"@type":"PropertyValueSpecification","valueRequired":true,"valueName":"search_term_string"}}],"inLanguage":"en-US"}]}},"_links":{"self":[{"href":"https:\/\/www.beautyimagini.com\/en\/wp-json\/wp\/v2\/pages\/2833","targetHints":{"allow":["GET"]}}],"collection":[{"href":"https:\/\/www.beautyimagini.com\/en\/wp-json\/wp\/v2\/pages"}],"about":[{"href":"https:\/\/www.beautyimagini.com\/en\/wp-json\/wp\/v2\/types\/page"}],"author":[{"embeddable":true,"href":"https:\/\/www.beautyimagini.com\/en\/wp-json\/wp\/v2\/users\/1"}],"replies":[{"embeddable":true,"href":"https:\/\/www.beautyimagini.com\/en\/wp-json\/wp\/v2\/comments?post=2833"}],"version-history":[{"count":5,"href":"https:\/\/www.beautyimagini.com\/en\/wp-json\/wp\/v2\/pages\/2833\/revisions"}],"predecessor-version":[{"id":5268,"href":"https:\/\/www.beautyimagini.com\/en\/wp-json\/wp\/v2\/pages\/2833\/revisions\/5268"}],"up":[{"embeddable":true,"href":"https:\/\/www.beautyimagini.com\/en\/wp-json\/wp\/v2\/pages\/2037"}],"wp:featuredmedia":[{"embeddable":true,"href":"https:\/\/www.beautyimagini.com\/en\/wp-json\/wp\/v2\/media\/3150"}],"wp:attachment":[{"href":"https:\/\/www.beautyimagini.com\/en\/wp-json\/wp\/v2\/media?parent=2833"}],"curies":[{"name":"wp","href":"https:\/\/api.w.org\/{rel}","templated":true}]}}