{"id":2838,"date":"2016-02-20T11:52:16","date_gmt":"2016-02-20T11:52:16","guid":{"rendered":"https:\/\/www.beautyimagini.com\/?page_id=2838"},"modified":"2017-07-22T19:42:51","modified_gmt":"2017-07-22T17:42:51","slug":"ampuku","status":"publish","type":"page","link":"https:\/\/www.beautyimagini.com\/en\/parcijalna-masaza-tela\/ampuku\/","title":{"rendered":"Ampuku"},"content":{"rendered":"<div class=\"wpb-content-wrapper\">[vc_row][vc_column]<div id=\"ultimate-heading-102969ea4dcd4e33b\" class=\"uvc-heading ult-adjust-bottom-margin ultimate-heading-102969ea4dcd4e33b uvc-5168 \" data-hspacer=\"line_only\"  data-halign=\"left\" style=\"text-align:left\"><div class=\"uvc-main-heading ult-responsive\"  data-ultimate-target='.uvc-heading.ultimate-heading-102969ea4dcd4e33b h2'  data-responsive-json-new='{\"font-size\":\"desktop:51px;\",\"line-height\":\"\"}' ><h2 style=\"font-weight:normal;\">Ampuku<\/h2><\/div><div class=\"uvc-heading-spacer line_only\" style=\"topheight:1px;\"><span class=\"uvc-headings-line\" style=\"border-style:solid;border-bottom-width:1px;border-color:#ccc;width:autopx;\"><\/span><\/div><\/div>[\/vc_column][\/vc_row][vc_row][vc_column width=&#8221;1\/3&#8243; css=&#8221;.vc_custom_1454553206061{border-right-width: 3px !important;border-right-color: #cccccc !important;border-right-style: solid !important;}&#8221;][vc_single_image image=&#8221;1990&#8243; img_size=&#8221;270&#215;270&#8243; alignment=&#8221;center&#8221; style=&#8221;vc_box_outline_circle_2&#8243;]<div class=\"ult-content-box-container \" >\t\t<div class=\"ult-content-box\" style=\"box-shadow: px px px px rgb(247, 247, 247) none;padding-right:10%;padding-left:10%;-webkit-transition: all 700ms ease;-moz-transition: all 700ms ease;-ms-transition: all 700ms ease;-o-transition: all 700ms ease;transition: all 700ms ease;\"  data-hover_box_shadow=\"none\"    ><div class=\"aio-icon-component   style_2\"><a class=\"aio-icon-box-link\" href=\"https:\/\/www.beautyimagini.com\/kontakt\/\" target=\"\"><div id=\"Info-box-wrap-1157\" class=\"aio-icon-box top-icon\" style=\"\"  ><div class=\"aio-icon-top\"><div class=\"ult-just-icon-wrapper \"><div class=\"align-icon\" style=\"text-align:center;\">\n<div class=\"aio-icon circle \" data-animation=\"bounceInDown\" data-animation-delay=\"03\" style=\"color:#ffffff;background:#ffa500;font-size:32px;display:inline-block;\">\n\t<i class=\"Defaults-envelope-o\"><\/i>\n<\/div><\/div><\/div><\/div><div class=\"aio-icon-header\" ><h3 class=\"aio-icon-title ult-responsive\"  data-ultimate-target='#Info-box-wrap-1157 .aio-icon-title'  data-responsive-json-new='{\"font-size\":\"\",\"line-height\":\"\"}'  style=\"\">Book Now<\/h3><\/div> <!-- header --><\/div> <!-- aio-icon-box --><\/a><\/div> <!-- aio-icon-component -->\t\t<\/div><\/div>[\/vc_column][vc_column width=&#8221;2\/3&#8243;][vc_column_text]Abdominal massage technique developed in Japan (brought from China), in which the diagnosis and mitigation (or complete healing) of the symptoms which can occur in the stomach (collon irritation, swelling, digestive problems, endometriosis\u2026) are done by palpation of the abdomen. The essence of this technique is in the oriental philosophy which connects the mind and the body through the energy pathways, the centre of which is Hara (the centre of vital energy).<\/p>\n<p>This is a very useful technique for people with slow metabolic processes (it helps with the treatment of weight loss), as well as in those who cannot \u201cdigest\u201d circumstances they live in (psychological level).<\/p>\n<p>Ginger or termal mud compresses (blood purification, faster toxin elimination, strengthening and revitalising the kidney function\u2026) increase the effects of the ampuku technique.[\/vc_column_text][vc_column_text]\n<div class=\"itemExtraFields\">\n<div class=\"itemExtraFields\">\n<h3>Additional information<\/h3>\n<ul>\n<li class=\"even typeTextfield group3\"><span class=\"itemExtraFieldsLabel\">Price: RSD <\/span><span class=\"itemExtraFieldsValue\">1.200<br \/>\n<\/span><\/li>\n<li class=\"odd typeTextfield group3\"><span class=\"itemExtraFieldsLabel\">Duration: 3<\/span><span class=\"itemExtraFieldsValue\">0 min<\/span><\/li>\n<\/ul>\n<p><em>With ginger compress\/termal mud:<\/em><\/p>\n<ul>\n<li class=\"even typeTextfield group3\"><span class=\"itemExtraFieldsLabel\">Price: RSD <\/span><span class=\"itemExtraFieldsValue\">1.200<br \/>\n<\/span><\/li>\n<li class=\"odd typeTextfield group3\"><span class=\"itemExtraFieldsLabel\">Duration: 3<\/span><span class=\"itemExtraFieldsValue\">0 min<\/span><\/li>\n<\/ul>\n<\/div>\n<\/div>\n[\/vc_column_text][\/vc_column][\/vc_row]\n<\/div>","protected":false},"excerpt":{"rendered":"<p>[vc_row][vc_column][\/vc_column][\/vc_row][vc_row][vc_column width=&#8221;1\/3&#8243; css=&#8221;.vc_custom_1454553206061{border-right-width: 3px !important;border-right-color: #cccccc !important;border-right-style: solid !important;}&#8221;][vc_single_image image=&#8221;1990&#8243; img_size=&#8221;270&#215;270&#8243; alignment=&#8221;center&#8221; style=&#8221;vc_box_outline_circle_2&#8243;][\/vc_column][vc_column width=&#8221;2\/3&#8243;][vc_column_text]Abdominal massage technique developed in Japan (brought from China), in which the diagnosis and mitigation (or complete healing) of the symptoms which can occur in the stomach (collon irritation, swelling, digestive problems, endometriosis\u2026) are done by palpation of the abdomen. The essence of this technique is in&nbsp;<a href=\"https:\/\/www.beautyimagini.com\/en\/parcijalna-masaza-tela\/ampuku\/\" class=\"read-more\">Continue Reading<\/a><\/p>\n","protected":false},"author":1,"featured_media":3669,"parent":2792,"menu_order":0,"comment_status":"closed","ping_status":"closed","template":"page-fullwidth.php","meta":{"footnotes":""},"class_list":["post-2838","page","type-page","status-publish","has-post-thumbnail","hentry"],"yoast_head":"<!-- This site is optimized with the Yoast SEO plugin v26.9 - https:\/\/yoast.com\/product\/yoast-seo-wordpress\/ -->\n<title>Ampuku &#8211; Beauty Imagini | Holisti\u010dki Centar<\/title>\n<meta name=\"description\" content=\"Tehnika masa\u017ee stomaka razvijana u Japanu (preneta iz Kine), u kojoj se palpacijom abdomena vr\u0161i dijagnostika i ubla\u017eavanje (ili potpuno nestajenje) stoma\u010dnih tegoba.\" \/>\n<meta name=\"robots\" content=\"index, follow, max-snippet:-1, max-image-preview:large, max-video-preview:-1\" \/>\n<link rel=\"canonical\" href=\"https:\/\/www.beautyimagini.com\/parcijalna-masaza-tela\/ampuku\/\" \/>\n<meta property=\"og:locale\" content=\"en_US\" \/>\n<meta property=\"og:type\" content=\"article\" \/>\n<meta property=\"og:title\" content=\"Ampuku &#8211; Beauty Imagini | Holisti\u010dki Centar\" \/>\n<meta property=\"og:description\" content=\"Tehnika masa\u017ee stomaka razvijana u Japanu (preneta iz Kine), u kojoj se palpacijom abdomena vr\u0161i dijagnostika i ubla\u017eavanje (ili potpuno nestajenje) stoma\u010dnih tegoba.\" \/>\n<meta property=\"og:url\" content=\"https:\/\/www.beautyimagini.com\/parcijalna-masaza-tela\/ampuku\/\" \/>\n<meta property=\"og:site_name\" content=\"Beauty Imagini | Holisti\u010dki Centar\" \/>\n<meta property=\"article:modified_time\" content=\"2017-07-22T17:42:51+00:00\" \/>\n<meta property=\"og:image\" content=\"https:\/\/www.beautyimagini.com\/wp-content\/uploads\/ampuku-002.jpg\" \/>\n\t<meta property=\"og:image:width\" content=\"682\" \/>\n\t<meta property=\"og:image:height\" content=\"495\" \/>\n\t<meta property=\"og:image:type\" content=\"image\/jpeg\" \/>\n<meta name=\"twitter:card\" content=\"summary_large_image\" \/>\n<meta name=\"twitter:label1\" content=\"Est. reading time\" \/>\n\t<meta name=\"twitter:data1\" content=\"3 minutes\" \/>\n<script type=\"application\/ld+json\" class=\"yoast-schema-graph\">{\"@context\":\"https:\/\/schema.org\",\"@graph\":[{\"@type\":\"WebPage\",\"@id\":\"https:\/\/www.beautyimagini.com\/parcijalna-masaza-tela\/ampuku\/\",\"url\":\"https:\/\/www.beautyimagini.com\/parcijalna-masaza-tela\/ampuku\/\",\"name\":\"Ampuku &#8211; Beauty Imagini | Holisti\u010dki Centar\",\"isPartOf\":{\"@id\":\"https:\/\/www.beautyimagini.com\/#website\"},\"primaryImageOfPage\":{\"@id\":\"https:\/\/www.beautyimagini.com\/parcijalna-masaza-tela\/ampuku\/#primaryimage\"},\"image\":{\"@id\":\"https:\/\/www.beautyimagini.com\/parcijalna-masaza-tela\/ampuku\/#primaryimage\"},\"thumbnailUrl\":\"https:\/\/www.beautyimagini.com\/wp-content\/uploads\/ampuku-002.jpg\",\"datePublished\":\"2016-02-20T11:52:16+00:00\",\"dateModified\":\"2017-07-22T17:42:51+00:00\",\"description\":\"Tehnika masa\u017ee stomaka razvijana u Japanu (preneta iz Kine), u kojoj se palpacijom abdomena vr\u0161i dijagnostika i ubla\u017eavanje (ili potpuno nestajenje) stoma\u010dnih tegoba.\",\"breadcrumb\":{\"@id\":\"https:\/\/www.beautyimagini.com\/parcijalna-masaza-tela\/ampuku\/#breadcrumb\"},\"inLanguage\":\"en-US\",\"potentialAction\":[{\"@type\":\"ReadAction\",\"target\":[\"https:\/\/www.beautyimagini.com\/parcijalna-masaza-tela\/ampuku\/\"]}]},{\"@type\":\"ImageObject\",\"inLanguage\":\"en-US\",\"@id\":\"https:\/\/www.beautyimagini.com\/parcijalna-masaza-tela\/ampuku\/#primaryimage\",\"url\":\"https:\/\/www.beautyimagini.com\/wp-content\/uploads\/ampuku-002.jpg\",\"contentUrl\":\"https:\/\/www.beautyimagini.com\/wp-content\/uploads\/ampuku-002.jpg\",\"width\":682,\"height\":495},{\"@type\":\"BreadcrumbList\",\"@id\":\"https:\/\/www.beautyimagini.com\/parcijalna-masaza-tela\/ampuku\/#breadcrumb\",\"itemListElement\":[{\"@type\":\"ListItem\",\"position\":1,\"name\":\"Home\",\"item\":\"https:\/\/www.beautyimagini.com\/\"},{\"@type\":\"ListItem\",\"position\":2,\"name\":\"Parcijalna masa\u017ea tela\",\"item\":\"https:\/\/www.beautyimagini.com\/parcijalna-masaza-tela\/\"},{\"@type\":\"ListItem\",\"position\":3,\"name\":\"Ampuku\"}]},{\"@type\":\"WebSite\",\"@id\":\"https:\/\/www.beautyimagini.com\/#website\",\"url\":\"https:\/\/www.beautyimagini.com\/\",\"name\":\"Beauty Imagini | Holisti\u010dki Centar\",\"description\":\"\",\"potentialAction\":[{\"@type\":\"SearchAction\",\"target\":{\"@type\":\"EntryPoint\",\"urlTemplate\":\"https:\/\/www.beautyimagini.com\/?s={search_term_string}\"},\"query-input\":{\"@type\":\"PropertyValueSpecification\",\"valueRequired\":true,\"valueName\":\"search_term_string\"}}],\"inLanguage\":\"en-US\"}]}<\/script>\n<!-- \/ Yoast SEO plugin. -->","yoast_head_json":{"title":"Ampuku &#8211; Beauty Imagini | Holisti\u010dki Centar","description":"Tehnika masa\u017ee stomaka razvijana u Japanu (preneta iz Kine), u kojoj se palpacijom abdomena vr\u0161i dijagnostika i ubla\u017eavanje (ili potpuno nestajenje) stoma\u010dnih tegoba.","robots":{"index":"index","follow":"follow","max-snippet":"max-snippet:-1","max-image-preview":"max-image-preview:large","max-video-preview":"max-video-preview:-1"},"canonical":"https:\/\/www.beautyimagini.com\/parcijalna-masaza-tela\/ampuku\/","og_locale":"en_US","og_type":"article","og_title":"Ampuku &#8211; Beauty Imagini | Holisti\u010dki Centar","og_description":"Tehnika masa\u017ee stomaka razvijana u Japanu (preneta iz Kine), u kojoj se palpacijom abdomena vr\u0161i dijagnostika i ubla\u017eavanje (ili potpuno nestajenje) stoma\u010dnih tegoba.","og_url":"https:\/\/www.beautyimagini.com\/parcijalna-masaza-tela\/ampuku\/","og_site_name":"Beauty Imagini | Holisti\u010dki Centar","article_modified_time":"2017-07-22T17:42:51+00:00","og_image":[{"width":682,"height":495,"url":"https:\/\/www.beautyimagini.com\/wp-content\/uploads\/ampuku-002.jpg","type":"image\/jpeg"}],"twitter_card":"summary_large_image","twitter_misc":{"Est. reading time":"3 minutes"},"schema":{"@context":"https:\/\/schema.org","@graph":[{"@type":"WebPage","@id":"https:\/\/www.beautyimagini.com\/parcijalna-masaza-tela\/ampuku\/","url":"https:\/\/www.beautyimagini.com\/parcijalna-masaza-tela\/ampuku\/","name":"Ampuku &#8211; Beauty Imagini | Holisti\u010dki Centar","isPartOf":{"@id":"https:\/\/www.beautyimagini.com\/#website"},"primaryImageOfPage":{"@id":"https:\/\/www.beautyimagini.com\/parcijalna-masaza-tela\/ampuku\/#primaryimage"},"image":{"@id":"https:\/\/www.beautyimagini.com\/parcijalna-masaza-tela\/ampuku\/#primaryimage"},"thumbnailUrl":"https:\/\/www.beautyimagini.com\/wp-content\/uploads\/ampuku-002.jpg","datePublished":"2016-02-20T11:52:16+00:00","dateModified":"2017-07-22T17:42:51+00:00","description":"Tehnika masa\u017ee stomaka razvijana u Japanu (preneta iz Kine), u kojoj se palpacijom abdomena vr\u0161i dijagnostika i ubla\u017eavanje (ili potpuno nestajenje) stoma\u010dnih tegoba.","breadcrumb":{"@id":"https:\/\/www.beautyimagini.com\/parcijalna-masaza-tela\/ampuku\/#breadcrumb"},"inLanguage":"en-US","potentialAction":[{"@type":"ReadAction","target":["https:\/\/www.beautyimagini.com\/parcijalna-masaza-tela\/ampuku\/"]}]},{"@type":"ImageObject","inLanguage":"en-US","@id":"https:\/\/www.beautyimagini.com\/parcijalna-masaza-tela\/ampuku\/#primaryimage","url":"https:\/\/www.beautyimagini.com\/wp-content\/uploads\/ampuku-002.jpg","contentUrl":"https:\/\/www.beautyimagini.com\/wp-content\/uploads\/ampuku-002.jpg","width":682,"height":495},{"@type":"BreadcrumbList","@id":"https:\/\/www.beautyimagini.com\/parcijalna-masaza-tela\/ampuku\/#breadcrumb","itemListElement":[{"@type":"ListItem","position":1,"name":"Home","item":"https:\/\/www.beautyimagini.com\/"},{"@type":"ListItem","position":2,"name":"Parcijalna masa\u017ea tela","item":"https:\/\/www.beautyimagini.com\/parcijalna-masaza-tela\/"},{"@type":"ListItem","position":3,"name":"Ampuku"}]},{"@type":"WebSite","@id":"https:\/\/www.beautyimagini.com\/#website","url":"https:\/\/www.beautyimagini.com\/","name":"Beauty Imagini | Holisti\u010dki Centar","description":"","potentialAction":[{"@type":"SearchAction","target":{"@type":"EntryPoint","urlTemplate":"https:\/\/www.beautyimagini.com\/?s={search_term_string}"},"query-input":{"@type":"PropertyValueSpecification","valueRequired":true,"valueName":"search_term_string"}}],"inLanguage":"en-US"}]}},"_links":{"self":[{"href":"https:\/\/www.beautyimagini.com\/en\/wp-json\/wp\/v2\/pages\/2838","targetHints":{"allow":["GET"]}}],"collection":[{"href":"https:\/\/www.beautyimagini.com\/en\/wp-json\/wp\/v2\/pages"}],"about":[{"href":"https:\/\/www.beautyimagini.com\/en\/wp-json\/wp\/v2\/types\/page"}],"author":[{"embeddable":true,"href":"https:\/\/www.beautyimagini.com\/en\/wp-json\/wp\/v2\/users\/1"}],"replies":[{"embeddable":true,"href":"https:\/\/www.beautyimagini.com\/en\/wp-json\/wp\/v2\/comments?post=2838"}],"version-history":[{"count":1,"href":"https:\/\/www.beautyimagini.com\/en\/wp-json\/wp\/v2\/pages\/2838\/revisions"}],"predecessor-version":[{"id":4766,"href":"https:\/\/www.beautyimagini.com\/en\/wp-json\/wp\/v2\/pages\/2838\/revisions\/4766"}],"up":[{"embeddable":true,"href":"https:\/\/www.beautyimagini.com\/en\/wp-json\/wp\/v2\/pages\/2792"}],"wp:featuredmedia":[{"embeddable":true,"href":"https:\/\/www.beautyimagini.com\/en\/wp-json\/wp\/v2\/media\/3669"}],"wp:attachment":[{"href":"https:\/\/www.beautyimagini.com\/en\/wp-json\/wp\/v2\/media?parent=2838"}],"curies":[{"name":"wp","href":"https:\/\/api.w.org\/{rel}","templated":true}]}}