{"id":2845,"date":"2016-02-20T12:03:55","date_gmt":"2016-02-20T12:03:55","guid":{"rendered":"https:\/\/www.beautyimagini.com\/?page_id=2845"},"modified":"2018-11-22T22:21:42","modified_gmt":"2018-11-22T21:21:42","slug":"refleksologija-stopala","status":"publish","type":"page","link":"https:\/\/www.beautyimagini.com\/en\/parcijalna-masaza-tela\/refleksologija-stopala\/","title":{"rendered":"Foot Reflexology"},"content":{"rendered":"<div class=\"wpb-content-wrapper\">[vc_row][vc_column]<div id=\"ultimate-heading-245769ea8b0c5674f\" class=\"uvc-heading ult-adjust-bottom-margin ultimate-heading-245769ea8b0c5674f uvc-2318 \" data-hspacer=\"line_only\"  data-halign=\"left\" style=\"text-align:left\"><div class=\"uvc-main-heading ult-responsive\"  data-ultimate-target='.uvc-heading.ultimate-heading-245769ea8b0c5674f h2'  data-responsive-json-new='{\"font-size\":\"desktop:51px;\",\"line-height\":\"\"}' ><h2 style=\"font-weight:normal;\">Foot Reflexology<\/h2><\/div><div class=\"uvc-heading-spacer line_only\" style=\"topheight:1px;\"><span class=\"uvc-headings-line\" style=\"border-style:solid;border-bottom-width:1px;border-color:#ccc;width:autopx;\"><\/span><\/div><\/div>[\/vc_column][\/vc_row][vc_row][vc_column width=&#8221;1\/3&#8243; css=&#8221;.vc_custom_1454553206061{border-right-width: 3px !important;border-right-color: #cccccc !important;border-right-style: solid !important;}&#8221;][vc_single_image image=&#8221;1990&#8243; img_size=&#8221;270&#215;270&#8243; alignment=&#8221;center&#8221; style=&#8221;vc_box_outline_circle_2&#8243;]<div class=\"ult-content-box-container \" >\t\t<div class=\"ult-content-box\" style=\"box-shadow: px px px px rgb(247, 247, 247) none;padding-right:10%;padding-left:10%;-webkit-transition: all 700ms ease;-moz-transition: all 700ms ease;-ms-transition: all 700ms ease;-o-transition: all 700ms ease;transition: all 700ms ease;\"  data-hover_box_shadow=\"none\"    ><div class=\"aio-icon-component   style_2\"><a class=\"aio-icon-box-link\" href=\"https:\/\/www.beautyimagini.com\/kontakt\/\" target=\"\"><div id=\"Info-box-wrap-7963\" class=\"aio-icon-box top-icon\" style=\"\"  ><div class=\"aio-icon-top\"><div class=\"ult-just-icon-wrapper \"><div class=\"align-icon\" style=\"text-align:center;\">\n<div class=\"aio-icon circle \" data-animation=\"bounceInDown\" data-animation-delay=\"03\" style=\"color:#ffffff;background:#ffa500;font-size:32px;display:inline-block;\">\n\t<i class=\"Defaults-envelope-o\"><\/i>\n<\/div><\/div><\/div><\/div><div class=\"aio-icon-header\" ><h3 class=\"aio-icon-title ult-responsive\"  data-ultimate-target='#Info-box-wrap-7963 .aio-icon-title'  data-responsive-json-new='{\"font-size\":\"\",\"line-height\":\"\"}'  style=\"\">Book Now<\/h3><\/div> <!-- header --><\/div> <!-- aio-icon-box --><\/a><\/div> <!-- aio-icon-component -->\t\t<\/div><\/div>[\/vc_column][vc_column width=&#8221;2\/3&#8243;][vc_column_text]Foot massage is one of the oldest massage techniques. A particularly perfected technique of stimulation of specific points on the feet has a direct influence on specific organs in the whole body and alleviates or completely removes the pain, not only in feet but in organs with which these points corresponds.<\/p>\n<p>According to reflexology, the body consists of 14 channels that transfer the energy through the nerves, lymph, blood. If, for any reason, this flow is interrupted, it is necessary to establish it by applying adequate stimulation.<\/p>\n<p>Through a massage (centuries old experiences teach us this) we can act in such a way to unblock the energy pathways. In this way, we can stimulate the internal organs, especially when it comes to the pain of certain organs (stomach, lungs, throat\u2026) and when the massage of the painful parts impossible.[\/vc_column_text][vc_column_text]\n<div class=\"itemExtraFields\">\n<div class=\"itemExtraFields\">\n<h3>Additional information:<\/h3>\n<ul>\n<li class=\"even typeTextfield group3\"><span class=\"itemExtraFieldsLabel\">Price: RSD <\/span><span class=\"itemExtraFieldsValue\">1.400<\/span><\/li>\n<li class=\"odd typeTextfield group3\"><span class=\"itemExtraFieldsLabel\">Duration: 30<\/span><span class=\"itemExtraFieldsValue\"> min<\/span><\/li>\n<\/ul>\n<p><em>Reflexology + Paraffin wrap: 45 min<\/em><br \/>\n<em>Price: RSD 1.700,00<br \/>\n<\/em><\/p>\n<\/div>\n<\/div>\n[\/vc_column_text][\/vc_column][\/vc_row]\n<\/div>","protected":false},"excerpt":{"rendered":"<p>[vc_row][vc_column][\/vc_column][\/vc_row][vc_row][vc_column width=&#8221;1\/3&#8243; css=&#8221;.vc_custom_1454553206061{border-right-width: 3px !important;border-right-color: #cccccc !important;border-right-style: solid !important;}&#8221;][vc_single_image image=&#8221;1990&#8243; img_size=&#8221;270&#215;270&#8243; alignment=&#8221;center&#8221; style=&#8221;vc_box_outline_circle_2&#8243;][\/vc_column][vc_column width=&#8221;2\/3&#8243;][vc_column_text]Foot massage is one of the oldest massage techniques. A particularly perfected technique of stimulation of specific points on the feet has a direct influence on specific organs in the whole body and alleviates or completely removes the pain, not only in feet but in organs with&nbsp;<a href=\"https:\/\/www.beautyimagini.com\/en\/parcijalna-masaza-tela\/refleksologija-stopala\/\" class=\"read-more\">Continue Reading<\/a><\/p>\n","protected":false},"author":1,"featured_media":3671,"parent":2792,"menu_order":0,"comment_status":"closed","ping_status":"closed","template":"page-fullwidth.php","meta":{"footnotes":""},"class_list":["post-2845","page","type-page","status-publish","has-post-thumbnail","hentry"],"yoast_head":"<!-- This site is optimized with the Yoast SEO plugin v26.9 - https:\/\/yoast.com\/product\/yoast-seo-wordpress\/ -->\n<title>Foot Reflexology &#8211; Beauty Imagini | Holisti\u010dki Centar<\/title>\n<meta name=\"description\" content=\"[:rs]Refleksologija stopala je posebno usavr\u0161ena tehnika stimulacije refleksnih ta\u010daka na stopalu koja direktno uti\u010de na organe u celom telu i deluje na ubla\u017eavanje ili potpuno otklanjanje bolova, kako u nogama, tako i u organima sa kojima ove ta\u010dke korespondiraju.[:en]A particularly perfected stimulation technique of specific points on the feet that has a direct influence on specific organs in the whole body and alleviates or completely removes the pain, not only in feet but in organs these points corresponds with.[:]\" \/>\n<meta name=\"robots\" content=\"index, follow, max-snippet:-1, max-image-preview:large, max-video-preview:-1\" \/>\n<link rel=\"canonical\" href=\"https:\/\/www.beautyimagini.com\/parcijalna-masaza-tela\/refleksologija-stopala\/\" \/>\n<meta property=\"og:locale\" content=\"en_US\" \/>\n<meta property=\"og:type\" content=\"article\" \/>\n<meta property=\"og:title\" content=\"[:rs]Refleksologija stopala[:en]Foot Reflexology[:] &#8211; Beauty Imagini | Holisti\u010dki Centar\" \/>\n<meta property=\"og:description\" content=\"[:rs]Refleksologija stopala je posebno usavr\u0161ena tehnika stimulacije refleksnih ta\u010daka na stopalu koja direktno uti\u010de na organe u celom telu i deluje na ubla\u017eavanje ili potpuno otklanjanje bolova, kako u nogama, tako i u organima sa kojima ove ta\u010dke korespondiraju.[:en]A particularly perfected stimulation technique of specific points on the feet that has a direct influence on specific organs in the whole body and alleviates or completely removes the pain, not only in feet but in organs these points corresponds with.[:]\" \/>\n<meta property=\"og:url\" content=\"https:\/\/www.beautyimagini.com\/parcijalna-masaza-tela\/refleksologija-stopala\/\" \/>\n<meta property=\"og:site_name\" content=\"Beauty Imagini | Holisti\u010dki Centar\" \/>\n<meta property=\"article:modified_time\" content=\"2018-11-22T21:21:42+00:00\" \/>\n<meta property=\"og:image\" content=\"https:\/\/www.beautyimagini.com\/wp-content\/uploads\/refleksologija-001.jpg\" \/>\n\t<meta property=\"og:image:width\" content=\"800\" \/>\n\t<meta property=\"og:image:height\" content=\"533\" \/>\n\t<meta property=\"og:image:type\" content=\"image\/jpeg\" \/>\n<meta name=\"twitter:card\" content=\"summary_large_image\" \/>\n<meta name=\"twitter:label1\" content=\"Est. reading time\" \/>\n\t<meta name=\"twitter:data1\" content=\"3 minutes\" \/>\n<script type=\"application\/ld+json\" class=\"yoast-schema-graph\">{\"@context\":\"https:\/\/schema.org\",\"@graph\":[{\"@type\":\"WebPage\",\"@id\":\"https:\/\/www.beautyimagini.com\/parcijalna-masaza-tela\/refleksologija-stopala\/\",\"url\":\"https:\/\/www.beautyimagini.com\/parcijalna-masaza-tela\/refleksologija-stopala\/\",\"name\":\"[:rs]Refleksologija stopala[:en]Foot Reflexology[:] &#8211; Beauty Imagini | Holisti\u010dki Centar\",\"isPartOf\":{\"@id\":\"https:\/\/www.beautyimagini.com\/#website\"},\"primaryImageOfPage\":{\"@id\":\"https:\/\/www.beautyimagini.com\/parcijalna-masaza-tela\/refleksologija-stopala\/#primaryimage\"},\"image\":{\"@id\":\"https:\/\/www.beautyimagini.com\/parcijalna-masaza-tela\/refleksologija-stopala\/#primaryimage\"},\"thumbnailUrl\":\"https:\/\/www.beautyimagini.com\/wp-content\/uploads\/refleksologija-001.jpg\",\"datePublished\":\"2016-02-20T12:03:55+00:00\",\"dateModified\":\"2018-11-22T21:21:42+00:00\",\"description\":\"[:rs]Refleksologija stopala je posebno usavr\u0161ena tehnika stimulacije refleksnih ta\u010daka na stopalu koja direktno uti\u010de na organe u celom telu i deluje na ubla\u017eavanje ili potpuno otklanjanje bolova, kako u nogama, tako i u organima sa kojima ove ta\u010dke korespondiraju.[:en]A particularly perfected stimulation technique of specific points on the feet that has a direct influence on specific organs in the whole body and alleviates or completely removes the pain, not only in feet but in organs these points corresponds with.[:]\",\"breadcrumb\":{\"@id\":\"https:\/\/www.beautyimagini.com\/parcijalna-masaza-tela\/refleksologija-stopala\/#breadcrumb\"},\"inLanguage\":\"en-US\",\"potentialAction\":[{\"@type\":\"ReadAction\",\"target\":[\"https:\/\/www.beautyimagini.com\/parcijalna-masaza-tela\/refleksologija-stopala\/\"]}]},{\"@type\":\"ImageObject\",\"inLanguage\":\"en-US\",\"@id\":\"https:\/\/www.beautyimagini.com\/parcijalna-masaza-tela\/refleksologija-stopala\/#primaryimage\",\"url\":\"https:\/\/www.beautyimagini.com\/wp-content\/uploads\/refleksologija-001.jpg\",\"contentUrl\":\"https:\/\/www.beautyimagini.com\/wp-content\/uploads\/refleksologija-001.jpg\",\"width\":800,\"height\":533,\"caption\":\"Refleksologija - masaza stopala\"},{\"@type\":\"BreadcrumbList\",\"@id\":\"https:\/\/www.beautyimagini.com\/parcijalna-masaza-tela\/refleksologija-stopala\/#breadcrumb\",\"itemListElement\":[{\"@type\":\"ListItem\",\"position\":1,\"name\":\"Home\",\"item\":\"https:\/\/www.beautyimagini.com\/\"},{\"@type\":\"ListItem\",\"position\":2,\"name\":\"Parcijalna masa\u017ea tela\",\"item\":\"https:\/\/www.beautyimagini.com\/parcijalna-masaza-tela\/\"},{\"@type\":\"ListItem\",\"position\":3,\"name\":\"Foot Reflexology\"}]},{\"@type\":\"WebSite\",\"@id\":\"https:\/\/www.beautyimagini.com\/#website\",\"url\":\"https:\/\/www.beautyimagini.com\/\",\"name\":\"Beauty Imagini | Holisti\u010dki Centar\",\"description\":\"\",\"potentialAction\":[{\"@type\":\"SearchAction\",\"target\":{\"@type\":\"EntryPoint\",\"urlTemplate\":\"https:\/\/www.beautyimagini.com\/?s={search_term_string}\"},\"query-input\":{\"@type\":\"PropertyValueSpecification\",\"valueRequired\":true,\"valueName\":\"search_term_string\"}}],\"inLanguage\":\"en-US\"}]}<\/script>\n<!-- \/ Yoast SEO plugin. -->","yoast_head_json":{"title":"[:rs]Refleksologija stopala[:en]Foot Reflexology[:] &#8211; Beauty Imagini | Holisti\u010dki Centar","description":"[:rs]Refleksologija stopala je posebno usavr\u0161ena tehnika stimulacije refleksnih ta\u010daka na stopalu koja direktno uti\u010de na organe u celom telu i deluje na ubla\u017eavanje ili potpuno otklanjanje bolova, kako u nogama, tako i u organima sa kojima ove ta\u010dke korespondiraju.[:en]A particularly perfected stimulation technique of specific points on the feet that has a direct influence on specific organs in the whole body and alleviates or completely removes the pain, not only in feet but in organs these points corresponds with.[:]","robots":{"index":"index","follow":"follow","max-snippet":"max-snippet:-1","max-image-preview":"max-image-preview:large","max-video-preview":"max-video-preview:-1"},"canonical":"https:\/\/www.beautyimagini.com\/parcijalna-masaza-tela\/refleksologija-stopala\/","og_locale":"en_US","og_type":"article","og_title":"[:rs]Refleksologija stopala[:en]Foot Reflexology[:] &#8211; Beauty Imagini | Holisti\u010dki Centar","og_description":"[:rs]Refleksologija stopala je posebno usavr\u0161ena tehnika stimulacije refleksnih ta\u010daka na stopalu koja direktno uti\u010de na organe u celom telu i deluje na ubla\u017eavanje ili potpuno otklanjanje bolova, kako u nogama, tako i u organima sa kojima ove ta\u010dke korespondiraju.[:en]A particularly perfected stimulation technique of specific points on the feet that has a direct influence on specific organs in the whole body and alleviates or completely removes the pain, not only in feet but in organs these points corresponds with.[:]","og_url":"https:\/\/www.beautyimagini.com\/parcijalna-masaza-tela\/refleksologija-stopala\/","og_site_name":"Beauty Imagini | Holisti\u010dki Centar","article_modified_time":"2018-11-22T21:21:42+00:00","og_image":[{"width":800,"height":533,"url":"https:\/\/www.beautyimagini.com\/wp-content\/uploads\/refleksologija-001.jpg","type":"image\/jpeg"}],"twitter_card":"summary_large_image","twitter_misc":{"Est. reading time":"3 minutes"},"schema":{"@context":"https:\/\/schema.org","@graph":[{"@type":"WebPage","@id":"https:\/\/www.beautyimagini.com\/parcijalna-masaza-tela\/refleksologija-stopala\/","url":"https:\/\/www.beautyimagini.com\/parcijalna-masaza-tela\/refleksologija-stopala\/","name":"[:rs]Refleksologija stopala[:en]Foot Reflexology[:] &#8211; Beauty Imagini | Holisti\u010dki Centar","isPartOf":{"@id":"https:\/\/www.beautyimagini.com\/#website"},"primaryImageOfPage":{"@id":"https:\/\/www.beautyimagini.com\/parcijalna-masaza-tela\/refleksologija-stopala\/#primaryimage"},"image":{"@id":"https:\/\/www.beautyimagini.com\/parcijalna-masaza-tela\/refleksologija-stopala\/#primaryimage"},"thumbnailUrl":"https:\/\/www.beautyimagini.com\/wp-content\/uploads\/refleksologija-001.jpg","datePublished":"2016-02-20T12:03:55+00:00","dateModified":"2018-11-22T21:21:42+00:00","description":"[:rs]Refleksologija stopala je posebno usavr\u0161ena tehnika stimulacije refleksnih ta\u010daka na stopalu koja direktno uti\u010de na organe u celom telu i deluje na ubla\u017eavanje ili potpuno otklanjanje bolova, kako u nogama, tako i u organima sa kojima ove ta\u010dke korespondiraju.[:en]A particularly perfected stimulation technique of specific points on the feet that has a direct influence on specific organs in the whole body and alleviates or completely removes the pain, not only in feet but in organs these points corresponds with.[:]","breadcrumb":{"@id":"https:\/\/www.beautyimagini.com\/parcijalna-masaza-tela\/refleksologija-stopala\/#breadcrumb"},"inLanguage":"en-US","potentialAction":[{"@type":"ReadAction","target":["https:\/\/www.beautyimagini.com\/parcijalna-masaza-tela\/refleksologija-stopala\/"]}]},{"@type":"ImageObject","inLanguage":"en-US","@id":"https:\/\/www.beautyimagini.com\/parcijalna-masaza-tela\/refleksologija-stopala\/#primaryimage","url":"https:\/\/www.beautyimagini.com\/wp-content\/uploads\/refleksologija-001.jpg","contentUrl":"https:\/\/www.beautyimagini.com\/wp-content\/uploads\/refleksologija-001.jpg","width":800,"height":533,"caption":"Refleksologija - masaza stopala"},{"@type":"BreadcrumbList","@id":"https:\/\/www.beautyimagini.com\/parcijalna-masaza-tela\/refleksologija-stopala\/#breadcrumb","itemListElement":[{"@type":"ListItem","position":1,"name":"Home","item":"https:\/\/www.beautyimagini.com\/"},{"@type":"ListItem","position":2,"name":"Parcijalna masa\u017ea tela","item":"https:\/\/www.beautyimagini.com\/parcijalna-masaza-tela\/"},{"@type":"ListItem","position":3,"name":"Foot Reflexology"}]},{"@type":"WebSite","@id":"https:\/\/www.beautyimagini.com\/#website","url":"https:\/\/www.beautyimagini.com\/","name":"Beauty Imagini | Holisti\u010dki Centar","description":"","potentialAction":[{"@type":"SearchAction","target":{"@type":"EntryPoint","urlTemplate":"https:\/\/www.beautyimagini.com\/?s={search_term_string}"},"query-input":{"@type":"PropertyValueSpecification","valueRequired":true,"valueName":"search_term_string"}}],"inLanguage":"en-US"}]}},"_links":{"self":[{"href":"https:\/\/www.beautyimagini.com\/en\/wp-json\/wp\/v2\/pages\/2845","targetHints":{"allow":["GET"]}}],"collection":[{"href":"https:\/\/www.beautyimagini.com\/en\/wp-json\/wp\/v2\/pages"}],"about":[{"href":"https:\/\/www.beautyimagini.com\/en\/wp-json\/wp\/v2\/types\/page"}],"author":[{"embeddable":true,"href":"https:\/\/www.beautyimagini.com\/en\/wp-json\/wp\/v2\/users\/1"}],"replies":[{"embeddable":true,"href":"https:\/\/www.beautyimagini.com\/en\/wp-json\/wp\/v2\/comments?post=2845"}],"version-history":[{"count":4,"href":"https:\/\/www.beautyimagini.com\/en\/wp-json\/wp\/v2\/pages\/2845\/revisions"}],"predecessor-version":[{"id":5266,"href":"https:\/\/www.beautyimagini.com\/en\/wp-json\/wp\/v2\/pages\/2845\/revisions\/5266"}],"up":[{"embeddable":true,"href":"https:\/\/www.beautyimagini.com\/en\/wp-json\/wp\/v2\/pages\/2792"}],"wp:featuredmedia":[{"embeddable":true,"href":"https:\/\/www.beautyimagini.com\/en\/wp-json\/wp\/v2\/media\/3671"}],"wp:attachment":[{"href":"https:\/\/www.beautyimagini.com\/en\/wp-json\/wp\/v2\/media?parent=2845"}],"curies":[{"name":"wp","href":"https:\/\/api.w.org\/{rel}","templated":true}]}}