{"id":3358,"date":"2016-04-25T03:54:11","date_gmt":"2016-04-25T01:54:11","guid":{"rendered":"https:\/\/www.beautyimagini.com\/?page_id=3358"},"modified":"2017-10-28T22:47:40","modified_gmt":"2017-10-28T20:47:40","slug":"shilly-shally-tretman-lica","status":"publish","type":"page","link":"https:\/\/www.beautyimagini.com\/en\/tretmani-lica\/shilly-shally-tretman-lica\/","title":{"rendered":"Shilly Shally tretman lica"},"content":{"rendered":"<p class=\"qtranxs-available-languages-message qtranxs-available-languages-message-en\">No translated content. Please choose Serbian language.<\/p>","protected":false},"excerpt":{"rendered":"<p>No translated content. Please choose Serbian language.<\/p>\n","protected":false},"author":1,"featured_media":1954,"parent":2071,"menu_order":0,"comment_status":"closed","ping_status":"closed","template":"page-fullwidth.php","meta":{"footnotes":""},"class_list":["post-3358","page","type-page","status-publish","has-post-thumbnail","hentry"],"yoast_head":"<!-- This site is optimized with the Yoast SEO plugin v26.9 - https:\/\/yoast.com\/product\/yoast-seo-wordpress\/ -->\n<title><\/title>\n<meta name=\"description\" content=\"Efikasna stimulacija \u0107elijske regeneracije, posebno u zonama oko o\u010diju i usta, i uspostavljanje ravnote\u017ee poreme\u0107enih metaboli\u010dkih procesa.\" \/>\n<meta name=\"robots\" content=\"index, follow, max-snippet:-1, max-image-preview:large, max-video-preview:-1\" \/>\n<link rel=\"canonical\" href=\"https:\/\/www.beautyimagini.com\/tretmani-lica\/shilly-shally-tretman-lica\/\" \/>\n<meta property=\"og:locale\" content=\"en_US\" \/>\n<meta property=\"og:type\" content=\"article\" \/>\n<meta property=\"og:title\" content=\"[:rs]Shilly Shally tretman lica[:] &#8211; Beauty Imagini | Holisti\u010dki Centar\" \/>\n<meta property=\"og:description\" content=\"Efikasna stimulacija \u0107elijske regeneracije, posebno u zonama oko o\u010diju i usta, i uspostavljanje ravnote\u017ee poreme\u0107enih metaboli\u010dkih procesa.\" \/>\n<meta property=\"og:url\" content=\"https:\/\/www.beautyimagini.com\/tretmani-lica\/shilly-shally-tretman-lica\/\" \/>\n<meta property=\"og:site_name\" content=\"Beauty Imagini | Holisti\u010dki Centar\" \/>\n<meta property=\"article:modified_time\" content=\"2017-10-28T20:47:40+00:00\" \/>\n<meta property=\"og:image\" content=\"https:\/\/www.beautyimagini.com\/wp-content\/uploads\/2015\/12\/services-6.jpg\" \/>\n\t<meta property=\"og:image:width\" content=\"499\" \/>\n\t<meta property=\"og:image:height\" content=\"330\" \/>\n\t<meta property=\"og:image:type\" content=\"image\/jpeg\" \/>\n<meta name=\"twitter:card\" content=\"summary_large_image\" \/>\n<meta name=\"twitter:label1\" content=\"Est. reading time\" \/>\n\t<meta name=\"twitter:data1\" content=\"2 minutes\" \/>\n<script type=\"application\/ld+json\" class=\"yoast-schema-graph\">{\"@context\":\"https:\/\/schema.org\",\"@graph\":[{\"@type\":\"WebPage\",\"@id\":\"https:\/\/www.beautyimagini.com\/tretmani-lica\/shilly-shally-tretman-lica\/\",\"url\":\"https:\/\/www.beautyimagini.com\/tretmani-lica\/shilly-shally-tretman-lica\/\",\"name\":\"[:rs]Shilly Shally tretman lica[:] &#8211; Beauty Imagini | Holisti\u010dki Centar\",\"isPartOf\":{\"@id\":\"https:\/\/www.beautyimagini.com\/#website\"},\"primaryImageOfPage\":{\"@id\":\"https:\/\/www.beautyimagini.com\/tretmani-lica\/shilly-shally-tretman-lica\/#primaryimage\"},\"image\":{\"@id\":\"https:\/\/www.beautyimagini.com\/tretmani-lica\/shilly-shally-tretman-lica\/#primaryimage\"},\"thumbnailUrl\":\"https:\/\/www.beautyimagini.com\/wp-content\/uploads\/2015\/12\/services-6.jpg\",\"datePublished\":\"2016-04-25T01:54:11+00:00\",\"dateModified\":\"2017-10-28T20:47:40+00:00\",\"description\":\"Efikasna stimulacija \u0107elijske regeneracije, posebno u zonama oko o\u010diju i usta, i uspostavljanje ravnote\u017ee poreme\u0107enih metaboli\u010dkih procesa.\",\"breadcrumb\":{\"@id\":\"https:\/\/www.beautyimagini.com\/tretmani-lica\/shilly-shally-tretman-lica\/#breadcrumb\"},\"inLanguage\":\"en-US\",\"potentialAction\":[{\"@type\":\"ReadAction\",\"target\":[\"https:\/\/www.beautyimagini.com\/tretmani-lica\/shilly-shally-tretman-lica\/\"]}]},{\"@type\":\"ImageObject\",\"inLanguage\":\"en-US\",\"@id\":\"https:\/\/www.beautyimagini.com\/tretmani-lica\/shilly-shally-tretman-lica\/#primaryimage\",\"url\":\"https:\/\/www.beautyimagini.com\/wp-content\/uploads\/2015\/12\/services-6.jpg\",\"contentUrl\":\"https:\/\/www.beautyimagini.com\/wp-content\/uploads\/2015\/12\/services-6.jpg\",\"width\":499,\"height\":330},{\"@type\":\"BreadcrumbList\",\"@id\":\"https:\/\/www.beautyimagini.com\/tretmani-lica\/shilly-shally-tretman-lica\/#breadcrumb\",\"itemListElement\":[{\"@type\":\"ListItem\",\"position\":1,\"name\":\"Home\",\"item\":\"https:\/\/www.beautyimagini.com\/\"},{\"@type\":\"ListItem\",\"position\":2,\"name\":\"Tretmani lica\",\"item\":\"https:\/\/www.beautyimagini.com\/tretmani-lica\/\"},{\"@type\":\"ListItem\",\"position\":3,\"name\":\"Shilly Shally tretman lica\"}]},{\"@type\":\"WebSite\",\"@id\":\"https:\/\/www.beautyimagini.com\/#website\",\"url\":\"https:\/\/www.beautyimagini.com\/\",\"name\":\"Beauty Imagini | Holisti\u010dki Centar\",\"description\":\"\",\"potentialAction\":[{\"@type\":\"SearchAction\",\"target\":{\"@type\":\"EntryPoint\",\"urlTemplate\":\"https:\/\/www.beautyimagini.com\/?s={search_term_string}\"},\"query-input\":{\"@type\":\"PropertyValueSpecification\",\"valueRequired\":true,\"valueName\":\"search_term_string\"}}],\"inLanguage\":\"en-US\"}]}<\/script>\n<!-- \/ Yoast SEO plugin. -->","yoast_head_json":{"title":"[:rs]Shilly Shally tretman lica[:] &#8211; Beauty Imagini | Holisti\u010dki Centar","description":"Efikasna stimulacija \u0107elijske regeneracije, posebno u zonama oko o\u010diju i usta, i uspostavljanje ravnote\u017ee poreme\u0107enih metaboli\u010dkih procesa.","robots":{"index":"index","follow":"follow","max-snippet":"max-snippet:-1","max-image-preview":"max-image-preview:large","max-video-preview":"max-video-preview:-1"},"canonical":"https:\/\/www.beautyimagini.com\/tretmani-lica\/shilly-shally-tretman-lica\/","og_locale":"en_US","og_type":"article","og_title":"[:rs]Shilly Shally tretman lica[:] &#8211; Beauty Imagini | Holisti\u010dki Centar","og_description":"Efikasna stimulacija \u0107elijske regeneracije, posebno u zonama oko o\u010diju i usta, i uspostavljanje ravnote\u017ee poreme\u0107enih metaboli\u010dkih procesa.","og_url":"https:\/\/www.beautyimagini.com\/tretmani-lica\/shilly-shally-tretman-lica\/","og_site_name":"Beauty Imagini | Holisti\u010dki Centar","article_modified_time":"2017-10-28T20:47:40+00:00","og_image":[{"width":499,"height":330,"url":"https:\/\/www.beautyimagini.com\/wp-content\/uploads\/2015\/12\/services-6.jpg","type":"image\/jpeg"}],"twitter_card":"summary_large_image","twitter_misc":{"Est. reading time":"2 minutes"},"schema":{"@context":"https:\/\/schema.org","@graph":[{"@type":"WebPage","@id":"https:\/\/www.beautyimagini.com\/tretmani-lica\/shilly-shally-tretman-lica\/","url":"https:\/\/www.beautyimagini.com\/tretmani-lica\/shilly-shally-tretman-lica\/","name":"[:rs]Shilly Shally tretman lica[:] &#8211; Beauty Imagini | Holisti\u010dki Centar","isPartOf":{"@id":"https:\/\/www.beautyimagini.com\/#website"},"primaryImageOfPage":{"@id":"https:\/\/www.beautyimagini.com\/tretmani-lica\/shilly-shally-tretman-lica\/#primaryimage"},"image":{"@id":"https:\/\/www.beautyimagini.com\/tretmani-lica\/shilly-shally-tretman-lica\/#primaryimage"},"thumbnailUrl":"https:\/\/www.beautyimagini.com\/wp-content\/uploads\/2015\/12\/services-6.jpg","datePublished":"2016-04-25T01:54:11+00:00","dateModified":"2017-10-28T20:47:40+00:00","description":"Efikasna stimulacija \u0107elijske regeneracije, posebno u zonama oko o\u010diju i usta, i uspostavljanje ravnote\u017ee poreme\u0107enih metaboli\u010dkih procesa.","breadcrumb":{"@id":"https:\/\/www.beautyimagini.com\/tretmani-lica\/shilly-shally-tretman-lica\/#breadcrumb"},"inLanguage":"en-US","potentialAction":[{"@type":"ReadAction","target":["https:\/\/www.beautyimagini.com\/tretmani-lica\/shilly-shally-tretman-lica\/"]}]},{"@type":"ImageObject","inLanguage":"en-US","@id":"https:\/\/www.beautyimagini.com\/tretmani-lica\/shilly-shally-tretman-lica\/#primaryimage","url":"https:\/\/www.beautyimagini.com\/wp-content\/uploads\/2015\/12\/services-6.jpg","contentUrl":"https:\/\/www.beautyimagini.com\/wp-content\/uploads\/2015\/12\/services-6.jpg","width":499,"height":330},{"@type":"BreadcrumbList","@id":"https:\/\/www.beautyimagini.com\/tretmani-lica\/shilly-shally-tretman-lica\/#breadcrumb","itemListElement":[{"@type":"ListItem","position":1,"name":"Home","item":"https:\/\/www.beautyimagini.com\/"},{"@type":"ListItem","position":2,"name":"Tretmani lica","item":"https:\/\/www.beautyimagini.com\/tretmani-lica\/"},{"@type":"ListItem","position":3,"name":"Shilly Shally tretman lica"}]},{"@type":"WebSite","@id":"https:\/\/www.beautyimagini.com\/#website","url":"https:\/\/www.beautyimagini.com\/","name":"Beauty Imagini | Holisti\u010dki Centar","description":"","potentialAction":[{"@type":"SearchAction","target":{"@type":"EntryPoint","urlTemplate":"https:\/\/www.beautyimagini.com\/?s={search_term_string}"},"query-input":{"@type":"PropertyValueSpecification","valueRequired":true,"valueName":"search_term_string"}}],"inLanguage":"en-US"}]}},"_links":{"self":[{"href":"https:\/\/www.beautyimagini.com\/en\/wp-json\/wp\/v2\/pages\/3358","targetHints":{"allow":["GET"]}}],"collection":[{"href":"https:\/\/www.beautyimagini.com\/en\/wp-json\/wp\/v2\/pages"}],"about":[{"href":"https:\/\/www.beautyimagini.com\/en\/wp-json\/wp\/v2\/types\/page"}],"author":[{"embeddable":true,"href":"https:\/\/www.beautyimagini.com\/en\/wp-json\/wp\/v2\/users\/1"}],"replies":[{"embeddable":true,"href":"https:\/\/www.beautyimagini.com\/en\/wp-json\/wp\/v2\/comments?post=3358"}],"version-history":[{"count":0,"href":"https:\/\/www.beautyimagini.com\/en\/wp-json\/wp\/v2\/pages\/3358\/revisions"}],"up":[{"embeddable":true,"href":"https:\/\/www.beautyimagini.com\/en\/wp-json\/wp\/v2\/pages\/2071"}],"wp:featuredmedia":[{"embeddable":true,"href":"https:\/\/www.beautyimagini.com\/en\/wp-json\/wp\/v2\/media\/1954"}],"wp:attachment":[{"href":"https:\/\/www.beautyimagini.com\/en\/wp-json\/wp\/v2\/media?parent=3358"}],"curies":[{"name":"wp","href":"https:\/\/api.w.org\/{rel}","templated":true}]}}