{"id":3381,"date":"2016-04-25T19:27:41","date_gmt":"2016-04-25T17:27:41","guid":{"rendered":"https:\/\/www.beautyimagini.com\/?page_id=3381"},"modified":"2017-07-22T20:06:36","modified_gmt":"2017-07-22T18:06:36","slug":"manikir","status":"publish","type":"page","link":"https:\/\/www.beautyimagini.com\/en\/tretmani\/ostalo\/manikir\/","title":{"rendered":"Manikir"},"content":{"rendered":"<p class=\"qtranxs-available-languages-message qtranxs-available-languages-message-en\">No translated content. Please choose Serbian language.<\/p>","protected":false},"excerpt":{"rendered":"<p>No translated content. Please choose Serbian language.<\/p>\n","protected":false},"author":1,"featured_media":3383,"parent":2051,"menu_order":0,"comment_status":"closed","ping_status":"closed","template":"page-fullwidth.php","meta":{"footnotes":""},"class_list":["post-3381","page","type-page","status-publish","has-post-thumbnail","hentry"],"yoast_head":"<!-- This site is optimized with the Yoast SEO plugin v26.9 - https:\/\/yoast.com\/product\/yoast-seo-wordpress\/ -->\n<title><\/title>\n<meta name=\"description\" content=\"Manikir je estetsko - higijenski tretman koji neguje ko\u017eu va\u0161ih ruku i noktiju, \u010dine\u0107i da Va\u0161e \u0161ake izgledaju urednije i privla\u010dnije.\" \/>\n<meta name=\"robots\" content=\"index, follow, max-snippet:-1, max-image-preview:large, max-video-preview:-1\" \/>\n<link rel=\"canonical\" href=\"https:\/\/www.beautyimagini.com\/en\/tretmani\/ostalo\/manikir\/\" \/>\n<meta property=\"og:locale\" content=\"en_US\" \/>\n<meta property=\"og:type\" content=\"article\" \/>\n<meta property=\"og:title\" content=\"[:rs]Manikir[:] &#8211; Beauty Imagini | Holisti\u010dki Centar\" \/>\n<meta property=\"og:description\" content=\"Manikir je estetsko - higijenski tretman koji neguje ko\u017eu va\u0161ih ruku i noktiju, \u010dine\u0107i da Va\u0161e \u0161ake izgledaju urednije i privla\u010dnije.\" \/>\n<meta property=\"og:url\" content=\"https:\/\/www.beautyimagini.com\/en\/tretmani\/ostalo\/manikir\/\" \/>\n<meta property=\"og:site_name\" content=\"Beauty Imagini | Holisti\u010dki Centar\" \/>\n<meta property=\"article:modified_time\" content=\"2017-07-22T18:06:36+00:00\" \/>\n<meta property=\"og:image\" content=\"https:\/\/www.beautyimagini.com\/wp-content\/uploads\/manikir.jpg\" \/>\n\t<meta property=\"og:image:width\" content=\"800\" \/>\n\t<meta property=\"og:image:height\" content=\"536\" \/>\n\t<meta property=\"og:image:type\" content=\"image\/jpeg\" \/>\n<meta name=\"twitter:card\" content=\"summary_large_image\" \/>\n<meta name=\"twitter:label1\" content=\"Est. reading time\" \/>\n\t<meta name=\"twitter:data1\" content=\"1 minute\" \/>\n<script type=\"application\/ld+json\" class=\"yoast-schema-graph\">{\"@context\":\"https:\/\/schema.org\",\"@graph\":[{\"@type\":\"WebPage\",\"@id\":\"https:\/\/www.beautyimagini.com\/en\/tretmani\/ostalo\/manikir\/\",\"url\":\"https:\/\/www.beautyimagini.com\/en\/tretmani\/ostalo\/manikir\/\",\"name\":\"[:rs]Manikir[:] &#8211; Beauty Imagini | Holisti\u010dki Centar\",\"isPartOf\":{\"@id\":\"https:\/\/www.beautyimagini.com\/#website\"},\"primaryImageOfPage\":{\"@id\":\"https:\/\/www.beautyimagini.com\/en\/tretmani\/ostalo\/manikir\/#primaryimage\"},\"image\":{\"@id\":\"https:\/\/www.beautyimagini.com\/en\/tretmani\/ostalo\/manikir\/#primaryimage\"},\"thumbnailUrl\":\"https:\/\/www.beautyimagini.com\/wp-content\/uploads\/manikir.jpg\",\"datePublished\":\"2016-04-25T17:27:41+00:00\",\"dateModified\":\"2017-07-22T18:06:36+00:00\",\"description\":\"Manikir je estetsko - higijenski tretman koji neguje ko\u017eu va\u0161ih ruku i noktiju, \u010dine\u0107i da Va\u0161e \u0161ake izgledaju urednije i privla\u010dnije.\",\"breadcrumb\":{\"@id\":\"https:\/\/www.beautyimagini.com\/en\/tretmani\/ostalo\/manikir\/#breadcrumb\"},\"inLanguage\":\"en-US\",\"potentialAction\":[{\"@type\":\"ReadAction\",\"target\":[\"https:\/\/www.beautyimagini.com\/en\/tretmani\/ostalo\/manikir\/\"]}]},{\"@type\":\"ImageObject\",\"inLanguage\":\"en-US\",\"@id\":\"https:\/\/www.beautyimagini.com\/en\/tretmani\/ostalo\/manikir\/#primaryimage\",\"url\":\"https:\/\/www.beautyimagini.com\/wp-content\/uploads\/manikir.jpg\",\"contentUrl\":\"https:\/\/www.beautyimagini.com\/wp-content\/uploads\/manikir.jpg\",\"width\":800,\"height\":536},{\"@type\":\"BreadcrumbList\",\"@id\":\"https:\/\/www.beautyimagini.com\/en\/tretmani\/ostalo\/manikir\/#breadcrumb\",\"itemListElement\":[{\"@type\":\"ListItem\",\"position\":1,\"name\":\"Home\",\"item\":\"https:\/\/www.beautyimagini.com\/\"},{\"@type\":\"ListItem\",\"position\":2,\"name\":\"Tretmani\",\"item\":\"https:\/\/www.beautyimagini.com\/tretmani\/\"},{\"@type\":\"ListItem\",\"position\":3,\"name\":\"Ostalo\",\"item\":\"https:\/\/www.beautyimagini.com\/tretmani\/ostalo\/\"},{\"@type\":\"ListItem\",\"position\":4,\"name\":\"Manikir\"}]},{\"@type\":\"WebSite\",\"@id\":\"https:\/\/www.beautyimagini.com\/#website\",\"url\":\"https:\/\/www.beautyimagini.com\/\",\"name\":\"Beauty Imagini | Holisti\u010dki Centar\",\"description\":\"\",\"potentialAction\":[{\"@type\":\"SearchAction\",\"target\":{\"@type\":\"EntryPoint\",\"urlTemplate\":\"https:\/\/www.beautyimagini.com\/?s={search_term_string}\"},\"query-input\":{\"@type\":\"PropertyValueSpecification\",\"valueRequired\":true,\"valueName\":\"search_term_string\"}}],\"inLanguage\":\"en-US\"}]}<\/script>\n<!-- \/ Yoast SEO plugin. -->","yoast_head_json":{"title":"[:rs]Manikir[:] &#8211; Beauty Imagini | Holisti\u010dki Centar","description":"Manikir je estetsko - higijenski tretman koji neguje ko\u017eu va\u0161ih ruku i noktiju, \u010dine\u0107i da Va\u0161e \u0161ake izgledaju urednije i privla\u010dnije.","robots":{"index":"index","follow":"follow","max-snippet":"max-snippet:-1","max-image-preview":"max-image-preview:large","max-video-preview":"max-video-preview:-1"},"canonical":"https:\/\/www.beautyimagini.com\/en\/tretmani\/ostalo\/manikir\/","og_locale":"en_US","og_type":"article","og_title":"[:rs]Manikir[:] &#8211; Beauty Imagini | Holisti\u010dki Centar","og_description":"Manikir je estetsko - higijenski tretman koji neguje ko\u017eu va\u0161ih ruku i noktiju, \u010dine\u0107i da Va\u0161e \u0161ake izgledaju urednije i privla\u010dnije.","og_url":"https:\/\/www.beautyimagini.com\/en\/tretmani\/ostalo\/manikir\/","og_site_name":"Beauty Imagini | Holisti\u010dki Centar","article_modified_time":"2017-07-22T18:06:36+00:00","og_image":[{"width":800,"height":536,"url":"https:\/\/www.beautyimagini.com\/wp-content\/uploads\/manikir.jpg","type":"image\/jpeg"}],"twitter_card":"summary_large_image","twitter_misc":{"Est. reading time":"1 minute"},"schema":{"@context":"https:\/\/schema.org","@graph":[{"@type":"WebPage","@id":"https:\/\/www.beautyimagini.com\/en\/tretmani\/ostalo\/manikir\/","url":"https:\/\/www.beautyimagini.com\/en\/tretmani\/ostalo\/manikir\/","name":"[:rs]Manikir[:] &#8211; Beauty Imagini | Holisti\u010dki Centar","isPartOf":{"@id":"https:\/\/www.beautyimagini.com\/#website"},"primaryImageOfPage":{"@id":"https:\/\/www.beautyimagini.com\/en\/tretmani\/ostalo\/manikir\/#primaryimage"},"image":{"@id":"https:\/\/www.beautyimagini.com\/en\/tretmani\/ostalo\/manikir\/#primaryimage"},"thumbnailUrl":"https:\/\/www.beautyimagini.com\/wp-content\/uploads\/manikir.jpg","datePublished":"2016-04-25T17:27:41+00:00","dateModified":"2017-07-22T18:06:36+00:00","description":"Manikir je estetsko - higijenski tretman koji neguje ko\u017eu va\u0161ih ruku i noktiju, \u010dine\u0107i da Va\u0161e \u0161ake izgledaju urednije i privla\u010dnije.","breadcrumb":{"@id":"https:\/\/www.beautyimagini.com\/en\/tretmani\/ostalo\/manikir\/#breadcrumb"},"inLanguage":"en-US","potentialAction":[{"@type":"ReadAction","target":["https:\/\/www.beautyimagini.com\/en\/tretmani\/ostalo\/manikir\/"]}]},{"@type":"ImageObject","inLanguage":"en-US","@id":"https:\/\/www.beautyimagini.com\/en\/tretmani\/ostalo\/manikir\/#primaryimage","url":"https:\/\/www.beautyimagini.com\/wp-content\/uploads\/manikir.jpg","contentUrl":"https:\/\/www.beautyimagini.com\/wp-content\/uploads\/manikir.jpg","width":800,"height":536},{"@type":"BreadcrumbList","@id":"https:\/\/www.beautyimagini.com\/en\/tretmani\/ostalo\/manikir\/#breadcrumb","itemListElement":[{"@type":"ListItem","position":1,"name":"Home","item":"https:\/\/www.beautyimagini.com\/"},{"@type":"ListItem","position":2,"name":"Tretmani","item":"https:\/\/www.beautyimagini.com\/tretmani\/"},{"@type":"ListItem","position":3,"name":"Ostalo","item":"https:\/\/www.beautyimagini.com\/tretmani\/ostalo\/"},{"@type":"ListItem","position":4,"name":"Manikir"}]},{"@type":"WebSite","@id":"https:\/\/www.beautyimagini.com\/#website","url":"https:\/\/www.beautyimagini.com\/","name":"Beauty Imagini | Holisti\u010dki Centar","description":"","potentialAction":[{"@type":"SearchAction","target":{"@type":"EntryPoint","urlTemplate":"https:\/\/www.beautyimagini.com\/?s={search_term_string}"},"query-input":{"@type":"PropertyValueSpecification","valueRequired":true,"valueName":"search_term_string"}}],"inLanguage":"en-US"}]}},"_links":{"self":[{"href":"https:\/\/www.beautyimagini.com\/en\/wp-json\/wp\/v2\/pages\/3381","targetHints":{"allow":["GET"]}}],"collection":[{"href":"https:\/\/www.beautyimagini.com\/en\/wp-json\/wp\/v2\/pages"}],"about":[{"href":"https:\/\/www.beautyimagini.com\/en\/wp-json\/wp\/v2\/types\/page"}],"author":[{"embeddable":true,"href":"https:\/\/www.beautyimagini.com\/en\/wp-json\/wp\/v2\/users\/1"}],"replies":[{"embeddable":true,"href":"https:\/\/www.beautyimagini.com\/en\/wp-json\/wp\/v2\/comments?post=3381"}],"version-history":[{"count":0,"href":"https:\/\/www.beautyimagini.com\/en\/wp-json\/wp\/v2\/pages\/3381\/revisions"}],"up":[{"embeddable":true,"href":"https:\/\/www.beautyimagini.com\/en\/wp-json\/wp\/v2\/pages\/2051"}],"wp:featuredmedia":[{"embeddable":true,"href":"https:\/\/www.beautyimagini.com\/en\/wp-json\/wp\/v2\/media\/3383"}],"wp:attachment":[{"href":"https:\/\/www.beautyimagini.com\/en\/wp-json\/wp\/v2\/media?parent=3381"}],"curies":[{"name":"wp","href":"https:\/\/api.w.org\/{rel}","templated":true}]}}