{"id":3407,"date":"2016-04-26T01:36:54","date_gmt":"2016-04-25T23:36:54","guid":{"rendered":"https:\/\/www.beautyimagini.com\/?page_id=3407"},"modified":"2017-10-28T22:38:02","modified_gmt":"2017-10-28T20:38:02","slug":"pakovanje-tela-mineralnim-solima","status":"publish","type":"page","link":"https:\/\/www.beautyimagini.com\/en\/pakovanja-tela\/pakovanje-tela-mineralnim-solima\/","title":{"rendered":"Pakovanje tela mineralnim solima"},"content":{"rendered":"<p class=\"qtranxs-available-languages-message qtranxs-available-languages-message-en\">No translated content. Please choose Serbian language.<\/p>","protected":false},"excerpt":{"rendered":"<p>No translated content. Please choose Serbian language.<\/p>\n","protected":false},"author":1,"featured_media":2020,"parent":2073,"menu_order":0,"comment_status":"closed","ping_status":"closed","template":"page-fullwidth.php","meta":{"footnotes":""},"class_list":["post-3407","page","type-page","status-publish","has-post-thumbnail","hentry"],"yoast_head":"<!-- This site is optimized with the Yoast SEO plugin v26.9 - https:\/\/yoast.com\/product\/yoast-seo-wordpress\/ -->\n<title><\/title>\n<meta name=\"description\" content=\"Cilj ovog tretmana je uklanjanje izumrlih \u0107elija ko\u017ee i podsticanje detoksikacije organizma. Pored \u010di\u0161\u0107enja i uklanjanja izumrlih \u0107elija ko\u017ee, podsti\u010de se produkcija lipida, \u010dime se posti\u017ee efekat meko\u0107e, sjaja i vla\u017enosti ko\u017ee.\" \/>\n<meta name=\"robots\" content=\"index, follow, max-snippet:-1, max-image-preview:large, max-video-preview:-1\" \/>\n<link rel=\"canonical\" href=\"https:\/\/www.beautyimagini.com\/pakovanja-tela\/pakovanje-tela-mineralnim-solima\/\" \/>\n<meta property=\"og:locale\" content=\"en_US\" \/>\n<meta property=\"og:type\" content=\"article\" \/>\n<meta property=\"og:title\" content=\"[:rs]Pakovanje tela mineralnim solima[:] &#8211; Beauty Imagini | Holisti\u010dki Centar\" \/>\n<meta property=\"og:description\" content=\"Cilj ovog tretmana je uklanjanje izumrlih \u0107elija ko\u017ee i podsticanje detoksikacije organizma. Pored \u010di\u0161\u0107enja i uklanjanja izumrlih \u0107elija ko\u017ee, podsti\u010de se produkcija lipida, \u010dime se posti\u017ee efekat meko\u0107e, sjaja i vla\u017enosti ko\u017ee.\" \/>\n<meta property=\"og:url\" content=\"https:\/\/www.beautyimagini.com\/pakovanja-tela\/pakovanje-tela-mineralnim-solima\/\" \/>\n<meta property=\"og:site_name\" content=\"Beauty Imagini | Holisti\u010dki Centar\" \/>\n<meta property=\"article:modified_time\" content=\"2017-10-28T20:38:02+00:00\" \/>\n<meta property=\"og:image\" content=\"https:\/\/www.beautyimagini.com\/wp-content\/uploads\/2015\/12\/img_13.jpg\" \/>\n\t<meta property=\"og:image:width\" content=\"900\" \/>\n\t<meta property=\"og:image:height\" content=\"600\" \/>\n\t<meta property=\"og:image:type\" content=\"image\/jpeg\" \/>\n<meta name=\"twitter:card\" content=\"summary_large_image\" \/>\n<meta name=\"twitter:label1\" content=\"Est. reading time\" \/>\n\t<meta name=\"twitter:data1\" content=\"1 minute\" \/>\n<script type=\"application\/ld+json\" class=\"yoast-schema-graph\">{\"@context\":\"https:\/\/schema.org\",\"@graph\":[{\"@type\":\"WebPage\",\"@id\":\"https:\/\/www.beautyimagini.com\/pakovanja-tela\/pakovanje-tela-mineralnim-solima\/\",\"url\":\"https:\/\/www.beautyimagini.com\/pakovanja-tela\/pakovanje-tela-mineralnim-solima\/\",\"name\":\"[:rs]Pakovanje tela mineralnim solima[:] &#8211; Beauty Imagini | Holisti\u010dki Centar\",\"isPartOf\":{\"@id\":\"https:\/\/www.beautyimagini.com\/#website\"},\"primaryImageOfPage\":{\"@id\":\"https:\/\/www.beautyimagini.com\/pakovanja-tela\/pakovanje-tela-mineralnim-solima\/#primaryimage\"},\"image\":{\"@id\":\"https:\/\/www.beautyimagini.com\/pakovanja-tela\/pakovanje-tela-mineralnim-solima\/#primaryimage\"},\"thumbnailUrl\":\"https:\/\/www.beautyimagini.com\/wp-content\/uploads\/2015\/12\/img_13.jpg\",\"datePublished\":\"2016-04-25T23:36:54+00:00\",\"dateModified\":\"2017-10-28T20:38:02+00:00\",\"description\":\"Cilj ovog tretmana je uklanjanje izumrlih \u0107elija ko\u017ee i podsticanje detoksikacije organizma. Pored \u010di\u0161\u0107enja i uklanjanja izumrlih \u0107elija ko\u017ee, podsti\u010de se produkcija lipida, \u010dime se posti\u017ee efekat meko\u0107e, sjaja i vla\u017enosti ko\u017ee.\",\"breadcrumb\":{\"@id\":\"https:\/\/www.beautyimagini.com\/pakovanja-tela\/pakovanje-tela-mineralnim-solima\/#breadcrumb\"},\"inLanguage\":\"en-US\",\"potentialAction\":[{\"@type\":\"ReadAction\",\"target\":[\"https:\/\/www.beautyimagini.com\/pakovanja-tela\/pakovanje-tela-mineralnim-solima\/\"]}]},{\"@type\":\"ImageObject\",\"inLanguage\":\"en-US\",\"@id\":\"https:\/\/www.beautyimagini.com\/pakovanja-tela\/pakovanje-tela-mineralnim-solima\/#primaryimage\",\"url\":\"https:\/\/www.beautyimagini.com\/wp-content\/uploads\/2015\/12\/img_13.jpg\",\"contentUrl\":\"https:\/\/www.beautyimagini.com\/wp-content\/uploads\/2015\/12\/img_13.jpg\",\"width\":900,\"height\":600},{\"@type\":\"BreadcrumbList\",\"@id\":\"https:\/\/www.beautyimagini.com\/pakovanja-tela\/pakovanje-tela-mineralnim-solima\/#breadcrumb\",\"itemListElement\":[{\"@type\":\"ListItem\",\"position\":1,\"name\":\"Home\",\"item\":\"https:\/\/www.beautyimagini.com\/\"},{\"@type\":\"ListItem\",\"position\":2,\"name\":\"Pakovanja\",\"item\":\"https:\/\/www.beautyimagini.com\/pakovanja-tela\/\"},{\"@type\":\"ListItem\",\"position\":3,\"name\":\"Pakovanje tela mineralnim solima\"}]},{\"@type\":\"WebSite\",\"@id\":\"https:\/\/www.beautyimagini.com\/#website\",\"url\":\"https:\/\/www.beautyimagini.com\/\",\"name\":\"Beauty Imagini | Holisti\u010dki Centar\",\"description\":\"\",\"potentialAction\":[{\"@type\":\"SearchAction\",\"target\":{\"@type\":\"EntryPoint\",\"urlTemplate\":\"https:\/\/www.beautyimagini.com\/?s={search_term_string}\"},\"query-input\":{\"@type\":\"PropertyValueSpecification\",\"valueRequired\":true,\"valueName\":\"search_term_string\"}}],\"inLanguage\":\"en-US\"}]}<\/script>\n<!-- \/ Yoast SEO plugin. -->","yoast_head_json":{"title":"[:rs]Pakovanje tela mineralnim solima[:] &#8211; Beauty Imagini | Holisti\u010dki Centar","description":"Cilj ovog tretmana je uklanjanje izumrlih \u0107elija ko\u017ee i podsticanje detoksikacije organizma. Pored \u010di\u0161\u0107enja i uklanjanja izumrlih \u0107elija ko\u017ee, podsti\u010de se produkcija lipida, \u010dime se posti\u017ee efekat meko\u0107e, sjaja i vla\u017enosti ko\u017ee.","robots":{"index":"index","follow":"follow","max-snippet":"max-snippet:-1","max-image-preview":"max-image-preview:large","max-video-preview":"max-video-preview:-1"},"canonical":"https:\/\/www.beautyimagini.com\/pakovanja-tela\/pakovanje-tela-mineralnim-solima\/","og_locale":"en_US","og_type":"article","og_title":"[:rs]Pakovanje tela mineralnim solima[:] &#8211; Beauty Imagini | Holisti\u010dki Centar","og_description":"Cilj ovog tretmana je uklanjanje izumrlih \u0107elija ko\u017ee i podsticanje detoksikacije organizma. Pored \u010di\u0161\u0107enja i uklanjanja izumrlih \u0107elija ko\u017ee, podsti\u010de se produkcija lipida, \u010dime se posti\u017ee efekat meko\u0107e, sjaja i vla\u017enosti ko\u017ee.","og_url":"https:\/\/www.beautyimagini.com\/pakovanja-tela\/pakovanje-tela-mineralnim-solima\/","og_site_name":"Beauty Imagini | Holisti\u010dki Centar","article_modified_time":"2017-10-28T20:38:02+00:00","og_image":[{"width":900,"height":600,"url":"https:\/\/www.beautyimagini.com\/wp-content\/uploads\/2015\/12\/img_13.jpg","type":"image\/jpeg"}],"twitter_card":"summary_large_image","twitter_misc":{"Est. reading time":"1 minute"},"schema":{"@context":"https:\/\/schema.org","@graph":[{"@type":"WebPage","@id":"https:\/\/www.beautyimagini.com\/pakovanja-tela\/pakovanje-tela-mineralnim-solima\/","url":"https:\/\/www.beautyimagini.com\/pakovanja-tela\/pakovanje-tela-mineralnim-solima\/","name":"[:rs]Pakovanje tela mineralnim solima[:] &#8211; Beauty Imagini | Holisti\u010dki Centar","isPartOf":{"@id":"https:\/\/www.beautyimagini.com\/#website"},"primaryImageOfPage":{"@id":"https:\/\/www.beautyimagini.com\/pakovanja-tela\/pakovanje-tela-mineralnim-solima\/#primaryimage"},"image":{"@id":"https:\/\/www.beautyimagini.com\/pakovanja-tela\/pakovanje-tela-mineralnim-solima\/#primaryimage"},"thumbnailUrl":"https:\/\/www.beautyimagini.com\/wp-content\/uploads\/2015\/12\/img_13.jpg","datePublished":"2016-04-25T23:36:54+00:00","dateModified":"2017-10-28T20:38:02+00:00","description":"Cilj ovog tretmana je uklanjanje izumrlih \u0107elija ko\u017ee i podsticanje detoksikacije organizma. Pored \u010di\u0161\u0107enja i uklanjanja izumrlih \u0107elija ko\u017ee, podsti\u010de se produkcija lipida, \u010dime se posti\u017ee efekat meko\u0107e, sjaja i vla\u017enosti ko\u017ee.","breadcrumb":{"@id":"https:\/\/www.beautyimagini.com\/pakovanja-tela\/pakovanje-tela-mineralnim-solima\/#breadcrumb"},"inLanguage":"en-US","potentialAction":[{"@type":"ReadAction","target":["https:\/\/www.beautyimagini.com\/pakovanja-tela\/pakovanje-tela-mineralnim-solima\/"]}]},{"@type":"ImageObject","inLanguage":"en-US","@id":"https:\/\/www.beautyimagini.com\/pakovanja-tela\/pakovanje-tela-mineralnim-solima\/#primaryimage","url":"https:\/\/www.beautyimagini.com\/wp-content\/uploads\/2015\/12\/img_13.jpg","contentUrl":"https:\/\/www.beautyimagini.com\/wp-content\/uploads\/2015\/12\/img_13.jpg","width":900,"height":600},{"@type":"BreadcrumbList","@id":"https:\/\/www.beautyimagini.com\/pakovanja-tela\/pakovanje-tela-mineralnim-solima\/#breadcrumb","itemListElement":[{"@type":"ListItem","position":1,"name":"Home","item":"https:\/\/www.beautyimagini.com\/"},{"@type":"ListItem","position":2,"name":"Pakovanja","item":"https:\/\/www.beautyimagini.com\/pakovanja-tela\/"},{"@type":"ListItem","position":3,"name":"Pakovanje tela mineralnim solima"}]},{"@type":"WebSite","@id":"https:\/\/www.beautyimagini.com\/#website","url":"https:\/\/www.beautyimagini.com\/","name":"Beauty Imagini | Holisti\u010dki Centar","description":"","potentialAction":[{"@type":"SearchAction","target":{"@type":"EntryPoint","urlTemplate":"https:\/\/www.beautyimagini.com\/?s={search_term_string}"},"query-input":{"@type":"PropertyValueSpecification","valueRequired":true,"valueName":"search_term_string"}}],"inLanguage":"en-US"}]}},"_links":{"self":[{"href":"https:\/\/www.beautyimagini.com\/en\/wp-json\/wp\/v2\/pages\/3407","targetHints":{"allow":["GET"]}}],"collection":[{"href":"https:\/\/www.beautyimagini.com\/en\/wp-json\/wp\/v2\/pages"}],"about":[{"href":"https:\/\/www.beautyimagini.com\/en\/wp-json\/wp\/v2\/types\/page"}],"author":[{"embeddable":true,"href":"https:\/\/www.beautyimagini.com\/en\/wp-json\/wp\/v2\/users\/1"}],"replies":[{"embeddable":true,"href":"https:\/\/www.beautyimagini.com\/en\/wp-json\/wp\/v2\/comments?post=3407"}],"version-history":[{"count":0,"href":"https:\/\/www.beautyimagini.com\/en\/wp-json\/wp\/v2\/pages\/3407\/revisions"}],"up":[{"embeddable":true,"href":"https:\/\/www.beautyimagini.com\/en\/wp-json\/wp\/v2\/pages\/2073"}],"wp:featuredmedia":[{"embeddable":true,"href":"https:\/\/www.beautyimagini.com\/en\/wp-json\/wp\/v2\/media\/2020"}],"wp:attachment":[{"href":"https:\/\/www.beautyimagini.com\/en\/wp-json\/wp\/v2\/media?parent=3407"}],"curies":[{"name":"wp","href":"https:\/\/api.w.org\/{rel}","templated":true}]}}