{"id":3417,"date":"2016-04-26T02:05:36","date_gmt":"2016-04-26T00:05:36","guid":{"rendered":"https:\/\/www.beautyimagini.com\/?page_id=3417"},"modified":"2017-07-22T15:44:52","modified_gmt":"2017-07-22T13:44:52","slug":"tretman-tela-termalnim-blatom","status":"publish","type":"page","link":"https:\/\/www.beautyimagini.com\/en\/pakovanja-tela\/tretman-tela-termalnim-blatom\/","title":{"rendered":"Tretman tela termalnim blatom"},"content":{"rendered":"<p class=\"qtranxs-available-languages-message qtranxs-available-languages-message-en\">No translated content. Please choose Serbian language.<\/p>","protected":false},"excerpt":{"rendered":"<p>No translated content. Please choose Serbian language.<\/p>\n","protected":false},"author":1,"featured_media":1995,"parent":2073,"menu_order":0,"comment_status":"closed","ping_status":"closed","template":"page-fullwidth.php","meta":{"footnotes":""},"class_list":["post-3417","page","type-page","status-publish","has-post-thumbnail","hentry"],"yoast_head":"<!-- This site is optimized with the Yoast SEO plugin v26.9 - https:\/\/yoast.com\/product\/yoast-seo-wordpress\/ -->\n<title><\/title>\n<meta name=\"description\" content=\"Postizanje efekta \u010diste i zategnute ko\u017ee, preoblikovanja tela i blagotvorno dejstvo na ko\u0161tano-mi\u0161i\u0107ni sistem.\" \/>\n<meta name=\"robots\" content=\"index, follow, max-snippet:-1, max-image-preview:large, max-video-preview:-1\" \/>\n<link rel=\"canonical\" href=\"https:\/\/www.beautyimagini.com\/pakovanja-tela\/tretman-tela-termalnim-blatom\/\" \/>\n<meta property=\"og:locale\" content=\"en_US\" \/>\n<meta property=\"og:type\" content=\"article\" \/>\n<meta property=\"og:title\" content=\"[:rs]Tretman tela termalnim blatom[:] &#8211; Beauty Imagini | Holisti\u010dki Centar\" \/>\n<meta property=\"og:description\" content=\"Postizanje efekta \u010diste i zategnute ko\u017ee, preoblikovanja tela i blagotvorno dejstvo na ko\u0161tano-mi\u0161i\u0107ni sistem.\" \/>\n<meta property=\"og:url\" content=\"https:\/\/www.beautyimagini.com\/pakovanja-tela\/tretman-tela-termalnim-blatom\/\" \/>\n<meta property=\"og:site_name\" content=\"Beauty Imagini | Holisti\u010dki Centar\" \/>\n<meta property=\"article:modified_time\" content=\"2017-07-22T13:44:52+00:00\" \/>\n<meta property=\"og:image\" content=\"https:\/\/www.beautyimagini.com\/wp-content\/uploads\/2015\/12\/Depositphotos_24387825_original.jpg\" \/>\n\t<meta property=\"og:image:width\" content=\"1500\" \/>\n\t<meta property=\"og:image:height\" content=\"1125\" \/>\n\t<meta property=\"og:image:type\" content=\"image\/jpeg\" \/>\n<meta name=\"twitter:card\" content=\"summary_large_image\" \/>\n<meta name=\"twitter:label1\" content=\"Est. reading time\" \/>\n\t<meta name=\"twitter:data1\" content=\"2 minutes\" \/>\n<script type=\"application\/ld+json\" class=\"yoast-schema-graph\">{\"@context\":\"https:\/\/schema.org\",\"@graph\":[{\"@type\":\"WebPage\",\"@id\":\"https:\/\/www.beautyimagini.com\/pakovanja-tela\/tretman-tela-termalnim-blatom\/\",\"url\":\"https:\/\/www.beautyimagini.com\/pakovanja-tela\/tretman-tela-termalnim-blatom\/\",\"name\":\"[:rs]Tretman tela termalnim blatom[:] &#8211; Beauty Imagini | Holisti\u010dki Centar\",\"isPartOf\":{\"@id\":\"https:\/\/www.beautyimagini.com\/#website\"},\"primaryImageOfPage\":{\"@id\":\"https:\/\/www.beautyimagini.com\/pakovanja-tela\/tretman-tela-termalnim-blatom\/#primaryimage\"},\"image\":{\"@id\":\"https:\/\/www.beautyimagini.com\/pakovanja-tela\/tretman-tela-termalnim-blatom\/#primaryimage\"},\"thumbnailUrl\":\"https:\/\/www.beautyimagini.com\/wp-content\/uploads\/2015\/12\/Depositphotos_24387825_original.jpg\",\"datePublished\":\"2016-04-26T00:05:36+00:00\",\"dateModified\":\"2017-07-22T13:44:52+00:00\",\"description\":\"Postizanje efekta \u010diste i zategnute ko\u017ee, preoblikovanja tela i blagotvorno dejstvo na ko\u0161tano-mi\u0161i\u0107ni sistem.\",\"breadcrumb\":{\"@id\":\"https:\/\/www.beautyimagini.com\/pakovanja-tela\/tretman-tela-termalnim-blatom\/#breadcrumb\"},\"inLanguage\":\"en-US\",\"potentialAction\":[{\"@type\":\"ReadAction\",\"target\":[\"https:\/\/www.beautyimagini.com\/pakovanja-tela\/tretman-tela-termalnim-blatom\/\"]}]},{\"@type\":\"ImageObject\",\"inLanguage\":\"en-US\",\"@id\":\"https:\/\/www.beautyimagini.com\/pakovanja-tela\/tretman-tela-termalnim-blatom\/#primaryimage\",\"url\":\"https:\/\/www.beautyimagini.com\/wp-content\/uploads\/2015\/12\/Depositphotos_24387825_original.jpg\",\"contentUrl\":\"https:\/\/www.beautyimagini.com\/wp-content\/uploads\/2015\/12\/Depositphotos_24387825_original.jpg\",\"width\":1500,\"height\":1125},{\"@type\":\"BreadcrumbList\",\"@id\":\"https:\/\/www.beautyimagini.com\/pakovanja-tela\/tretman-tela-termalnim-blatom\/#breadcrumb\",\"itemListElement\":[{\"@type\":\"ListItem\",\"position\":1,\"name\":\"Home\",\"item\":\"https:\/\/www.beautyimagini.com\/\"},{\"@type\":\"ListItem\",\"position\":2,\"name\":\"Pakovanja\",\"item\":\"https:\/\/www.beautyimagini.com\/pakovanja-tela\/\"},{\"@type\":\"ListItem\",\"position\":3,\"name\":\"Tretman tela termalnim blatom\"}]},{\"@type\":\"WebSite\",\"@id\":\"https:\/\/www.beautyimagini.com\/#website\",\"url\":\"https:\/\/www.beautyimagini.com\/\",\"name\":\"Beauty Imagini | Holisti\u010dki Centar\",\"description\":\"\",\"potentialAction\":[{\"@type\":\"SearchAction\",\"target\":{\"@type\":\"EntryPoint\",\"urlTemplate\":\"https:\/\/www.beautyimagini.com\/?s={search_term_string}\"},\"query-input\":{\"@type\":\"PropertyValueSpecification\",\"valueRequired\":true,\"valueName\":\"search_term_string\"}}],\"inLanguage\":\"en-US\"}]}<\/script>\n<!-- \/ Yoast SEO plugin. -->","yoast_head_json":{"title":"[:rs]Tretman tela termalnim blatom[:] &#8211; Beauty Imagini | Holisti\u010dki Centar","description":"Postizanje efekta \u010diste i zategnute ko\u017ee, preoblikovanja tela i blagotvorno dejstvo na ko\u0161tano-mi\u0161i\u0107ni sistem.","robots":{"index":"index","follow":"follow","max-snippet":"max-snippet:-1","max-image-preview":"max-image-preview:large","max-video-preview":"max-video-preview:-1"},"canonical":"https:\/\/www.beautyimagini.com\/pakovanja-tela\/tretman-tela-termalnim-blatom\/","og_locale":"en_US","og_type":"article","og_title":"[:rs]Tretman tela termalnim blatom[:] &#8211; Beauty Imagini | Holisti\u010dki Centar","og_description":"Postizanje efekta \u010diste i zategnute ko\u017ee, preoblikovanja tela i blagotvorno dejstvo na ko\u0161tano-mi\u0161i\u0107ni sistem.","og_url":"https:\/\/www.beautyimagini.com\/pakovanja-tela\/tretman-tela-termalnim-blatom\/","og_site_name":"Beauty Imagini | Holisti\u010dki Centar","article_modified_time":"2017-07-22T13:44:52+00:00","og_image":[{"width":1500,"height":1125,"url":"https:\/\/www.beautyimagini.com\/wp-content\/uploads\/2015\/12\/Depositphotos_24387825_original.jpg","type":"image\/jpeg"}],"twitter_card":"summary_large_image","twitter_misc":{"Est. reading time":"2 minutes"},"schema":{"@context":"https:\/\/schema.org","@graph":[{"@type":"WebPage","@id":"https:\/\/www.beautyimagini.com\/pakovanja-tela\/tretman-tela-termalnim-blatom\/","url":"https:\/\/www.beautyimagini.com\/pakovanja-tela\/tretman-tela-termalnim-blatom\/","name":"[:rs]Tretman tela termalnim blatom[:] &#8211; Beauty Imagini | Holisti\u010dki Centar","isPartOf":{"@id":"https:\/\/www.beautyimagini.com\/#website"},"primaryImageOfPage":{"@id":"https:\/\/www.beautyimagini.com\/pakovanja-tela\/tretman-tela-termalnim-blatom\/#primaryimage"},"image":{"@id":"https:\/\/www.beautyimagini.com\/pakovanja-tela\/tretman-tela-termalnim-blatom\/#primaryimage"},"thumbnailUrl":"https:\/\/www.beautyimagini.com\/wp-content\/uploads\/2015\/12\/Depositphotos_24387825_original.jpg","datePublished":"2016-04-26T00:05:36+00:00","dateModified":"2017-07-22T13:44:52+00:00","description":"Postizanje efekta \u010diste i zategnute ko\u017ee, preoblikovanja tela i blagotvorno dejstvo na ko\u0161tano-mi\u0161i\u0107ni sistem.","breadcrumb":{"@id":"https:\/\/www.beautyimagini.com\/pakovanja-tela\/tretman-tela-termalnim-blatom\/#breadcrumb"},"inLanguage":"en-US","potentialAction":[{"@type":"ReadAction","target":["https:\/\/www.beautyimagini.com\/pakovanja-tela\/tretman-tela-termalnim-blatom\/"]}]},{"@type":"ImageObject","inLanguage":"en-US","@id":"https:\/\/www.beautyimagini.com\/pakovanja-tela\/tretman-tela-termalnim-blatom\/#primaryimage","url":"https:\/\/www.beautyimagini.com\/wp-content\/uploads\/2015\/12\/Depositphotos_24387825_original.jpg","contentUrl":"https:\/\/www.beautyimagini.com\/wp-content\/uploads\/2015\/12\/Depositphotos_24387825_original.jpg","width":1500,"height":1125},{"@type":"BreadcrumbList","@id":"https:\/\/www.beautyimagini.com\/pakovanja-tela\/tretman-tela-termalnim-blatom\/#breadcrumb","itemListElement":[{"@type":"ListItem","position":1,"name":"Home","item":"https:\/\/www.beautyimagini.com\/"},{"@type":"ListItem","position":2,"name":"Pakovanja","item":"https:\/\/www.beautyimagini.com\/pakovanja-tela\/"},{"@type":"ListItem","position":3,"name":"Tretman tela termalnim blatom"}]},{"@type":"WebSite","@id":"https:\/\/www.beautyimagini.com\/#website","url":"https:\/\/www.beautyimagini.com\/","name":"Beauty Imagini | Holisti\u010dki Centar","description":"","potentialAction":[{"@type":"SearchAction","target":{"@type":"EntryPoint","urlTemplate":"https:\/\/www.beautyimagini.com\/?s={search_term_string}"},"query-input":{"@type":"PropertyValueSpecification","valueRequired":true,"valueName":"search_term_string"}}],"inLanguage":"en-US"}]}},"_links":{"self":[{"href":"https:\/\/www.beautyimagini.com\/en\/wp-json\/wp\/v2\/pages\/3417","targetHints":{"allow":["GET"]}}],"collection":[{"href":"https:\/\/www.beautyimagini.com\/en\/wp-json\/wp\/v2\/pages"}],"about":[{"href":"https:\/\/www.beautyimagini.com\/en\/wp-json\/wp\/v2\/types\/page"}],"author":[{"embeddable":true,"href":"https:\/\/www.beautyimagini.com\/en\/wp-json\/wp\/v2\/users\/1"}],"replies":[{"embeddable":true,"href":"https:\/\/www.beautyimagini.com\/en\/wp-json\/wp\/v2\/comments?post=3417"}],"version-history":[{"count":0,"href":"https:\/\/www.beautyimagini.com\/en\/wp-json\/wp\/v2\/pages\/3417\/revisions"}],"up":[{"embeddable":true,"href":"https:\/\/www.beautyimagini.com\/en\/wp-json\/wp\/v2\/pages\/2073"}],"wp:featuredmedia":[{"embeddable":true,"href":"https:\/\/www.beautyimagini.com\/en\/wp-json\/wp\/v2\/media\/1995"}],"wp:attachment":[{"href":"https:\/\/www.beautyimagini.com\/en\/wp-json\/wp\/v2\/media?parent=3417"}],"curies":[{"name":"wp","href":"https:\/\/api.w.org\/{rel}","templated":true}]}}