{"id":3481,"date":"2016-05-09T04:27:00","date_gmt":"2016-05-09T02:27:00","guid":{"rendered":"https:\/\/www.beautyimagini.com\/?page_id=3481"},"modified":"2016-05-09T06:02:59","modified_gmt":"2016-05-09T04:02:59","slug":"umetnost-ravnoteze-na-jedrenju","status":"publish","type":"page","link":"https:\/\/www.beautyimagini.com\/en\/umetnost-ravnoteze-na-jedrenju\/","title":{"rendered":"Umetnost Ravnote\u017ee na Jedrenju"},"content":{"rendered":"<p class=\"qtranxs-available-languages-message qtranxs-available-languages-message-en\">No translated content. Please choose Serbian language.<\/p>","protected":false},"excerpt":{"rendered":"<p>No translated content. Please choose Serbian language.<\/p>\n","protected":false},"author":1,"featured_media":2672,"parent":0,"menu_order":0,"comment_status":"closed","ping_status":"closed","template":"page-fullwidth.php","meta":{"footnotes":""},"class_list":["post-3481","page","type-page","status-publish","has-post-thumbnail","hentry"],"yoast_head":"<!-- This site is optimized with the Yoast SEO plugin v26.9 - https:\/\/yoast.com\/product\/yoast-seo-wordpress\/ -->\n<title><\/title>\n<meta name=\"description\" content=\"Za sve one koji \u017eele da istra\u017ee svoje mogu\u0107nosti prilago\u0111avanja u druga\u010dijem prostoru i vremenu, 7 x 24 sata napolju, na moru i kopnu...\" \/>\n<meta name=\"robots\" content=\"index, follow, max-snippet:-1, max-image-preview:large, max-video-preview:-1\" \/>\n<link rel=\"canonical\" href=\"https:\/\/www.beautyimagini.com\/umetnost-ravnoteze-na-jedrenju\/\" \/>\n<meta property=\"og:locale\" content=\"en_US\" \/>\n<meta property=\"og:type\" content=\"article\" \/>\n<meta property=\"og:title\" content=\"[:rs]Umetnost Ravnote\u017ee na Jedrenju[:] &#8211; Beauty Imagini | Holisti\u010dki Centar\" \/>\n<meta property=\"og:description\" content=\"Za sve one koji \u017eele da istra\u017ee svoje mogu\u0107nosti prilago\u0111avanja u druga\u010dijem prostoru i vremenu, 7 x 24 sata napolju, na moru i kopnu...\" \/>\n<meta property=\"og:url\" content=\"https:\/\/www.beautyimagini.com\/umetnost-ravnoteze-na-jedrenju\/\" \/>\n<meta property=\"og:site_name\" content=\"Beauty Imagini | Holisti\u010dki Centar\" \/>\n<meta property=\"article:modified_time\" content=\"2016-05-09T04:02:59+00:00\" \/>\n<meta property=\"og:image\" content=\"https:\/\/www.beautyimagini.com\/wp-content\/uploads\/2016\/02\/beauty-tim.jpg\" \/>\n\t<meta property=\"og:image:width\" content=\"1024\" \/>\n\t<meta property=\"og:image:height\" content=\"683\" \/>\n\t<meta property=\"og:image:type\" content=\"image\/jpeg\" \/>\n<meta name=\"twitter:card\" content=\"summary_large_image\" \/>\n<meta name=\"twitter:label1\" content=\"Est. reading time\" \/>\n\t<meta name=\"twitter:data1\" content=\"6 minutes\" \/>\n<script type=\"application\/ld+json\" class=\"yoast-schema-graph\">{\"@context\":\"https:\/\/schema.org\",\"@graph\":[{\"@type\":\"WebPage\",\"@id\":\"https:\/\/www.beautyimagini.com\/umetnost-ravnoteze-na-jedrenju\/\",\"url\":\"https:\/\/www.beautyimagini.com\/umetnost-ravnoteze-na-jedrenju\/\",\"name\":\"[:rs]Umetnost Ravnote\u017ee na Jedrenju[:] &#8211; Beauty Imagini | Holisti\u010dki Centar\",\"isPartOf\":{\"@id\":\"https:\/\/www.beautyimagini.com\/#website\"},\"primaryImageOfPage\":{\"@id\":\"https:\/\/www.beautyimagini.com\/umetnost-ravnoteze-na-jedrenju\/#primaryimage\"},\"image\":{\"@id\":\"https:\/\/www.beautyimagini.com\/umetnost-ravnoteze-na-jedrenju\/#primaryimage\"},\"thumbnailUrl\":\"https:\/\/www.beautyimagini.com\/wp-content\/uploads\/2016\/02\/beauty-tim.jpg\",\"datePublished\":\"2016-05-09T02:27:00+00:00\",\"dateModified\":\"2016-05-09T04:02:59+00:00\",\"description\":\"Za sve one koji \u017eele da istra\u017ee svoje mogu\u0107nosti prilago\u0111avanja u druga\u010dijem prostoru i vremenu, 7 x 24 sata napolju, na moru i kopnu...\",\"breadcrumb\":{\"@id\":\"https:\/\/www.beautyimagini.com\/umetnost-ravnoteze-na-jedrenju\/#breadcrumb\"},\"inLanguage\":\"en-US\",\"potentialAction\":[{\"@type\":\"ReadAction\",\"target\":[\"https:\/\/www.beautyimagini.com\/umetnost-ravnoteze-na-jedrenju\/\"]}]},{\"@type\":\"ImageObject\",\"inLanguage\":\"en-US\",\"@id\":\"https:\/\/www.beautyimagini.com\/umetnost-ravnoteze-na-jedrenju\/#primaryimage\",\"url\":\"https:\/\/www.beautyimagini.com\/wp-content\/uploads\/2016\/02\/beauty-tim.jpg\",\"contentUrl\":\"https:\/\/www.beautyimagini.com\/wp-content\/uploads\/2016\/02\/beauty-tim.jpg\",\"width\":1024,\"height\":683},{\"@type\":\"BreadcrumbList\",\"@id\":\"https:\/\/www.beautyimagini.com\/umetnost-ravnoteze-na-jedrenju\/#breadcrumb\",\"itemListElement\":[{\"@type\":\"ListItem\",\"position\":1,\"name\":\"Home\",\"item\":\"https:\/\/www.beautyimagini.com\/\"},{\"@type\":\"ListItem\",\"position\":2,\"name\":\"Umetnost Ravnote\u017ee na Jedrenju\"}]},{\"@type\":\"WebSite\",\"@id\":\"https:\/\/www.beautyimagini.com\/#website\",\"url\":\"https:\/\/www.beautyimagini.com\/\",\"name\":\"Beauty Imagini | Holisti\u010dki Centar\",\"description\":\"\",\"potentialAction\":[{\"@type\":\"SearchAction\",\"target\":{\"@type\":\"EntryPoint\",\"urlTemplate\":\"https:\/\/www.beautyimagini.com\/?s={search_term_string}\"},\"query-input\":{\"@type\":\"PropertyValueSpecification\",\"valueRequired\":true,\"valueName\":\"search_term_string\"}}],\"inLanguage\":\"en-US\"}]}<\/script>\n<!-- \/ Yoast SEO plugin. -->","yoast_head_json":{"title":"[:rs]Umetnost Ravnote\u017ee na Jedrenju[:] &#8211; Beauty Imagini | Holisti\u010dki Centar","description":"Za sve one koji \u017eele da istra\u017ee svoje mogu\u0107nosti prilago\u0111avanja u druga\u010dijem prostoru i vremenu, 7 x 24 sata napolju, na moru i kopnu...","robots":{"index":"index","follow":"follow","max-snippet":"max-snippet:-1","max-image-preview":"max-image-preview:large","max-video-preview":"max-video-preview:-1"},"canonical":"https:\/\/www.beautyimagini.com\/umetnost-ravnoteze-na-jedrenju\/","og_locale":"en_US","og_type":"article","og_title":"[:rs]Umetnost Ravnote\u017ee na Jedrenju[:] &#8211; Beauty Imagini | Holisti\u010dki Centar","og_description":"Za sve one koji \u017eele da istra\u017ee svoje mogu\u0107nosti prilago\u0111avanja u druga\u010dijem prostoru i vremenu, 7 x 24 sata napolju, na moru i kopnu...","og_url":"https:\/\/www.beautyimagini.com\/umetnost-ravnoteze-na-jedrenju\/","og_site_name":"Beauty Imagini | Holisti\u010dki Centar","article_modified_time":"2016-05-09T04:02:59+00:00","og_image":[{"width":1024,"height":683,"url":"https:\/\/www.beautyimagini.com\/wp-content\/uploads\/2016\/02\/beauty-tim.jpg","type":"image\/jpeg"}],"twitter_card":"summary_large_image","twitter_misc":{"Est. reading time":"6 minutes"},"schema":{"@context":"https:\/\/schema.org","@graph":[{"@type":"WebPage","@id":"https:\/\/www.beautyimagini.com\/umetnost-ravnoteze-na-jedrenju\/","url":"https:\/\/www.beautyimagini.com\/umetnost-ravnoteze-na-jedrenju\/","name":"[:rs]Umetnost Ravnote\u017ee na Jedrenju[:] &#8211; Beauty Imagini | Holisti\u010dki Centar","isPartOf":{"@id":"https:\/\/www.beautyimagini.com\/#website"},"primaryImageOfPage":{"@id":"https:\/\/www.beautyimagini.com\/umetnost-ravnoteze-na-jedrenju\/#primaryimage"},"image":{"@id":"https:\/\/www.beautyimagini.com\/umetnost-ravnoteze-na-jedrenju\/#primaryimage"},"thumbnailUrl":"https:\/\/www.beautyimagini.com\/wp-content\/uploads\/2016\/02\/beauty-tim.jpg","datePublished":"2016-05-09T02:27:00+00:00","dateModified":"2016-05-09T04:02:59+00:00","description":"Za sve one koji \u017eele da istra\u017ee svoje mogu\u0107nosti prilago\u0111avanja u druga\u010dijem prostoru i vremenu, 7 x 24 sata napolju, na moru i kopnu...","breadcrumb":{"@id":"https:\/\/www.beautyimagini.com\/umetnost-ravnoteze-na-jedrenju\/#breadcrumb"},"inLanguage":"en-US","potentialAction":[{"@type":"ReadAction","target":["https:\/\/www.beautyimagini.com\/umetnost-ravnoteze-na-jedrenju\/"]}]},{"@type":"ImageObject","inLanguage":"en-US","@id":"https:\/\/www.beautyimagini.com\/umetnost-ravnoteze-na-jedrenju\/#primaryimage","url":"https:\/\/www.beautyimagini.com\/wp-content\/uploads\/2016\/02\/beauty-tim.jpg","contentUrl":"https:\/\/www.beautyimagini.com\/wp-content\/uploads\/2016\/02\/beauty-tim.jpg","width":1024,"height":683},{"@type":"BreadcrumbList","@id":"https:\/\/www.beautyimagini.com\/umetnost-ravnoteze-na-jedrenju\/#breadcrumb","itemListElement":[{"@type":"ListItem","position":1,"name":"Home","item":"https:\/\/www.beautyimagini.com\/"},{"@type":"ListItem","position":2,"name":"Umetnost Ravnote\u017ee na Jedrenju"}]},{"@type":"WebSite","@id":"https:\/\/www.beautyimagini.com\/#website","url":"https:\/\/www.beautyimagini.com\/","name":"Beauty Imagini | Holisti\u010dki Centar","description":"","potentialAction":[{"@type":"SearchAction","target":{"@type":"EntryPoint","urlTemplate":"https:\/\/www.beautyimagini.com\/?s={search_term_string}"},"query-input":{"@type":"PropertyValueSpecification","valueRequired":true,"valueName":"search_term_string"}}],"inLanguage":"en-US"}]}},"_links":{"self":[{"href":"https:\/\/www.beautyimagini.com\/en\/wp-json\/wp\/v2\/pages\/3481","targetHints":{"allow":["GET"]}}],"collection":[{"href":"https:\/\/www.beautyimagini.com\/en\/wp-json\/wp\/v2\/pages"}],"about":[{"href":"https:\/\/www.beautyimagini.com\/en\/wp-json\/wp\/v2\/types\/page"}],"author":[{"embeddable":true,"href":"https:\/\/www.beautyimagini.com\/en\/wp-json\/wp\/v2\/users\/1"}],"replies":[{"embeddable":true,"href":"https:\/\/www.beautyimagini.com\/en\/wp-json\/wp\/v2\/comments?post=3481"}],"version-history":[{"count":0,"href":"https:\/\/www.beautyimagini.com\/en\/wp-json\/wp\/v2\/pages\/3481\/revisions"}],"wp:featuredmedia":[{"embeddable":true,"href":"https:\/\/www.beautyimagini.com\/en\/wp-json\/wp\/v2\/media\/2672"}],"wp:attachment":[{"href":"https:\/\/www.beautyimagini.com\/en\/wp-json\/wp\/v2\/media?parent=3481"}],"curies":[{"name":"wp","href":"https:\/\/api.w.org\/{rel}","templated":true}]}}