{"id":3534,"date":"2016-05-12T03:42:55","date_gmt":"2016-05-12T01:42:55","guid":{"rendered":"https:\/\/www.beautyimagini.com\/?page_id=3534"},"modified":"2017-07-30T12:29:07","modified_gmt":"2017-07-30T10:29:07","slug":"shilly-shally-tretman-za-telo","status":"publish","type":"page","link":"https:\/\/www.beautyimagini.com\/en\/pakovanja-tela\/shilly-shally-tretman-za-telo\/","title":{"rendered":"Shilly Shally tretman za telo"},"content":{"rendered":"<p class=\"qtranxs-available-languages-message qtranxs-available-languages-message-en\">No translated content. Please choose Serbian language.<\/p>","protected":false},"excerpt":{"rendered":"<p>No translated content. Please choose Serbian language.<\/p>\n","protected":false},"author":1,"featured_media":3535,"parent":2073,"menu_order":0,"comment_status":"closed","ping_status":"closed","template":"page-fullwidth.php","meta":{"footnotes":""},"class_list":["post-3534","page","type-page","status-publish","has-post-thumbnail","hentry"],"yoast_head":"<!-- This site is optimized with the Yoast SEO plugin v26.9 - https:\/\/yoast.com\/product\/yoast-seo-wordpress\/ -->\n<title>Shilly Shally tretman za telo  &#8211; Beauty Imagini | Holisti\u010dki Centar<\/title>\n<meta name=\"description\" content=\"Izuzetno efikasan u toku i posle razbijanja depozita \u0161tetnih materija ili zastoja te\u010dnosti u organizmu, drasti\u010dno smanjuju\u0107i celulit i ubla\u017eavaju\u0107i strije.\" \/>\n<meta name=\"robots\" content=\"index, follow, max-snippet:-1, max-image-preview:large, max-video-preview:-1\" \/>\n<link rel=\"canonical\" href=\"https:\/\/www.beautyimagini.com\/pakovanja-tela\/shilly-shally-tretman-za-telo\/\" \/>\n<meta property=\"og:locale\" content=\"en_US\" \/>\n<meta property=\"og:type\" content=\"article\" \/>\n<meta property=\"og:title\" content=\"[:rs]Shilly Shally tretman za telo[:en] Shilly Shally tretman za telo [:] &#8211; Beauty Imagini | Holisti\u010dki Centar\" \/>\n<meta property=\"og:description\" content=\"Izuzetno efikasan u toku i posle razbijanja depozita \u0161tetnih materija ili zastoja te\u010dnosti u organizmu, drasti\u010dno smanjuju\u0107i celulit i ubla\u017eavaju\u0107i strije.\" \/>\n<meta property=\"og:url\" content=\"https:\/\/www.beautyimagini.com\/pakovanja-tela\/shilly-shally-tretman-za-telo\/\" \/>\n<meta property=\"og:site_name\" content=\"Beauty Imagini | Holisti\u010dki Centar\" \/>\n<meta property=\"article:modified_time\" content=\"2017-07-30T10:29:07+00:00\" \/>\n<meta property=\"og:image\" content=\"https:\/\/www.beautyimagini.com\/wp-content\/uploads\/shilly-shally-pakovanje.jpg\" \/>\n\t<meta property=\"og:image:width\" content=\"800\" \/>\n\t<meta property=\"og:image:height\" content=\"599\" \/>\n\t<meta property=\"og:image:type\" content=\"image\/jpeg\" \/>\n<meta name=\"twitter:card\" content=\"summary_large_image\" \/>\n<meta name=\"twitter:label1\" content=\"Est. reading time\" \/>\n\t<meta name=\"twitter:data1\" content=\"1 minute\" \/>\n<script type=\"application\/ld+json\" class=\"yoast-schema-graph\">{\"@context\":\"https:\/\/schema.org\",\"@graph\":[{\"@type\":\"WebPage\",\"@id\":\"https:\/\/www.beautyimagini.com\/pakovanja-tela\/shilly-shally-tretman-za-telo\/\",\"url\":\"https:\/\/www.beautyimagini.com\/pakovanja-tela\/shilly-shally-tretman-za-telo\/\",\"name\":\"[:rs]Shilly Shally tretman za telo[:en] Shilly Shally tretman za telo [:] &#8211; Beauty Imagini | Holisti\u010dki Centar\",\"isPartOf\":{\"@id\":\"https:\/\/www.beautyimagini.com\/#website\"},\"primaryImageOfPage\":{\"@id\":\"https:\/\/www.beautyimagini.com\/pakovanja-tela\/shilly-shally-tretman-za-telo\/#primaryimage\"},\"image\":{\"@id\":\"https:\/\/www.beautyimagini.com\/pakovanja-tela\/shilly-shally-tretman-za-telo\/#primaryimage\"},\"thumbnailUrl\":\"https:\/\/www.beautyimagini.com\/wp-content\/uploads\/shilly-shally-pakovanje.jpg\",\"datePublished\":\"2016-05-12T01:42:55+00:00\",\"dateModified\":\"2017-07-30T10:29:07+00:00\",\"description\":\"Izuzetno efikasan u toku i posle razbijanja depozita \u0161tetnih materija ili zastoja te\u010dnosti u organizmu, drasti\u010dno smanjuju\u0107i celulit i ubla\u017eavaju\u0107i strije.\",\"breadcrumb\":{\"@id\":\"https:\/\/www.beautyimagini.com\/pakovanja-tela\/shilly-shally-tretman-za-telo\/#breadcrumb\"},\"inLanguage\":\"en-US\",\"potentialAction\":[{\"@type\":\"ReadAction\",\"target\":[\"https:\/\/www.beautyimagini.com\/pakovanja-tela\/shilly-shally-tretman-za-telo\/\"]}]},{\"@type\":\"ImageObject\",\"inLanguage\":\"en-US\",\"@id\":\"https:\/\/www.beautyimagini.com\/pakovanja-tela\/shilly-shally-tretman-za-telo\/#primaryimage\",\"url\":\"https:\/\/www.beautyimagini.com\/wp-content\/uploads\/shilly-shally-pakovanje.jpg\",\"contentUrl\":\"https:\/\/www.beautyimagini.com\/wp-content\/uploads\/shilly-shally-pakovanje.jpg\",\"width\":800,\"height\":599},{\"@type\":\"BreadcrumbList\",\"@id\":\"https:\/\/www.beautyimagini.com\/pakovanja-tela\/shilly-shally-tretman-za-telo\/#breadcrumb\",\"itemListElement\":[{\"@type\":\"ListItem\",\"position\":1,\"name\":\"Home\",\"item\":\"https:\/\/www.beautyimagini.com\/\"},{\"@type\":\"ListItem\",\"position\":2,\"name\":\"Pakovanja\",\"item\":\"https:\/\/www.beautyimagini.com\/pakovanja-tela\/\"},{\"@type\":\"ListItem\",\"position\":3,\"name\":\"Shilly Shally tretman za telo\"}]},{\"@type\":\"WebSite\",\"@id\":\"https:\/\/www.beautyimagini.com\/#website\",\"url\":\"https:\/\/www.beautyimagini.com\/\",\"name\":\"Beauty Imagini | Holisti\u010dki Centar\",\"description\":\"\",\"potentialAction\":[{\"@type\":\"SearchAction\",\"target\":{\"@type\":\"EntryPoint\",\"urlTemplate\":\"https:\/\/www.beautyimagini.com\/?s={search_term_string}\"},\"query-input\":{\"@type\":\"PropertyValueSpecification\",\"valueRequired\":true,\"valueName\":\"search_term_string\"}}],\"inLanguage\":\"en-US\"}]}<\/script>\n<!-- \/ Yoast SEO plugin. -->","yoast_head_json":{"title":"[:rs]Shilly Shally tretman za telo[:en] Shilly Shally tretman za telo [:] &#8211; Beauty Imagini | Holisti\u010dki Centar","description":"Izuzetno efikasan u toku i posle razbijanja depozita \u0161tetnih materija ili zastoja te\u010dnosti u organizmu, drasti\u010dno smanjuju\u0107i celulit i ubla\u017eavaju\u0107i strije.","robots":{"index":"index","follow":"follow","max-snippet":"max-snippet:-1","max-image-preview":"max-image-preview:large","max-video-preview":"max-video-preview:-1"},"canonical":"https:\/\/www.beautyimagini.com\/pakovanja-tela\/shilly-shally-tretman-za-telo\/","og_locale":"en_US","og_type":"article","og_title":"[:rs]Shilly Shally tretman za telo[:en] Shilly Shally tretman za telo [:] &#8211; Beauty Imagini | Holisti\u010dki Centar","og_description":"Izuzetno efikasan u toku i posle razbijanja depozita \u0161tetnih materija ili zastoja te\u010dnosti u organizmu, drasti\u010dno smanjuju\u0107i celulit i ubla\u017eavaju\u0107i strije.","og_url":"https:\/\/www.beautyimagini.com\/pakovanja-tela\/shilly-shally-tretman-za-telo\/","og_site_name":"Beauty Imagini | Holisti\u010dki Centar","article_modified_time":"2017-07-30T10:29:07+00:00","og_image":[{"width":800,"height":599,"url":"https:\/\/www.beautyimagini.com\/wp-content\/uploads\/shilly-shally-pakovanje.jpg","type":"image\/jpeg"}],"twitter_card":"summary_large_image","twitter_misc":{"Est. reading time":"1 minute"},"schema":{"@context":"https:\/\/schema.org","@graph":[{"@type":"WebPage","@id":"https:\/\/www.beautyimagini.com\/pakovanja-tela\/shilly-shally-tretman-za-telo\/","url":"https:\/\/www.beautyimagini.com\/pakovanja-tela\/shilly-shally-tretman-za-telo\/","name":"[:rs]Shilly Shally tretman za telo[:en] Shilly Shally tretman za telo [:] &#8211; Beauty Imagini | Holisti\u010dki Centar","isPartOf":{"@id":"https:\/\/www.beautyimagini.com\/#website"},"primaryImageOfPage":{"@id":"https:\/\/www.beautyimagini.com\/pakovanja-tela\/shilly-shally-tretman-za-telo\/#primaryimage"},"image":{"@id":"https:\/\/www.beautyimagini.com\/pakovanja-tela\/shilly-shally-tretman-za-telo\/#primaryimage"},"thumbnailUrl":"https:\/\/www.beautyimagini.com\/wp-content\/uploads\/shilly-shally-pakovanje.jpg","datePublished":"2016-05-12T01:42:55+00:00","dateModified":"2017-07-30T10:29:07+00:00","description":"Izuzetno efikasan u toku i posle razbijanja depozita \u0161tetnih materija ili zastoja te\u010dnosti u organizmu, drasti\u010dno smanjuju\u0107i celulit i ubla\u017eavaju\u0107i strije.","breadcrumb":{"@id":"https:\/\/www.beautyimagini.com\/pakovanja-tela\/shilly-shally-tretman-za-telo\/#breadcrumb"},"inLanguage":"en-US","potentialAction":[{"@type":"ReadAction","target":["https:\/\/www.beautyimagini.com\/pakovanja-tela\/shilly-shally-tretman-za-telo\/"]}]},{"@type":"ImageObject","inLanguage":"en-US","@id":"https:\/\/www.beautyimagini.com\/pakovanja-tela\/shilly-shally-tretman-za-telo\/#primaryimage","url":"https:\/\/www.beautyimagini.com\/wp-content\/uploads\/shilly-shally-pakovanje.jpg","contentUrl":"https:\/\/www.beautyimagini.com\/wp-content\/uploads\/shilly-shally-pakovanje.jpg","width":800,"height":599},{"@type":"BreadcrumbList","@id":"https:\/\/www.beautyimagini.com\/pakovanja-tela\/shilly-shally-tretman-za-telo\/#breadcrumb","itemListElement":[{"@type":"ListItem","position":1,"name":"Home","item":"https:\/\/www.beautyimagini.com\/"},{"@type":"ListItem","position":2,"name":"Pakovanja","item":"https:\/\/www.beautyimagini.com\/pakovanja-tela\/"},{"@type":"ListItem","position":3,"name":"Shilly Shally tretman za telo"}]},{"@type":"WebSite","@id":"https:\/\/www.beautyimagini.com\/#website","url":"https:\/\/www.beautyimagini.com\/","name":"Beauty Imagini | Holisti\u010dki Centar","description":"","potentialAction":[{"@type":"SearchAction","target":{"@type":"EntryPoint","urlTemplate":"https:\/\/www.beautyimagini.com\/?s={search_term_string}"},"query-input":{"@type":"PropertyValueSpecification","valueRequired":true,"valueName":"search_term_string"}}],"inLanguage":"en-US"}]}},"_links":{"self":[{"href":"https:\/\/www.beautyimagini.com\/en\/wp-json\/wp\/v2\/pages\/3534","targetHints":{"allow":["GET"]}}],"collection":[{"href":"https:\/\/www.beautyimagini.com\/en\/wp-json\/wp\/v2\/pages"}],"about":[{"href":"https:\/\/www.beautyimagini.com\/en\/wp-json\/wp\/v2\/types\/page"}],"author":[{"embeddable":true,"href":"https:\/\/www.beautyimagini.com\/en\/wp-json\/wp\/v2\/users\/1"}],"replies":[{"embeddable":true,"href":"https:\/\/www.beautyimagini.com\/en\/wp-json\/wp\/v2\/comments?post=3534"}],"version-history":[{"count":0,"href":"https:\/\/www.beautyimagini.com\/en\/wp-json\/wp\/v2\/pages\/3534\/revisions"}],"up":[{"embeddable":true,"href":"https:\/\/www.beautyimagini.com\/en\/wp-json\/wp\/v2\/pages\/2073"}],"wp:featuredmedia":[{"embeddable":true,"href":"https:\/\/www.beautyimagini.com\/en\/wp-json\/wp\/v2\/media\/3535"}],"wp:attachment":[{"href":"https:\/\/www.beautyimagini.com\/en\/wp-json\/wp\/v2\/media?parent=3534"}],"curies":[{"name":"wp","href":"https:\/\/api.w.org\/{rel}","templated":true}]}}