{"id":3323,"date":"2016-04-24T12:59:56","date_gmt":"2016-04-24T10:59:56","guid":{"rendered":"https:\/\/www.beautyimagini.com\/?post_type=product&#038;p=3323"},"modified":"2016-04-24T12:59:56","modified_gmt":"2016-04-24T10:59:56","slug":"krema-od-cokolade-feel-good","status":"publish","type":"product","link":"https:\/\/www.beautyimagini.com\/en\/prodavnica\/nega-tela\/preparati-na-bazi-cokolade\/krema-od-cokolade-feel-good\/","title":{"rendered":"Krema od \u010dokolade &#8220;Feel Good&#8221;"},"content":{"rendered":"<p class=\"qtranxs-available-languages-message qtranxs-available-languages-message-en\">No translated content. Please choose Serbian language.<\/p>","protected":false},"excerpt":{"rendered":"<p class=\"qtranxs-available-languages-message qtranxs-available-languages-message-en\">No translated content. Please choose Serbian language.<\/p>\n","protected":false},"featured_media":3325,"comment_status":"closed","ping_status":"closed","template":"","meta":[],"product_brand":[],"product_cat":[44,51],"product_tag":[],"class_list":{"0":"post-3323","1":"product","2":"type-product","3":"status-publish","4":"has-post-thumbnail","6":"product_cat-nega-tela","7":"product_cat-preparati-na-bazi-cokolade","9":"first","10":"instock","11":"virtual","12":"purchasable","13":"product-type-simple"},"yoast_head":"<!-- This site is optimized with the Yoast SEO plugin v26.9 - https:\/\/yoast.com\/product\/yoast-seo-wordpress\/ -->\n<title><\/title>\n<meta name=\"robots\" content=\"index, follow, max-snippet:-1, max-image-preview:large, max-video-preview:-1\" \/>\n<link rel=\"canonical\" href=\"https:\/\/www.beautyimagini.com\/en\/prodavnica\/nega-tela\/preparati-na-bazi-cokolade\/krema-od-cokolade-feel-good\/\" \/>\n<meta property=\"og:locale\" content=\"en_US\" \/>\n<meta property=\"og:type\" content=\"article\" \/>\n<meta property=\"og:title\" content=\"[:rs]Krema od \u010dokolade &quot;Feel Good&quot;[:] &#8211; Beauty Imagini | Holisti\u010dki Centar\" \/>\n<meta property=\"og:description\" content=\"[:rs]Krema za masa\u017eu i maska sadr\u017ee ekstrakt kakaa i imaju prijatnu aromu, kojom se stvara prijatna atmosfera u kozmeti\u010dkom salonu. Tako da \u0107e ovaj tretman blagotvorno delovati kako na telo, tako i na sveop\u0161ti \u00abdobar ose\u0107aj\u00bb.[:]\" \/>\n<meta property=\"og:url\" content=\"https:\/\/www.beautyimagini.com\/en\/prodavnica\/nega-tela\/preparati-na-bazi-cokolade\/krema-od-cokolade-feel-good\/\" \/>\n<meta property=\"og:site_name\" content=\"Beauty Imagini | Holisti\u010dki Centar\" \/>\n<meta property=\"og:image\" content=\"https:\/\/www.beautyimagini.com\/wp-content\/uploads\/krema-od-cokolade.jpg\" \/>\n\t<meta property=\"og:image:width\" content=\"410\" \/>\n\t<meta property=\"og:image:height\" content=\"290\" \/>\n\t<meta property=\"og:image:type\" content=\"image\/jpeg\" \/>\n<meta name=\"twitter:card\" content=\"summary_large_image\" \/>\n<meta name=\"twitter:label1\" content=\"Est. reading time\" \/>\n\t<meta name=\"twitter:data1\" content=\"1 minute\" \/>\n<script type=\"application\/ld+json\" class=\"yoast-schema-graph\">{\"@context\":\"https:\/\/schema.org\",\"@graph\":[{\"@type\":\"WebPage\",\"@id\":\"https:\/\/www.beautyimagini.com\/en\/prodavnica\/nega-tela\/preparati-na-bazi-cokolade\/krema-od-cokolade-feel-good\/\",\"url\":\"https:\/\/www.beautyimagini.com\/en\/prodavnica\/nega-tela\/preparati-na-bazi-cokolade\/krema-od-cokolade-feel-good\/\",\"name\":\"[:rs]Krema od \u010dokolade \\\"Feel Good\\\"[:] &#8211; Beauty Imagini | Holisti\u010dki Centar\",\"isPartOf\":{\"@id\":\"https:\/\/www.beautyimagini.com\/#website\"},\"primaryImageOfPage\":{\"@id\":\"https:\/\/www.beautyimagini.com\/en\/prodavnica\/nega-tela\/preparati-na-bazi-cokolade\/krema-od-cokolade-feel-good\/#primaryimage\"},\"image\":{\"@id\":\"https:\/\/www.beautyimagini.com\/en\/prodavnica\/nega-tela\/preparati-na-bazi-cokolade\/krema-od-cokolade-feel-good\/#primaryimage\"},\"thumbnailUrl\":\"https:\/\/www.beautyimagini.com\/wp-content\/uploads\/krema-od-cokolade.jpg\",\"datePublished\":\"2016-04-24T10:59:56+00:00\",\"breadcrumb\":{\"@id\":\"https:\/\/www.beautyimagini.com\/en\/prodavnica\/nega-tela\/preparati-na-bazi-cokolade\/krema-od-cokolade-feel-good\/#breadcrumb\"},\"inLanguage\":\"en-US\",\"potentialAction\":[{\"@type\":\"ReadAction\",\"target\":[\"https:\/\/www.beautyimagini.com\/en\/prodavnica\/nega-tela\/preparati-na-bazi-cokolade\/krema-od-cokolade-feel-good\/\"]}]},{\"@type\":\"ImageObject\",\"inLanguage\":\"en-US\",\"@id\":\"https:\/\/www.beautyimagini.com\/en\/prodavnica\/nega-tela\/preparati-na-bazi-cokolade\/krema-od-cokolade-feel-good\/#primaryimage\",\"url\":\"https:\/\/www.beautyimagini.com\/wp-content\/uploads\/krema-od-cokolade.jpg\",\"contentUrl\":\"https:\/\/www.beautyimagini.com\/wp-content\/uploads\/krema-od-cokolade.jpg\",\"width\":410,\"height\":290},{\"@type\":\"BreadcrumbList\",\"@id\":\"https:\/\/www.beautyimagini.com\/en\/prodavnica\/nega-tela\/preparati-na-bazi-cokolade\/krema-od-cokolade-feel-good\/#breadcrumb\",\"itemListElement\":[{\"@type\":\"ListItem\",\"position\":1,\"name\":\"Home\",\"item\":\"https:\/\/www.beautyimagini.com\/\"},{\"@type\":\"ListItem\",\"position\":2,\"name\":\"Prodavnica\",\"item\":\"https:\/\/www.beautyimagini.com\/prodavnica\/\"},{\"@type\":\"ListItem\",\"position\":3,\"name\":\"Krema od \u010dokolade &#8220;Feel Good&#8221;\"}]},{\"@type\":\"WebSite\",\"@id\":\"https:\/\/www.beautyimagini.com\/#website\",\"url\":\"https:\/\/www.beautyimagini.com\/\",\"name\":\"Beauty Imagini | Holisti\u010dki Centar\",\"description\":\"\",\"potentialAction\":[{\"@type\":\"SearchAction\",\"target\":{\"@type\":\"EntryPoint\",\"urlTemplate\":\"https:\/\/www.beautyimagini.com\/?s={search_term_string}\"},\"query-input\":{\"@type\":\"PropertyValueSpecification\",\"valueRequired\":true,\"valueName\":\"search_term_string\"}}],\"inLanguage\":\"en-US\"}]}<\/script>\n<!-- \/ Yoast SEO plugin. -->","yoast_head_json":{"title":"[:rs]Krema od \u010dokolade \"Feel Good\"[:] &#8211; Beauty Imagini | Holisti\u010dki Centar","robots":{"index":"index","follow":"follow","max-snippet":"max-snippet:-1","max-image-preview":"max-image-preview:large","max-video-preview":"max-video-preview:-1"},"canonical":"https:\/\/www.beautyimagini.com\/en\/prodavnica\/nega-tela\/preparati-na-bazi-cokolade\/krema-od-cokolade-feel-good\/","og_locale":"en_US","og_type":"article","og_title":"[:rs]Krema od \u010dokolade \"Feel Good\"[:] &#8211; Beauty Imagini | Holisti\u010dki Centar","og_description":"[:rs]Krema za masa\u017eu i maska sadr\u017ee ekstrakt kakaa i imaju prijatnu aromu, kojom se stvara prijatna atmosfera u kozmeti\u010dkom salonu. Tako da \u0107e ovaj tretman blagotvorno delovati kako na telo, tako i na sveop\u0161ti \u00abdobar ose\u0107aj\u00bb.[:]","og_url":"https:\/\/www.beautyimagini.com\/en\/prodavnica\/nega-tela\/preparati-na-bazi-cokolade\/krema-od-cokolade-feel-good\/","og_site_name":"Beauty Imagini | Holisti\u010dki Centar","og_image":[{"width":410,"height":290,"url":"https:\/\/www.beautyimagini.com\/wp-content\/uploads\/krema-od-cokolade.jpg","type":"image\/jpeg"}],"twitter_card":"summary_large_image","twitter_misc":{"Est. reading time":"1 minute"},"schema":{"@context":"https:\/\/schema.org","@graph":[{"@type":"WebPage","@id":"https:\/\/www.beautyimagini.com\/en\/prodavnica\/nega-tela\/preparati-na-bazi-cokolade\/krema-od-cokolade-feel-good\/","url":"https:\/\/www.beautyimagini.com\/en\/prodavnica\/nega-tela\/preparati-na-bazi-cokolade\/krema-od-cokolade-feel-good\/","name":"[:rs]Krema od \u010dokolade \"Feel Good\"[:] &#8211; Beauty Imagini | Holisti\u010dki Centar","isPartOf":{"@id":"https:\/\/www.beautyimagini.com\/#website"},"primaryImageOfPage":{"@id":"https:\/\/www.beautyimagini.com\/en\/prodavnica\/nega-tela\/preparati-na-bazi-cokolade\/krema-od-cokolade-feel-good\/#primaryimage"},"image":{"@id":"https:\/\/www.beautyimagini.com\/en\/prodavnica\/nega-tela\/preparati-na-bazi-cokolade\/krema-od-cokolade-feel-good\/#primaryimage"},"thumbnailUrl":"https:\/\/www.beautyimagini.com\/wp-content\/uploads\/krema-od-cokolade.jpg","datePublished":"2016-04-24T10:59:56+00:00","breadcrumb":{"@id":"https:\/\/www.beautyimagini.com\/en\/prodavnica\/nega-tela\/preparati-na-bazi-cokolade\/krema-od-cokolade-feel-good\/#breadcrumb"},"inLanguage":"en-US","potentialAction":[{"@type":"ReadAction","target":["https:\/\/www.beautyimagini.com\/en\/prodavnica\/nega-tela\/preparati-na-bazi-cokolade\/krema-od-cokolade-feel-good\/"]}]},{"@type":"ImageObject","inLanguage":"en-US","@id":"https:\/\/www.beautyimagini.com\/en\/prodavnica\/nega-tela\/preparati-na-bazi-cokolade\/krema-od-cokolade-feel-good\/#primaryimage","url":"https:\/\/www.beautyimagini.com\/wp-content\/uploads\/krema-od-cokolade.jpg","contentUrl":"https:\/\/www.beautyimagini.com\/wp-content\/uploads\/krema-od-cokolade.jpg","width":410,"height":290},{"@type":"BreadcrumbList","@id":"https:\/\/www.beautyimagini.com\/en\/prodavnica\/nega-tela\/preparati-na-bazi-cokolade\/krema-od-cokolade-feel-good\/#breadcrumb","itemListElement":[{"@type":"ListItem","position":1,"name":"Home","item":"https:\/\/www.beautyimagini.com\/"},{"@type":"ListItem","position":2,"name":"Prodavnica","item":"https:\/\/www.beautyimagini.com\/prodavnica\/"},{"@type":"ListItem","position":3,"name":"Krema od \u010dokolade &#8220;Feel Good&#8221;"}]},{"@type":"WebSite","@id":"https:\/\/www.beautyimagini.com\/#website","url":"https:\/\/www.beautyimagini.com\/","name":"Beauty Imagini | Holisti\u010dki Centar","description":"","potentialAction":[{"@type":"SearchAction","target":{"@type":"EntryPoint","urlTemplate":"https:\/\/www.beautyimagini.com\/?s={search_term_string}"},"query-input":{"@type":"PropertyValueSpecification","valueRequired":true,"valueName":"search_term_string"}}],"inLanguage":"en-US"}]}},"_links":{"self":[{"href":"https:\/\/www.beautyimagini.com\/en\/wp-json\/wp\/v2\/product\/3323","targetHints":{"allow":["GET"]}}],"collection":[{"href":"https:\/\/www.beautyimagini.com\/en\/wp-json\/wp\/v2\/product"}],"about":[{"href":"https:\/\/www.beautyimagini.com\/en\/wp-json\/wp\/v2\/types\/product"}],"replies":[{"embeddable":true,"href":"https:\/\/www.beautyimagini.com\/en\/wp-json\/wp\/v2\/comments?post=3323"}],"wp:featuredmedia":[{"embeddable":true,"href":"https:\/\/www.beautyimagini.com\/en\/wp-json\/wp\/v2\/media\/3325"}],"wp:attachment":[{"href":"https:\/\/www.beautyimagini.com\/en\/wp-json\/wp\/v2\/media?parent=3323"}],"wp:term":[{"taxonomy":"product_brand","embeddable":true,"href":"https:\/\/www.beautyimagini.com\/en\/wp-json\/wp\/v2\/product_brand?post=3323"},{"taxonomy":"product_cat","embeddable":true,"href":"https:\/\/www.beautyimagini.com\/en\/wp-json\/wp\/v2\/product_cat?post=3323"},{"taxonomy":"product_tag","embeddable":true,"href":"https:\/\/www.beautyimagini.com\/en\/wp-json\/wp\/v2\/product_tag?post=3323"}],"curies":[{"name":"wp","href":"https:\/\/api.w.org\/{rel}","templated":true}]}}