{"id":3326,"date":"2016-04-24T13:08:00","date_gmt":"2016-04-24T11:08:00","guid":{"rendered":"https:\/\/www.beautyimagini.com\/?post_type=product&#038;p=3326"},"modified":"2016-04-24T13:08:00","modified_gmt":"2016-04-24T11:08:00","slug":"bouquet-c-sinergija-esencijalnih-ulja","status":"publish","type":"product","link":"https:\/\/www.beautyimagini.com\/en\/prodavnica\/nega-tela\/esencijalna-ulja-bouquet\/bouquet-c-sinergija-esencijalnih-ulja\/","title":{"rendered":"BOUQUET \u201eC\u201d- sinergija esencijalnih ulja"},"content":{"rendered":"<p class=\"qtranxs-available-languages-message qtranxs-available-languages-message-en\">No translated content. Please choose Serbian language.<\/p>","protected":false},"excerpt":{"rendered":"<p class=\"qtranxs-available-languages-message qtranxs-available-languages-message-en\">No translated content. Please choose Serbian language.<\/p>\n","protected":false},"featured_media":3329,"comment_status":"closed","ping_status":"closed","template":"","meta":[],"product_brand":[],"product_cat":[44,52],"product_tag":[],"class_list":{"0":"post-3326","1":"product","2":"type-product","3":"status-publish","4":"has-post-thumbnail","6":"product_cat-nega-tela","7":"product_cat-esencijalna-ulja-bouquet","9":"first","10":"instock","11":"virtual","12":"purchasable","13":"product-type-simple"},"yoast_head":"<!-- This site is optimized with the Yoast SEO plugin v26.9 - https:\/\/yoast.com\/product\/yoast-seo-wordpress\/ -->\n<title><\/title>\n<meta name=\"robots\" content=\"index, follow, max-snippet:-1, max-image-preview:large, max-video-preview:-1\" \/>\n<link rel=\"canonical\" href=\"https:\/\/www.beautyimagini.com\/prodavnica\/nega-tela\/esencijalna-ulja-bouquet\/bouquet-c-sinergija-esencijalnih-ulja\/\" \/>\n<meta property=\"og:locale\" content=\"en_US\" \/>\n<meta property=\"og:type\" content=\"article\" \/>\n<meta property=\"og:title\" content=\"[:rs]BOUQUET \u201eC\u201d- sinergija esencijalnih ulja[:] &#8211; Beauty Imagini | Holisti\u010dki Centar\" \/>\n<meta property=\"og:description\" content=\"[:rs]Ovo je dodatni preparat, neophodan klijentima koji pate od celulita i masnih naslaga, jer ima veliku mo\u0107 drena\u017ee hidrolipidnih naslaga. Sadr\u017ei ruzmarin, limun, ekstrakt borovih iglica i ulje p\u0161eni\u010dnih klica. Ruzmarin ima antiinflamatorno, antimikoti\u010dko i adstrigentno dejstvo, a ujedno osve\u017eava i tonifikuje; limun obnavlja hidrantnost ko\u017ee, a vo\u0107nim kiselinama daje i efekte blagog pilinga.[:]\" \/>\n<meta property=\"og:url\" content=\"https:\/\/www.beautyimagini.com\/prodavnica\/nega-tela\/esencijalna-ulja-bouquet\/bouquet-c-sinergija-esencijalnih-ulja\/\" \/>\n<meta property=\"og:site_name\" content=\"Beauty Imagini | Holisti\u010dki Centar\" \/>\n<meta property=\"og:image\" content=\"https:\/\/www.beautyimagini.com\/wp-content\/uploads\/Esencijalna-ulja-BOUQUET.jpg\" \/>\n\t<meta property=\"og:image:width\" content=\"410\" \/>\n\t<meta property=\"og:image:height\" content=\"290\" \/>\n\t<meta property=\"og:image:type\" content=\"image\/jpeg\" \/>\n<meta name=\"twitter:card\" content=\"summary_large_image\" \/>\n<meta name=\"twitter:label1\" content=\"Est. reading time\" \/>\n\t<meta name=\"twitter:data1\" content=\"1 minute\" \/>\n<script type=\"application\/ld+json\" class=\"yoast-schema-graph\">{\"@context\":\"https:\/\/schema.org\",\"@graph\":[{\"@type\":\"WebPage\",\"@id\":\"https:\/\/www.beautyimagini.com\/prodavnica\/nega-tela\/esencijalna-ulja-bouquet\/bouquet-c-sinergija-esencijalnih-ulja\/\",\"url\":\"https:\/\/www.beautyimagini.com\/prodavnica\/nega-tela\/esencijalna-ulja-bouquet\/bouquet-c-sinergija-esencijalnih-ulja\/\",\"name\":\"[:rs]BOUQUET \u201eC\u201d- sinergija esencijalnih ulja[:] &#8211; Beauty Imagini | Holisti\u010dki Centar\",\"isPartOf\":{\"@id\":\"https:\/\/www.beautyimagini.com\/#website\"},\"primaryImageOfPage\":{\"@id\":\"https:\/\/www.beautyimagini.com\/prodavnica\/nega-tela\/esencijalna-ulja-bouquet\/bouquet-c-sinergija-esencijalnih-ulja\/#primaryimage\"},\"image\":{\"@id\":\"https:\/\/www.beautyimagini.com\/prodavnica\/nega-tela\/esencijalna-ulja-bouquet\/bouquet-c-sinergija-esencijalnih-ulja\/#primaryimage\"},\"thumbnailUrl\":\"https:\/\/www.beautyimagini.com\/wp-content\/uploads\/Esencijalna-ulja-BOUQUET.jpg\",\"datePublished\":\"2016-04-24T11:08:00+00:00\",\"breadcrumb\":{\"@id\":\"https:\/\/www.beautyimagini.com\/prodavnica\/nega-tela\/esencijalna-ulja-bouquet\/bouquet-c-sinergija-esencijalnih-ulja\/#breadcrumb\"},\"inLanguage\":\"en-US\",\"potentialAction\":[{\"@type\":\"ReadAction\",\"target\":[\"https:\/\/www.beautyimagini.com\/prodavnica\/nega-tela\/esencijalna-ulja-bouquet\/bouquet-c-sinergija-esencijalnih-ulja\/\"]}]},{\"@type\":\"ImageObject\",\"inLanguage\":\"en-US\",\"@id\":\"https:\/\/www.beautyimagini.com\/prodavnica\/nega-tela\/esencijalna-ulja-bouquet\/bouquet-c-sinergija-esencijalnih-ulja\/#primaryimage\",\"url\":\"https:\/\/www.beautyimagini.com\/wp-content\/uploads\/Esencijalna-ulja-BOUQUET.jpg\",\"contentUrl\":\"https:\/\/www.beautyimagini.com\/wp-content\/uploads\/Esencijalna-ulja-BOUQUET.jpg\",\"width\":410,\"height\":290},{\"@type\":\"BreadcrumbList\",\"@id\":\"https:\/\/www.beautyimagini.com\/prodavnica\/nega-tela\/esencijalna-ulja-bouquet\/bouquet-c-sinergija-esencijalnih-ulja\/#breadcrumb\",\"itemListElement\":[{\"@type\":\"ListItem\",\"position\":1,\"name\":\"Home\",\"item\":\"https:\/\/www.beautyimagini.com\/\"},{\"@type\":\"ListItem\",\"position\":2,\"name\":\"Prodavnica\",\"item\":\"https:\/\/www.beautyimagini.com\/prodavnica\/\"},{\"@type\":\"ListItem\",\"position\":3,\"name\":\"BOUQUET \u201eC\u201d- sinergija esencijalnih ulja\"}]},{\"@type\":\"WebSite\",\"@id\":\"https:\/\/www.beautyimagini.com\/#website\",\"url\":\"https:\/\/www.beautyimagini.com\/\",\"name\":\"Beauty Imagini | Holisti\u010dki Centar\",\"description\":\"\",\"potentialAction\":[{\"@type\":\"SearchAction\",\"target\":{\"@type\":\"EntryPoint\",\"urlTemplate\":\"https:\/\/www.beautyimagini.com\/?s={search_term_string}\"},\"query-input\":{\"@type\":\"PropertyValueSpecification\",\"valueRequired\":true,\"valueName\":\"search_term_string\"}}],\"inLanguage\":\"en-US\"}]}<\/script>\n<!-- \/ Yoast SEO plugin. -->","yoast_head_json":{"title":"[:rs]BOUQUET \u201eC\u201d- sinergija esencijalnih ulja[:] &#8211; Beauty Imagini | Holisti\u010dki Centar","robots":{"index":"index","follow":"follow","max-snippet":"max-snippet:-1","max-image-preview":"max-image-preview:large","max-video-preview":"max-video-preview:-1"},"canonical":"https:\/\/www.beautyimagini.com\/prodavnica\/nega-tela\/esencijalna-ulja-bouquet\/bouquet-c-sinergija-esencijalnih-ulja\/","og_locale":"en_US","og_type":"article","og_title":"[:rs]BOUQUET \u201eC\u201d- sinergija esencijalnih ulja[:] &#8211; Beauty Imagini | Holisti\u010dki Centar","og_description":"[:rs]Ovo je dodatni preparat, neophodan klijentima koji pate od celulita i masnih naslaga, jer ima veliku mo\u0107 drena\u017ee hidrolipidnih naslaga. Sadr\u017ei ruzmarin, limun, ekstrakt borovih iglica i ulje p\u0161eni\u010dnih klica. Ruzmarin ima antiinflamatorno, antimikoti\u010dko i adstrigentno dejstvo, a ujedno osve\u017eava i tonifikuje; limun obnavlja hidrantnost ko\u017ee, a vo\u0107nim kiselinama daje i efekte blagog pilinga.[:]","og_url":"https:\/\/www.beautyimagini.com\/prodavnica\/nega-tela\/esencijalna-ulja-bouquet\/bouquet-c-sinergija-esencijalnih-ulja\/","og_site_name":"Beauty Imagini | Holisti\u010dki Centar","og_image":[{"width":410,"height":290,"url":"https:\/\/www.beautyimagini.com\/wp-content\/uploads\/Esencijalna-ulja-BOUQUET.jpg","type":"image\/jpeg"}],"twitter_card":"summary_large_image","twitter_misc":{"Est. reading time":"1 minute"},"schema":{"@context":"https:\/\/schema.org","@graph":[{"@type":"WebPage","@id":"https:\/\/www.beautyimagini.com\/prodavnica\/nega-tela\/esencijalna-ulja-bouquet\/bouquet-c-sinergija-esencijalnih-ulja\/","url":"https:\/\/www.beautyimagini.com\/prodavnica\/nega-tela\/esencijalna-ulja-bouquet\/bouquet-c-sinergija-esencijalnih-ulja\/","name":"[:rs]BOUQUET \u201eC\u201d- sinergija esencijalnih ulja[:] &#8211; Beauty Imagini | Holisti\u010dki Centar","isPartOf":{"@id":"https:\/\/www.beautyimagini.com\/#website"},"primaryImageOfPage":{"@id":"https:\/\/www.beautyimagini.com\/prodavnica\/nega-tela\/esencijalna-ulja-bouquet\/bouquet-c-sinergija-esencijalnih-ulja\/#primaryimage"},"image":{"@id":"https:\/\/www.beautyimagini.com\/prodavnica\/nega-tela\/esencijalna-ulja-bouquet\/bouquet-c-sinergija-esencijalnih-ulja\/#primaryimage"},"thumbnailUrl":"https:\/\/www.beautyimagini.com\/wp-content\/uploads\/Esencijalna-ulja-BOUQUET.jpg","datePublished":"2016-04-24T11:08:00+00:00","breadcrumb":{"@id":"https:\/\/www.beautyimagini.com\/prodavnica\/nega-tela\/esencijalna-ulja-bouquet\/bouquet-c-sinergija-esencijalnih-ulja\/#breadcrumb"},"inLanguage":"en-US","potentialAction":[{"@type":"ReadAction","target":["https:\/\/www.beautyimagini.com\/prodavnica\/nega-tela\/esencijalna-ulja-bouquet\/bouquet-c-sinergija-esencijalnih-ulja\/"]}]},{"@type":"ImageObject","inLanguage":"en-US","@id":"https:\/\/www.beautyimagini.com\/prodavnica\/nega-tela\/esencijalna-ulja-bouquet\/bouquet-c-sinergija-esencijalnih-ulja\/#primaryimage","url":"https:\/\/www.beautyimagini.com\/wp-content\/uploads\/Esencijalna-ulja-BOUQUET.jpg","contentUrl":"https:\/\/www.beautyimagini.com\/wp-content\/uploads\/Esencijalna-ulja-BOUQUET.jpg","width":410,"height":290},{"@type":"BreadcrumbList","@id":"https:\/\/www.beautyimagini.com\/prodavnica\/nega-tela\/esencijalna-ulja-bouquet\/bouquet-c-sinergija-esencijalnih-ulja\/#breadcrumb","itemListElement":[{"@type":"ListItem","position":1,"name":"Home","item":"https:\/\/www.beautyimagini.com\/"},{"@type":"ListItem","position":2,"name":"Prodavnica","item":"https:\/\/www.beautyimagini.com\/prodavnica\/"},{"@type":"ListItem","position":3,"name":"BOUQUET \u201eC\u201d- sinergija esencijalnih ulja"}]},{"@type":"WebSite","@id":"https:\/\/www.beautyimagini.com\/#website","url":"https:\/\/www.beautyimagini.com\/","name":"Beauty Imagini | Holisti\u010dki Centar","description":"","potentialAction":[{"@type":"SearchAction","target":{"@type":"EntryPoint","urlTemplate":"https:\/\/www.beautyimagini.com\/?s={search_term_string}"},"query-input":{"@type":"PropertyValueSpecification","valueRequired":true,"valueName":"search_term_string"}}],"inLanguage":"en-US"}]}},"_links":{"self":[{"href":"https:\/\/www.beautyimagini.com\/en\/wp-json\/wp\/v2\/product\/3326","targetHints":{"allow":["GET"]}}],"collection":[{"href":"https:\/\/www.beautyimagini.com\/en\/wp-json\/wp\/v2\/product"}],"about":[{"href":"https:\/\/www.beautyimagini.com\/en\/wp-json\/wp\/v2\/types\/product"}],"replies":[{"embeddable":true,"href":"https:\/\/www.beautyimagini.com\/en\/wp-json\/wp\/v2\/comments?post=3326"}],"wp:featuredmedia":[{"embeddable":true,"href":"https:\/\/www.beautyimagini.com\/en\/wp-json\/wp\/v2\/media\/3329"}],"wp:attachment":[{"href":"https:\/\/www.beautyimagini.com\/en\/wp-json\/wp\/v2\/media?parent=3326"}],"wp:term":[{"taxonomy":"product_brand","embeddable":true,"href":"https:\/\/www.beautyimagini.com\/en\/wp-json\/wp\/v2\/product_brand?post=3326"},{"taxonomy":"product_cat","embeddable":true,"href":"https:\/\/www.beautyimagini.com\/en\/wp-json\/wp\/v2\/product_cat?post=3326"},{"taxonomy":"product_tag","embeddable":true,"href":"https:\/\/www.beautyimagini.com\/en\/wp-json\/wp\/v2\/product_tag?post=3326"}],"curies":[{"name":"wp","href":"https:\/\/api.w.org\/{rel}","templated":true}]}}