{"id":3619,"date":"2016-05-16T03:18:05","date_gmt":"2016-05-16T01:18:05","guid":{"rendered":"https:\/\/www.beautyimagini.com\/?post_type=product&#038;p=3619"},"modified":"2016-06-02T04:08:43","modified_gmt":"2016-06-02T02:08:43","slug":"shilly-shally-paket","status":"publish","type":"product","link":"https:\/\/www.beautyimagini.com\/en\/prodavnica\/nega-tela\/shilly-shally-paket\/","title":{"rendered":"Shilly Shally Paket"},"content":{"rendered":"<p class=\"qtranxs-available-languages-message qtranxs-available-languages-message-en\">No translated content. Please choose Serbian language.<\/p>","protected":false},"excerpt":{"rendered":"<p class=\"qtranxs-available-languages-message qtranxs-available-languages-message-en\">No translated content. Please choose Serbian language.<\/p>\n","protected":false},"featured_media":3532,"comment_status":"closed","ping_status":"closed","template":"","meta":[],"product_brand":[],"product_cat":[44,54,45],"product_tag":[],"class_list":{"0":"post-3619","1":"product","2":"type-product","3":"status-publish","4":"has-post-thumbnail","6":"product_cat-nega-tela","7":"product_cat-razno","8":"product_cat-shilly-shally","10":"first","11":"instock","12":"virtual","13":"purchasable","14":"product-type-simple"},"yoast_head":"<!-- This site is optimized with the Yoast SEO plugin v26.9 - https:\/\/yoast.com\/product\/yoast-seo-wordpress\/ -->\n<title><\/title>\n<meta name=\"robots\" content=\"index, follow, max-snippet:-1, max-image-preview:large, max-video-preview:-1\" \/>\n<link rel=\"canonical\" href=\"https:\/\/www.beautyimagini.com\/en\/prodavnica\/nega-tela\/shilly-shally-paket\/\" \/>\n<meta property=\"og:locale\" content=\"en_US\" \/>\n<meta property=\"og:type\" content=\"article\" \/>\n<meta property=\"og:title\" content=\"[:rs]Shilly Shally Paket[:] &#8211; Beauty Imagini | Holisti\u010dki Centar\" \/>\n<meta property=\"og:description\" content=\"[:rs]Primena specifi\u010dne vakum masa\u017ee, zahvaljuju\u0107i posebnom lepljivom efektu aktivne kreme, kao i maske na bazi algi, doprine\u0107e da se podstakne razmena materija u \u0107elijama ko\u017ee, ubla\u017ee bore i strije i ko\u017ei vrati njena prirodna elasti\u010dnost.[:]\" \/>\n<meta property=\"og:url\" content=\"https:\/\/www.beautyimagini.com\/en\/prodavnica\/nega-tela\/shilly-shally-paket\/\" \/>\n<meta property=\"og:site_name\" content=\"Beauty Imagini | Holisti\u010dki Centar\" \/>\n<meta property=\"article:modified_time\" content=\"2016-06-02T02:08:43+00:00\" \/>\n<meta property=\"og:image\" content=\"https:\/\/www.beautyimagini.com\/wp-content\/uploads\/1Z3V6414.jpg\" \/>\n\t<meta property=\"og:image:width\" content=\"800\" \/>\n\t<meta property=\"og:image:height\" content=\"533\" \/>\n\t<meta property=\"og:image:type\" content=\"image\/jpeg\" \/>\n<meta name=\"twitter:card\" content=\"summary_large_image\" \/>\n<script type=\"application\/ld+json\" class=\"yoast-schema-graph\">{\"@context\":\"https:\/\/schema.org\",\"@graph\":[{\"@type\":\"WebPage\",\"@id\":\"https:\/\/www.beautyimagini.com\/en\/prodavnica\/nega-tela\/shilly-shally-paket\/\",\"url\":\"https:\/\/www.beautyimagini.com\/en\/prodavnica\/nega-tela\/shilly-shally-paket\/\",\"name\":\"[:rs]Shilly Shally Paket[:] &#8211; Beauty Imagini | Holisti\u010dki Centar\",\"isPartOf\":{\"@id\":\"https:\/\/www.beautyimagini.com\/#website\"},\"primaryImageOfPage\":{\"@id\":\"https:\/\/www.beautyimagini.com\/en\/prodavnica\/nega-tela\/shilly-shally-paket\/#primaryimage\"},\"image\":{\"@id\":\"https:\/\/www.beautyimagini.com\/en\/prodavnica\/nega-tela\/shilly-shally-paket\/#primaryimage\"},\"thumbnailUrl\":\"https:\/\/www.beautyimagini.com\/wp-content\/uploads\/1Z3V6414.jpg\",\"datePublished\":\"2016-05-16T01:18:05+00:00\",\"dateModified\":\"2016-06-02T02:08:43+00:00\",\"breadcrumb\":{\"@id\":\"https:\/\/www.beautyimagini.com\/en\/prodavnica\/nega-tela\/shilly-shally-paket\/#breadcrumb\"},\"inLanguage\":\"en-US\",\"potentialAction\":[{\"@type\":\"ReadAction\",\"target\":[\"https:\/\/www.beautyimagini.com\/en\/prodavnica\/nega-tela\/shilly-shally-paket\/\"]}]},{\"@type\":\"ImageObject\",\"inLanguage\":\"en-US\",\"@id\":\"https:\/\/www.beautyimagini.com\/en\/prodavnica\/nega-tela\/shilly-shally-paket\/#primaryimage\",\"url\":\"https:\/\/www.beautyimagini.com\/wp-content\/uploads\/1Z3V6414.jpg\",\"contentUrl\":\"https:\/\/www.beautyimagini.com\/wp-content\/uploads\/1Z3V6414.jpg\",\"width\":800,\"height\":533},{\"@type\":\"BreadcrumbList\",\"@id\":\"https:\/\/www.beautyimagini.com\/en\/prodavnica\/nega-tela\/shilly-shally-paket\/#breadcrumb\",\"itemListElement\":[{\"@type\":\"ListItem\",\"position\":1,\"name\":\"Home\",\"item\":\"https:\/\/www.beautyimagini.com\/\"},{\"@type\":\"ListItem\",\"position\":2,\"name\":\"Prodavnica\",\"item\":\"https:\/\/www.beautyimagini.com\/prodavnica\/\"},{\"@type\":\"ListItem\",\"position\":3,\"name\":\"Shilly Shally Paket\"}]},{\"@type\":\"WebSite\",\"@id\":\"https:\/\/www.beautyimagini.com\/#website\",\"url\":\"https:\/\/www.beautyimagini.com\/\",\"name\":\"Beauty Imagini | Holisti\u010dki Centar\",\"description\":\"\",\"potentialAction\":[{\"@type\":\"SearchAction\",\"target\":{\"@type\":\"EntryPoint\",\"urlTemplate\":\"https:\/\/www.beautyimagini.com\/?s={search_term_string}\"},\"query-input\":{\"@type\":\"PropertyValueSpecification\",\"valueRequired\":true,\"valueName\":\"search_term_string\"}}],\"inLanguage\":\"en-US\"}]}<\/script>\n<!-- \/ Yoast SEO plugin. -->","yoast_head_json":{"title":"[:rs]Shilly Shally Paket[:] &#8211; Beauty Imagini | Holisti\u010dki Centar","robots":{"index":"index","follow":"follow","max-snippet":"max-snippet:-1","max-image-preview":"max-image-preview:large","max-video-preview":"max-video-preview:-1"},"canonical":"https:\/\/www.beautyimagini.com\/en\/prodavnica\/nega-tela\/shilly-shally-paket\/","og_locale":"en_US","og_type":"article","og_title":"[:rs]Shilly Shally Paket[:] &#8211; Beauty Imagini | Holisti\u010dki Centar","og_description":"[:rs]Primena specifi\u010dne vakum masa\u017ee, zahvaljuju\u0107i posebnom lepljivom efektu aktivne kreme, kao i maske na bazi algi, doprine\u0107e da se podstakne razmena materija u \u0107elijama ko\u017ee, ubla\u017ee bore i strije i ko\u017ei vrati njena prirodna elasti\u010dnost.[:]","og_url":"https:\/\/www.beautyimagini.com\/en\/prodavnica\/nega-tela\/shilly-shally-paket\/","og_site_name":"Beauty Imagini | Holisti\u010dki Centar","article_modified_time":"2016-06-02T02:08:43+00:00","og_image":[{"width":800,"height":533,"url":"https:\/\/www.beautyimagini.com\/wp-content\/uploads\/1Z3V6414.jpg","type":"image\/jpeg"}],"twitter_card":"summary_large_image","schema":{"@context":"https:\/\/schema.org","@graph":[{"@type":"WebPage","@id":"https:\/\/www.beautyimagini.com\/en\/prodavnica\/nega-tela\/shilly-shally-paket\/","url":"https:\/\/www.beautyimagini.com\/en\/prodavnica\/nega-tela\/shilly-shally-paket\/","name":"[:rs]Shilly Shally Paket[:] &#8211; Beauty Imagini | Holisti\u010dki Centar","isPartOf":{"@id":"https:\/\/www.beautyimagini.com\/#website"},"primaryImageOfPage":{"@id":"https:\/\/www.beautyimagini.com\/en\/prodavnica\/nega-tela\/shilly-shally-paket\/#primaryimage"},"image":{"@id":"https:\/\/www.beautyimagini.com\/en\/prodavnica\/nega-tela\/shilly-shally-paket\/#primaryimage"},"thumbnailUrl":"https:\/\/www.beautyimagini.com\/wp-content\/uploads\/1Z3V6414.jpg","datePublished":"2016-05-16T01:18:05+00:00","dateModified":"2016-06-02T02:08:43+00:00","breadcrumb":{"@id":"https:\/\/www.beautyimagini.com\/en\/prodavnica\/nega-tela\/shilly-shally-paket\/#breadcrumb"},"inLanguage":"en-US","potentialAction":[{"@type":"ReadAction","target":["https:\/\/www.beautyimagini.com\/en\/prodavnica\/nega-tela\/shilly-shally-paket\/"]}]},{"@type":"ImageObject","inLanguage":"en-US","@id":"https:\/\/www.beautyimagini.com\/en\/prodavnica\/nega-tela\/shilly-shally-paket\/#primaryimage","url":"https:\/\/www.beautyimagini.com\/wp-content\/uploads\/1Z3V6414.jpg","contentUrl":"https:\/\/www.beautyimagini.com\/wp-content\/uploads\/1Z3V6414.jpg","width":800,"height":533},{"@type":"BreadcrumbList","@id":"https:\/\/www.beautyimagini.com\/en\/prodavnica\/nega-tela\/shilly-shally-paket\/#breadcrumb","itemListElement":[{"@type":"ListItem","position":1,"name":"Home","item":"https:\/\/www.beautyimagini.com\/"},{"@type":"ListItem","position":2,"name":"Prodavnica","item":"https:\/\/www.beautyimagini.com\/prodavnica\/"},{"@type":"ListItem","position":3,"name":"Shilly Shally Paket"}]},{"@type":"WebSite","@id":"https:\/\/www.beautyimagini.com\/#website","url":"https:\/\/www.beautyimagini.com\/","name":"Beauty Imagini | Holisti\u010dki Centar","description":"","potentialAction":[{"@type":"SearchAction","target":{"@type":"EntryPoint","urlTemplate":"https:\/\/www.beautyimagini.com\/?s={search_term_string}"},"query-input":{"@type":"PropertyValueSpecification","valueRequired":true,"valueName":"search_term_string"}}],"inLanguage":"en-US"}]}},"_links":{"self":[{"href":"https:\/\/www.beautyimagini.com\/en\/wp-json\/wp\/v2\/product\/3619","targetHints":{"allow":["GET"]}}],"collection":[{"href":"https:\/\/www.beautyimagini.com\/en\/wp-json\/wp\/v2\/product"}],"about":[{"href":"https:\/\/www.beautyimagini.com\/en\/wp-json\/wp\/v2\/types\/product"}],"replies":[{"embeddable":true,"href":"https:\/\/www.beautyimagini.com\/en\/wp-json\/wp\/v2\/comments?post=3619"}],"wp:featuredmedia":[{"embeddable":true,"href":"https:\/\/www.beautyimagini.com\/en\/wp-json\/wp\/v2\/media\/3532"}],"wp:attachment":[{"href":"https:\/\/www.beautyimagini.com\/en\/wp-json\/wp\/v2\/media?parent=3619"}],"wp:term":[{"taxonomy":"product_brand","embeddable":true,"href":"https:\/\/www.beautyimagini.com\/en\/wp-json\/wp\/v2\/product_brand?post=3619"},{"taxonomy":"product_cat","embeddable":true,"href":"https:\/\/www.beautyimagini.com\/en\/wp-json\/wp\/v2\/product_cat?post=3619"},{"taxonomy":"product_tag","embeddable":true,"href":"https:\/\/www.beautyimagini.com\/en\/wp-json\/wp\/v2\/product_tag?post=3619"}],"curies":[{"name":"wp","href":"https:\/\/api.w.org\/{rel}","templated":true}]}}