{"id":4294,"date":"2016-12-04T04:51:37","date_gmt":"2016-12-04T03:51:37","guid":{"rendered":"https:\/\/www.beautyimagini.com\/prodavnica\/akcija\/ayurvedska-masaza-glave-vrata-ramenog-pojasa-promo-paket-min-10-copy\/"},"modified":"2017-11-13T15:07:10","modified_gmt":"2017-11-13T14:07:10","slug":"ayurvedska-masaza-promo-paket-min-10","status":"publish","type":"product","link":"https:\/\/www.beautyimagini.com\/en\/prodavnica\/akcija\/ayurvedska-masaza-promo-paket-min-10\/","title":{"rendered":"Ayurvedska masa\u017ea &#8211; promo paket (min 10)"},"content":{"rendered":"<p>Na sanskritu (drevnom indijskom jeziku) aju (ayu) zna\u010di \u017eivot (trajanje \u017eivota: ispunjen i sre\u0107an \u017eivot koji dolazi do svog kraja na potpuno prirodan na\u010din), a veda zna\u010di poznavati (spoznati). Dakle, Ayurveda koja datira od pre 5000 godina, \u2018majka\u2019 svih nauka koje poti\u010du sa Istoka, u\u010di nas da je tajna zdravlja u spoznaji kako se pona\u0161ati prema vlastitom telu, kako ovladati ve\u0161tinom kontrolisanja svih funkcija koje treba da budu regulisane i umerene da bi se postigao jedan sre\u0107an i produktivan \u017eivot.<\/p>\n<p>Ceo Ayurvedski sistem je zasnovan na konceptu koji se odnosi na tri tipa energije (Tre doshe) koje su osnova psihosomatskog postojanja \u010doveka. Tri do\u0161e su zadu\u017eene za regulisanje ravnote\u017ee, energije i materije u na\u0161em organizmu: kada su u skladu, mi ne mo\u017eemo da ih primetimo i ose\u0107amo se dobro sa sobom. Ukoliko se pojavi neravnote\u017ea, do\u0161e postaju vidljive i dolazi do promena u fizi\u010dkom izgledu, pojavljuju se sluz, \u017eu\u010d, neprijatni mirisi, emotivne blokade, iznenadni izlivi emocija\u2026 U savremenom dru\u0161tvu nije jednostavno o\u010duvati energetski balans\u2026<\/p>\n","protected":false},"excerpt":{"rendered":"<p>Na 10 i vi\u0161e kupljenih <a href=\"https:\/\/www.beautyimagini.com\/ayurveda\/\">Ayurvedskih masa\u017ea<\/a>, umesto 4.000 din po tretmanu, platite 3.600 dinara.<\/p>\n<p>Ovaj paket je posebno povoljan za kompanije koje \u017eele da nagrade zaposlene, kao i da im obezbede kvalitetan i opu\u0161taju\u0107i odmor.<\/p>\n<p>&nbsp;<\/p>\n","protected":false},"featured_media":4309,"comment_status":"closed","ping_status":"closed","template":"","meta":[],"product_brand":[],"product_cat":[59],"product_tag":[],"class_list":{"0":"post-4294","1":"product","2":"type-product","3":"status-publish","4":"has-post-thumbnail","6":"product_cat-akcija","8":"first","9":"instock","10":"virtual","11":"purchasable","12":"product-type-simple"},"yoast_head":"<!-- This site is optimized with the Yoast SEO plugin v26.9 - https:\/\/yoast.com\/product\/yoast-seo-wordpress\/ -->\n<title>Ayurvedska masa\u017ea - promo paket (min 10) &#8211; Beauty Imagini | Holisti\u010dki Centar<\/title>\n<meta name=\"description\" content=\"Ayurvedske masa\u017ee omogu\u0107avaju da se vratimo sebi i primimo poruku koju nam telo \u0161alje. Ovo je dobar na\u010din da se suo\u010dimo sa promenama, stabilizujemo energiju odbrane, pobolj\u0161amo put starenja, unapredimo zdravlje.\" \/>\n<meta name=\"robots\" content=\"index, follow, max-snippet:-1, max-image-preview:large, max-video-preview:-1\" \/>\n<link rel=\"canonical\" href=\"https:\/\/www.beautyimagini.com\/en\/prodavnica\/akcija\/ayurvedska-masaza-promo-paket-min-10\/\" \/>\n<meta property=\"og:locale\" content=\"en_US\" \/>\n<meta property=\"og:type\" content=\"article\" \/>\n<meta property=\"og:title\" content=\"Ayurvedska masa\u017ea - promo paket (min 10) &#8211; Beauty Imagini | Holisti\u010dki Centar\" \/>\n<meta property=\"og:description\" content=\"Ayurvedske masa\u017ee omogu\u0107avaju da se vratimo sebi i primimo poruku koju nam telo \u0161alje. Ovo je dobar na\u010din da se suo\u010dimo sa promenama, stabilizujemo energiju odbrane, pobolj\u0161amo put starenja, unapredimo zdravlje.\" \/>\n<meta property=\"og:url\" content=\"https:\/\/www.beautyimagini.com\/en\/prodavnica\/akcija\/ayurvedska-masaza-promo-paket-min-10\/\" \/>\n<meta property=\"og:site_name\" content=\"Beauty Imagini | Holisti\u010dki Centar\" \/>\n<meta property=\"article:modified_time\" content=\"2017-11-13T14:07:10+00:00\" \/>\n<meta property=\"og:image\" content=\"https:\/\/www.beautyimagini.com\/wp-content\/uploads\/ayurveda-masaza-promocija.jpg\" \/>\n\t<meta property=\"og:image:width\" content=\"573\" \/>\n\t<meta property=\"og:image:height\" content=\"480\" \/>\n\t<meta property=\"og:image:type\" content=\"image\/jpeg\" \/>\n<meta name=\"twitter:card\" content=\"summary_large_image\" \/>\n<meta name=\"twitter:label1\" content=\"Est. reading time\" \/>\n\t<meta name=\"twitter:data1\" content=\"1 minute\" \/>\n<script type=\"application\/ld+json\" class=\"yoast-schema-graph\">{\"@context\":\"https:\/\/schema.org\",\"@graph\":[{\"@type\":\"WebPage\",\"@id\":\"https:\/\/www.beautyimagini.com\/en\/prodavnica\/akcija\/ayurvedska-masaza-promo-paket-min-10\/\",\"url\":\"https:\/\/www.beautyimagini.com\/en\/prodavnica\/akcija\/ayurvedska-masaza-promo-paket-min-10\/\",\"name\":\"Ayurvedska masa\u017ea - promo paket (min 10) &#8211; Beauty Imagini | Holisti\u010dki Centar\",\"isPartOf\":{\"@id\":\"https:\/\/www.beautyimagini.com\/#website\"},\"primaryImageOfPage\":{\"@id\":\"https:\/\/www.beautyimagini.com\/en\/prodavnica\/akcija\/ayurvedska-masaza-promo-paket-min-10\/#primaryimage\"},\"image\":{\"@id\":\"https:\/\/www.beautyimagini.com\/en\/prodavnica\/akcija\/ayurvedska-masaza-promo-paket-min-10\/#primaryimage\"},\"thumbnailUrl\":\"https:\/\/www.beautyimagini.com\/wp-content\/uploads\/ayurveda-masaza-promocija.jpg\",\"datePublished\":\"2016-12-04T03:51:37+00:00\",\"dateModified\":\"2017-11-13T14:07:10+00:00\",\"description\":\"Ayurvedske masa\u017ee omogu\u0107avaju da se vratimo sebi i primimo poruku koju nam telo \u0161alje. Ovo je dobar na\u010din da se suo\u010dimo sa promenama, stabilizujemo energiju odbrane, pobolj\u0161amo put starenja, unapredimo zdravlje.\",\"breadcrumb\":{\"@id\":\"https:\/\/www.beautyimagini.com\/en\/prodavnica\/akcija\/ayurvedska-masaza-promo-paket-min-10\/#breadcrumb\"},\"inLanguage\":\"en-US\",\"potentialAction\":[{\"@type\":\"ReadAction\",\"target\":[\"https:\/\/www.beautyimagini.com\/en\/prodavnica\/akcija\/ayurvedska-masaza-promo-paket-min-10\/\"]}]},{\"@type\":\"ImageObject\",\"inLanguage\":\"en-US\",\"@id\":\"https:\/\/www.beautyimagini.com\/en\/prodavnica\/akcija\/ayurvedska-masaza-promo-paket-min-10\/#primaryimage\",\"url\":\"https:\/\/www.beautyimagini.com\/wp-content\/uploads\/ayurveda-masaza-promocija.jpg\",\"contentUrl\":\"https:\/\/www.beautyimagini.com\/wp-content\/uploads\/ayurveda-masaza-promocija.jpg\",\"width\":573,\"height\":480},{\"@type\":\"BreadcrumbList\",\"@id\":\"https:\/\/www.beautyimagini.com\/en\/prodavnica\/akcija\/ayurvedska-masaza-promo-paket-min-10\/#breadcrumb\",\"itemListElement\":[{\"@type\":\"ListItem\",\"position\":1,\"name\":\"Home\",\"item\":\"https:\/\/www.beautyimagini.com\/\"},{\"@type\":\"ListItem\",\"position\":2,\"name\":\"Prodavnica\",\"item\":\"https:\/\/www.beautyimagini.com\/prodavnica\/\"},{\"@type\":\"ListItem\",\"position\":3,\"name\":\"Ayurvedska masa\u017ea &#8211; promo paket (min 10)\"}]},{\"@type\":\"WebSite\",\"@id\":\"https:\/\/www.beautyimagini.com\/#website\",\"url\":\"https:\/\/www.beautyimagini.com\/\",\"name\":\"Beauty Imagini | Holisti\u010dki Centar\",\"description\":\"\",\"potentialAction\":[{\"@type\":\"SearchAction\",\"target\":{\"@type\":\"EntryPoint\",\"urlTemplate\":\"https:\/\/www.beautyimagini.com\/?s={search_term_string}\"},\"query-input\":{\"@type\":\"PropertyValueSpecification\",\"valueRequired\":true,\"valueName\":\"search_term_string\"}}],\"inLanguage\":\"en-US\"}]}<\/script>\n<!-- \/ Yoast SEO plugin. -->","yoast_head_json":{"title":"Ayurvedska masa\u017ea - promo paket (min 10) &#8211; Beauty Imagini | Holisti\u010dki Centar","description":"Ayurvedske masa\u017ee omogu\u0107avaju da se vratimo sebi i primimo poruku koju nam telo \u0161alje. Ovo je dobar na\u010din da se suo\u010dimo sa promenama, stabilizujemo energiju odbrane, pobolj\u0161amo put starenja, unapredimo zdravlje.","robots":{"index":"index","follow":"follow","max-snippet":"max-snippet:-1","max-image-preview":"max-image-preview:large","max-video-preview":"max-video-preview:-1"},"canonical":"https:\/\/www.beautyimagini.com\/en\/prodavnica\/akcija\/ayurvedska-masaza-promo-paket-min-10\/","og_locale":"en_US","og_type":"article","og_title":"Ayurvedska masa\u017ea - promo paket (min 10) &#8211; Beauty Imagini | Holisti\u010dki Centar","og_description":"Ayurvedske masa\u017ee omogu\u0107avaju da se vratimo sebi i primimo poruku koju nam telo \u0161alje. Ovo je dobar na\u010din da se suo\u010dimo sa promenama, stabilizujemo energiju odbrane, pobolj\u0161amo put starenja, unapredimo zdravlje.","og_url":"https:\/\/www.beautyimagini.com\/en\/prodavnica\/akcija\/ayurvedska-masaza-promo-paket-min-10\/","og_site_name":"Beauty Imagini | Holisti\u010dki Centar","article_modified_time":"2017-11-13T14:07:10+00:00","og_image":[{"width":573,"height":480,"url":"https:\/\/www.beautyimagini.com\/wp-content\/uploads\/ayurveda-masaza-promocija.jpg","type":"image\/jpeg"}],"twitter_card":"summary_large_image","twitter_misc":{"Est. reading time":"1 minute"},"schema":{"@context":"https:\/\/schema.org","@graph":[{"@type":"WebPage","@id":"https:\/\/www.beautyimagini.com\/en\/prodavnica\/akcija\/ayurvedska-masaza-promo-paket-min-10\/","url":"https:\/\/www.beautyimagini.com\/en\/prodavnica\/akcija\/ayurvedska-masaza-promo-paket-min-10\/","name":"Ayurvedska masa\u017ea - promo paket (min 10) &#8211; Beauty Imagini | Holisti\u010dki Centar","isPartOf":{"@id":"https:\/\/www.beautyimagini.com\/#website"},"primaryImageOfPage":{"@id":"https:\/\/www.beautyimagini.com\/en\/prodavnica\/akcija\/ayurvedska-masaza-promo-paket-min-10\/#primaryimage"},"image":{"@id":"https:\/\/www.beautyimagini.com\/en\/prodavnica\/akcija\/ayurvedska-masaza-promo-paket-min-10\/#primaryimage"},"thumbnailUrl":"https:\/\/www.beautyimagini.com\/wp-content\/uploads\/ayurveda-masaza-promocija.jpg","datePublished":"2016-12-04T03:51:37+00:00","dateModified":"2017-11-13T14:07:10+00:00","description":"Ayurvedske masa\u017ee omogu\u0107avaju da se vratimo sebi i primimo poruku koju nam telo \u0161alje. Ovo je dobar na\u010din da se suo\u010dimo sa promenama, stabilizujemo energiju odbrane, pobolj\u0161amo put starenja, unapredimo zdravlje.","breadcrumb":{"@id":"https:\/\/www.beautyimagini.com\/en\/prodavnica\/akcija\/ayurvedska-masaza-promo-paket-min-10\/#breadcrumb"},"inLanguage":"en-US","potentialAction":[{"@type":"ReadAction","target":["https:\/\/www.beautyimagini.com\/en\/prodavnica\/akcija\/ayurvedska-masaza-promo-paket-min-10\/"]}]},{"@type":"ImageObject","inLanguage":"en-US","@id":"https:\/\/www.beautyimagini.com\/en\/prodavnica\/akcija\/ayurvedska-masaza-promo-paket-min-10\/#primaryimage","url":"https:\/\/www.beautyimagini.com\/wp-content\/uploads\/ayurveda-masaza-promocija.jpg","contentUrl":"https:\/\/www.beautyimagini.com\/wp-content\/uploads\/ayurveda-masaza-promocija.jpg","width":573,"height":480},{"@type":"BreadcrumbList","@id":"https:\/\/www.beautyimagini.com\/en\/prodavnica\/akcija\/ayurvedska-masaza-promo-paket-min-10\/#breadcrumb","itemListElement":[{"@type":"ListItem","position":1,"name":"Home","item":"https:\/\/www.beautyimagini.com\/"},{"@type":"ListItem","position":2,"name":"Prodavnica","item":"https:\/\/www.beautyimagini.com\/prodavnica\/"},{"@type":"ListItem","position":3,"name":"Ayurvedska masa\u017ea &#8211; promo paket (min 10)"}]},{"@type":"WebSite","@id":"https:\/\/www.beautyimagini.com\/#website","url":"https:\/\/www.beautyimagini.com\/","name":"Beauty Imagini | Holisti\u010dki Centar","description":"","potentialAction":[{"@type":"SearchAction","target":{"@type":"EntryPoint","urlTemplate":"https:\/\/www.beautyimagini.com\/?s={search_term_string}"},"query-input":{"@type":"PropertyValueSpecification","valueRequired":true,"valueName":"search_term_string"}}],"inLanguage":"en-US"}]}},"_links":{"self":[{"href":"https:\/\/www.beautyimagini.com\/en\/wp-json\/wp\/v2\/product\/4294","targetHints":{"allow":["GET"]}}],"collection":[{"href":"https:\/\/www.beautyimagini.com\/en\/wp-json\/wp\/v2\/product"}],"about":[{"href":"https:\/\/www.beautyimagini.com\/en\/wp-json\/wp\/v2\/types\/product"}],"replies":[{"embeddable":true,"href":"https:\/\/www.beautyimagini.com\/en\/wp-json\/wp\/v2\/comments?post=4294"}],"wp:featuredmedia":[{"embeddable":true,"href":"https:\/\/www.beautyimagini.com\/en\/wp-json\/wp\/v2\/media\/4309"}],"wp:attachment":[{"href":"https:\/\/www.beautyimagini.com\/en\/wp-json\/wp\/v2\/media?parent=4294"}],"wp:term":[{"taxonomy":"product_brand","embeddable":true,"href":"https:\/\/www.beautyimagini.com\/en\/wp-json\/wp\/v2\/product_brand?post=4294"},{"taxonomy":"product_cat","embeddable":true,"href":"https:\/\/www.beautyimagini.com\/en\/wp-json\/wp\/v2\/product_cat?post=4294"},{"taxonomy":"product_tag","embeddable":true,"href":"https:\/\/www.beautyimagini.com\/en\/wp-json\/wp\/v2\/product_tag?post=4294"}],"curies":[{"name":"wp","href":"https:\/\/api.w.org\/{rel}","templated":true}]}}