{"id":4297,"date":"2016-12-04T05:10:11","date_gmt":"2016-12-04T04:10:11","guid":{"rendered":"https:\/\/www.beautyimagini.com\/prodavnica\/akcija\/masaza-leda-glave-promo-paket-min-10\/"},"modified":"2017-10-28T22:50:14","modified_gmt":"2017-10-28T20:50:14","slug":"masaza-leda-glave-promo-paket-min-15","status":"publish","type":"product","link":"https:\/\/www.beautyimagini.com\/en\/prodavnica\/akcija\/masaza-leda-glave-promo-paket-min-15\/","title":{"rendered":"Masa\u017ea le\u0111a i glave &#8211; promo paket (min 15)"},"content":{"rendered":"<div class=\"wpb_text_column wpb_content_element \">\n<div class=\"wpb_wrapper\">\n<p><a href=\"https:\/\/www.beautyimagini.com\/parcijalna-masaza-tela\/masaza-leda\/\">Relaks\/sportska masa\u017ea le\u0111a<\/a> je namenjena svima koji nemaju dovoljno vremena za masa\u017eu celog tela, a imaju hroni\u010dan problem sa bolom u le\u0111ima, ramenim pojasom i vratnim delom ki\u010dme. Obavezan deo masa\u017ee je masa\u017ea glave i lica.<\/p>\n<p>&nbsp;<\/p>\n<\/div>\n<\/div>\n","protected":false},"excerpt":{"rendered":"<p>Na 15 i vi\u0161e kupljenih <a href=\"https:\/\/www.beautyimagini.com\/parcijalna-masaza-tela\/masaza-leda\/\">tretmana le\u0111a i glave<\/a>, umesto 2.100 din po tretmanu, platite 1.700 dinara.<\/p>\n<p>Ovaj paket je posebno povoljan za kompanije koje \u017eele da nagrade zaposlene, kao i da im obezbede kvalitetan i opu\u0161taju\u0107i odmor.<\/p>\n<p>&nbsp;<\/p>\n","protected":false},"featured_media":4298,"comment_status":"closed","ping_status":"closed","template":"","meta":[],"product_brand":[],"product_cat":[59],"product_tag":[],"class_list":{"0":"post-4297","1":"product","2":"type-product","3":"status-publish","4":"has-post-thumbnail","6":"product_cat-akcija","8":"first","9":"instock","10":"virtual","11":"purchasable","12":"product-type-simple"},"yoast_head":"<!-- This site is optimized with the Yoast SEO plugin v26.9 - https:\/\/yoast.com\/product\/yoast-seo-wordpress\/ -->\n<title>Masa\u017ea le\u0111a i glave - promo paket (min 15) &#8211; Beauty Imagini | Holisti\u010dki Centar<\/title>\n<meta name=\"description\" content=\"Masa\u017ea le\u0111a je namenjena svima koji nemaju dovoljno vremena za masa\u017eu celog tela, a imaju hroni\u010dan problem sa bolom u le\u0111ima, ramenim pojasom i vratnim delom ki\u010dme.\" \/>\n<meta name=\"robots\" content=\"index, follow, max-snippet:-1, max-image-preview:large, max-video-preview:-1\" \/>\n<link rel=\"canonical\" href=\"https:\/\/www.beautyimagini.com\/prodavnica\/akcija\/masaza-leda-glave-promo-paket-min-15\/\" \/>\n<meta property=\"og:locale\" content=\"en_US\" \/>\n<meta property=\"og:type\" content=\"article\" \/>\n<meta property=\"og:title\" content=\"Masa\u017ea le\u0111a i glave - promo paket (min 15) &#8211; Beauty Imagini | Holisti\u010dki Centar\" \/>\n<meta property=\"og:description\" content=\"Masa\u017ea le\u0111a je namenjena svima koji nemaju dovoljno vremena za masa\u017eu celog tela, a imaju hroni\u010dan problem sa bolom u le\u0111ima, ramenim pojasom i vratnim delom ki\u010dme.\" \/>\n<meta property=\"og:url\" content=\"https:\/\/www.beautyimagini.com\/prodavnica\/akcija\/masaza-leda-glave-promo-paket-min-15\/\" \/>\n<meta property=\"og:site_name\" content=\"Beauty Imagini | Holisti\u010dki Centar\" \/>\n<meta property=\"article:modified_time\" content=\"2017-10-28T20:50:14+00:00\" \/>\n<meta property=\"og:image\" content=\"https:\/\/www.beautyimagini.com\/wp-content\/uploads\/masaza-ledja-promo-cena.jpg\" \/>\n\t<meta property=\"og:image:width\" content=\"573\" \/>\n\t<meta property=\"og:image:height\" content=\"480\" \/>\n\t<meta property=\"og:image:type\" content=\"image\/jpeg\" \/>\n<meta name=\"twitter:card\" content=\"summary_large_image\" \/>\n<script type=\"application\/ld+json\" class=\"yoast-schema-graph\">{\"@context\":\"https:\/\/schema.org\",\"@graph\":[{\"@type\":\"WebPage\",\"@id\":\"https:\/\/www.beautyimagini.com\/prodavnica\/akcija\/masaza-leda-glave-promo-paket-min-15\/\",\"url\":\"https:\/\/www.beautyimagini.com\/prodavnica\/akcija\/masaza-leda-glave-promo-paket-min-15\/\",\"name\":\"Masa\u017ea le\u0111a i glave - promo paket (min 15) &#8211; Beauty Imagini | Holisti\u010dki Centar\",\"isPartOf\":{\"@id\":\"https:\/\/www.beautyimagini.com\/#website\"},\"primaryImageOfPage\":{\"@id\":\"https:\/\/www.beautyimagini.com\/prodavnica\/akcija\/masaza-leda-glave-promo-paket-min-15\/#primaryimage\"},\"image\":{\"@id\":\"https:\/\/www.beautyimagini.com\/prodavnica\/akcija\/masaza-leda-glave-promo-paket-min-15\/#primaryimage\"},\"thumbnailUrl\":\"https:\/\/www.beautyimagini.com\/wp-content\/uploads\/masaza-ledja-promo-cena.jpg\",\"datePublished\":\"2016-12-04T04:10:11+00:00\",\"dateModified\":\"2017-10-28T20:50:14+00:00\",\"description\":\"Masa\u017ea le\u0111a je namenjena svima koji nemaju dovoljno vremena za masa\u017eu celog tela, a imaju hroni\u010dan problem sa bolom u le\u0111ima, ramenim pojasom i vratnim delom ki\u010dme.\",\"breadcrumb\":{\"@id\":\"https:\/\/www.beautyimagini.com\/prodavnica\/akcija\/masaza-leda-glave-promo-paket-min-15\/#breadcrumb\"},\"inLanguage\":\"en-US\",\"potentialAction\":[{\"@type\":\"ReadAction\",\"target\":[\"https:\/\/www.beautyimagini.com\/prodavnica\/akcija\/masaza-leda-glave-promo-paket-min-15\/\"]}]},{\"@type\":\"ImageObject\",\"inLanguage\":\"en-US\",\"@id\":\"https:\/\/www.beautyimagini.com\/prodavnica\/akcija\/masaza-leda-glave-promo-paket-min-15\/#primaryimage\",\"url\":\"https:\/\/www.beautyimagini.com\/wp-content\/uploads\/masaza-ledja-promo-cena.jpg\",\"contentUrl\":\"https:\/\/www.beautyimagini.com\/wp-content\/uploads\/masaza-ledja-promo-cena.jpg\",\"width\":573,\"height\":480},{\"@type\":\"BreadcrumbList\",\"@id\":\"https:\/\/www.beautyimagini.com\/prodavnica\/akcija\/masaza-leda-glave-promo-paket-min-15\/#breadcrumb\",\"itemListElement\":[{\"@type\":\"ListItem\",\"position\":1,\"name\":\"Home\",\"item\":\"https:\/\/www.beautyimagini.com\/\"},{\"@type\":\"ListItem\",\"position\":2,\"name\":\"Prodavnica\",\"item\":\"https:\/\/www.beautyimagini.com\/prodavnica\/\"},{\"@type\":\"ListItem\",\"position\":3,\"name\":\"Masa\u017ea le\u0111a i glave &#8211; promo paket (min 15)\"}]},{\"@type\":\"WebSite\",\"@id\":\"https:\/\/www.beautyimagini.com\/#website\",\"url\":\"https:\/\/www.beautyimagini.com\/\",\"name\":\"Beauty Imagini | Holisti\u010dki Centar\",\"description\":\"\",\"potentialAction\":[{\"@type\":\"SearchAction\",\"target\":{\"@type\":\"EntryPoint\",\"urlTemplate\":\"https:\/\/www.beautyimagini.com\/?s={search_term_string}\"},\"query-input\":{\"@type\":\"PropertyValueSpecification\",\"valueRequired\":true,\"valueName\":\"search_term_string\"}}],\"inLanguage\":\"en-US\"}]}<\/script>\n<!-- \/ Yoast SEO plugin. -->","yoast_head_json":{"title":"Masa\u017ea le\u0111a i glave - promo paket (min 15) &#8211; Beauty Imagini | Holisti\u010dki Centar","description":"Masa\u017ea le\u0111a je namenjena svima koji nemaju dovoljno vremena za masa\u017eu celog tela, a imaju hroni\u010dan problem sa bolom u le\u0111ima, ramenim pojasom i vratnim delom ki\u010dme.","robots":{"index":"index","follow":"follow","max-snippet":"max-snippet:-1","max-image-preview":"max-image-preview:large","max-video-preview":"max-video-preview:-1"},"canonical":"https:\/\/www.beautyimagini.com\/prodavnica\/akcija\/masaza-leda-glave-promo-paket-min-15\/","og_locale":"en_US","og_type":"article","og_title":"Masa\u017ea le\u0111a i glave - promo paket (min 15) &#8211; Beauty Imagini | Holisti\u010dki Centar","og_description":"Masa\u017ea le\u0111a je namenjena svima koji nemaju dovoljno vremena za masa\u017eu celog tela, a imaju hroni\u010dan problem sa bolom u le\u0111ima, ramenim pojasom i vratnim delom ki\u010dme.","og_url":"https:\/\/www.beautyimagini.com\/prodavnica\/akcija\/masaza-leda-glave-promo-paket-min-15\/","og_site_name":"Beauty Imagini | Holisti\u010dki Centar","article_modified_time":"2017-10-28T20:50:14+00:00","og_image":[{"width":573,"height":480,"url":"https:\/\/www.beautyimagini.com\/wp-content\/uploads\/masaza-ledja-promo-cena.jpg","type":"image\/jpeg"}],"twitter_card":"summary_large_image","schema":{"@context":"https:\/\/schema.org","@graph":[{"@type":"WebPage","@id":"https:\/\/www.beautyimagini.com\/prodavnica\/akcija\/masaza-leda-glave-promo-paket-min-15\/","url":"https:\/\/www.beautyimagini.com\/prodavnica\/akcija\/masaza-leda-glave-promo-paket-min-15\/","name":"Masa\u017ea le\u0111a i glave - promo paket (min 15) &#8211; Beauty Imagini | Holisti\u010dki Centar","isPartOf":{"@id":"https:\/\/www.beautyimagini.com\/#website"},"primaryImageOfPage":{"@id":"https:\/\/www.beautyimagini.com\/prodavnica\/akcija\/masaza-leda-glave-promo-paket-min-15\/#primaryimage"},"image":{"@id":"https:\/\/www.beautyimagini.com\/prodavnica\/akcija\/masaza-leda-glave-promo-paket-min-15\/#primaryimage"},"thumbnailUrl":"https:\/\/www.beautyimagini.com\/wp-content\/uploads\/masaza-ledja-promo-cena.jpg","datePublished":"2016-12-04T04:10:11+00:00","dateModified":"2017-10-28T20:50:14+00:00","description":"Masa\u017ea le\u0111a je namenjena svima koji nemaju dovoljno vremena za masa\u017eu celog tela, a imaju hroni\u010dan problem sa bolom u le\u0111ima, ramenim pojasom i vratnim delom ki\u010dme.","breadcrumb":{"@id":"https:\/\/www.beautyimagini.com\/prodavnica\/akcija\/masaza-leda-glave-promo-paket-min-15\/#breadcrumb"},"inLanguage":"en-US","potentialAction":[{"@type":"ReadAction","target":["https:\/\/www.beautyimagini.com\/prodavnica\/akcija\/masaza-leda-glave-promo-paket-min-15\/"]}]},{"@type":"ImageObject","inLanguage":"en-US","@id":"https:\/\/www.beautyimagini.com\/prodavnica\/akcija\/masaza-leda-glave-promo-paket-min-15\/#primaryimage","url":"https:\/\/www.beautyimagini.com\/wp-content\/uploads\/masaza-ledja-promo-cena.jpg","contentUrl":"https:\/\/www.beautyimagini.com\/wp-content\/uploads\/masaza-ledja-promo-cena.jpg","width":573,"height":480},{"@type":"BreadcrumbList","@id":"https:\/\/www.beautyimagini.com\/prodavnica\/akcija\/masaza-leda-glave-promo-paket-min-15\/#breadcrumb","itemListElement":[{"@type":"ListItem","position":1,"name":"Home","item":"https:\/\/www.beautyimagini.com\/"},{"@type":"ListItem","position":2,"name":"Prodavnica","item":"https:\/\/www.beautyimagini.com\/prodavnica\/"},{"@type":"ListItem","position":3,"name":"Masa\u017ea le\u0111a i glave &#8211; promo paket (min 15)"}]},{"@type":"WebSite","@id":"https:\/\/www.beautyimagini.com\/#website","url":"https:\/\/www.beautyimagini.com\/","name":"Beauty Imagini | Holisti\u010dki Centar","description":"","potentialAction":[{"@type":"SearchAction","target":{"@type":"EntryPoint","urlTemplate":"https:\/\/www.beautyimagini.com\/?s={search_term_string}"},"query-input":{"@type":"PropertyValueSpecification","valueRequired":true,"valueName":"search_term_string"}}],"inLanguage":"en-US"}]}},"_links":{"self":[{"href":"https:\/\/www.beautyimagini.com\/en\/wp-json\/wp\/v2\/product\/4297","targetHints":{"allow":["GET"]}}],"collection":[{"href":"https:\/\/www.beautyimagini.com\/en\/wp-json\/wp\/v2\/product"}],"about":[{"href":"https:\/\/www.beautyimagini.com\/en\/wp-json\/wp\/v2\/types\/product"}],"replies":[{"embeddable":true,"href":"https:\/\/www.beautyimagini.com\/en\/wp-json\/wp\/v2\/comments?post=4297"}],"wp:featuredmedia":[{"embeddable":true,"href":"https:\/\/www.beautyimagini.com\/en\/wp-json\/wp\/v2\/media\/4298"}],"wp:attachment":[{"href":"https:\/\/www.beautyimagini.com\/en\/wp-json\/wp\/v2\/media?parent=4297"}],"wp:term":[{"taxonomy":"product_brand","embeddable":true,"href":"https:\/\/www.beautyimagini.com\/en\/wp-json\/wp\/v2\/product_brand?post=4297"},{"taxonomy":"product_cat","embeddable":true,"href":"https:\/\/www.beautyimagini.com\/en\/wp-json\/wp\/v2\/product_cat?post=4297"},{"taxonomy":"product_tag","embeddable":true,"href":"https:\/\/www.beautyimagini.com\/en\/wp-json\/wp\/v2\/product_tag?post=4297"}],"curies":[{"name":"wp","href":"https:\/\/api.w.org\/{rel}","templated":true}]}}