{"id":4301,"date":"2016-12-04T05:25:46","date_gmt":"2016-12-04T04:25:46","guid":{"rendered":"https:\/\/www.beautyimagini.com\/prodavnica\/akcija\/treninzi-na-aparatu-miha-bodytec-sa-anticelulit-rucnom-masazom-promo-paket-min-8\/"},"modified":"2017-05-20T17:46:11","modified_gmt":"2017-05-20T15:46:11","slug":"treninzi-na-aparatu-miha-bodytec-sa-anticelulit-rucnom-masazom-promo-paket-min-8","status":"publish","type":"product","link":"https:\/\/www.beautyimagini.com\/en\/prodavnica\/akcija\/treninzi-na-aparatu-miha-bodytec-sa-anticelulit-rucnom-masazom-promo-paket-min-8\/","title":{"rendered":"Treninzi na aparatu Miha Bodytec sa anticelulit ru\u010dnom masa\u017eom &#8211; promo paket (min 8)"},"content":{"rendered":"<p class=\"qtranxs-available-languages-message qtranxs-available-languages-message-en\">No translated content. Please choose Serbian language.<\/p>","protected":false},"excerpt":{"rendered":"<p class=\"qtranxs-available-languages-message qtranxs-available-languages-message-en\">No translated content. Please choose Serbian language.<\/p>\n","protected":false},"featured_media":4302,"comment_status":"closed","ping_status":"closed","template":"","meta":[],"product_brand":[],"product_cat":[59],"product_tag":[],"class_list":{"0":"post-4301","1":"product","2":"type-product","3":"status-publish","4":"has-post-thumbnail","6":"product_cat-akcija","8":"first","9":"instock","10":"virtual","11":"purchasable","12":"product-type-simple"},"yoast_head":"<!-- This site is optimized with the Yoast SEO plugin v26.9 - https:\/\/yoast.com\/product\/yoast-seo-wordpress\/ -->\n<title><\/title>\n<meta name=\"description\" content=\"Kra\u0107e, koncentrisano i ciljano ve\u017ebanje omogu\u0107ava nam da mnogo vi\u0161e vremena posvetimo svojoj porodici, prijateljima i, naravno, poslu.\" \/>\n<meta name=\"robots\" content=\"index, follow, max-snippet:-1, max-image-preview:large, max-video-preview:-1\" \/>\n<link rel=\"canonical\" href=\"https:\/\/www.beautyimagini.com\/prodavnica\/akcija\/treninzi-na-aparatu-miha-bodytec-sa-anticelulit-rucnom-masazom-promo-paket-min-8\/\" \/>\n<meta property=\"og:locale\" content=\"en_US\" \/>\n<meta property=\"og:type\" content=\"article\" \/>\n<meta property=\"og:title\" content=\"[:rs]Treninzi na aparatu Miha Bodytec sa anticelulit ru\u010dnom masa\u017eom - promo paket (min 8)[:] &#8211; Beauty Imagini | Holisti\u010dki Centar\" \/>\n<meta property=\"og:description\" content=\"Kra\u0107e, koncentrisano i ciljano ve\u017ebanje omogu\u0107ava nam da mnogo vi\u0161e vremena posvetimo svojoj porodici, prijateljima i, naravno, poslu.\" \/>\n<meta property=\"og:url\" content=\"https:\/\/www.beautyimagini.com\/prodavnica\/akcija\/treninzi-na-aparatu-miha-bodytec-sa-anticelulit-rucnom-masazom-promo-paket-min-8\/\" \/>\n<meta property=\"og:site_name\" content=\"Beauty Imagini | Holisti\u010dki Centar\" \/>\n<meta property=\"article:modified_time\" content=\"2017-05-20T15:46:11+00:00\" \/>\n<meta property=\"og:image\" content=\"https:\/\/www.beautyimagini.com\/wp-content\/uploads\/miha-bodytec-promo-cena.jpg\" \/>\n\t<meta property=\"og:image:width\" content=\"573\" \/>\n\t<meta property=\"og:image:height\" content=\"480\" \/>\n\t<meta property=\"og:image:type\" content=\"image\/jpeg\" \/>\n<meta name=\"twitter:card\" content=\"summary_large_image\" \/>\n<meta name=\"twitter:label1\" content=\"Est. reading time\" \/>\n\t<meta name=\"twitter:data1\" content=\"1 minute\" \/>\n<script type=\"application\/ld+json\" class=\"yoast-schema-graph\">{\"@context\":\"https:\/\/schema.org\",\"@graph\":[{\"@type\":\"WebPage\",\"@id\":\"https:\/\/www.beautyimagini.com\/prodavnica\/akcija\/treninzi-na-aparatu-miha-bodytec-sa-anticelulit-rucnom-masazom-promo-paket-min-8\/\",\"url\":\"https:\/\/www.beautyimagini.com\/prodavnica\/akcija\/treninzi-na-aparatu-miha-bodytec-sa-anticelulit-rucnom-masazom-promo-paket-min-8\/\",\"name\":\"[:rs]Treninzi na aparatu Miha Bodytec sa anticelulit ru\u010dnom masa\u017eom - promo paket (min 8)[:] &#8211; Beauty Imagini | Holisti\u010dki Centar\",\"isPartOf\":{\"@id\":\"https:\/\/www.beautyimagini.com\/#website\"},\"primaryImageOfPage\":{\"@id\":\"https:\/\/www.beautyimagini.com\/prodavnica\/akcija\/treninzi-na-aparatu-miha-bodytec-sa-anticelulit-rucnom-masazom-promo-paket-min-8\/#primaryimage\"},\"image\":{\"@id\":\"https:\/\/www.beautyimagini.com\/prodavnica\/akcija\/treninzi-na-aparatu-miha-bodytec-sa-anticelulit-rucnom-masazom-promo-paket-min-8\/#primaryimage\"},\"thumbnailUrl\":\"https:\/\/www.beautyimagini.com\/wp-content\/uploads\/miha-bodytec-promo-cena.jpg\",\"datePublished\":\"2016-12-04T04:25:46+00:00\",\"dateModified\":\"2017-05-20T15:46:11+00:00\",\"description\":\"Kra\u0107e, koncentrisano i ciljano ve\u017ebanje omogu\u0107ava nam da mnogo vi\u0161e vremena posvetimo svojoj porodici, prijateljima i, naravno, poslu.\",\"breadcrumb\":{\"@id\":\"https:\/\/www.beautyimagini.com\/prodavnica\/akcija\/treninzi-na-aparatu-miha-bodytec-sa-anticelulit-rucnom-masazom-promo-paket-min-8\/#breadcrumb\"},\"inLanguage\":\"en-US\",\"potentialAction\":[{\"@type\":\"ReadAction\",\"target\":[\"https:\/\/www.beautyimagini.com\/prodavnica\/akcija\/treninzi-na-aparatu-miha-bodytec-sa-anticelulit-rucnom-masazom-promo-paket-min-8\/\"]}]},{\"@type\":\"ImageObject\",\"inLanguage\":\"en-US\",\"@id\":\"https:\/\/www.beautyimagini.com\/prodavnica\/akcija\/treninzi-na-aparatu-miha-bodytec-sa-anticelulit-rucnom-masazom-promo-paket-min-8\/#primaryimage\",\"url\":\"https:\/\/www.beautyimagini.com\/wp-content\/uploads\/miha-bodytec-promo-cena.jpg\",\"contentUrl\":\"https:\/\/www.beautyimagini.com\/wp-content\/uploads\/miha-bodytec-promo-cena.jpg\",\"width\":573,\"height\":480},{\"@type\":\"BreadcrumbList\",\"@id\":\"https:\/\/www.beautyimagini.com\/prodavnica\/akcija\/treninzi-na-aparatu-miha-bodytec-sa-anticelulit-rucnom-masazom-promo-paket-min-8\/#breadcrumb\",\"itemListElement\":[{\"@type\":\"ListItem\",\"position\":1,\"name\":\"Home\",\"item\":\"https:\/\/www.beautyimagini.com\/\"},{\"@type\":\"ListItem\",\"position\":2,\"name\":\"Prodavnica\",\"item\":\"https:\/\/www.beautyimagini.com\/prodavnica\/\"},{\"@type\":\"ListItem\",\"position\":3,\"name\":\"Treninzi na aparatu Miha Bodytec sa anticelulit ru\u010dnom masa\u017eom &#8211; promo paket (min 8)\"}]},{\"@type\":\"WebSite\",\"@id\":\"https:\/\/www.beautyimagini.com\/#website\",\"url\":\"https:\/\/www.beautyimagini.com\/\",\"name\":\"Beauty Imagini | Holisti\u010dki Centar\",\"description\":\"\",\"potentialAction\":[{\"@type\":\"SearchAction\",\"target\":{\"@type\":\"EntryPoint\",\"urlTemplate\":\"https:\/\/www.beautyimagini.com\/?s={search_term_string}\"},\"query-input\":{\"@type\":\"PropertyValueSpecification\",\"valueRequired\":true,\"valueName\":\"search_term_string\"}}],\"inLanguage\":\"en-US\"}]}<\/script>\n<!-- \/ Yoast SEO plugin. -->","yoast_head_json":{"title":"[:rs]Treninzi na aparatu Miha Bodytec sa anticelulit ru\u010dnom masa\u017eom - promo paket (min 8)[:] &#8211; Beauty Imagini | Holisti\u010dki Centar","description":"Kra\u0107e, koncentrisano i ciljano ve\u017ebanje omogu\u0107ava nam da mnogo vi\u0161e vremena posvetimo svojoj porodici, prijateljima i, naravno, poslu.","robots":{"index":"index","follow":"follow","max-snippet":"max-snippet:-1","max-image-preview":"max-image-preview:large","max-video-preview":"max-video-preview:-1"},"canonical":"https:\/\/www.beautyimagini.com\/prodavnica\/akcija\/treninzi-na-aparatu-miha-bodytec-sa-anticelulit-rucnom-masazom-promo-paket-min-8\/","og_locale":"en_US","og_type":"article","og_title":"[:rs]Treninzi na aparatu Miha Bodytec sa anticelulit ru\u010dnom masa\u017eom - promo paket (min 8)[:] &#8211; Beauty Imagini | Holisti\u010dki Centar","og_description":"Kra\u0107e, koncentrisano i ciljano ve\u017ebanje omogu\u0107ava nam da mnogo vi\u0161e vremena posvetimo svojoj porodici, prijateljima i, naravno, poslu.","og_url":"https:\/\/www.beautyimagini.com\/prodavnica\/akcija\/treninzi-na-aparatu-miha-bodytec-sa-anticelulit-rucnom-masazom-promo-paket-min-8\/","og_site_name":"Beauty Imagini | Holisti\u010dki Centar","article_modified_time":"2017-05-20T15:46:11+00:00","og_image":[{"width":573,"height":480,"url":"https:\/\/www.beautyimagini.com\/wp-content\/uploads\/miha-bodytec-promo-cena.jpg","type":"image\/jpeg"}],"twitter_card":"summary_large_image","twitter_misc":{"Est. reading time":"1 minute"},"schema":{"@context":"https:\/\/schema.org","@graph":[{"@type":"WebPage","@id":"https:\/\/www.beautyimagini.com\/prodavnica\/akcija\/treninzi-na-aparatu-miha-bodytec-sa-anticelulit-rucnom-masazom-promo-paket-min-8\/","url":"https:\/\/www.beautyimagini.com\/prodavnica\/akcija\/treninzi-na-aparatu-miha-bodytec-sa-anticelulit-rucnom-masazom-promo-paket-min-8\/","name":"[:rs]Treninzi na aparatu Miha Bodytec sa anticelulit ru\u010dnom masa\u017eom - promo paket (min 8)[:] &#8211; Beauty Imagini | Holisti\u010dki Centar","isPartOf":{"@id":"https:\/\/www.beautyimagini.com\/#website"},"primaryImageOfPage":{"@id":"https:\/\/www.beautyimagini.com\/prodavnica\/akcija\/treninzi-na-aparatu-miha-bodytec-sa-anticelulit-rucnom-masazom-promo-paket-min-8\/#primaryimage"},"image":{"@id":"https:\/\/www.beautyimagini.com\/prodavnica\/akcija\/treninzi-na-aparatu-miha-bodytec-sa-anticelulit-rucnom-masazom-promo-paket-min-8\/#primaryimage"},"thumbnailUrl":"https:\/\/www.beautyimagini.com\/wp-content\/uploads\/miha-bodytec-promo-cena.jpg","datePublished":"2016-12-04T04:25:46+00:00","dateModified":"2017-05-20T15:46:11+00:00","description":"Kra\u0107e, koncentrisano i ciljano ve\u017ebanje omogu\u0107ava nam da mnogo vi\u0161e vremena posvetimo svojoj porodici, prijateljima i, naravno, poslu.","breadcrumb":{"@id":"https:\/\/www.beautyimagini.com\/prodavnica\/akcija\/treninzi-na-aparatu-miha-bodytec-sa-anticelulit-rucnom-masazom-promo-paket-min-8\/#breadcrumb"},"inLanguage":"en-US","potentialAction":[{"@type":"ReadAction","target":["https:\/\/www.beautyimagini.com\/prodavnica\/akcija\/treninzi-na-aparatu-miha-bodytec-sa-anticelulit-rucnom-masazom-promo-paket-min-8\/"]}]},{"@type":"ImageObject","inLanguage":"en-US","@id":"https:\/\/www.beautyimagini.com\/prodavnica\/akcija\/treninzi-na-aparatu-miha-bodytec-sa-anticelulit-rucnom-masazom-promo-paket-min-8\/#primaryimage","url":"https:\/\/www.beautyimagini.com\/wp-content\/uploads\/miha-bodytec-promo-cena.jpg","contentUrl":"https:\/\/www.beautyimagini.com\/wp-content\/uploads\/miha-bodytec-promo-cena.jpg","width":573,"height":480},{"@type":"BreadcrumbList","@id":"https:\/\/www.beautyimagini.com\/prodavnica\/akcija\/treninzi-na-aparatu-miha-bodytec-sa-anticelulit-rucnom-masazom-promo-paket-min-8\/#breadcrumb","itemListElement":[{"@type":"ListItem","position":1,"name":"Home","item":"https:\/\/www.beautyimagini.com\/"},{"@type":"ListItem","position":2,"name":"Prodavnica","item":"https:\/\/www.beautyimagini.com\/prodavnica\/"},{"@type":"ListItem","position":3,"name":"Treninzi na aparatu Miha Bodytec sa anticelulit ru\u010dnom masa\u017eom &#8211; promo paket (min 8)"}]},{"@type":"WebSite","@id":"https:\/\/www.beautyimagini.com\/#website","url":"https:\/\/www.beautyimagini.com\/","name":"Beauty Imagini | Holisti\u010dki Centar","description":"","potentialAction":[{"@type":"SearchAction","target":{"@type":"EntryPoint","urlTemplate":"https:\/\/www.beautyimagini.com\/?s={search_term_string}"},"query-input":{"@type":"PropertyValueSpecification","valueRequired":true,"valueName":"search_term_string"}}],"inLanguage":"en-US"}]}},"_links":{"self":[{"href":"https:\/\/www.beautyimagini.com\/en\/wp-json\/wp\/v2\/product\/4301","targetHints":{"allow":["GET"]}}],"collection":[{"href":"https:\/\/www.beautyimagini.com\/en\/wp-json\/wp\/v2\/product"}],"about":[{"href":"https:\/\/www.beautyimagini.com\/en\/wp-json\/wp\/v2\/types\/product"}],"replies":[{"embeddable":true,"href":"https:\/\/www.beautyimagini.com\/en\/wp-json\/wp\/v2\/comments?post=4301"}],"wp:featuredmedia":[{"embeddable":true,"href":"https:\/\/www.beautyimagini.com\/en\/wp-json\/wp\/v2\/media\/4302"}],"wp:attachment":[{"href":"https:\/\/www.beautyimagini.com\/en\/wp-json\/wp\/v2\/media?parent=4301"}],"wp:term":[{"taxonomy":"product_brand","embeddable":true,"href":"https:\/\/www.beautyimagini.com\/en\/wp-json\/wp\/v2\/product_brand?post=4301"},{"taxonomy":"product_cat","embeddable":true,"href":"https:\/\/www.beautyimagini.com\/en\/wp-json\/wp\/v2\/product_cat?post=4301"},{"taxonomy":"product_tag","embeddable":true,"href":"https:\/\/www.beautyimagini.com\/en\/wp-json\/wp\/v2\/product_tag?post=4301"}],"curies":[{"name":"wp","href":"https:\/\/api.w.org\/{rel}","templated":true}]}}